{"id":2201,"date":"2014-12-11T10:55:42","date_gmt":"2014-12-11T08:55:42","guid":{"rendered":"https:\/\/bio4you.eu\/retseptid\/product\/gluteenivabad-piparkoogimehikesed\/"},"modified":"2022-03-25T16:16:53","modified_gmt":"2022-03-25T14:16:53","slug":"gluteenivabad-piparkoogimehikesed","status":"publish","type":"product","link":"https:\/\/bio4you.eu\/retseptid\/toode\/gluteenivabad-piparkoogimehikesed\/","title":{"rendered":"Gluteenivabad piparkoogid kinoa- ja riisijahuga"},"content":{"rendered":"<p><span style=\"line-height: 1.5;\">VALMISTAMINE<\/span><\/p>\n<ol>\n<li>Sega suures kausis pruun suhkur, siirup, kookos\u00f5li, ingver, kaneel ja muskaatp\u00e4hkel.\u00a0Lisa omavahel segatud jriisijahu, kinoa jahu ja sooda.<\/li>\n<li>Pane tainas jahusele ja tasasele pinnale ja s\u00f5tku v\u00e4ga h\u00e4sti. K\u00e4te soojust aitab kookos\u00f5lil h\u00e4sti seguneda.<\/li>\n<li>Rulli tainas jahusel pinnal \u00f5rnalt laiali.<\/li>\n<li>L\u00f5ika vormid ja k\u00fcpseta 180 kraadises ahjus 8 minutit.<\/li>\n<li>Lase jahtuda 5 minutit enne plaadilt \u00e4ra v\u00f5tmist.<\/li>\n<li>Kui tahad v\u00e4hem v\u00fcrtsikaid k\u00fcpsiseid, v\u00e4henda ingveri kogust.<\/li>\n<li>Vegan k\u00fcpsiste valmistamiseks \u00e4ra kaunista glasuuriga.<\/li>\n<\/ol>\n","protected":false},"excerpt":{"rendered":"<p>VAJA L\u00c4HEB:<\/p>\n<ul>\n<li>1\/3 klaasi pruuni suhkrut v\u00f5i kookospalmi suhkrut<\/li>\n<li>1\/3 klaasi kuldset <a href=\"https:\/\/bio4you.eu\/et\/siirup\/899-suhkrupeedi-siirup-450g.html?utm_source=bioretsept&amp;utm_medium=blogi&amp;utm_campaign=retsept\" target=\"_blank\" rel=\"noopener noreferrer\"><span style=\"color: #99cc00;\">siirupit<\/span><\/a> v\u00f5i mett<\/li>\n<li>1\/3 klaasi k\u00fclmpress <a href=\"https:\/\/bio4you.eu\/et\/bio-toit\/3867-extra-virgin-kookosoli-500ml.html?utm_source=bioretsept&amp;utm_medium=blogi&amp;utm_campaign=retsept\" target=\"_blank\" rel=\"noopener noreferrer\"><span style=\"color: #99cc00;\">kookos\u00f5li<\/span><\/a><\/li>\n<li>3 tl <a href=\"https:\/\/bio4you.eu\/et\/supertoit-ja-toidulisandid\/4038-ingveripulber-100g.html?utm_source=bioretsept&amp;utm_medium=blogi&amp;utm_campaign=retsept\" target=\"_blank\" rel=\"noopener\">ingveripulbrit<\/a><\/li>\n<li>1 \u00bd tl <a href=\"http:\/\/www.bio4you.eu\/et\/toiduained\/995-kaneel-jahvatatud-10g-cosmoveda.html\" target=\"_blank\" rel=\"noopener noreferrer\"><span style=\"color: #99cc00;\">kaneeli<\/span><\/a><\/li>\n<li>\u00bd tl riivitud muskaatp\u00e4hklit<\/li>\n<li>1 klaas pruuni v\u00f5i t\u00e4istera<a href=\"http:\/\/www.bio4you.eu\/et\/toiduained\/641-riisijahu-taistera-gluteenivaba-500g-bauckhof.html\" target=\"_blank\" rel=\"noopener noreferrer\"><span style=\"color: #99cc00;\"> riisijahu<\/span><\/a><\/li>\n<li>\u00bc klaasi kinoa jahu<\/li>\n<li>\u00bc tl soodat<\/li>\n<\/ul>\n<p>Kaunistuseks:<\/p>\n<ul>\n<li>1 munavalge<\/li>\n<li>1 klaas tuhksuhkrut<\/li>\n<li>5-6 spl sidrunimahla<\/li>\n<li>v\u00e4rviliste glasuuride tegemiseks v\u00f5id kasutada mustikamahla, peedimahla v\u00f5i porgandimahla.<\/li>\n<\/ul>\n","protected":false},"featured_media":3799,"comment_status":"open","ping_status":"closed","template":"","meta":{"_exactmetrics_skip_tracking":false,"_exactmetrics_sitenote_active":false,"_exactmetrics_sitenote_note":"","_exactmetrics_sitenote_category":0},"product_cat":[59,60,63,383,280],"product_tag":[150,312,313],"class_list":{"0":"post-2201","1":"product","2":"type-product","3":"status-publish","4":"has-post-thumbnail","6":"product_cat-featured","7":"product_cat-toiduretseptid","8":"product_cat-gluteenivabad-retseptid","9":"product_cat-taimetoit","10":"product_cat-koogid-ja-kupsised","11":"product_tag-gluteenivaba-2","12":"product_tag-gluteenivabad-piparkoogid","13":"product_tag-kookosjahuga-piparkoogid","15":"first","16":"instock","17":"shipping-taxable","18":"product-type-simple"},"yoast_head":"<!-- This site is optimized with the Yoast SEO plugin v23.3 - https:\/\/yoast.com\/wordpress\/plugins\/seo\/ -->\n<title>Gluteenivabad piparkoogid kinoa- ja riisijahuga - bio4you.eu\/retseptid<\/title>\n<meta name=\"description\" content=\"Gluteenivabad piparkoogimehikesed\" \/>\n<meta name=\"robots\" content=\"index, follow, max-snippet:-1, max-image-preview:large, max-video-preview:-1\" \/>\n<link rel=\"canonical\" href=\"https:\/\/bio4you.eu\/retseptid\/toode\/gluteenivabad-piparkoogimehikesed\/\" \/>\n<meta property=\"og:locale\" content=\"et_EE\" \/>\n<meta property=\"og:type\" content=\"article\" \/>\n<meta property=\"og:title\" content=\"Gluteenivabad piparkoogid kinoa- ja riisijahuga - bio4you.eu\/retseptid\" \/>\n<meta property=\"og:description\" content=\"Gluteenivabad piparkoogimehikesed\" \/>\n<meta property=\"og:url\" content=\"https:\/\/bio4you.eu\/retseptid\/toode\/gluteenivabad-piparkoogimehikesed\/\" \/>\n<meta property=\"og:site_name\" content=\"bio4you.eu\/retseptid\" \/>\n<meta property=\"article:modified_time\" content=\"2022-03-25T14:16:53+00:00\" \/>\n<meta property=\"og:image\" content=\"https:\/\/bio4you.eu\/retseptid\/wp-content\/uploads\/2014\/12\/joanna-kosinska-469277-scaled.jpg\" \/>\n\t<meta property=\"og:image:width\" content=\"2560\" \/>\n\t<meta property=\"og:image:height\" content=\"1709\" \/>\n\t<meta property=\"og:image:type\" content=\"image\/jpeg\" \/>\n<script type=\"application\/ld+json\" class=\"yoast-schema-graph\">{\"@context\":\"https:\/\/schema.org\",\"@graph\":[{\"@type\":\"WebPage\",\"@id\":\"https:\/\/bio4you.eu\/retseptid\/toode\/gluteenivabad-piparkoogimehikesed\/\",\"url\":\"https:\/\/bio4you.eu\/retseptid\/toode\/gluteenivabad-piparkoogimehikesed\/\",\"name\":\"Gluteenivabad piparkoogid kinoa- ja riisijahuga - bio4you.eu\/retseptid\",\"isPartOf\":{\"@id\":\"https:\/\/bio4you.eu\/retseptid\/#website\"},\"primaryImageOfPage\":{\"@id\":\"https:\/\/bio4you.eu\/retseptid\/toode\/gluteenivabad-piparkoogimehikesed\/#primaryimage\"},\"image\":{\"@id\":\"https:\/\/bio4you.eu\/retseptid\/toode\/gluteenivabad-piparkoogimehikesed\/#primaryimage\"},\"thumbnailUrl\":\"https:\/\/bio4you.eu\/retseptid\/wp-content\/uploads\/2014\/12\/joanna-kosinska-469277-scaled.jpg\",\"datePublished\":\"2014-12-11T08:55:42+00:00\",\"dateModified\":\"2022-03-25T14:16:53+00:00\",\"description\":\"Gluteenivabad piparkoogimehikesed\",\"breadcrumb\":{\"@id\":\"https:\/\/bio4you.eu\/retseptid\/toode\/gluteenivabad-piparkoogimehikesed\/#breadcrumb\"},\"inLanguage\":\"et\",\"potentialAction\":[{\"@type\":\"ReadAction\",\"target\":[\"https:\/\/bio4you.eu\/retseptid\/toode\/gluteenivabad-piparkoogimehikesed\/\"]}]},{\"@type\":\"ImageObject\",\"inLanguage\":\"et\",\"@id\":\"https:\/\/bio4you.eu\/retseptid\/toode\/gluteenivabad-piparkoogimehikesed\/#primaryimage\",\"url\":\"https:\/\/bio4you.eu\/retseptid\/wp-content\/uploads\/2014\/12\/joanna-kosinska-469277-scaled.jpg\",\"contentUrl\":\"https:\/\/bio4you.eu\/retseptid\/wp-content\/uploads\/2014\/12\/joanna-kosinska-469277-scaled.jpg\",\"width\":2560,\"height\":1709},{\"@type\":\"BreadcrumbList\",\"@id\":\"https:\/\/bio4you.eu\/retseptid\/toode\/gluteenivabad-piparkoogimehikesed\/#breadcrumb\",\"itemListElement\":[{\"@type\":\"ListItem\",\"position\":1,\"name\":\"Home\",\"item\":\"https:\/\/bio4you.eu\/retseptid\/\"},{\"@type\":\"ListItem\",\"position\":2,\"name\":\"Gluteenivabad piparkoogid kinoa- ja riisijahuga\"}]},{\"@type\":\"WebSite\",\"@id\":\"https:\/\/bio4you.eu\/retseptid\/#website\",\"url\":\"https:\/\/bio4you.eu\/retseptid\/\",\"name\":\"bio4you.eu\/retseptid\",\"description\":\"\u00d6ko retseptid ise tegemiseks, looduslikest koostisainetest. Maitsev toit, iluhooldus, kodupuhastus ja aiandus.\",\"potentialAction\":[{\"@type\":\"SearchAction\",\"target\":{\"@type\":\"EntryPoint\",\"urlTemplate\":\"https:\/\/bio4you.eu\/retseptid\/?s={search_term_string}\"},\"query-input\":\"required name=search_term_string\"}],\"inLanguage\":\"et\"}]}<\/script>\n<!-- \/ Yoast SEO plugin. -->","yoast_head_json":{"title":"Gluteenivabad piparkoogid kinoa- ja riisijahuga - bio4you.eu\/retseptid","description":"Gluteenivabad piparkoogimehikesed","robots":{"index":"index","follow":"follow","max-snippet":"max-snippet:-1","max-image-preview":"max-image-preview:large","max-video-preview":"max-video-preview:-1"},"canonical":"https:\/\/bio4you.eu\/retseptid\/toode\/gluteenivabad-piparkoogimehikesed\/","og_locale":"et_EE","og_type":"article","og_title":"Gluteenivabad piparkoogid kinoa- ja riisijahuga - bio4you.eu\/retseptid","og_description":"Gluteenivabad piparkoogimehikesed","og_url":"https:\/\/bio4you.eu\/retseptid\/toode\/gluteenivabad-piparkoogimehikesed\/","og_site_name":"bio4you.eu\/retseptid","article_modified_time":"2022-03-25T14:16:53+00:00","og_image":[{"width":2560,"height":1709,"url":"https:\/\/bio4you.eu\/retseptid\/wp-content\/uploads\/2014\/12\/joanna-kosinska-469277-scaled.jpg","type":"image\/jpeg"}],"schema":{"@context":"https:\/\/schema.org","@graph":[{"@type":"WebPage","@id":"https:\/\/bio4you.eu\/retseptid\/toode\/gluteenivabad-piparkoogimehikesed\/","url":"https:\/\/bio4you.eu\/retseptid\/toode\/gluteenivabad-piparkoogimehikesed\/","name":"Gluteenivabad piparkoogid kinoa- ja riisijahuga - bio4you.eu\/retseptid","isPartOf":{"@id":"https:\/\/bio4you.eu\/retseptid\/#website"},"primaryImageOfPage":{"@id":"https:\/\/bio4you.eu\/retseptid\/toode\/gluteenivabad-piparkoogimehikesed\/#primaryimage"},"image":{"@id":"https:\/\/bio4you.eu\/retseptid\/toode\/gluteenivabad-piparkoogimehikesed\/#primaryimage"},"thumbnailUrl":"https:\/\/bio4you.eu\/retseptid\/wp-content\/uploads\/2014\/12\/joanna-kosinska-469277-scaled.jpg","datePublished":"2014-12-11T08:55:42+00:00","dateModified":"2022-03-25T14:16:53+00:00","description":"Gluteenivabad piparkoogimehikesed","breadcrumb":{"@id":"https:\/\/bio4you.eu\/retseptid\/toode\/gluteenivabad-piparkoogimehikesed\/#breadcrumb"},"inLanguage":"et","potentialAction":[{"@type":"ReadAction","target":["https:\/\/bio4you.eu\/retseptid\/toode\/gluteenivabad-piparkoogimehikesed\/"]}]},{"@type":"ImageObject","inLanguage":"et","@id":"https:\/\/bio4you.eu\/retseptid\/toode\/gluteenivabad-piparkoogimehikesed\/#primaryimage","url":"https:\/\/bio4you.eu\/retseptid\/wp-content\/uploads\/2014\/12\/joanna-kosinska-469277-scaled.jpg","contentUrl":"https:\/\/bio4you.eu\/retseptid\/wp-content\/uploads\/2014\/12\/joanna-kosinska-469277-scaled.jpg","width":2560,"height":1709},{"@type":"BreadcrumbList","@id":"https:\/\/bio4you.eu\/retseptid\/toode\/gluteenivabad-piparkoogimehikesed\/#breadcrumb","itemListElement":[{"@type":"ListItem","position":1,"name":"Home","item":"https:\/\/bio4you.eu\/retseptid\/"},{"@type":"ListItem","position":2,"name":"Gluteenivabad piparkoogid kinoa- ja riisijahuga"}]},{"@type":"WebSite","@id":"https:\/\/bio4you.eu\/retseptid\/#website","url":"https:\/\/bio4you.eu\/retseptid\/","name":"bio4you.eu\/retseptid","description":"\u00d6ko retseptid ise tegemiseks, looduslikest koostisainetest. Maitsev toit, iluhooldus, kodupuhastus ja aiandus.","potentialAction":[{"@type":"SearchAction","target":{"@type":"EntryPoint","urlTemplate":"https:\/\/bio4you.eu\/retseptid\/?s={search_term_string}"},"query-input":"required name=search_term_string"}],"inLanguage":"et"}]}},"_links":{"self":[{"href":"https:\/\/bio4you.eu\/retseptid\/wp-json\/wp\/v2\/product\/2201"}],"collection":[{"href":"https:\/\/bio4you.eu\/retseptid\/wp-json\/wp\/v2\/product"}],"about":[{"href":"https:\/\/bio4you.eu\/retseptid\/wp-json\/wp\/v2\/types\/product"}],"replies":[{"embeddable":true,"href":"https:\/\/bio4you.eu\/retseptid\/wp-json\/wp\/v2\/comments?post=2201"}],"wp:featuredmedia":[{"embeddable":true,"href":"https:\/\/bio4you.eu\/retseptid\/wp-json\/wp\/v2\/media\/3799"}],"wp:attachment":[{"href":"https:\/\/bio4you.eu\/retseptid\/wp-json\/wp\/v2\/media?parent=2201"}],"wp:term":[{"taxonomy":"product_cat","embeddable":true,"href":"https:\/\/bio4you.eu\/retseptid\/wp-json\/wp\/v2\/product_cat?post=2201"},{"taxonomy":"product_tag","embeddable":true,"href":"https:\/\/bio4you.eu\/retseptid\/wp-json\/wp\/v2\/product_tag?post=2201"}],"curies":[{"name":"wp","href":"https:\/\/api.w.org\/{rel}","templated":true}]}}