{"id":2202,"date":"2014-12-11T10:55:55","date_gmt":"2014-12-11T08:55:55","guid":{"rendered":"https:\/\/bio4you.eu\/retseptid\/product\/krobedad-piparkoogimehikesed-kookosoliga\/"},"modified":"2022-05-12T15:07:19","modified_gmt":"2022-05-12T12:07:19","slug":"krobedad-piparkoogimehikesed-kookosoliga","status":"publish","type":"product","link":"https:\/\/bio4you.eu\/retseptid\/toode\/krobedad-piparkoogimehikesed-kookosoliga\/","title":{"rendered":"Kr\u00f5bedad piparkoogid kookos\u00f5liga"},"content":{"rendered":"<p><span style=\"line-height: 1.5;\">VALMISTAMINE:<br \/>\n<\/span>Tainast saab suurep\u00e4raselt teha ka piparkoogimaja. Sel juhul v\u00f5ta 3 kogust tainast. J\u00e4tkub maja jaoks ja saab ka m\u00f5ned mehikesed teha.<\/p>\n<div>\n<p>Piparkoogimehikeste tegemseks (ca 33 tk) valmista 1 kogus tainast.<\/p>\n<ol>\n<li>Sega omavahel jahu, k\u00fcpsetuspulber, sooda, sool ja v\u00fcrtsid.<\/li>\n<li>Eraldi kausis, sega suhkur, melass ja kookos\u00f5li. Klopi muna sisse.<\/li>\n<li>Sega omavahel kuivad ja vedelad koostisained. Vajadusel lisa veel natuke melassi v\u00f5i siirupit.<\/li>\n<li>S\u00f5tku sitkeks taignaks ja lase 1 tund k\u00fclmikus seista<\/li>\n<li>Rulli jahusel pinnal tasaseks, l\u00f5ika vormid v\u00e4lja<\/li>\n<li>K\u00fcpseta 180 kraadi juures 7 minutit. Kui sulle meeldivad pehmed piparkoogid, siis 5 minutit<\/li>\n<li>Enne kaunistamist lase jahtuda<\/li>\n<li>Sega kaunistuse koostisained, pane kilekotikesse. Tee nurka auguke ja kaunista.<\/li>\n<\/ol>\n<p>GLASUURI TEGEMINE JA KAUNISTAMINE: vaata<a href=\"https:\/\/www.youtube.com\/watch?v=tbxk5o18xUo\" target=\"_blank\" rel=\"noopener noreferrer\"><span style=\"color: #99cc00;\"> siit<\/span><\/a> toredat videot:<\/p>\n<\/div>\n","protected":false},"excerpt":{"rendered":"<p>Taignaks l\u00e4heb vaja:<\/p>\n<ul>\n<li>2 \u00bc klaasi jahu<\/li>\n<li>1\/2 tl k\u00fcpsetuspulbrit<\/li>\n<li>1\/4 tl soodat<\/li>\n<li>1\/4 tl meresoola<\/li>\n<li>1 tl jahvatatud <a href=\"https:\/\/bio4you.eu\/et\/maitseained-ja-magustajad\/4038-ingveripulber-100g.html?utm_source=blogi&amp;utm_medium=bioretsept&amp;utm_campaign=retsept\">ingverit<\/a><\/li>\n<li>2 tl jahvatatud <a href=\"http:\/\/www.bio4you.eu\/et\/toiduained\/995-kaneel-jahvatatud-10g-cosmoveda.html\" target=\"_blank\" rel=\"noopener noreferrer\"><span style=\"color: #99cc00;\">kaneeli<\/span><\/a><\/li>\n<li>1\/4 tl piparkoogimaitseainet<\/li>\n<li>1\/4 tl jahvatatud nelki<\/li>\n<li>1\/2 klaasi pruuni toor-roosuhkrut<\/li>\n<li>1\/2 klaasi pehmet k\u00fclmpress <span style=\"color: #99cc00;\"><a href=\"https:\/\/bio4you.eu\/et\/otsi?controller=search&amp;order=product.position.desc&amp;s=kookos%C3%B5li&amp;utm_source=blogi&amp;utm_medium=bioretsept&amp;utm_campaign=retsept\" target=\"_blank\" rel=\"noopener noreferrer\"><span style=\"color: #99cc00;\">kookos\u00f5li<\/span><\/a><\/span><\/li>\n<li>5 spl melassi v\u00f5i\u00a0<span style=\"color: #99cc00;\"><a href=\"https:\/\/bio4you.eu\/et\/otsi?controller=search&amp;order=product.position.desc&amp;s=vahtrasiirup&amp;utm_source=blogi&amp;utm_medium=bioretsept&amp;utm_campaign=retsept\" target=\"_blank\" rel=\"noopener noreferrer\"><span style=\"color: #99cc00;\">vahtrasiirupit<\/span><\/a><\/span><\/li>\n<li>1\u00a0muna<\/li>\n<\/ul>\n<p>Kaunistuseks:<\/p>\n<ul>\n<li>1 munavalge<\/li>\n<li>1 klaas tuhksuhkrut<\/li>\n<li>5-6 spl <a href=\"http:\/\/www.bio4you.eu\/et\/toiduained\/1219-sidrunimahl-100-itaalia-250g-biolog\" target=\"_blank\" rel=\"noopener noreferrer\"><span style=\"color: #99cc00;\">sidrunimahla<\/span><\/a><\/li>\n<li>v\u00e4rviliste glasuuride tegemiseks v\u00f5id kasutada mustikamahla, peedimahla v\u00f5i porgandimahla.<\/li>\n<\/ul>\n","protected":false},"featured_media":3799,"comment_status":"open","ping_status":"closed","template":"","meta":{"_exactmetrics_skip_tracking":false,"_exactmetrics_sitenote_active":false,"_exactmetrics_sitenote_note":"","_exactmetrics_sitenote_category":0},"product_cat":[59,60,383,280],"product_tag":[124,316,318,317],"class_list":{"0":"post-2202","1":"product","2":"type-product","3":"status-publish","4":"has-post-thumbnail","6":"product_cat-featured","7":"product_cat-toiduretseptid","8":"product_cat-taimetoit","9":"product_cat-koogid-ja-kupsised","10":"product_tag-kookosoli","11":"product_tag-kookosoliga-piparkoogid","12":"product_tag-piparkoogi-mehikesed","13":"product_tag-piparkoogid","15":"first","16":"instock","17":"shipping-taxable","18":"product-type-simple"},"yoast_head":"<!-- This site is optimized with the Yoast SEO plugin v23.3 - https:\/\/yoast.com\/wordpress\/plugins\/seo\/ -->\n<title>Kr\u00f5bedad piparkoogid kookos\u00f5liga - bio4you.eu\/retseptid<\/title>\n<meta name=\"description\" content=\"Kr\u00f5bedad piparkoogimehikesed kookos\u00f5liga. Sobib ka piparkoogimajakese tegemiseks ( teha 2-3 kogust tainast).\" \/>\n<meta name=\"robots\" content=\"index, follow, max-snippet:-1, max-image-preview:large, max-video-preview:-1\" \/>\n<link rel=\"canonical\" href=\"https:\/\/bio4you.eu\/retseptid\/toode\/krobedad-piparkoogimehikesed-kookosoliga\/\" \/>\n<meta property=\"og:locale\" content=\"et_EE\" \/>\n<meta property=\"og:type\" content=\"article\" \/>\n<meta property=\"og:title\" content=\"Kr\u00f5bedad piparkoogid kookos\u00f5liga - bio4you.eu\/retseptid\" \/>\n<meta property=\"og:description\" content=\"Kr\u00f5bedad piparkoogimehikesed kookos\u00f5liga. Sobib ka piparkoogimajakese tegemiseks ( teha 2-3 kogust tainast).\" \/>\n<meta property=\"og:url\" content=\"https:\/\/bio4you.eu\/retseptid\/toode\/krobedad-piparkoogimehikesed-kookosoliga\/\" \/>\n<meta property=\"og:site_name\" content=\"bio4you.eu\/retseptid\" \/>\n<meta property=\"article:modified_time\" content=\"2022-05-12T12:07:19+00:00\" \/>\n<meta property=\"og:image\" content=\"https:\/\/bio4you.eu\/retseptid\/wp-content\/uploads\/2014\/12\/joanna-kosinska-469277-scaled.jpg\" \/>\n\t<meta property=\"og:image:width\" content=\"2560\" \/>\n\t<meta property=\"og:image:height\" content=\"1709\" \/>\n\t<meta property=\"og:image:type\" content=\"image\/jpeg\" \/>\n<meta name=\"twitter:label1\" content=\"Est. reading time\" \/>\n\t<meta name=\"twitter:data1\" content=\"1 minut\" \/>\n<script type=\"application\/ld+json\" class=\"yoast-schema-graph\">{\"@context\":\"https:\/\/schema.org\",\"@graph\":[{\"@type\":\"WebPage\",\"@id\":\"https:\/\/bio4you.eu\/retseptid\/toode\/krobedad-piparkoogimehikesed-kookosoliga\/\",\"url\":\"https:\/\/bio4you.eu\/retseptid\/toode\/krobedad-piparkoogimehikesed-kookosoliga\/\",\"name\":\"Kr\u00f5bedad piparkoogid kookos\u00f5liga - bio4you.eu\/retseptid\",\"isPartOf\":{\"@id\":\"https:\/\/bio4you.eu\/retseptid\/#website\"},\"primaryImageOfPage\":{\"@id\":\"https:\/\/bio4you.eu\/retseptid\/toode\/krobedad-piparkoogimehikesed-kookosoliga\/#primaryimage\"},\"image\":{\"@id\":\"https:\/\/bio4you.eu\/retseptid\/toode\/krobedad-piparkoogimehikesed-kookosoliga\/#primaryimage\"},\"thumbnailUrl\":\"https:\/\/bio4you.eu\/retseptid\/wp-content\/uploads\/2014\/12\/joanna-kosinska-469277-scaled.jpg\",\"datePublished\":\"2014-12-11T08:55:55+00:00\",\"dateModified\":\"2022-05-12T12:07:19+00:00\",\"description\":\"Kr\u00f5bedad piparkoogimehikesed kookos\u00f5liga. Sobib ka piparkoogimajakese tegemiseks ( teha 2-3 kogust tainast).\",\"breadcrumb\":{\"@id\":\"https:\/\/bio4you.eu\/retseptid\/toode\/krobedad-piparkoogimehikesed-kookosoliga\/#breadcrumb\"},\"inLanguage\":\"et\",\"potentialAction\":[{\"@type\":\"ReadAction\",\"target\":[\"https:\/\/bio4you.eu\/retseptid\/toode\/krobedad-piparkoogimehikesed-kookosoliga\/\"]}]},{\"@type\":\"ImageObject\",\"inLanguage\":\"et\",\"@id\":\"https:\/\/bio4you.eu\/retseptid\/toode\/krobedad-piparkoogimehikesed-kookosoliga\/#primaryimage\",\"url\":\"https:\/\/bio4you.eu\/retseptid\/wp-content\/uploads\/2014\/12\/joanna-kosinska-469277-scaled.jpg\",\"contentUrl\":\"https:\/\/bio4you.eu\/retseptid\/wp-content\/uploads\/2014\/12\/joanna-kosinska-469277-scaled.jpg\",\"width\":2560,\"height\":1709},{\"@type\":\"BreadcrumbList\",\"@id\":\"https:\/\/bio4you.eu\/retseptid\/toode\/krobedad-piparkoogimehikesed-kookosoliga\/#breadcrumb\",\"itemListElement\":[{\"@type\":\"ListItem\",\"position\":1,\"name\":\"Home\",\"item\":\"https:\/\/bio4you.eu\/retseptid\/\"},{\"@type\":\"ListItem\",\"position\":2,\"name\":\"Kr\u00f5bedad piparkoogid kookos\u00f5liga\"}]},{\"@type\":\"WebSite\",\"@id\":\"https:\/\/bio4you.eu\/retseptid\/#website\",\"url\":\"https:\/\/bio4you.eu\/retseptid\/\",\"name\":\"bio4you.eu\/retseptid\",\"description\":\"\u00d6ko retseptid ise tegemiseks, looduslikest koostisainetest. Maitsev toit, iluhooldus, kodupuhastus ja aiandus.\",\"potentialAction\":[{\"@type\":\"SearchAction\",\"target\":{\"@type\":\"EntryPoint\",\"urlTemplate\":\"https:\/\/bio4you.eu\/retseptid\/?s={search_term_string}\"},\"query-input\":\"required name=search_term_string\"}],\"inLanguage\":\"et\"}]}<\/script>\n<!-- \/ Yoast SEO plugin. -->","yoast_head_json":{"title":"Kr\u00f5bedad piparkoogid kookos\u00f5liga - bio4you.eu\/retseptid","description":"Kr\u00f5bedad piparkoogimehikesed kookos\u00f5liga. Sobib ka piparkoogimajakese tegemiseks ( teha 2-3 kogust tainast).","robots":{"index":"index","follow":"follow","max-snippet":"max-snippet:-1","max-image-preview":"max-image-preview:large","max-video-preview":"max-video-preview:-1"},"canonical":"https:\/\/bio4you.eu\/retseptid\/toode\/krobedad-piparkoogimehikesed-kookosoliga\/","og_locale":"et_EE","og_type":"article","og_title":"Kr\u00f5bedad piparkoogid kookos\u00f5liga - bio4you.eu\/retseptid","og_description":"Kr\u00f5bedad piparkoogimehikesed kookos\u00f5liga. Sobib ka piparkoogimajakese tegemiseks ( teha 2-3 kogust tainast).","og_url":"https:\/\/bio4you.eu\/retseptid\/toode\/krobedad-piparkoogimehikesed-kookosoliga\/","og_site_name":"bio4you.eu\/retseptid","article_modified_time":"2022-05-12T12:07:19+00:00","og_image":[{"width":2560,"height":1709,"url":"https:\/\/bio4you.eu\/retseptid\/wp-content\/uploads\/2014\/12\/joanna-kosinska-469277-scaled.jpg","type":"image\/jpeg"}],"twitter_misc":{"Est. reading time":"1 minut"},"schema":{"@context":"https:\/\/schema.org","@graph":[{"@type":"WebPage","@id":"https:\/\/bio4you.eu\/retseptid\/toode\/krobedad-piparkoogimehikesed-kookosoliga\/","url":"https:\/\/bio4you.eu\/retseptid\/toode\/krobedad-piparkoogimehikesed-kookosoliga\/","name":"Kr\u00f5bedad piparkoogid kookos\u00f5liga - bio4you.eu\/retseptid","isPartOf":{"@id":"https:\/\/bio4you.eu\/retseptid\/#website"},"primaryImageOfPage":{"@id":"https:\/\/bio4you.eu\/retseptid\/toode\/krobedad-piparkoogimehikesed-kookosoliga\/#primaryimage"},"image":{"@id":"https:\/\/bio4you.eu\/retseptid\/toode\/krobedad-piparkoogimehikesed-kookosoliga\/#primaryimage"},"thumbnailUrl":"https:\/\/bio4you.eu\/retseptid\/wp-content\/uploads\/2014\/12\/joanna-kosinska-469277-scaled.jpg","datePublished":"2014-12-11T08:55:55+00:00","dateModified":"2022-05-12T12:07:19+00:00","description":"Kr\u00f5bedad piparkoogimehikesed kookos\u00f5liga. Sobib ka piparkoogimajakese tegemiseks ( teha 2-3 kogust tainast).","breadcrumb":{"@id":"https:\/\/bio4you.eu\/retseptid\/toode\/krobedad-piparkoogimehikesed-kookosoliga\/#breadcrumb"},"inLanguage":"et","potentialAction":[{"@type":"ReadAction","target":["https:\/\/bio4you.eu\/retseptid\/toode\/krobedad-piparkoogimehikesed-kookosoliga\/"]}]},{"@type":"ImageObject","inLanguage":"et","@id":"https:\/\/bio4you.eu\/retseptid\/toode\/krobedad-piparkoogimehikesed-kookosoliga\/#primaryimage","url":"https:\/\/bio4you.eu\/retseptid\/wp-content\/uploads\/2014\/12\/joanna-kosinska-469277-scaled.jpg","contentUrl":"https:\/\/bio4you.eu\/retseptid\/wp-content\/uploads\/2014\/12\/joanna-kosinska-469277-scaled.jpg","width":2560,"height":1709},{"@type":"BreadcrumbList","@id":"https:\/\/bio4you.eu\/retseptid\/toode\/krobedad-piparkoogimehikesed-kookosoliga\/#breadcrumb","itemListElement":[{"@type":"ListItem","position":1,"name":"Home","item":"https:\/\/bio4you.eu\/retseptid\/"},{"@type":"ListItem","position":2,"name":"Kr\u00f5bedad piparkoogid kookos\u00f5liga"}]},{"@type":"WebSite","@id":"https:\/\/bio4you.eu\/retseptid\/#website","url":"https:\/\/bio4you.eu\/retseptid\/","name":"bio4you.eu\/retseptid","description":"\u00d6ko retseptid ise tegemiseks, looduslikest koostisainetest. Maitsev toit, iluhooldus, kodupuhastus ja aiandus.","potentialAction":[{"@type":"SearchAction","target":{"@type":"EntryPoint","urlTemplate":"https:\/\/bio4you.eu\/retseptid\/?s={search_term_string}"},"query-input":"required name=search_term_string"}],"inLanguage":"et"}]}},"_links":{"self":[{"href":"https:\/\/bio4you.eu\/retseptid\/wp-json\/wp\/v2\/product\/2202"}],"collection":[{"href":"https:\/\/bio4you.eu\/retseptid\/wp-json\/wp\/v2\/product"}],"about":[{"href":"https:\/\/bio4you.eu\/retseptid\/wp-json\/wp\/v2\/types\/product"}],"replies":[{"embeddable":true,"href":"https:\/\/bio4you.eu\/retseptid\/wp-json\/wp\/v2\/comments?post=2202"}],"wp:featuredmedia":[{"embeddable":true,"href":"https:\/\/bio4you.eu\/retseptid\/wp-json\/wp\/v2\/media\/3799"}],"wp:attachment":[{"href":"https:\/\/bio4you.eu\/retseptid\/wp-json\/wp\/v2\/media?parent=2202"}],"wp:term":[{"taxonomy":"product_cat","embeddable":true,"href":"https:\/\/bio4you.eu\/retseptid\/wp-json\/wp\/v2\/product_cat?post=2202"},{"taxonomy":"product_tag","embeddable":true,"href":"https:\/\/bio4you.eu\/retseptid\/wp-json\/wp\/v2\/product_tag?post=2202"}],"curies":[{"name":"wp","href":"https:\/\/api.w.org\/{rel}","templated":true}]}}