{"id":2207,"date":"2014-12-12T10:52:54","date_gmt":"2014-12-12T08:52:54","guid":{"rendered":"https:\/\/bio4you.eu\/retseptid\/?post_type=product&#038;p=2207"},"modified":"2016-10-13T12:44:33","modified_gmt":"2016-10-13T09:44:33","slug":"savi-lavendlimask","status":"publish","type":"product","link":"https:\/\/bio4you.eu\/retseptid\/toode\/savi-lavendlimask\/","title":{"rendered":"Savi-lavendlimask n\u00e4ole ja kaelale"},"content":{"rendered":"<p>Suurep\u00e4rane mask, mis sobib igale nahat\u00fc\u00fcbile.\u00a0Eriti h\u00e4sti sobib maski tegemiseks Prantsusmaa roheline Montmorilloniit savi sest see on eriliselt pehme ja peene konsistentsiga.<\/p>\n<p>Sega v\u00e4ikses kausis aaloegeel, n\u00f5iap\u00e4hkli lillevesi ja mesi. Sega v\u00e4hehaaval sisse savi ja sega kreemjaks pastaks. Lisa essentsi\u00f5li tilgad. Kata kogu n\u00e4gu ja kael, v\u00e4ldi silma\u00fcmbruse piirkonda. Hoia 20 minutit v\u00f5i kuni mask kuivab. Loputa sooja veega. Kui n\u00e4ole tekib kerge \u00f5hetus, on see normaalne, sest mask aktiveerib mikrovereringet. 20 minuti jooksul peaks \u00f5hetus kaduma. L\u00f5petuseks puhasta n\u00e4gu natukese aaloegeeliga ja kanna peale kerge kreem.<\/p>\n<p>Pildi <a href=\"http:\/\/sophieuliano.com\/2013\/06\/lavender-clay-mask\/\" target=\"_blank\"><span style=\"color: #99cc00;\">allikas<\/span><\/a>.<\/p>\n","protected":false},"excerpt":{"rendered":"<p>VAJA L\u00c4HEB:<\/p>\n<ul>\n<li>2 spl <a href=\"http:\/\/bio4you.eu\/et\/tervis\/2012-aaloegeel-99-200ml-medicura.html?search_query=aaloe&amp;results=97\" target=\"_blank\"><span style=\"color: #99cc00;\">aaloegeeli<\/span><\/a><\/li>\n<li>1 spl <a href=\"http:\/\/www.bio4you.eu\/et\/naohooldus\/423-lillevesi-ehk-hudrosool-noiapahkel-200ml-kuivale-nahale-naturado.html\" target=\"_blank\"><span style=\"color: #99cc00;\">n\u00f5iap\u00e4hkli lillevett<\/span><\/a><\/li>\n<li>1 spl heledat mett<\/li>\n<li>1 1\/2 spl <a href=\"http:\/\/www.bio4you.eu\/et\/naohooldus\/189-savipulber-roheline-montmorilloniit-300g-naturado.html\" target=\"_blank\"><span style=\"color: #99cc00;\">rohelist Prantsusmaa savi<\/span><\/a><\/li>\n<li>2 tilka<a href=\"http:\/\/bio4you.eu\/et\/eeterlikud-olid\/2273-lavendli-eeterlik-oli-15ml-sapone-di-un-tempo.html?search_query=lavendel&amp;results=31\" target=\"_blank\"><span style=\"color: #99cc00;\"> lavendli essentsi\u00f5li<\/span><\/a><\/li>\n<\/ul>\n","protected":false},"featured_media":3359,"comment_status":"open","ping_status":"closed","template":"","meta":{"_exactmetrics_skip_tracking":false,"_exactmetrics_sitenote_active":false,"_exactmetrics_sitenote_note":"","_exactmetrics_sitenote_category":0},"product_cat":[79,82],"product_tag":[323,321,302,322],"class_list":{"0":"post-2207","1":"product","2":"type-product","3":"status-publish","4":"has-post-thumbnail","6":"product_cat-naohooldus","7":"product_cat-naomaskid","8":"product_tag-isetehtud-naomask","9":"product_tag-savi","10":"product_tag-savimask","11":"product_tag-savimask-lavendliga","13":"first","14":"instock","15":"shipping-taxable","16":"product-type-simple"},"yoast_head":"<!-- This site is optimized with the Yoast SEO plugin v23.3 - https:\/\/yoast.com\/wordpress\/plugins\/seo\/ -->\n<title>Savi-lavendlimask n\u00e4ole ja kaelale - bio4you.eu\/retseptid<\/title>\n<meta name=\"description\" content=\"Savi-lavendlimask\" \/>\n<meta name=\"robots\" content=\"index, follow, max-snippet:-1, max-image-preview:large, max-video-preview:-1\" \/>\n<link rel=\"canonical\" href=\"https:\/\/bio4you.eu\/retseptid\/toode\/savi-lavendlimask\/\" \/>\n<meta property=\"og:locale\" content=\"et_EE\" \/>\n<meta property=\"og:type\" content=\"article\" \/>\n<meta property=\"og:title\" content=\"Savi-lavendlimask n\u00e4ole ja kaelale - bio4you.eu\/retseptid\" \/>\n<meta property=\"og:description\" content=\"Savi-lavendlimask\" \/>\n<meta property=\"og:url\" content=\"https:\/\/bio4you.eu\/retseptid\/toode\/savi-lavendlimask\/\" \/>\n<meta property=\"og:site_name\" content=\"bio4you.eu\/retseptid\" \/>\n<meta property=\"article:modified_time\" content=\"2016-10-13T09:44:33+00:00\" \/>\n<meta property=\"og:image\" content=\"https:\/\/bio4you.eu\/retseptid\/wp-content\/uploads\/2014\/12\/492188134.jpg\" \/>\n\t<meta property=\"og:image:width\" content=\"348\" \/>\n\t<meta property=\"og:image:height\" content=\"495\" \/>\n\t<meta property=\"og:image:type\" content=\"image\/jpeg\" \/>\n<meta name=\"twitter:label1\" content=\"Est. reading time\" \/>\n\t<meta name=\"twitter:data1\" content=\"1 minut\" \/>\n<script type=\"application\/ld+json\" class=\"yoast-schema-graph\">{\"@context\":\"https:\/\/schema.org\",\"@graph\":[{\"@type\":\"WebPage\",\"@id\":\"https:\/\/bio4you.eu\/retseptid\/toode\/savi-lavendlimask\/\",\"url\":\"https:\/\/bio4you.eu\/retseptid\/toode\/savi-lavendlimask\/\",\"name\":\"Savi-lavendlimask n\u00e4ole ja kaelale - bio4you.eu\/retseptid\",\"isPartOf\":{\"@id\":\"https:\/\/bio4you.eu\/retseptid\/#website\"},\"primaryImageOfPage\":{\"@id\":\"https:\/\/bio4you.eu\/retseptid\/toode\/savi-lavendlimask\/#primaryimage\"},\"image\":{\"@id\":\"https:\/\/bio4you.eu\/retseptid\/toode\/savi-lavendlimask\/#primaryimage\"},\"thumbnailUrl\":\"https:\/\/bio4you.eu\/retseptid\/wp-content\/uploads\/2014\/12\/492188134.jpg\",\"datePublished\":\"2014-12-12T08:52:54+00:00\",\"dateModified\":\"2016-10-13T09:44:33+00:00\",\"description\":\"Savi-lavendlimask\",\"breadcrumb\":{\"@id\":\"https:\/\/bio4you.eu\/retseptid\/toode\/savi-lavendlimask\/#breadcrumb\"},\"inLanguage\":\"et\",\"potentialAction\":[{\"@type\":\"ReadAction\",\"target\":[\"https:\/\/bio4you.eu\/retseptid\/toode\/savi-lavendlimask\/\"]}]},{\"@type\":\"ImageObject\",\"inLanguage\":\"et\",\"@id\":\"https:\/\/bio4you.eu\/retseptid\/toode\/savi-lavendlimask\/#primaryimage\",\"url\":\"https:\/\/bio4you.eu\/retseptid\/wp-content\/uploads\/2014\/12\/492188134.jpg\",\"contentUrl\":\"https:\/\/bio4you.eu\/retseptid\/wp-content\/uploads\/2014\/12\/492188134.jpg\",\"width\":348,\"height\":495},{\"@type\":\"BreadcrumbList\",\"@id\":\"https:\/\/bio4you.eu\/retseptid\/toode\/savi-lavendlimask\/#breadcrumb\",\"itemListElement\":[{\"@type\":\"ListItem\",\"position\":1,\"name\":\"Home\",\"item\":\"https:\/\/bio4you.eu\/retseptid\/\"},{\"@type\":\"ListItem\",\"position\":2,\"name\":\"Savi-lavendlimask n\u00e4ole ja kaelale\"}]},{\"@type\":\"WebSite\",\"@id\":\"https:\/\/bio4you.eu\/retseptid\/#website\",\"url\":\"https:\/\/bio4you.eu\/retseptid\/\",\"name\":\"bio4you.eu\/retseptid\",\"description\":\"\u00d6ko retseptid ise tegemiseks, looduslikest koostisainetest. Maitsev toit, iluhooldus, kodupuhastus ja aiandus.\",\"potentialAction\":[{\"@type\":\"SearchAction\",\"target\":{\"@type\":\"EntryPoint\",\"urlTemplate\":\"https:\/\/bio4you.eu\/retseptid\/?s={search_term_string}\"},\"query-input\":\"required name=search_term_string\"}],\"inLanguage\":\"et\"}]}<\/script>\n<!-- \/ Yoast SEO plugin. -->","yoast_head_json":{"title":"Savi-lavendlimask n\u00e4ole ja kaelale - bio4you.eu\/retseptid","description":"Savi-lavendlimask","robots":{"index":"index","follow":"follow","max-snippet":"max-snippet:-1","max-image-preview":"max-image-preview:large","max-video-preview":"max-video-preview:-1"},"canonical":"https:\/\/bio4you.eu\/retseptid\/toode\/savi-lavendlimask\/","og_locale":"et_EE","og_type":"article","og_title":"Savi-lavendlimask n\u00e4ole ja kaelale - bio4you.eu\/retseptid","og_description":"Savi-lavendlimask","og_url":"https:\/\/bio4you.eu\/retseptid\/toode\/savi-lavendlimask\/","og_site_name":"bio4you.eu\/retseptid","article_modified_time":"2016-10-13T09:44:33+00:00","og_image":[{"width":348,"height":495,"url":"https:\/\/bio4you.eu\/retseptid\/wp-content\/uploads\/2014\/12\/492188134.jpg","type":"image\/jpeg"}],"twitter_misc":{"Est. reading time":"1 minut"},"schema":{"@context":"https:\/\/schema.org","@graph":[{"@type":"WebPage","@id":"https:\/\/bio4you.eu\/retseptid\/toode\/savi-lavendlimask\/","url":"https:\/\/bio4you.eu\/retseptid\/toode\/savi-lavendlimask\/","name":"Savi-lavendlimask n\u00e4ole ja kaelale - bio4you.eu\/retseptid","isPartOf":{"@id":"https:\/\/bio4you.eu\/retseptid\/#website"},"primaryImageOfPage":{"@id":"https:\/\/bio4you.eu\/retseptid\/toode\/savi-lavendlimask\/#primaryimage"},"image":{"@id":"https:\/\/bio4you.eu\/retseptid\/toode\/savi-lavendlimask\/#primaryimage"},"thumbnailUrl":"https:\/\/bio4you.eu\/retseptid\/wp-content\/uploads\/2014\/12\/492188134.jpg","datePublished":"2014-12-12T08:52:54+00:00","dateModified":"2016-10-13T09:44:33+00:00","description":"Savi-lavendlimask","breadcrumb":{"@id":"https:\/\/bio4you.eu\/retseptid\/toode\/savi-lavendlimask\/#breadcrumb"},"inLanguage":"et","potentialAction":[{"@type":"ReadAction","target":["https:\/\/bio4you.eu\/retseptid\/toode\/savi-lavendlimask\/"]}]},{"@type":"ImageObject","inLanguage":"et","@id":"https:\/\/bio4you.eu\/retseptid\/toode\/savi-lavendlimask\/#primaryimage","url":"https:\/\/bio4you.eu\/retseptid\/wp-content\/uploads\/2014\/12\/492188134.jpg","contentUrl":"https:\/\/bio4you.eu\/retseptid\/wp-content\/uploads\/2014\/12\/492188134.jpg","width":348,"height":495},{"@type":"BreadcrumbList","@id":"https:\/\/bio4you.eu\/retseptid\/toode\/savi-lavendlimask\/#breadcrumb","itemListElement":[{"@type":"ListItem","position":1,"name":"Home","item":"https:\/\/bio4you.eu\/retseptid\/"},{"@type":"ListItem","position":2,"name":"Savi-lavendlimask n\u00e4ole ja kaelale"}]},{"@type":"WebSite","@id":"https:\/\/bio4you.eu\/retseptid\/#website","url":"https:\/\/bio4you.eu\/retseptid\/","name":"bio4you.eu\/retseptid","description":"\u00d6ko retseptid ise tegemiseks, looduslikest koostisainetest. Maitsev toit, iluhooldus, kodupuhastus ja aiandus.","potentialAction":[{"@type":"SearchAction","target":{"@type":"EntryPoint","urlTemplate":"https:\/\/bio4you.eu\/retseptid\/?s={search_term_string}"},"query-input":"required name=search_term_string"}],"inLanguage":"et"}]}},"_links":{"self":[{"href":"https:\/\/bio4you.eu\/retseptid\/wp-json\/wp\/v2\/product\/2207"}],"collection":[{"href":"https:\/\/bio4you.eu\/retseptid\/wp-json\/wp\/v2\/product"}],"about":[{"href":"https:\/\/bio4you.eu\/retseptid\/wp-json\/wp\/v2\/types\/product"}],"replies":[{"embeddable":true,"href":"https:\/\/bio4you.eu\/retseptid\/wp-json\/wp\/v2\/comments?post=2207"}],"wp:featuredmedia":[{"embeddable":true,"href":"https:\/\/bio4you.eu\/retseptid\/wp-json\/wp\/v2\/media\/3359"}],"wp:attachment":[{"href":"https:\/\/bio4you.eu\/retseptid\/wp-json\/wp\/v2\/media?parent=2207"}],"wp:term":[{"taxonomy":"product_cat","embeddable":true,"href":"https:\/\/bio4you.eu\/retseptid\/wp-json\/wp\/v2\/product_cat?post=2207"},{"taxonomy":"product_tag","embeddable":true,"href":"https:\/\/bio4you.eu\/retseptid\/wp-json\/wp\/v2\/product_tag?post=2207"}],"curies":[{"name":"wp","href":"https:\/\/api.w.org\/{rel}","templated":true}]}}