{"id":2233,"date":"2015-02-07T00:21:45","date_gmt":"2015-02-06T22:21:45","guid":{"rendered":"https:\/\/bio4you.eu\/retseptid\/?post_type=product&#038;p=2233"},"modified":"2022-05-19T09:43:28","modified_gmt":"2022-05-19T06:43:28","slug":"kulmasiirup-oietolmu-ja-sidrunimahlaga","status":"publish","type":"product","link":"https:\/\/bio4you.eu\/retseptid\/toode\/kulmasiirup-oietolmu-ja-sidrunimahlaga\/","title":{"rendered":"K\u00fclmasiirup \u00f5ietolmu ja sidrunimahlaga"},"content":{"rendered":"<p><strong>LASTE LEMMIK!<\/strong> Kodust k\u00fclmasiirupit v\u00f5ib anda ka lastele, sest koostisosad on t\u00e4itsa s\u00fc\u00fctud.<\/p>\n<p>VALMISTAMISVIIS:<\/p>\n<p><span style=\"line-height: 1.5;\">Pane \u00f5ietolm klaaspurki. Vala see \u00fcle puhta sidrunimahlaga ja j\u00e4ta paariks tunniks seisma. \u00d5ietolm lahustub mahla sees \u00e4ra. N\u00fc\u00fcd sega ja lisa maitse j\u00e4rgi mett v\u00f5i agaavisiirupit. Hoida k\u00fclmikus! S\u00e4ilib umbes 7 p\u00e4eva.<\/span><\/p>\n<p>Kui tahad veel tugevamatoimelist siirupit, siis\u00a0 lisa valmis segule midagi nendest:<\/p>\n<ul>\n<li>taruvaik<\/li>\n<li>punase p\u00e4evak\u00fcbara tinktuur<\/li>\n<li>greipfruudi seemne ekstrakt<\/li>\n<\/ul>\n<p>&nbsp;<\/p>\n","protected":false},"excerpt":{"rendered":"<p><strong>VAJA L\u00c4HEB:\u00a0<\/strong><\/p>\n<ul>\n<li>ca pool klaasi \u00f5ietolmu<\/li>\n<li><a href=\"http:\/\/www.bio4you.eu\/et\/toiduained\/1219-sidrunimahl-100-itaalia-250g-biologicoils.html?utm_source=Bioretsept&amp;utm_medium=retseptireklaam&amp;utm_campaign=Retsept\" target=\"_blank\" rel=\"noopener noreferrer\"><span style=\"color: #99cc00;\">sidrunimahla<\/span><\/a><\/li>\n<li>mett v\u00f5i <a href=\"https:\/\/bio4you.eu\/et\/otsi?controller=search&amp;order=product.position.desc&amp;s=agaavisiirup&amp;utm_source=bioretsept&amp;utm_medium=retsept&amp;utm_campaign=retsept\" target=\"_blank\" rel=\"noopener noreferrer\"><span style=\"color: #99cc00;\">agaavisiirupit<\/span><\/a><\/li>\n<\/ul>\n","protected":false},"featured_media":3389,"comment_status":"open","ping_status":"closed","template":"","meta":{"_exactmetrics_skip_tracking":false,"_exactmetrics_sitenote_active":false,"_exactmetrics_sitenote_note":"","_exactmetrics_sitenote_category":0},"product_cat":[324,326,59],"product_tag":[333,332,335,334],"class_list":{"0":"post-2233","1":"product","2":"type-product","3":"status-publish","4":"has-post-thumbnail","6":"product_cat-tervise-retseptid","7":"product_cat-kulmetuse-vastu","8":"product_cat-featured","9":"product_tag-isetehtud-kulmasiirup","10":"product_tag-kulmasiirup","11":"product_tag-meega","12":"product_tag-oietolm","14":"first","15":"instock","16":"shipping-taxable","17":"product-type-simple"},"yoast_head":"<!-- This site is optimized with the Yoast SEO plugin v23.3 - https:\/\/yoast.com\/wordpress\/plugins\/seo\/ -->\n<title>K\u00fclmasiirup \u00f5ietolmu ja sidrunimahlaga - bio4you.eu\/retseptid<\/title>\n<meta name=\"description\" content=\"Isetehtud k\u00fclmasiirup mee ja \u00f5ietolmuga\" \/>\n<meta name=\"robots\" content=\"index, follow, max-snippet:-1, max-image-preview:large, max-video-preview:-1\" \/>\n<link rel=\"canonical\" href=\"https:\/\/bio4you.eu\/retseptid\/toode\/kulmasiirup-oietolmu-ja-sidrunimahlaga\/\" \/>\n<meta property=\"og:locale\" content=\"et_EE\" \/>\n<meta property=\"og:type\" content=\"article\" \/>\n<meta property=\"og:title\" content=\"K\u00fclmasiirup \u00f5ietolmu ja sidrunimahlaga - bio4you.eu\/retseptid\" \/>\n<meta property=\"og:description\" content=\"Isetehtud k\u00fclmasiirup mee ja \u00f5ietolmuga\" \/>\n<meta property=\"og:url\" content=\"https:\/\/bio4you.eu\/retseptid\/toode\/kulmasiirup-oietolmu-ja-sidrunimahlaga\/\" \/>\n<meta property=\"og:site_name\" content=\"bio4you.eu\/retseptid\" \/>\n<meta property=\"article:modified_time\" content=\"2022-05-19T06:43:28+00:00\" \/>\n<meta property=\"og:image\" content=\"https:\/\/bio4you.eu\/retseptid\/wp-content\/uploads\/2015\/02\/shamp.-rasuste-juuste.jpg\" \/>\n\t<meta property=\"og:image:width\" content=\"324\" \/>\n\t<meta property=\"og:image:height\" content=\"262\" \/>\n\t<meta property=\"og:image:type\" content=\"image\/jpeg\" \/>\n<script type=\"application\/ld+json\" class=\"yoast-schema-graph\">{\"@context\":\"https:\/\/schema.org\",\"@graph\":[{\"@type\":\"WebPage\",\"@id\":\"https:\/\/bio4you.eu\/retseptid\/toode\/kulmasiirup-oietolmu-ja-sidrunimahlaga\/\",\"url\":\"https:\/\/bio4you.eu\/retseptid\/toode\/kulmasiirup-oietolmu-ja-sidrunimahlaga\/\",\"name\":\"K\u00fclmasiirup \u00f5ietolmu ja sidrunimahlaga - bio4you.eu\/retseptid\",\"isPartOf\":{\"@id\":\"https:\/\/bio4you.eu\/retseptid\/#website\"},\"primaryImageOfPage\":{\"@id\":\"https:\/\/bio4you.eu\/retseptid\/toode\/kulmasiirup-oietolmu-ja-sidrunimahlaga\/#primaryimage\"},\"image\":{\"@id\":\"https:\/\/bio4you.eu\/retseptid\/toode\/kulmasiirup-oietolmu-ja-sidrunimahlaga\/#primaryimage\"},\"thumbnailUrl\":\"https:\/\/bio4you.eu\/retseptid\/wp-content\/uploads\/2015\/02\/shamp.-rasuste-juuste.jpg\",\"datePublished\":\"2015-02-06T22:21:45+00:00\",\"dateModified\":\"2022-05-19T06:43:28+00:00\",\"description\":\"Isetehtud k\u00fclmasiirup mee ja \u00f5ietolmuga\",\"breadcrumb\":{\"@id\":\"https:\/\/bio4you.eu\/retseptid\/toode\/kulmasiirup-oietolmu-ja-sidrunimahlaga\/#breadcrumb\"},\"inLanguage\":\"et\",\"potentialAction\":[{\"@type\":\"ReadAction\",\"target\":[\"https:\/\/bio4you.eu\/retseptid\/toode\/kulmasiirup-oietolmu-ja-sidrunimahlaga\/\"]}]},{\"@type\":\"ImageObject\",\"inLanguage\":\"et\",\"@id\":\"https:\/\/bio4you.eu\/retseptid\/toode\/kulmasiirup-oietolmu-ja-sidrunimahlaga\/#primaryimage\",\"url\":\"https:\/\/bio4you.eu\/retseptid\/wp-content\/uploads\/2015\/02\/shamp.-rasuste-juuste.jpg\",\"contentUrl\":\"https:\/\/bio4you.eu\/retseptid\/wp-content\/uploads\/2015\/02\/shamp.-rasuste-juuste.jpg\",\"width\":324,\"height\":262},{\"@type\":\"BreadcrumbList\",\"@id\":\"https:\/\/bio4you.eu\/retseptid\/toode\/kulmasiirup-oietolmu-ja-sidrunimahlaga\/#breadcrumb\",\"itemListElement\":[{\"@type\":\"ListItem\",\"position\":1,\"name\":\"Home\",\"item\":\"https:\/\/bio4you.eu\/retseptid\/\"},{\"@type\":\"ListItem\",\"position\":2,\"name\":\"K\u00fclmasiirup \u00f5ietolmu ja sidrunimahlaga\"}]},{\"@type\":\"WebSite\",\"@id\":\"https:\/\/bio4you.eu\/retseptid\/#website\",\"url\":\"https:\/\/bio4you.eu\/retseptid\/\",\"name\":\"bio4you.eu\/retseptid\",\"description\":\"\u00d6ko retseptid ise tegemiseks, looduslikest koostisainetest. Maitsev toit, iluhooldus, kodupuhastus ja aiandus.\",\"potentialAction\":[{\"@type\":\"SearchAction\",\"target\":{\"@type\":\"EntryPoint\",\"urlTemplate\":\"https:\/\/bio4you.eu\/retseptid\/?s={search_term_string}\"},\"query-input\":\"required name=search_term_string\"}],\"inLanguage\":\"et\"}]}<\/script>\n<!-- \/ Yoast SEO plugin. -->","yoast_head_json":{"title":"K\u00fclmasiirup \u00f5ietolmu ja sidrunimahlaga - bio4you.eu\/retseptid","description":"Isetehtud k\u00fclmasiirup mee ja \u00f5ietolmuga","robots":{"index":"index","follow":"follow","max-snippet":"max-snippet:-1","max-image-preview":"max-image-preview:large","max-video-preview":"max-video-preview:-1"},"canonical":"https:\/\/bio4you.eu\/retseptid\/toode\/kulmasiirup-oietolmu-ja-sidrunimahlaga\/","og_locale":"et_EE","og_type":"article","og_title":"K\u00fclmasiirup \u00f5ietolmu ja sidrunimahlaga - bio4you.eu\/retseptid","og_description":"Isetehtud k\u00fclmasiirup mee ja \u00f5ietolmuga","og_url":"https:\/\/bio4you.eu\/retseptid\/toode\/kulmasiirup-oietolmu-ja-sidrunimahlaga\/","og_site_name":"bio4you.eu\/retseptid","article_modified_time":"2022-05-19T06:43:28+00:00","og_image":[{"width":324,"height":262,"url":"https:\/\/bio4you.eu\/retseptid\/wp-content\/uploads\/2015\/02\/shamp.-rasuste-juuste.jpg","type":"image\/jpeg"}],"schema":{"@context":"https:\/\/schema.org","@graph":[{"@type":"WebPage","@id":"https:\/\/bio4you.eu\/retseptid\/toode\/kulmasiirup-oietolmu-ja-sidrunimahlaga\/","url":"https:\/\/bio4you.eu\/retseptid\/toode\/kulmasiirup-oietolmu-ja-sidrunimahlaga\/","name":"K\u00fclmasiirup \u00f5ietolmu ja sidrunimahlaga - bio4you.eu\/retseptid","isPartOf":{"@id":"https:\/\/bio4you.eu\/retseptid\/#website"},"primaryImageOfPage":{"@id":"https:\/\/bio4you.eu\/retseptid\/toode\/kulmasiirup-oietolmu-ja-sidrunimahlaga\/#primaryimage"},"image":{"@id":"https:\/\/bio4you.eu\/retseptid\/toode\/kulmasiirup-oietolmu-ja-sidrunimahlaga\/#primaryimage"},"thumbnailUrl":"https:\/\/bio4you.eu\/retseptid\/wp-content\/uploads\/2015\/02\/shamp.-rasuste-juuste.jpg","datePublished":"2015-02-06T22:21:45+00:00","dateModified":"2022-05-19T06:43:28+00:00","description":"Isetehtud k\u00fclmasiirup mee ja \u00f5ietolmuga","breadcrumb":{"@id":"https:\/\/bio4you.eu\/retseptid\/toode\/kulmasiirup-oietolmu-ja-sidrunimahlaga\/#breadcrumb"},"inLanguage":"et","potentialAction":[{"@type":"ReadAction","target":["https:\/\/bio4you.eu\/retseptid\/toode\/kulmasiirup-oietolmu-ja-sidrunimahlaga\/"]}]},{"@type":"ImageObject","inLanguage":"et","@id":"https:\/\/bio4you.eu\/retseptid\/toode\/kulmasiirup-oietolmu-ja-sidrunimahlaga\/#primaryimage","url":"https:\/\/bio4you.eu\/retseptid\/wp-content\/uploads\/2015\/02\/shamp.-rasuste-juuste.jpg","contentUrl":"https:\/\/bio4you.eu\/retseptid\/wp-content\/uploads\/2015\/02\/shamp.-rasuste-juuste.jpg","width":324,"height":262},{"@type":"BreadcrumbList","@id":"https:\/\/bio4you.eu\/retseptid\/toode\/kulmasiirup-oietolmu-ja-sidrunimahlaga\/#breadcrumb","itemListElement":[{"@type":"ListItem","position":1,"name":"Home","item":"https:\/\/bio4you.eu\/retseptid\/"},{"@type":"ListItem","position":2,"name":"K\u00fclmasiirup \u00f5ietolmu ja sidrunimahlaga"}]},{"@type":"WebSite","@id":"https:\/\/bio4you.eu\/retseptid\/#website","url":"https:\/\/bio4you.eu\/retseptid\/","name":"bio4you.eu\/retseptid","description":"\u00d6ko retseptid ise tegemiseks, looduslikest koostisainetest. Maitsev toit, iluhooldus, kodupuhastus ja aiandus.","potentialAction":[{"@type":"SearchAction","target":{"@type":"EntryPoint","urlTemplate":"https:\/\/bio4you.eu\/retseptid\/?s={search_term_string}"},"query-input":"required name=search_term_string"}],"inLanguage":"et"}]}},"_links":{"self":[{"href":"https:\/\/bio4you.eu\/retseptid\/wp-json\/wp\/v2\/product\/2233"}],"collection":[{"href":"https:\/\/bio4you.eu\/retseptid\/wp-json\/wp\/v2\/product"}],"about":[{"href":"https:\/\/bio4you.eu\/retseptid\/wp-json\/wp\/v2\/types\/product"}],"replies":[{"embeddable":true,"href":"https:\/\/bio4you.eu\/retseptid\/wp-json\/wp\/v2\/comments?post=2233"}],"wp:featuredmedia":[{"embeddable":true,"href":"https:\/\/bio4you.eu\/retseptid\/wp-json\/wp\/v2\/media\/3389"}],"wp:attachment":[{"href":"https:\/\/bio4you.eu\/retseptid\/wp-json\/wp\/v2\/media?parent=2233"}],"wp:term":[{"taxonomy":"product_cat","embeddable":true,"href":"https:\/\/bio4you.eu\/retseptid\/wp-json\/wp\/v2\/product_cat?post=2233"},{"taxonomy":"product_tag","embeddable":true,"href":"https:\/\/bio4you.eu\/retseptid\/wp-json\/wp\/v2\/product_tag?post=2233"}],"curies":[{"name":"wp","href":"https:\/\/api.w.org\/{rel}","templated":true}]}}