{"id":2236,"date":"2015-02-07T00:30:40","date_gmt":"2015-02-06T22:30:40","guid":{"rendered":"https:\/\/bio4you.eu\/retseptid\/?post_type=product&#038;p=2236"},"modified":"2022-05-19T09:44:51","modified_gmt":"2022-05-19T06:44:51","slug":"kuuslaugu-kiirabi-kulmetuse-korral","status":"publish","type":"product","link":"https:\/\/bio4you.eu\/retseptid\/toode\/kuuslaugu-kiirabi-kulmetuse-korral\/","title":{"rendered":"K\u00fc\u00fcslaugu-kiirabi k\u00fclmetuse korral"},"content":{"rendered":"<p><strong>V\u00e4ga v\u00e4ga t\u00f5husa toimega!<\/strong><\/p>\n<p>Bioretsept.eu toimetaja on juba 3 aastat selle retsepti abil haigestumist v\u00e4ltinud!<\/p>\n<p>VALMISTAMISVIIS:<\/p>\n<p>Pane suure lusika p\u00f5hja oliivi\u00f5li. Riivi sisse 1 k\u00fc\u00fcslauguk\u00fc\u00fcs ( kohe \u00f5li sisse pannes ei lendu kasulikud osakesed). Pane peale 1 spl sidrunimahla. Tarvita kohe.\u00a0<span style=\"line-height: 1.5;\">Joo peale veerand klaasi vett ja kui soovid, siis n\u00e4ri ka 1 n\u00e4ts kohe peale.\u00a0<\/span><\/p>\n<p><span style=\"line-height: 1.5;\">Tunda on peamiselt sidrunimahla maitset &#8211; sobib ka neile, kes k\u00fc\u00fcslauku ei armasta. Enne segu v\u00f5tmist on soovitatav s\u00fc\u00fca \u00e4ra pool banaani v\u00f5i tops jorgurtit v\u00f5i hapukoort, et k\u00f5htu mitte liialt koormata. Parem on teha segu \u00f5htuti, sest k\u00fc\u00fcslaugu haisu on tunda umbes \u00f6\u00f6jagu tunde.\u00a0<\/span><\/p>\n<p>&nbsp;<\/p>\n","protected":false},"excerpt":{"rendered":"<p>VAJA L\u00c4HEB:<\/p>\n<ul>\n<li>1 k\u00fc\u00fcslauguk\u00fc\u00fcs<\/li>\n<li>natuke <a href=\"https:\/\/bio4you.eu\/et\/otsi?controller=search&amp;order=product.position.desc&amp;s=oliivi%C3%B5li&amp;utm_source=bioretsept&amp;utm_medium=retsept&amp;utm_campaign=retsept\"><span style=\"color: #99cc00;\">extra virgin oliivi\u00f5li<\/span><\/a><\/li>\n<li>1 spl <a href=\"http:\/\/www.bio4you.eu\/et\/toiduained\/1219-sidrunimahl-100-itaalia-250g-biologicoils.html\"><span style=\"color: #99cc00;\">sidrunimahla<\/span><\/a><\/li>\n<\/ul>\n<p>Tee segu kohe, kui tunned, et hakkad haigestuma ( nohu, peavalu, kurguvalu). Piisab 2-4 korrast ja peaksid saama uuesti vormi.<\/p>\n","protected":false},"featured_media":3392,"comment_status":"open","ping_status":"closed","template":"","meta":{"_exactmetrics_skip_tracking":false,"_exactmetrics_sitenote_active":false,"_exactmetrics_sitenote_note":"","_exactmetrics_sitenote_category":0},"product_cat":[324,326,59],"product_tag":[333,336],"class_list":{"0":"post-2236","1":"product","2":"type-product","3":"status-publish","4":"has-post-thumbnail","6":"product_cat-tervise-retseptid","7":"product_cat-kulmetuse-vastu","8":"product_cat-featured","9":"product_tag-isetehtud-kulmasiirup","10":"product_tag-kuuslauguga-kulmetuseravi","12":"first","13":"instock","14":"shipping-taxable","15":"product-type-simple"},"yoast_head":"<!-- This site is optimized with the Yoast SEO plugin v23.3 - https:\/\/yoast.com\/wordpress\/plugins\/seo\/ -->\n<title>K\u00fc\u00fcslaugu-kiirabi k\u00fclmetuse korral - bio4you.eu\/retseptid<\/title>\n<meta name=\"robots\" content=\"index, follow, max-snippet:-1, max-image-preview:large, max-video-preview:-1\" \/>\n<link rel=\"canonical\" href=\"https:\/\/bio4you.eu\/retseptid\/toode\/kuuslaugu-kiirabi-kulmetuse-korral\/\" \/>\n<meta property=\"og:locale\" content=\"et_EE\" \/>\n<meta property=\"og:type\" content=\"article\" \/>\n<meta property=\"og:title\" content=\"K\u00fc\u00fcslaugu-kiirabi k\u00fclmetuse korral - bio4you.eu\/retseptid\" \/>\n<meta property=\"og:description\" content=\"VAJA L\u00c4HEB:   1 k\u00fc\u00fcslauguk\u00fc\u00fcs  natuke extra virgin oliivi\u00f5li  1 spl sidrunimahla  Tee segu kohe, kui tunned, et hakkad haigestuma ( nohu, peavalu, kurguvalu). Piisab 2-4 korrast ja peaksid saama uuesti vormi.\" \/>\n<meta property=\"og:url\" content=\"https:\/\/bio4you.eu\/retseptid\/toode\/kuuslaugu-kiirabi-kulmetuse-korral\/\" \/>\n<meta property=\"og:site_name\" content=\"bio4you.eu\/retseptid\" \/>\n<meta property=\"article:modified_time\" content=\"2022-05-19T06:44:51+00:00\" \/>\n<meta property=\"og:image\" content=\"https:\/\/bio4you.eu\/retseptid\/wp-content\/uploads\/2015\/02\/Garlic-and-lemon-cure.jpg\" \/>\n\t<meta property=\"og:image:width\" content=\"500\" \/>\n\t<meta property=\"og:image:height\" content=\"355\" \/>\n\t<meta property=\"og:image:type\" content=\"image\/jpeg\" \/>\n<meta name=\"twitter:label1\" content=\"Est. reading time\" \/>\n\t<meta name=\"twitter:data1\" content=\"1 minut\" \/>\n<script type=\"application\/ld+json\" class=\"yoast-schema-graph\">{\"@context\":\"https:\/\/schema.org\",\"@graph\":[{\"@type\":\"WebPage\",\"@id\":\"https:\/\/bio4you.eu\/retseptid\/toode\/kuuslaugu-kiirabi-kulmetuse-korral\/\",\"url\":\"https:\/\/bio4you.eu\/retseptid\/toode\/kuuslaugu-kiirabi-kulmetuse-korral\/\",\"name\":\"K\u00fc\u00fcslaugu-kiirabi k\u00fclmetuse korral - bio4you.eu\/retseptid\",\"isPartOf\":{\"@id\":\"https:\/\/bio4you.eu\/retseptid\/#website\"},\"primaryImageOfPage\":{\"@id\":\"https:\/\/bio4you.eu\/retseptid\/toode\/kuuslaugu-kiirabi-kulmetuse-korral\/#primaryimage\"},\"image\":{\"@id\":\"https:\/\/bio4you.eu\/retseptid\/toode\/kuuslaugu-kiirabi-kulmetuse-korral\/#primaryimage\"},\"thumbnailUrl\":\"https:\/\/bio4you.eu\/retseptid\/wp-content\/uploads\/2015\/02\/Garlic-and-lemon-cure.jpg\",\"datePublished\":\"2015-02-06T22:30:40+00:00\",\"dateModified\":\"2022-05-19T06:44:51+00:00\",\"breadcrumb\":{\"@id\":\"https:\/\/bio4you.eu\/retseptid\/toode\/kuuslaugu-kiirabi-kulmetuse-korral\/#breadcrumb\"},\"inLanguage\":\"et\",\"potentialAction\":[{\"@type\":\"ReadAction\",\"target\":[\"https:\/\/bio4you.eu\/retseptid\/toode\/kuuslaugu-kiirabi-kulmetuse-korral\/\"]}]},{\"@type\":\"ImageObject\",\"inLanguage\":\"et\",\"@id\":\"https:\/\/bio4you.eu\/retseptid\/toode\/kuuslaugu-kiirabi-kulmetuse-korral\/#primaryimage\",\"url\":\"https:\/\/bio4you.eu\/retseptid\/wp-content\/uploads\/2015\/02\/Garlic-and-lemon-cure.jpg\",\"contentUrl\":\"https:\/\/bio4you.eu\/retseptid\/wp-content\/uploads\/2015\/02\/Garlic-and-lemon-cure.jpg\",\"width\":500,\"height\":355},{\"@type\":\"BreadcrumbList\",\"@id\":\"https:\/\/bio4you.eu\/retseptid\/toode\/kuuslaugu-kiirabi-kulmetuse-korral\/#breadcrumb\",\"itemListElement\":[{\"@type\":\"ListItem\",\"position\":1,\"name\":\"Home\",\"item\":\"https:\/\/bio4you.eu\/retseptid\/\"},{\"@type\":\"ListItem\",\"position\":2,\"name\":\"K\u00fc\u00fcslaugu-kiirabi k\u00fclmetuse korral\"}]},{\"@type\":\"WebSite\",\"@id\":\"https:\/\/bio4you.eu\/retseptid\/#website\",\"url\":\"https:\/\/bio4you.eu\/retseptid\/\",\"name\":\"bio4you.eu\/retseptid\",\"description\":\"\u00d6ko retseptid ise tegemiseks, looduslikest koostisainetest. Maitsev toit, iluhooldus, kodupuhastus ja aiandus.\",\"potentialAction\":[{\"@type\":\"SearchAction\",\"target\":{\"@type\":\"EntryPoint\",\"urlTemplate\":\"https:\/\/bio4you.eu\/retseptid\/?s={search_term_string}\"},\"query-input\":\"required name=search_term_string\"}],\"inLanguage\":\"et\"}]}<\/script>\n<!-- \/ Yoast SEO plugin. -->","yoast_head_json":{"title":"K\u00fc\u00fcslaugu-kiirabi k\u00fclmetuse korral - bio4you.eu\/retseptid","robots":{"index":"index","follow":"follow","max-snippet":"max-snippet:-1","max-image-preview":"max-image-preview:large","max-video-preview":"max-video-preview:-1"},"canonical":"https:\/\/bio4you.eu\/retseptid\/toode\/kuuslaugu-kiirabi-kulmetuse-korral\/","og_locale":"et_EE","og_type":"article","og_title":"K\u00fc\u00fcslaugu-kiirabi k\u00fclmetuse korral - bio4you.eu\/retseptid","og_description":"VAJA L\u00c4HEB:   1 k\u00fc\u00fcslauguk\u00fc\u00fcs  natuke extra virgin oliivi\u00f5li  1 spl sidrunimahla  Tee segu kohe, kui tunned, et hakkad haigestuma ( nohu, peavalu, kurguvalu). Piisab 2-4 korrast ja peaksid saama uuesti vormi.","og_url":"https:\/\/bio4you.eu\/retseptid\/toode\/kuuslaugu-kiirabi-kulmetuse-korral\/","og_site_name":"bio4you.eu\/retseptid","article_modified_time":"2022-05-19T06:44:51+00:00","og_image":[{"width":500,"height":355,"url":"https:\/\/bio4you.eu\/retseptid\/wp-content\/uploads\/2015\/02\/Garlic-and-lemon-cure.jpg","type":"image\/jpeg"}],"twitter_misc":{"Est. reading time":"1 minut"},"schema":{"@context":"https:\/\/schema.org","@graph":[{"@type":"WebPage","@id":"https:\/\/bio4you.eu\/retseptid\/toode\/kuuslaugu-kiirabi-kulmetuse-korral\/","url":"https:\/\/bio4you.eu\/retseptid\/toode\/kuuslaugu-kiirabi-kulmetuse-korral\/","name":"K\u00fc\u00fcslaugu-kiirabi k\u00fclmetuse korral - bio4you.eu\/retseptid","isPartOf":{"@id":"https:\/\/bio4you.eu\/retseptid\/#website"},"primaryImageOfPage":{"@id":"https:\/\/bio4you.eu\/retseptid\/toode\/kuuslaugu-kiirabi-kulmetuse-korral\/#primaryimage"},"image":{"@id":"https:\/\/bio4you.eu\/retseptid\/toode\/kuuslaugu-kiirabi-kulmetuse-korral\/#primaryimage"},"thumbnailUrl":"https:\/\/bio4you.eu\/retseptid\/wp-content\/uploads\/2015\/02\/Garlic-and-lemon-cure.jpg","datePublished":"2015-02-06T22:30:40+00:00","dateModified":"2022-05-19T06:44:51+00:00","breadcrumb":{"@id":"https:\/\/bio4you.eu\/retseptid\/toode\/kuuslaugu-kiirabi-kulmetuse-korral\/#breadcrumb"},"inLanguage":"et","potentialAction":[{"@type":"ReadAction","target":["https:\/\/bio4you.eu\/retseptid\/toode\/kuuslaugu-kiirabi-kulmetuse-korral\/"]}]},{"@type":"ImageObject","inLanguage":"et","@id":"https:\/\/bio4you.eu\/retseptid\/toode\/kuuslaugu-kiirabi-kulmetuse-korral\/#primaryimage","url":"https:\/\/bio4you.eu\/retseptid\/wp-content\/uploads\/2015\/02\/Garlic-and-lemon-cure.jpg","contentUrl":"https:\/\/bio4you.eu\/retseptid\/wp-content\/uploads\/2015\/02\/Garlic-and-lemon-cure.jpg","width":500,"height":355},{"@type":"BreadcrumbList","@id":"https:\/\/bio4you.eu\/retseptid\/toode\/kuuslaugu-kiirabi-kulmetuse-korral\/#breadcrumb","itemListElement":[{"@type":"ListItem","position":1,"name":"Home","item":"https:\/\/bio4you.eu\/retseptid\/"},{"@type":"ListItem","position":2,"name":"K\u00fc\u00fcslaugu-kiirabi k\u00fclmetuse korral"}]},{"@type":"WebSite","@id":"https:\/\/bio4you.eu\/retseptid\/#website","url":"https:\/\/bio4you.eu\/retseptid\/","name":"bio4you.eu\/retseptid","description":"\u00d6ko retseptid ise tegemiseks, looduslikest koostisainetest. Maitsev toit, iluhooldus, kodupuhastus ja aiandus.","potentialAction":[{"@type":"SearchAction","target":{"@type":"EntryPoint","urlTemplate":"https:\/\/bio4you.eu\/retseptid\/?s={search_term_string}"},"query-input":"required name=search_term_string"}],"inLanguage":"et"}]}},"_links":{"self":[{"href":"https:\/\/bio4you.eu\/retseptid\/wp-json\/wp\/v2\/product\/2236"}],"collection":[{"href":"https:\/\/bio4you.eu\/retseptid\/wp-json\/wp\/v2\/product"}],"about":[{"href":"https:\/\/bio4you.eu\/retseptid\/wp-json\/wp\/v2\/types\/product"}],"replies":[{"embeddable":true,"href":"https:\/\/bio4you.eu\/retseptid\/wp-json\/wp\/v2\/comments?post=2236"}],"wp:featuredmedia":[{"embeddable":true,"href":"https:\/\/bio4you.eu\/retseptid\/wp-json\/wp\/v2\/media\/3392"}],"wp:attachment":[{"href":"https:\/\/bio4you.eu\/retseptid\/wp-json\/wp\/v2\/media?parent=2236"}],"wp:term":[{"taxonomy":"product_cat","embeddable":true,"href":"https:\/\/bio4you.eu\/retseptid\/wp-json\/wp\/v2\/product_cat?post=2236"},{"taxonomy":"product_tag","embeddable":true,"href":"https:\/\/bio4you.eu\/retseptid\/wp-json\/wp\/v2\/product_tag?post=2236"}],"curies":[{"name":"wp","href":"https:\/\/api.w.org\/{rel}","templated":true}]}}