{"id":2258,"date":"2015-02-08T13:20:41","date_gmt":"2015-02-08T11:20:41","guid":{"rendered":"https:\/\/bio4you.eu\/retseptid\/product\/kuuslaugutee-sidruniga\/"},"modified":"2018-08-10T11:34:33","modified_gmt":"2018-08-10T08:34:33","slug":"kuuslaugutee-sidruniga","status":"publish","type":"product","link":"https:\/\/bio4you.eu\/retseptid\/toode\/kuuslaugutee-sidruniga\/","title":{"rendered":"K\u00fc\u00fcslaugutee sidruniga"},"content":{"rendered":"<p>VALMISTAMISVIIS:<\/p>\n<ul>\n<li><span style=\"line-height: 1.5;\">T\u00fckelda 3 k\u00fc\u00fcslauguk\u00fc\u00fct ja pane koos 2 klaasi veega keema.<\/span><\/li>\n<li>Lase keema t\u00f5usta, vahepeal segades, sest pinnale tekib vaht<\/li>\n<li>Keeda madalal tulel 15 minutit<\/li>\n<li>Filtreeri k\u00fc\u00fcslaugut\u00fckid v\u00e4lja<\/li>\n<li>Lisa maitse j\u00e4rgi sidrunimahla ja\/v\u00f5i mett<\/li>\n<li>Soovi korral v\u00f5id lisada terakese pipart<\/li>\n<li>Joo kuumalt v\u00f5i jahutatult<\/li>\n<li>Jahutatud teed hoia k\u00fclmikus<\/li>\n<\/ul>\n<p><strong>NB! Kui oled k\u00fc\u00fcslauguk\u00fc\u00fcsi 15 minutit keetnud, on iseloomulik terav maitse mahenenud. Sellist teed koos mee ja sidrunimahlaga joovad meelsasti ka lapsed. Kui soovid kanget ja t\u00f5eliselt pikantset teed, siis lase vaid korraks keema t\u00f5usta ja filtreeri kohe.<\/strong><\/p>\n<p>&nbsp;<\/p>\n<p>&nbsp;<\/p>\n","protected":false},"excerpt":{"rendered":"<p>VAJA L\u00c4HEB:<\/p>\n<ul>\n<li>3 k\u00fc\u00fcslauguk\u00fc\u00fcnt<\/li>\n<li>2 klaasi vett<\/li>\n<li>maitse j\u00e4rgi <a href=\"http:\/\/www.bio4you.eu\/et\/toiduained\/1219-sidrunimahl-100-itaalia-250g-biologicoils.html\"><span style=\"color: #99cc00;\">sidrunimahla<\/span><\/a> ja mett<\/li>\n<li>Soovi korral natuke pipart v\u00f5i ingverit<\/li>\n<\/ul>\n","protected":false},"featured_media":3393,"comment_status":"open","ping_status":"closed","template":"","meta":{"_exactmetrics_skip_tracking":false,"_exactmetrics_sitenote_active":false,"_exactmetrics_sitenote_note":"","_exactmetrics_sitenote_category":0},"product_cat":[324,326],"product_tag":[333,336,342,343],"class_list":{"0":"post-2258","1":"product","2":"type-product","3":"status-publish","4":"has-post-thumbnail","6":"product_cat-tervise-retseptid","7":"product_cat-kulmetuse-vastu","8":"product_tag-isetehtud-kulmasiirup","9":"product_tag-kuuslauguga-kulmetuseravi","10":"product_tag-kuuslaugutee","11":"product_tag-sidruniga","13":"first","14":"instock","15":"shipping-taxable","16":"product-type-simple"},"yoast_head":"<!-- This site is optimized with the Yoast SEO plugin v23.3 - https:\/\/yoast.com\/wordpress\/plugins\/seo\/ -->\n<title>K\u00fc\u00fcslaugutee sidruniga - bio4you.eu\/retseptid<\/title>\n<meta name=\"description\" content=\"K\u00fc\u00fcslaugutee sidruniga\" \/>\n<meta name=\"robots\" content=\"index, follow, max-snippet:-1, max-image-preview:large, max-video-preview:-1\" \/>\n<link rel=\"canonical\" href=\"https:\/\/bio4you.eu\/retseptid\/toode\/kuuslaugutee-sidruniga\/\" \/>\n<meta property=\"og:locale\" content=\"et_EE\" \/>\n<meta property=\"og:type\" content=\"article\" \/>\n<meta property=\"og:title\" content=\"K\u00fc\u00fcslaugutee sidruniga - bio4you.eu\/retseptid\" \/>\n<meta property=\"og:description\" content=\"K\u00fc\u00fcslaugutee sidruniga\" \/>\n<meta property=\"og:url\" content=\"https:\/\/bio4you.eu\/retseptid\/toode\/kuuslaugutee-sidruniga\/\" \/>\n<meta property=\"og:site_name\" content=\"bio4you.eu\/retseptid\" \/>\n<meta property=\"article:modified_time\" content=\"2018-08-10T08:34:33+00:00\" \/>\n<meta property=\"og:image\" content=\"https:\/\/bio4you.eu\/retseptid\/wp-content\/uploads\/2015\/02\/drink-garlic-tea-for-colds-jpg.jpg\" \/>\n\t<meta property=\"og:image:width\" content=\"550\" \/>\n\t<meta property=\"og:image:height\" content=\"830\" \/>\n\t<meta property=\"og:image:type\" content=\"image\/jpeg\" \/>\n<meta name=\"twitter:label1\" content=\"Est. reading time\" \/>\n\t<meta name=\"twitter:data1\" content=\"1 minut\" \/>\n<script type=\"application\/ld+json\" class=\"yoast-schema-graph\">{\"@context\":\"https:\/\/schema.org\",\"@graph\":[{\"@type\":\"WebPage\",\"@id\":\"https:\/\/bio4you.eu\/retseptid\/toode\/kuuslaugutee-sidruniga\/\",\"url\":\"https:\/\/bio4you.eu\/retseptid\/toode\/kuuslaugutee-sidruniga\/\",\"name\":\"K\u00fc\u00fcslaugutee sidruniga - bio4you.eu\/retseptid\",\"isPartOf\":{\"@id\":\"https:\/\/bio4you.eu\/retseptid\/#website\"},\"primaryImageOfPage\":{\"@id\":\"https:\/\/bio4you.eu\/retseptid\/toode\/kuuslaugutee-sidruniga\/#primaryimage\"},\"image\":{\"@id\":\"https:\/\/bio4you.eu\/retseptid\/toode\/kuuslaugutee-sidruniga\/#primaryimage\"},\"thumbnailUrl\":\"https:\/\/bio4you.eu\/retseptid\/wp-content\/uploads\/2015\/02\/drink-garlic-tea-for-colds-jpg.jpg\",\"datePublished\":\"2015-02-08T11:20:41+00:00\",\"dateModified\":\"2018-08-10T08:34:33+00:00\",\"description\":\"K\u00fc\u00fcslaugutee sidruniga\",\"breadcrumb\":{\"@id\":\"https:\/\/bio4you.eu\/retseptid\/toode\/kuuslaugutee-sidruniga\/#breadcrumb\"},\"inLanguage\":\"et\",\"potentialAction\":[{\"@type\":\"ReadAction\",\"target\":[\"https:\/\/bio4you.eu\/retseptid\/toode\/kuuslaugutee-sidruniga\/\"]}]},{\"@type\":\"ImageObject\",\"inLanguage\":\"et\",\"@id\":\"https:\/\/bio4you.eu\/retseptid\/toode\/kuuslaugutee-sidruniga\/#primaryimage\",\"url\":\"https:\/\/bio4you.eu\/retseptid\/wp-content\/uploads\/2015\/02\/drink-garlic-tea-for-colds-jpg.jpg\",\"contentUrl\":\"https:\/\/bio4you.eu\/retseptid\/wp-content\/uploads\/2015\/02\/drink-garlic-tea-for-colds-jpg.jpg\",\"width\":550,\"height\":830},{\"@type\":\"BreadcrumbList\",\"@id\":\"https:\/\/bio4you.eu\/retseptid\/toode\/kuuslaugutee-sidruniga\/#breadcrumb\",\"itemListElement\":[{\"@type\":\"ListItem\",\"position\":1,\"name\":\"Home\",\"item\":\"https:\/\/bio4you.eu\/retseptid\/\"},{\"@type\":\"ListItem\",\"position\":2,\"name\":\"K\u00fc\u00fcslaugutee sidruniga\"}]},{\"@type\":\"WebSite\",\"@id\":\"https:\/\/bio4you.eu\/retseptid\/#website\",\"url\":\"https:\/\/bio4you.eu\/retseptid\/\",\"name\":\"bio4you.eu\/retseptid\",\"description\":\"\u00d6ko retseptid ise tegemiseks, looduslikest koostisainetest. Maitsev toit, iluhooldus, kodupuhastus ja aiandus.\",\"potentialAction\":[{\"@type\":\"SearchAction\",\"target\":{\"@type\":\"EntryPoint\",\"urlTemplate\":\"https:\/\/bio4you.eu\/retseptid\/?s={search_term_string}\"},\"query-input\":\"required name=search_term_string\"}],\"inLanguage\":\"et\"}]}<\/script>\n<!-- \/ Yoast SEO plugin. -->","yoast_head_json":{"title":"K\u00fc\u00fcslaugutee sidruniga - bio4you.eu\/retseptid","description":"K\u00fc\u00fcslaugutee sidruniga","robots":{"index":"index","follow":"follow","max-snippet":"max-snippet:-1","max-image-preview":"max-image-preview:large","max-video-preview":"max-video-preview:-1"},"canonical":"https:\/\/bio4you.eu\/retseptid\/toode\/kuuslaugutee-sidruniga\/","og_locale":"et_EE","og_type":"article","og_title":"K\u00fc\u00fcslaugutee sidruniga - bio4you.eu\/retseptid","og_description":"K\u00fc\u00fcslaugutee sidruniga","og_url":"https:\/\/bio4you.eu\/retseptid\/toode\/kuuslaugutee-sidruniga\/","og_site_name":"bio4you.eu\/retseptid","article_modified_time":"2018-08-10T08:34:33+00:00","og_image":[{"width":550,"height":830,"url":"https:\/\/bio4you.eu\/retseptid\/wp-content\/uploads\/2015\/02\/drink-garlic-tea-for-colds-jpg.jpg","type":"image\/jpeg"}],"twitter_misc":{"Est. reading time":"1 minut"},"schema":{"@context":"https:\/\/schema.org","@graph":[{"@type":"WebPage","@id":"https:\/\/bio4you.eu\/retseptid\/toode\/kuuslaugutee-sidruniga\/","url":"https:\/\/bio4you.eu\/retseptid\/toode\/kuuslaugutee-sidruniga\/","name":"K\u00fc\u00fcslaugutee sidruniga - bio4you.eu\/retseptid","isPartOf":{"@id":"https:\/\/bio4you.eu\/retseptid\/#website"},"primaryImageOfPage":{"@id":"https:\/\/bio4you.eu\/retseptid\/toode\/kuuslaugutee-sidruniga\/#primaryimage"},"image":{"@id":"https:\/\/bio4you.eu\/retseptid\/toode\/kuuslaugutee-sidruniga\/#primaryimage"},"thumbnailUrl":"https:\/\/bio4you.eu\/retseptid\/wp-content\/uploads\/2015\/02\/drink-garlic-tea-for-colds-jpg.jpg","datePublished":"2015-02-08T11:20:41+00:00","dateModified":"2018-08-10T08:34:33+00:00","description":"K\u00fc\u00fcslaugutee sidruniga","breadcrumb":{"@id":"https:\/\/bio4you.eu\/retseptid\/toode\/kuuslaugutee-sidruniga\/#breadcrumb"},"inLanguage":"et","potentialAction":[{"@type":"ReadAction","target":["https:\/\/bio4you.eu\/retseptid\/toode\/kuuslaugutee-sidruniga\/"]}]},{"@type":"ImageObject","inLanguage":"et","@id":"https:\/\/bio4you.eu\/retseptid\/toode\/kuuslaugutee-sidruniga\/#primaryimage","url":"https:\/\/bio4you.eu\/retseptid\/wp-content\/uploads\/2015\/02\/drink-garlic-tea-for-colds-jpg.jpg","contentUrl":"https:\/\/bio4you.eu\/retseptid\/wp-content\/uploads\/2015\/02\/drink-garlic-tea-for-colds-jpg.jpg","width":550,"height":830},{"@type":"BreadcrumbList","@id":"https:\/\/bio4you.eu\/retseptid\/toode\/kuuslaugutee-sidruniga\/#breadcrumb","itemListElement":[{"@type":"ListItem","position":1,"name":"Home","item":"https:\/\/bio4you.eu\/retseptid\/"},{"@type":"ListItem","position":2,"name":"K\u00fc\u00fcslaugutee sidruniga"}]},{"@type":"WebSite","@id":"https:\/\/bio4you.eu\/retseptid\/#website","url":"https:\/\/bio4you.eu\/retseptid\/","name":"bio4you.eu\/retseptid","description":"\u00d6ko retseptid ise tegemiseks, looduslikest koostisainetest. Maitsev toit, iluhooldus, kodupuhastus ja aiandus.","potentialAction":[{"@type":"SearchAction","target":{"@type":"EntryPoint","urlTemplate":"https:\/\/bio4you.eu\/retseptid\/?s={search_term_string}"},"query-input":"required name=search_term_string"}],"inLanguage":"et"}]}},"_links":{"self":[{"href":"https:\/\/bio4you.eu\/retseptid\/wp-json\/wp\/v2\/product\/2258"}],"collection":[{"href":"https:\/\/bio4you.eu\/retseptid\/wp-json\/wp\/v2\/product"}],"about":[{"href":"https:\/\/bio4you.eu\/retseptid\/wp-json\/wp\/v2\/types\/product"}],"replies":[{"embeddable":true,"href":"https:\/\/bio4you.eu\/retseptid\/wp-json\/wp\/v2\/comments?post=2258"}],"wp:featuredmedia":[{"embeddable":true,"href":"https:\/\/bio4you.eu\/retseptid\/wp-json\/wp\/v2\/media\/3393"}],"wp:attachment":[{"href":"https:\/\/bio4you.eu\/retseptid\/wp-json\/wp\/v2\/media?parent=2258"}],"wp:term":[{"taxonomy":"product_cat","embeddable":true,"href":"https:\/\/bio4you.eu\/retseptid\/wp-json\/wp\/v2\/product_cat?post=2258"},{"taxonomy":"product_tag","embeddable":true,"href":"https:\/\/bio4you.eu\/retseptid\/wp-json\/wp\/v2\/product_tag?post=2258"}],"curies":[{"name":"wp","href":"https:\/\/api.w.org\/{rel}","templated":true}]}}