{"id":2265,"date":"2015-03-20T10:57:29","date_gmt":"2015-03-20T08:57:29","guid":{"rendered":"https:\/\/bio4you.eu\/retseptid\/?post_type=product&#038;p=2265"},"modified":"2018-08-10T12:04:54","modified_gmt":"2018-08-10T09:04:54","slug":"munakoorepulber-kaltsumiallikana","status":"publish","type":"product","link":"https:\/\/bio4you.eu\/retseptid\/toode\/munakoorepulber-kaltsumiallikana\/","title":{"rendered":"Munakoorepulber kaltsiumiallikana"},"content":{"rendered":"<p style=\"text-align: justify;\"><span style=\"line-height: 1.5;\">Kaltsiumipuudus ohustab k\u00f5ige enam naisi, eriti peale menopausi. Hormonaalsed muutused soosivad luuh\u00f5renemist mis v\u00f5ib viia osteoporoosini. L<\/span><span style=\"line-height: 1.5;\">uuh\u00f5renemise aeglustamiseks on olulised f\u00fc\u00fcsiline aktiivsus, tervislik toitumine ja piisav kaltsiumirikaste toiduainete tarbimine.<\/span><\/p>\n<p><span style=\"color: #999999;\"><em>NB! Kaltsiumi imendumiseks on oluline ka kaltsiumi ja magneesiumi tasakaal organismis! Loe magneesiumi t\u00e4htsusest <span style=\"color: #99cc00;\"><a style=\"color: #99cc00;\" href=\"http:\/\/bioblogi.eu\/kuidas-ara-tunda-magneesiumipuudust\/\">SIIT<\/a> <\/span><\/em><\/span><em><span style=\"color: #999999;\">ja<\/span> <\/em><span style=\"color: #999999;\"><em><span style=\"color: #99cc00;\"><a style=\"color: #99cc00;\" href=\"http:\/\/bioblogi.eu\/magneesium-elu-lamp\/\">SIIT<\/a><\/span><a title=\"Magneesium - elu lamp\" href=\"http:\/\/bioblogi.eu\/magneesium-elu-lamp\/\" target=\"_blank\" rel=\"noopener\"><span style=\"color: #999999;\"><br \/>\n<\/span><\/a><\/em><\/span><\/p>\n<p><span style=\"color: #999999;\"><em>Magneesiumi\u00f5li v\u00e4lispidiseks kasutamiseks( vajalik kaltsiumi talletamiseks luudesse) saad osta<span style=\"color: #99cc00;\"><a href=\"http:\/\/www.bio4you.eu\/et\/kehahooldus\/1942-magneesiumioli-31-200ml-zechstein-inside.html \" target=\"_blank\" rel=\"noopener\"><span style=\"color: #99cc00;\"> SIIT<\/span><\/a>\u00a0<\/span>v\u00f5i ise valmistada <a href=\"https:\/\/bio4you.eu\/retseptid\/toode\/magneesiumioli\/\"><span style=\"color: #99cc00;\">SIIT<\/span><\/a>.<a title=\"Isetehtud magneesiumi\u00f5li\" href=\"https:\/\/bio4you.eu\/retseptid\/product\/magneesiumioli\/\" target=\"_blank\" rel=\"noopener\"><span style=\"color: #999999;\"><br \/>\n<\/span><\/a><\/em><\/span><\/p>\n<p><span style=\"color: #999999;\"><em>Lisaks magneesiumile on kaltsiumi talletamiseks luudesse oluline ka vitamiini D3 tase. Talvisel ajal v\u00f5iks kaaluda D3 vitamiini juurdev\u00f5tmist toidulisandina.<\/em><\/span><\/p>\n<p style=\"text-align: center;\"><strong>MIKS MUNAKOOREPULBER?<\/strong><\/p>\n<p style=\"text-align: justify;\"><strong>Munakoore peamised koostisained on kaltsiumkarbonaat, magneesiumkarbonaat, kaltsiumfosfaat ja 27 erinevat mikrolementi, sh raud, mangaan, v\u00e4\u00e4vel, tsink jne. <\/strong><\/p>\n<p style=\"text-align: justify;\"><strong>\u00dcllatuslikult on munakoore koostis \u00e4\u00e4rmiselt sarnane inimluude ja hammaste koostisega. Seet\u00f5ttu on munakoorepulber suurep\u00e4rane toidulisand.<\/strong><\/p>\n<p><span style=\"text-decoration: underline;\">Kui Sul on plaanis munakoorepulbrit valmistada, siis kasuta AINULT mahemunasid!<\/span><\/p>\n<p>MUNA VALIMISEL PEA MEELES : esimene number munal viitab lindude pidamisviisile:<br \/>\n<strong>0 \u2013 mahep\u00f5llumajanduslik tootmine<\/strong><br \/>\n<strong>1 \u2013 vabalt peetavate kanade munad<\/strong><br \/>\n<strong>2 \u2013 \u00f5rrekanade munad<\/strong><br \/>\n<strong>3 \u2013 puuris peetavate kanade munad<\/strong><\/p>\n<p>0 &#8211; Mahekanad: kanad elavad vabalt, v\u00e4listingimustes, naturaalse eluts\u00fckliga, ilma kunstvalguseta. Kasutatakse mahep\u00f5llundusest p\u00e4rit kanas\u00f6\u00f6ta. Ei kasutata munemist ja kiiremat kasvu stimuleerivaid aineid ning hormoone. Piirangud ravimite kasutamisel.<\/p>\n<p>1- Vabakanad. Kasvavad vabalt v\u00e4listingimustes kuid ilma mahep\u00f5llunduse meetmeteta (ei ole reegleid s\u00f6\u00f6dale, ravimitele jne.)<\/p>\n<p>2. \u00d5rrekanad. Kasvavad maapinnal kuid mitte v\u00e4listingimustes. Sisuliselt kasvatatakse kunstvalgustusega angaarides, kitsastes tingimustes.<\/p>\n<p>3. Puurikanad. V\u00e4ga kitsastes puuritingimustes kasvanud kanad. Kunstvalgus, kitsad puurid suure hulga kanadega. Intensiivsed meetodid munemise kiirendamiseks, ravimid haiguste ennetamiseks ja raviks, hormoonid. Odavama hinnaga munad, kuid on t\u00f5estatud, et nad sisaldavad v\u00e4hem A ja E vitamiine ning v\u00e4hem oomega -3 rasvhappeid.<\/p>\n<p style=\"text-align: center;\"><strong>MUNAKOOREPULBRI VALMISTAMINE<\/strong><\/p>\n<p style=\"text-align: left;\"><strong>VAJA L\u00c4HEB:<\/strong><\/p>\n<ul>\n<li>mahekasvatusest p\u00e4rit lindude munakoori ( kana, part, hani vms)<\/li>\n<li>m\u00f5ni tilk apelsini v\u00f5i sidruni essentsi\u00f5li<\/li>\n<li>soovi korral 1 loorberileht<\/li>\n<li><a href=\"http:\/\/bio4you.eu\/et\/mahlad\/1219-sidrunimahl-250ml-biologicoils.html?search_query=sidrunimahl&amp;results=13\" target=\"_blank\" rel=\"noopener\"><span style=\"color: #99cc00;\">sidrunimahla<\/span><\/a><\/li>\n<\/ul>\n<p style=\"text-align: center;\"><b>VALMISTAMINE:<\/b><\/p>\n<p style=\"text-align: center;\"><strong>KOGU PIISAV KOGUS MUNAKOORI<\/strong><\/p>\n<p style=\"text-align: justify;\">Pese toiduvalmistamisest \u00fcle j\u00e4\u00e4nud munakoored leige veega. Seesmise kileja kesta v\u00f5ib alles j\u00e4tta kuid parem on see eemaldada, sest sellel on spetsiifiline, paljudele ebameeldiv l\u00f5hn. Pane munakoored k\u00fclmutuskotti ja hoia s\u00fcgavk\u00fclmikus. Kui olete neid juba kogunud hea hulga, siis v\u00f5tke nad v\u00e4lja ja hakake pulbrit valmistama<\/p>\n<p style=\"text-align: center;\"><strong>KEETMINE<\/strong><\/p>\n<p style=\"text-align: justify;\">Peale s\u00fcgavk\u00fclmikust v\u00e4lja v\u00f5tmist laske koortel tund aega toatemperatuuril seista. Seej\u00e4rel keetke neid 10-15 minutit. T\u00f5stke munakoored keeduveest v\u00e4lja ja n\u00f5rutage s\u00f5elal, et eemaldada v\u00f5imalikult palju keeduvett.<\/p>\n<p style=\"text-align: center;\"><strong>KUIVATAMINE<\/strong><\/p>\n<p style=\"text-align: justify;\">Asetage munakoored ahjuplaadile mis on kaetud k\u00fcpsetuspaberiga. Kuivatage koori ahjus tund aega \u00a0140 \u00b0C temperatuuril, aeg-ajalt neid \u00fcmber keerates. Peale jahtumist purustage koored puhaste k\u00e4tega.<\/p>\n<p style=\"text-align: center;\"><strong>PULBRISTAMINE<\/strong><\/p>\n<p style=\"text-align: justify;\">K\u00f5ige paremini saab munakoored pulbriks jahvatada kohvimasinas. Igale kohvimasinat\u00e4iele v\u00f5ite lisada 1-2 tilka sidruni v\u00f5i apelsini essentsi\u00f5li. Koored on v\u00e4ga k\u00f5vad, see\u00f5ttu on jahvatamisprotsess pikaldane. V\u00e4ldi jahvatamisel tekkiva munakooretolmu sisse hingamist &#8211; k\u00f5ige parem on kasutada respiraatorit. Kohvimasinas jahvatamisel saate l\u00f5pptulemusena \u00fchtlase kuid mitte \u00fclipeene koorepulbri. Kui soovite seda peenemaks h\u00f5\u00f5ruda, siis tuleb kasutada uhmrit.<\/p>\n<p style=\"text-align: center;\"><strong>S\u00c4ILITAMINE<\/strong><\/p>\n<p style=\"text-align: justify;\">S\u00e4ilita munakoorepulber klaaspurgis. Paremaks s\u00e4ilimiseks v\u00f5ite lisada \u00fche kuivanud loorberilehe. Parim on hoida pulber pimedas ja eemal sooja-allikatest.<\/p>\n<p style=\"text-align: center;\"><strong>KASUTAMINE<\/strong><\/p>\n<p style=\"text-align: justify;\">Pool teelusikat\u00e4it p\u00e4evas. P\u00e4evane annus on soovitatav jagada pooleks, kahe toidukorra peale. Pulbri v\u00f5ib segada natukese veega ja juua. Igaljuhul on pulber hammaste all veidi pragisev.<\/p>\n<p style=\"text-align: center;\"><strong>NN &#8220;MUNAKOORE-KALTSIUMTSITRAADI&#8221; VALMISTAMINE<\/strong><\/p>\n<p style=\"text-align: justify;\">Kui teid h\u00e4iriv hammaste all krigisev tunne munakoorepulbri s\u00f6\u00f6misel, siis valmistage endale &#8220;kaltsiumtsitraat&#8221;. Seda on tunduvalt meeldivam manustada kui puhast koorepulbrit.<\/p>\n<p style=\"text-align: justify;\"><b>MUNAKOORE-TSITRAADI TEGEMISEKS L\u00c4HEB VAJA:<\/b><br \/>\n1\/2 teelusikat\u00e4it juba valmis munakoorepulbrit<br \/>\nsidrunimahla ( umbes veerand klaasi v\u00f5i poole sidruni mahl)<\/p>\n<p style=\"text-align: justify;\"><b>VALMISTAMINE:<\/b><br \/>\nPane munakoorepulber ( p\u00e4evane annus) tassi sisse ja lisa sidrunimahl. Sidrunimahl hakkab kohe pulbrit sulatama ning vahutama. Segage ruttu ja pange segu kaetud kaanega anumas k\u00fclmikusse seisma. T\u00e4ielikuks munakoorepulbri sulamiseks l\u00e4heb 6-8 tundi. Valmistage igal \u00f5htul uus segu j\u00e4rgnevaks p\u00e4evaks. Jagage segu kaheks ja jooge koos natukese veega kahe toidukorra ajal.<\/p>\n<p style=\"text-align: justify;\">1\/2 teelusikat\u00e4it munakoorepulbrit annab umbes 500mg kaltsiumit. Suuremate annuste kasutamisel soovitame konsulteerida arstiga.<\/p>\n<p style=\"text-align: justify;\">Allikad:\u00a0<a href=\"http:\/\/www.lareginadelsapone.com\" target=\"_blank\" rel=\"noopener\"><span style=\"color: #99cc00;\">http:\/\/www.lareginadelsapone.com<\/span><\/a><\/p>\n<p style=\"text-align: justify;\"><a title=\"Itaalia bio sidrunimahl\" href=\"http:\/\/www.bio4you.eu\/et\/toiduained\/1219-sidrunimahl-100-itaalia-250g-biologicoils.html\" target=\"_blank\" rel=\"noopener\">\u00a0<\/a><\/p>\n<p><span style=\"line-height: 1.5;\">\u00a0<\/span><\/p>\n","protected":false},"excerpt":{"rendered":"<p><strong>VAJA L\u00c4HEB:<\/strong><\/p>\n<ul>\n<li>mahekasvatusest p\u00e4rit lindude munakoori ( kana, part, hani vms)<\/li>\n<li>m\u00f5ni tilk apelsini v\u00f5i sidruni essentsi\u00f5li<\/li>\n<li>soovi korral 1 loorberileht<\/li>\n<li><a href=\"http:\/\/www.bio4you.eu\/et\/toiduained\/1219-sidrunimahl-100-itaalia-250g-biologicoils.html\" target=\"_blank\" rel=\"noopener\"><span style=\"color: #99cc00;\">sidrunimahla<\/span><\/a><\/li>\n<\/ul>\n","protected":false},"featured_media":3396,"comment_status":"open","ping_status":"closed","template":"","meta":{"_exactmetrics_skip_tracking":false,"_exactmetrics_sitenote_active":false,"_exactmetrics_sitenote_note":"","_exactmetrics_sitenote_category":0},"product_cat":[324,327,59],"product_tag":[346,345,344],"class_list":{"0":"post-2265","1":"product","2":"type-product","3":"status-publish","4":"has-post-thumbnail","6":"product_cat-tervise-retseptid","7":"product_cat-uld-toniseeriv","8":"product_cat-featured","9":"product_tag-kaltsium","10":"product_tag-munakoor","11":"product_tag-munakoore-pulber","13":"first","14":"instock","15":"shipping-taxable","16":"product-type-simple"},"yoast_head":"<!-- This site is optimized with the Yoast SEO plugin v23.3 - https:\/\/yoast.com\/wordpress\/plugins\/seo\/ -->\n<title>Munakoorepulber kaltsiumiallikana - bio4you.eu\/retseptid<\/title>\n<meta name=\"robots\" content=\"index, follow, max-snippet:-1, max-image-preview:large, max-video-preview:-1\" \/>\n<link rel=\"canonical\" href=\"https:\/\/bio4you.eu\/retseptid\/toode\/munakoorepulber-kaltsumiallikana\/\" \/>\n<meta property=\"og:locale\" content=\"et_EE\" \/>\n<meta property=\"og:type\" content=\"article\" \/>\n<meta property=\"og:title\" content=\"Munakoorepulber kaltsiumiallikana - bio4you.eu\/retseptid\" \/>\n<meta property=\"og:description\" content=\"VAJA L\u00c4HEB:   mahekasvatusest p\u00e4rit lindude munakoori ( kana, part, hani vms)  m\u00f5ni tilk apelsini v\u00f5i sidruni essentsi\u00f5li  soovi korral 1 loorberileht  sidrunimahla\" \/>\n<meta property=\"og:url\" content=\"https:\/\/bio4you.eu\/retseptid\/toode\/munakoorepulber-kaltsumiallikana\/\" \/>\n<meta property=\"og:site_name\" content=\"bio4you.eu\/retseptid\" \/>\n<meta property=\"article:modified_time\" content=\"2018-08-10T09:04:54+00:00\" \/>\n<meta property=\"og:image\" content=\"https:\/\/bio4you.eu\/retseptid\/wp-content\/uploads\/2015\/03\/1301274448egg-shell.jpg\" \/>\n\t<meta property=\"og:image:width\" content=\"512\" \/>\n\t<meta property=\"og:image:height\" content=\"272\" \/>\n\t<meta property=\"og:image:type\" content=\"image\/jpeg\" \/>\n<meta name=\"twitter:label1\" content=\"Est. reading time\" \/>\n\t<meta name=\"twitter:data1\" content=\"3 minutit\" \/>\n<script type=\"application\/ld+json\" class=\"yoast-schema-graph\">{\"@context\":\"https:\/\/schema.org\",\"@graph\":[{\"@type\":\"WebPage\",\"@id\":\"https:\/\/bio4you.eu\/retseptid\/toode\/munakoorepulber-kaltsumiallikana\/\",\"url\":\"https:\/\/bio4you.eu\/retseptid\/toode\/munakoorepulber-kaltsumiallikana\/\",\"name\":\"Munakoorepulber kaltsiumiallikana - bio4you.eu\/retseptid\",\"isPartOf\":{\"@id\":\"https:\/\/bio4you.eu\/retseptid\/#website\"},\"primaryImageOfPage\":{\"@id\":\"https:\/\/bio4you.eu\/retseptid\/toode\/munakoorepulber-kaltsumiallikana\/#primaryimage\"},\"image\":{\"@id\":\"https:\/\/bio4you.eu\/retseptid\/toode\/munakoorepulber-kaltsumiallikana\/#primaryimage\"},\"thumbnailUrl\":\"https:\/\/bio4you.eu\/retseptid\/wp-content\/uploads\/2015\/03\/1301274448egg-shell.jpg\",\"datePublished\":\"2015-03-20T08:57:29+00:00\",\"dateModified\":\"2018-08-10T09:04:54+00:00\",\"breadcrumb\":{\"@id\":\"https:\/\/bio4you.eu\/retseptid\/toode\/munakoorepulber-kaltsumiallikana\/#breadcrumb\"},\"inLanguage\":\"et\",\"potentialAction\":[{\"@type\":\"ReadAction\",\"target\":[\"https:\/\/bio4you.eu\/retseptid\/toode\/munakoorepulber-kaltsumiallikana\/\"]}]},{\"@type\":\"ImageObject\",\"inLanguage\":\"et\",\"@id\":\"https:\/\/bio4you.eu\/retseptid\/toode\/munakoorepulber-kaltsumiallikana\/#primaryimage\",\"url\":\"https:\/\/bio4you.eu\/retseptid\/wp-content\/uploads\/2015\/03\/1301274448egg-shell.jpg\",\"contentUrl\":\"https:\/\/bio4you.eu\/retseptid\/wp-content\/uploads\/2015\/03\/1301274448egg-shell.jpg\",\"width\":512,\"height\":272},{\"@type\":\"BreadcrumbList\",\"@id\":\"https:\/\/bio4you.eu\/retseptid\/toode\/munakoorepulber-kaltsumiallikana\/#breadcrumb\",\"itemListElement\":[{\"@type\":\"ListItem\",\"position\":1,\"name\":\"Home\",\"item\":\"https:\/\/bio4you.eu\/retseptid\/\"},{\"@type\":\"ListItem\",\"position\":2,\"name\":\"Munakoorepulber kaltsiumiallikana\"}]},{\"@type\":\"WebSite\",\"@id\":\"https:\/\/bio4you.eu\/retseptid\/#website\",\"url\":\"https:\/\/bio4you.eu\/retseptid\/\",\"name\":\"bio4you.eu\/retseptid\",\"description\":\"\u00d6ko retseptid ise tegemiseks, looduslikest koostisainetest. Maitsev toit, iluhooldus, kodupuhastus ja aiandus.\",\"potentialAction\":[{\"@type\":\"SearchAction\",\"target\":{\"@type\":\"EntryPoint\",\"urlTemplate\":\"https:\/\/bio4you.eu\/retseptid\/?s={search_term_string}\"},\"query-input\":\"required name=search_term_string\"}],\"inLanguage\":\"et\"}]}<\/script>\n<!-- \/ Yoast SEO plugin. -->","yoast_head_json":{"title":"Munakoorepulber kaltsiumiallikana - bio4you.eu\/retseptid","robots":{"index":"index","follow":"follow","max-snippet":"max-snippet:-1","max-image-preview":"max-image-preview:large","max-video-preview":"max-video-preview:-1"},"canonical":"https:\/\/bio4you.eu\/retseptid\/toode\/munakoorepulber-kaltsumiallikana\/","og_locale":"et_EE","og_type":"article","og_title":"Munakoorepulber kaltsiumiallikana - bio4you.eu\/retseptid","og_description":"VAJA L\u00c4HEB:   mahekasvatusest p\u00e4rit lindude munakoori ( kana, part, hani vms)  m\u00f5ni tilk apelsini v\u00f5i sidruni essentsi\u00f5li  soovi korral 1 loorberileht  sidrunimahla","og_url":"https:\/\/bio4you.eu\/retseptid\/toode\/munakoorepulber-kaltsumiallikana\/","og_site_name":"bio4you.eu\/retseptid","article_modified_time":"2018-08-10T09:04:54+00:00","og_image":[{"width":512,"height":272,"url":"https:\/\/bio4you.eu\/retseptid\/wp-content\/uploads\/2015\/03\/1301274448egg-shell.jpg","type":"image\/jpeg"}],"twitter_misc":{"Est. reading time":"3 minutit"},"schema":{"@context":"https:\/\/schema.org","@graph":[{"@type":"WebPage","@id":"https:\/\/bio4you.eu\/retseptid\/toode\/munakoorepulber-kaltsumiallikana\/","url":"https:\/\/bio4you.eu\/retseptid\/toode\/munakoorepulber-kaltsumiallikana\/","name":"Munakoorepulber kaltsiumiallikana - bio4you.eu\/retseptid","isPartOf":{"@id":"https:\/\/bio4you.eu\/retseptid\/#website"},"primaryImageOfPage":{"@id":"https:\/\/bio4you.eu\/retseptid\/toode\/munakoorepulber-kaltsumiallikana\/#primaryimage"},"image":{"@id":"https:\/\/bio4you.eu\/retseptid\/toode\/munakoorepulber-kaltsumiallikana\/#primaryimage"},"thumbnailUrl":"https:\/\/bio4you.eu\/retseptid\/wp-content\/uploads\/2015\/03\/1301274448egg-shell.jpg","datePublished":"2015-03-20T08:57:29+00:00","dateModified":"2018-08-10T09:04:54+00:00","breadcrumb":{"@id":"https:\/\/bio4you.eu\/retseptid\/toode\/munakoorepulber-kaltsumiallikana\/#breadcrumb"},"inLanguage":"et","potentialAction":[{"@type":"ReadAction","target":["https:\/\/bio4you.eu\/retseptid\/toode\/munakoorepulber-kaltsumiallikana\/"]}]},{"@type":"ImageObject","inLanguage":"et","@id":"https:\/\/bio4you.eu\/retseptid\/toode\/munakoorepulber-kaltsumiallikana\/#primaryimage","url":"https:\/\/bio4you.eu\/retseptid\/wp-content\/uploads\/2015\/03\/1301274448egg-shell.jpg","contentUrl":"https:\/\/bio4you.eu\/retseptid\/wp-content\/uploads\/2015\/03\/1301274448egg-shell.jpg","width":512,"height":272},{"@type":"BreadcrumbList","@id":"https:\/\/bio4you.eu\/retseptid\/toode\/munakoorepulber-kaltsumiallikana\/#breadcrumb","itemListElement":[{"@type":"ListItem","position":1,"name":"Home","item":"https:\/\/bio4you.eu\/retseptid\/"},{"@type":"ListItem","position":2,"name":"Munakoorepulber kaltsiumiallikana"}]},{"@type":"WebSite","@id":"https:\/\/bio4you.eu\/retseptid\/#website","url":"https:\/\/bio4you.eu\/retseptid\/","name":"bio4you.eu\/retseptid","description":"\u00d6ko retseptid ise tegemiseks, looduslikest koostisainetest. Maitsev toit, iluhooldus, kodupuhastus ja aiandus.","potentialAction":[{"@type":"SearchAction","target":{"@type":"EntryPoint","urlTemplate":"https:\/\/bio4you.eu\/retseptid\/?s={search_term_string}"},"query-input":"required name=search_term_string"}],"inLanguage":"et"}]}},"_links":{"self":[{"href":"https:\/\/bio4you.eu\/retseptid\/wp-json\/wp\/v2\/product\/2265"}],"collection":[{"href":"https:\/\/bio4you.eu\/retseptid\/wp-json\/wp\/v2\/product"}],"about":[{"href":"https:\/\/bio4you.eu\/retseptid\/wp-json\/wp\/v2\/types\/product"}],"replies":[{"embeddable":true,"href":"https:\/\/bio4you.eu\/retseptid\/wp-json\/wp\/v2\/comments?post=2265"}],"wp:featuredmedia":[{"embeddable":true,"href":"https:\/\/bio4you.eu\/retseptid\/wp-json\/wp\/v2\/media\/3396"}],"wp:attachment":[{"href":"https:\/\/bio4you.eu\/retseptid\/wp-json\/wp\/v2\/media?parent=2265"}],"wp:term":[{"taxonomy":"product_cat","embeddable":true,"href":"https:\/\/bio4you.eu\/retseptid\/wp-json\/wp\/v2\/product_cat?post=2265"},{"taxonomy":"product_tag","embeddable":true,"href":"https:\/\/bio4you.eu\/retseptid\/wp-json\/wp\/v2\/product_tag?post=2265"}],"curies":[{"name":"wp","href":"https:\/\/api.w.org\/{rel}","templated":true}]}}