{"id":2275,"date":"2015-03-28T19:09:01","date_gmt":"2015-03-28T17:09:01","guid":{"rendered":"https:\/\/bio4you.eu\/retseptid\/?post_type=product&#038;p=2275"},"modified":"2018-09-11T13:44:13","modified_gmt":"2018-09-11T10:44:13","slug":"toorsokolaadi-baasretsept","status":"publish","type":"product","link":"https:\/\/bio4you.eu\/retseptid\/toode\/toorsokolaadi-baasretsept\/","title":{"rendered":"Toor\u0161okolaadi baasretsept"},"content":{"rendered":"<p>Toor\u0161okolaadi tegemine on imelihtne, kui kasutada toorkakao massi.<\/p>\n<p>Mis on toorkakao mass ? Toorkakao mass on k\u00f5ige puhtam ja naturaalsem kakaotoode. Tervet kakaouba pressitakse v\u00e4ga madalal kuumusel, kuni see moodustab \u00fchtlase pasta. See on etapp enne toorkakao v\u00f5i ja toorkakao pulbri teineteisest eraldamist.<\/p>\n<p>Toorkakao massi inglise keelne nimi on Cacao Liquor. Lik\u00f6\u00f6ri ega alkoholiga ei ole siin midagi tegemist. Nimi on tulnud sellest, et madalal kuumusel kuumutades see mass muutub vedelaks (liquid).<\/p>\n<p>Toor\u0161okolaadi saab tegelikult teha lihtsalt selle massi riivimisel, veevannis sulatamisel ja magustaja lisamisel.\u00a0\u00a0Kui sul ei ole kodus toorkakao massi, siis saad selle asendada v\u00f5rdsetes osades toorkakao pulbri ja toorkakao v\u00f5iga.<\/p>\n<p style=\"text-align: center;\"><strong><span style=\"color: #993300;\">BAASRETSEPT:<\/span><\/strong><\/p>\n<ul>\n<li style=\"text-align: justify;\"><span style=\"color: #993300;\">8 spl toorkakao massi (riivitud). V\u00f5ib asendada 4 spl toorkakao pulbri + 4 spl toorkakaov\u00f5iga.<\/span><\/li>\n<li style=\"text-align: justify;\"><span style=\"color: #993300;\">1 spl agaavisiirupit v\u00f5i muud siirupit (mett)<\/span><\/li>\n<li style=\"text-align: justify;\"><span style=\"color: #993300;\">2 tl vaniljekauna pulbrit<\/span><\/li>\n<li style=\"text-align: justify;\"><span style=\"color: #993300;\">1 n\u00e4puotsat\u00e4is himaalaja soola<\/span><\/li>\n<\/ul>\n<p style=\"text-align: center;\"><strong><span style=\"color: #993300;\">VALMISTAMINE:<\/span><\/strong><\/p>\n<ol>\n<li style=\"text-align: justify;\"><span style=\"color: #993300;\">Riivi toorkakao mass. Soojenda seda veevannis ( vee temperatuur ei tohiks \u00fcletada 42-48 kraadi). Sega teised ained omavahel ja lisa toorkakao massile.<\/span><\/li>\n<li style=\"text-align: justify;\"><span style=\"color: #993300;\">Vali sobivad vormid ja pane saadud segu vormidesse. Vormi p\u00f5hja v\u00f5id soovi korral lisada marju, seemneid vms.<\/span><\/li>\n<li style=\"text-align: justify;\"><span style=\"color: #993300;\">Kiireks tahenemiseks v\u00f5id valmis\u00a0\u0161okolaadid panna korraks s\u00fcgavk\u00fclma<\/span><\/li>\n<\/ol>\n<p>&nbsp;<\/p>\n<p style=\"text-align: center;\"><strong>VARIATSIOONID<\/strong><\/p>\n<p><span style=\"line-height: 1.5;\">Toor\u0161okolaadi baasretsepti saad oma suva j\u00e4rgi muuta. <span style=\"color: #0000ff;\">Magustajatena<\/span> v\u00f5id kasutada agaavisiirupit, vahtrasiirupit, mett, jakoon siirupit v\u00f5i pulbrit, lucuma pulbrit. <span style=\"color: #ff0000;\">V\u00fcrtsi andmiseks<\/span> sobib ingver v\u00f5i maca. <span style=\"color: #993300;\">Aromaatse maitse <\/span>annavad marjapulbreid (acai, maqui, goji, kibuvits). <span style=\"color: #ff6600;\">Lastele<\/span> meeldib baobabi pulber. <\/span><\/p>\n<p><span style=\"line-height: 1.5;\"><span style=\"color: #008000;\">Maitset ja v\u00e4limust rikastavad<\/span> ka kuivatatud marjad ja seemned (mooruspuu marjad, goji, chia seemned, kanepiseemned jne). kaneel. <span style=\"color: #003366;\">Eriliste maitseelamuste saamiseks<\/span> v\u00f5id lisada seenepulbreid.\u00a0<\/span><\/p>\n<p>Pehmuse suurendamiseks ja &#8220;piimja&#8221; maitse andmiseks v\u00f5id suurendada kakaov\u00f5i kogust v\u00f5i lisada k\u00fclmpress kookos\u00f5li. Sellisel juhul ei tahene \u0161okolaad nii h\u00e4sti ja pead selle panema enne kasutamist s\u00fcgavk\u00fclmikusse.<\/p>\n<p style=\"text-align: center;\"><strong><span style=\"color: #993366;\">TOOR\u0160OKOLAADI KASULIKKUS<\/span><\/strong><\/p>\n<p><span style=\"line-height: 1.5;\">Toor\u0161okolaadis on k\u00f5ik kakaooa kasulikud omadused. T<\/span>oorkakao on oma keemilise koostise poolest k\u00f5ige komplekssem supertoit sisaldades \u00fcle 300 keemilise \u00fchendi ja ca 1200 maitse koostisosa.\u00a0Toorkakao tekitab nii f\u00fc\u00fcsilise kui emotsionaalse heaolutunde, annab energiat, suurendab libiidot, varustab keha mitmesuguste vitamiinide ja mineraalainetega.<\/p>\n<p>Toorkakao sisaldab v\u00e4ga palju antioks\u00fcdante &#8211; rohkem kui roheline tee, punane vein, goji-marjad, acai-marjad ja mustikad\u00a0<span style=\"line-height: 1.5;\">kokku. Antioks\u00fcdandid kakaos on v\u00e4ga stabiilsed ja inimese ainevahetusele kergesti omastatavad. Nad kaitsevad organismi vananemisega seotud terviseh\u00e4dade ning vabade radikaalide kahjustuste eest.\u00a0<\/span><\/p>\n<p>Samuti on toorkakao number \u00fcks magneesiumiallikas.\u00a0Kakao on rikas ka muude mineraalainete poolest ning looduslik allikas kaltsiumile, kroomile, kaaliumile, tsingile, rauale, vasele ja v\u00e4\u00e4vlile. Lisaks sisaldab kakao palju kiudaineid ja C-vitamiini.<\/p>\n<p>\u00c4ra toor\u0161okolaadiga siiski liialda, sest 100g\u00a0\u0161okolaadis on sama palju kofeiini kui tassit\u00e4ies espresso kohvis.<\/p>\n<p style=\"text-align: center;\"><strong>MAAILMA PARIM KAKAO<\/strong><\/p>\n<p>V\u00f5imalusel osta toor\u0161okolaadi tegemiseks tippkvaliteediga koostisained. Siis saad kindlasti suurep\u00e4rase tulemuse. Kakaosortidest on k\u00f5ige rohkem hinnatud <span style=\"color: #339966;\">Criollo kvaliteet,<\/span> kuid seda on saada vaid v\u00e4hestes kauplustes.<\/p>\n<p>Kakaoube (<em>Theobroma cacao<\/em>) on olemas mitut erinevat liiki. <span style=\"color: #339966;\">Criollo kakaoks nimetatakse sorti\u00a0<em>Theobroma cacao cacao<\/em><\/span>, mille osakaal kogu maailmas\u00a0toodetavast kakaost on 0,001%. Criollo kvaliteediga kakaooad on v\u00e4ga aromaatsed, v\u00e4he m\u00f5rud ja suurep\u00e4rase kvaliteediga, kuid sellest hoolimata on tuhandete kakaotootjate hulgas vaid m\u00f5ned \u00fcksikud, kes seda v\u00e4ljasuremisohus sorti kasvatavad. P\u00f5hjus peitub selles, et peamiselt L\u00f5una-Ameerikas kasvatatav sort on v\u00e4ga tundlik temperatuurimuutustele, n\u00f5uab v\u00e4ga palju hoolt ning annab v\u00e4he saaki.<\/p>\n<p style=\"text-align: center;\"><strong><span style=\"color: #800080;\">TOOR\u0160OKOLAADI KASUTAMINE:<\/span><\/strong><\/p>\n<p>Kodus tehtud toor\u0161okolaad on suurep\u00e4rane energia-vahepala. Lisaks saad seda tarvitada jookide tegemiseks (lisad toor\u0161okolaadi kuubikule kuuma piima, taimset piima v\u00f5i vett, maitsestad soovi korral kaneeli, ingveri v\u00f5i magustajatega). Ideaalne magustoitudele riivimiseks.<\/p>\n<p>&nbsp;<\/p>\n<p>&nbsp;<\/p>\n","protected":false},"excerpt":{"rendered":"<ul>\n<li>8 spl<a href=\"http:\/\/www.bio4you.eu\/et\/superfoods\/1867-toorkakao-mass-250g-nutrisslim.html\" target=\"_blank\" rel=\"noopener\"><span style=\"color: #99cc00;\"> toorkakao massi<\/span> <\/a>(riivitud)<\/li>\n<li>1 spl <a href=\"http:\/\/www.bio4you.eu\/et\/search?orderby=position&amp;orderway=desc&amp;search_query=agaavisiirup&amp;submit_search=Otsi \" target=\"_blank\" rel=\"noopener\"><span style=\"color: #99cc00;\">agaavisiirupit<\/span><\/a> v\u00f5i muud siirupit (mett)<\/li>\n<li>2 tl vaniljekauna pulbrit<\/li>\n<li>1 n\u00e4puotsat\u00e4is himaalaja soola<\/li>\n<\/ul>\n<ul>\n<li>SOOVI KORRAL: 1 spl lucuma pulbrit v\u00f5i jakoon pulbrit ( kui soovid, et\u00a0\u0161okolaad p\u00fcsiks ka toatemperatuuril stabiilsema ja tahkemana.<\/li>\n<\/ul>\n","protected":false},"featured_media":3326,"comment_status":"open","ping_status":"closed","template":"","meta":{"_exactmetrics_skip_tracking":false,"_exactmetrics_sitenote_active":false,"_exactmetrics_sitenote_note":"","_exactmetrics_sitenote_category":0},"product_cat":[59,60,77],"product_tag":[],"class_list":{"0":"post-2275","1":"product","2":"type-product","3":"status-publish","4":"has-post-thumbnail","6":"product_cat-featured","7":"product_cat-toiduretseptid","8":"product_cat-toortoit","10":"first","11":"instock","12":"shipping-taxable","13":"product-type-simple"},"yoast_head":"<!-- This site is optimized with the Yoast SEO plugin v23.3 - https:\/\/yoast.com\/wordpress\/plugins\/seo\/ -->\n<title>Toor\u0161okolaadi baasretsept - bio4you.eu\/retseptid<\/title>\n<meta name=\"robots\" content=\"index, follow, max-snippet:-1, max-image-preview:large, max-video-preview:-1\" \/>\n<link rel=\"canonical\" href=\"https:\/\/bio4you.eu\/retseptid\/toode\/toorsokolaadi-baasretsept\/\" \/>\n<meta property=\"og:locale\" content=\"et_EE\" \/>\n<meta property=\"og:type\" content=\"article\" \/>\n<meta property=\"og:title\" content=\"Toor\u0161okolaadi baasretsept - bio4you.eu\/retseptid\" \/>\n<meta property=\"og:description\" content=\"8 spl toorkakao massi (riivitud)  1 spl agaavisiirupit v\u00f5i muud siirupit (mett)  2 tl vaniljekauna pulbrit  1 n\u00e4puotsat\u00e4is himaalaja soola    SOOVI KORRAL: 1 spl lucuma pulbrit v\u00f5i jakoon pulbrit ( kui soovid, et\u00a0\u0161okolaad p\u00fcsiks ka toatemperatuuril stabiilsema ja tahkemana.\" \/>\n<meta property=\"og:url\" content=\"https:\/\/bio4you.eu\/retseptid\/toode\/toorsokolaadi-baasretsept\/\" \/>\n<meta property=\"og:site_name\" content=\"bio4you.eu\/retseptid\" \/>\n<meta property=\"article:modified_time\" content=\"2018-09-11T10:44:13+00:00\" \/>\n<meta property=\"og:image\" content=\"https:\/\/bio4you.eu\/retseptid\/wp-content\/uploads\/2015\/03\/new-to-raw-choc.png\" \/>\n\t<meta property=\"og:image:width\" content=\"500\" \/>\n\t<meta property=\"og:image:height\" content=\"391\" \/>\n\t<meta property=\"og:image:type\" content=\"image\/png\" \/>\n<meta name=\"twitter:label1\" content=\"Est. reading time\" \/>\n\t<meta name=\"twitter:data1\" content=\"3 minutit\" \/>\n<script type=\"application\/ld+json\" class=\"yoast-schema-graph\">{\"@context\":\"https:\/\/schema.org\",\"@graph\":[{\"@type\":\"WebPage\",\"@id\":\"https:\/\/bio4you.eu\/retseptid\/toode\/toorsokolaadi-baasretsept\/\",\"url\":\"https:\/\/bio4you.eu\/retseptid\/toode\/toorsokolaadi-baasretsept\/\",\"name\":\"Toor\u0161okolaadi baasretsept - bio4you.eu\/retseptid\",\"isPartOf\":{\"@id\":\"https:\/\/bio4you.eu\/retseptid\/#website\"},\"primaryImageOfPage\":{\"@id\":\"https:\/\/bio4you.eu\/retseptid\/toode\/toorsokolaadi-baasretsept\/#primaryimage\"},\"image\":{\"@id\":\"https:\/\/bio4you.eu\/retseptid\/toode\/toorsokolaadi-baasretsept\/#primaryimage\"},\"thumbnailUrl\":\"https:\/\/bio4you.eu\/retseptid\/wp-content\/uploads\/2015\/03\/new-to-raw-choc.png\",\"datePublished\":\"2015-03-28T17:09:01+00:00\",\"dateModified\":\"2018-09-11T10:44:13+00:00\",\"breadcrumb\":{\"@id\":\"https:\/\/bio4you.eu\/retseptid\/toode\/toorsokolaadi-baasretsept\/#breadcrumb\"},\"inLanguage\":\"et\",\"potentialAction\":[{\"@type\":\"ReadAction\",\"target\":[\"https:\/\/bio4you.eu\/retseptid\/toode\/toorsokolaadi-baasretsept\/\"]}]},{\"@type\":\"ImageObject\",\"inLanguage\":\"et\",\"@id\":\"https:\/\/bio4you.eu\/retseptid\/toode\/toorsokolaadi-baasretsept\/#primaryimage\",\"url\":\"https:\/\/bio4you.eu\/retseptid\/wp-content\/uploads\/2015\/03\/new-to-raw-choc.png\",\"contentUrl\":\"https:\/\/bio4you.eu\/retseptid\/wp-content\/uploads\/2015\/03\/new-to-raw-choc.png\",\"width\":500,\"height\":391},{\"@type\":\"BreadcrumbList\",\"@id\":\"https:\/\/bio4you.eu\/retseptid\/toode\/toorsokolaadi-baasretsept\/#breadcrumb\",\"itemListElement\":[{\"@type\":\"ListItem\",\"position\":1,\"name\":\"Home\",\"item\":\"https:\/\/bio4you.eu\/retseptid\/\"},{\"@type\":\"ListItem\",\"position\":2,\"name\":\"Toor\u0161okolaadi baasretsept\"}]},{\"@type\":\"WebSite\",\"@id\":\"https:\/\/bio4you.eu\/retseptid\/#website\",\"url\":\"https:\/\/bio4you.eu\/retseptid\/\",\"name\":\"bio4you.eu\/retseptid\",\"description\":\"\u00d6ko retseptid ise tegemiseks, looduslikest koostisainetest. Maitsev toit, iluhooldus, kodupuhastus ja aiandus.\",\"potentialAction\":[{\"@type\":\"SearchAction\",\"target\":{\"@type\":\"EntryPoint\",\"urlTemplate\":\"https:\/\/bio4you.eu\/retseptid\/?s={search_term_string}\"},\"query-input\":\"required name=search_term_string\"}],\"inLanguage\":\"et\"}]}<\/script>\n<!-- \/ Yoast SEO plugin. -->","yoast_head_json":{"title":"Toor\u0161okolaadi baasretsept - bio4you.eu\/retseptid","robots":{"index":"index","follow":"follow","max-snippet":"max-snippet:-1","max-image-preview":"max-image-preview:large","max-video-preview":"max-video-preview:-1"},"canonical":"https:\/\/bio4you.eu\/retseptid\/toode\/toorsokolaadi-baasretsept\/","og_locale":"et_EE","og_type":"article","og_title":"Toor\u0161okolaadi baasretsept - bio4you.eu\/retseptid","og_description":"8 spl toorkakao massi (riivitud)  1 spl agaavisiirupit v\u00f5i muud siirupit (mett)  2 tl vaniljekauna pulbrit  1 n\u00e4puotsat\u00e4is himaalaja soola    SOOVI KORRAL: 1 spl lucuma pulbrit v\u00f5i jakoon pulbrit ( kui soovid, et\u00a0\u0161okolaad p\u00fcsiks ka toatemperatuuril stabiilsema ja tahkemana.","og_url":"https:\/\/bio4you.eu\/retseptid\/toode\/toorsokolaadi-baasretsept\/","og_site_name":"bio4you.eu\/retseptid","article_modified_time":"2018-09-11T10:44:13+00:00","og_image":[{"width":500,"height":391,"url":"https:\/\/bio4you.eu\/retseptid\/wp-content\/uploads\/2015\/03\/new-to-raw-choc.png","type":"image\/png"}],"twitter_misc":{"Est. reading time":"3 minutit"},"schema":{"@context":"https:\/\/schema.org","@graph":[{"@type":"WebPage","@id":"https:\/\/bio4you.eu\/retseptid\/toode\/toorsokolaadi-baasretsept\/","url":"https:\/\/bio4you.eu\/retseptid\/toode\/toorsokolaadi-baasretsept\/","name":"Toor\u0161okolaadi baasretsept - bio4you.eu\/retseptid","isPartOf":{"@id":"https:\/\/bio4you.eu\/retseptid\/#website"},"primaryImageOfPage":{"@id":"https:\/\/bio4you.eu\/retseptid\/toode\/toorsokolaadi-baasretsept\/#primaryimage"},"image":{"@id":"https:\/\/bio4you.eu\/retseptid\/toode\/toorsokolaadi-baasretsept\/#primaryimage"},"thumbnailUrl":"https:\/\/bio4you.eu\/retseptid\/wp-content\/uploads\/2015\/03\/new-to-raw-choc.png","datePublished":"2015-03-28T17:09:01+00:00","dateModified":"2018-09-11T10:44:13+00:00","breadcrumb":{"@id":"https:\/\/bio4you.eu\/retseptid\/toode\/toorsokolaadi-baasretsept\/#breadcrumb"},"inLanguage":"et","potentialAction":[{"@type":"ReadAction","target":["https:\/\/bio4you.eu\/retseptid\/toode\/toorsokolaadi-baasretsept\/"]}]},{"@type":"ImageObject","inLanguage":"et","@id":"https:\/\/bio4you.eu\/retseptid\/toode\/toorsokolaadi-baasretsept\/#primaryimage","url":"https:\/\/bio4you.eu\/retseptid\/wp-content\/uploads\/2015\/03\/new-to-raw-choc.png","contentUrl":"https:\/\/bio4you.eu\/retseptid\/wp-content\/uploads\/2015\/03\/new-to-raw-choc.png","width":500,"height":391},{"@type":"BreadcrumbList","@id":"https:\/\/bio4you.eu\/retseptid\/toode\/toorsokolaadi-baasretsept\/#breadcrumb","itemListElement":[{"@type":"ListItem","position":1,"name":"Home","item":"https:\/\/bio4you.eu\/retseptid\/"},{"@type":"ListItem","position":2,"name":"Toor\u0161okolaadi baasretsept"}]},{"@type":"WebSite","@id":"https:\/\/bio4you.eu\/retseptid\/#website","url":"https:\/\/bio4you.eu\/retseptid\/","name":"bio4you.eu\/retseptid","description":"\u00d6ko retseptid ise tegemiseks, looduslikest koostisainetest. Maitsev toit, iluhooldus, kodupuhastus ja aiandus.","potentialAction":[{"@type":"SearchAction","target":{"@type":"EntryPoint","urlTemplate":"https:\/\/bio4you.eu\/retseptid\/?s={search_term_string}"},"query-input":"required name=search_term_string"}],"inLanguage":"et"}]}},"_links":{"self":[{"href":"https:\/\/bio4you.eu\/retseptid\/wp-json\/wp\/v2\/product\/2275"}],"collection":[{"href":"https:\/\/bio4you.eu\/retseptid\/wp-json\/wp\/v2\/product"}],"about":[{"href":"https:\/\/bio4you.eu\/retseptid\/wp-json\/wp\/v2\/types\/product"}],"replies":[{"embeddable":true,"href":"https:\/\/bio4you.eu\/retseptid\/wp-json\/wp\/v2\/comments?post=2275"}],"wp:featuredmedia":[{"embeddable":true,"href":"https:\/\/bio4you.eu\/retseptid\/wp-json\/wp\/v2\/media\/3326"}],"wp:attachment":[{"href":"https:\/\/bio4you.eu\/retseptid\/wp-json\/wp\/v2\/media?parent=2275"}],"wp:term":[{"taxonomy":"product_cat","embeddable":true,"href":"https:\/\/bio4you.eu\/retseptid\/wp-json\/wp\/v2\/product_cat?post=2275"},{"taxonomy":"product_tag","embeddable":true,"href":"https:\/\/bio4you.eu\/retseptid\/wp-json\/wp\/v2\/product_tag?post=2275"}],"curies":[{"name":"wp","href":"https:\/\/api.w.org\/{rel}","templated":true}]}}