{"id":2291,"date":"2015-04-03T18:40:27","date_gmt":"2015-04-03T15:40:27","guid":{"rendered":"https:\/\/bio4you.eu\/retseptid\/product\/hallituse-torje-copy\/"},"modified":"2022-05-19T13:47:43","modified_gmt":"2022-05-19T10:47:43","slug":"hallituse-torje-copy","status":"publish","type":"product","link":"https:\/\/bio4you.eu\/retseptid\/toode\/hallituse-torje-copy\/","title":{"rendered":"Hallituse t\u00f5rje \u00e4\u00e4dikaga"},"content":{"rendered":"<p><span style=\"text-align: justify; line-height: 1.5;\">Looduslikult hallituse vastu! <\/span><\/p>\n<p><span style=\"text-align: justify; line-height: 1.5;\">Teepuu\u00f5li on \u00fcks \u00a0v\u00f5imsamaid hallitusevastaseid aineid. Hallituse t\u00f5rjeks suurematel pindadel on ideaalne kooslus valge veini\u00e4\u00e4dikaga, millel on samuti hallituse ja seentevastased omadused.<\/span><\/p>\n<p>VALMISTAMINE:<br \/>\nSega koostisained ja pane spreipudelisse. Loksuta.\u00a0Hallituse t\u00f5rje ajal on soovitatav kanda respiraatorit.\u00a0Pritsi kahjustatud pindadele. Lase m\u00f5juda v\u00f5imalikult kaua.\u00a0Eemalda hallitus kareda lapiga.<\/p>\n","protected":false},"excerpt":{"rendered":"<p><strong>VAJA L\u00c4HEB:<\/strong><\/p>\n<ul>\n<li>100 ml valget veini\u00e4\u00e4dikat<\/li>\n<li>15 tilka <a href=\"http:\/\/bio4you.eu\/et\/eeterlikud-olid\/2240-teepuu-eeterlik-oli-15ml-sapone-di-un-tempo.html?search_query=teepuuoli&amp;results=27\" target=\"_blank\" rel=\"noopener\"><span style=\"color: #99cc00;\">teepuu\u00f5li<\/span><\/a><\/li>\n<\/ul>\n","protected":false},"featured_media":3984,"comment_status":"closed","ping_status":"closed","template":"","meta":{"_exactmetrics_skip_tracking":false,"_exactmetrics_sitenote_active":false,"_exactmetrics_sitenote_note":"","_exactmetrics_sitenote_category":0},"product_cat":[62,64],"product_tag":[355,352,353,354],"class_list":{"0":"post-2291","1":"product","2":"type-product","3":"status-publish","4":"has-post-thumbnail","6":"product_cat-kodu-ja-aiandus","7":"product_cat-kodupuhastus","8":"product_tag-aadikaga-kodupuhastus","9":"product_tag-hallitus","10":"product_tag-hallitusetorje","11":"product_tag-teepuuoli","13":"first","14":"instock","15":"shipping-taxable","16":"product-type-simple"},"yoast_head":"<!-- This site is optimized with the Yoast SEO plugin v23.3 - https:\/\/yoast.com\/wordpress\/plugins\/seo\/ -->\n<title>Hallituse t\u00f5rje \u00e4\u00e4dikaga - bio4you.eu\/retseptid<\/title>\n<meta name=\"description\" content=\"Hallituse t\u00f5rje\" \/>\n<meta name=\"robots\" content=\"index, follow, max-snippet:-1, max-image-preview:large, max-video-preview:-1\" \/>\n<link rel=\"canonical\" href=\"https:\/\/bio4you.eu\/retseptid\/toode\/hallituse-torje-copy\/\" \/>\n<meta property=\"og:locale\" content=\"et_EE\" \/>\n<meta property=\"og:type\" content=\"article\" \/>\n<meta property=\"og:title\" content=\"Hallituse t\u00f5rje \u00e4\u00e4dikaga - bio4you.eu\/retseptid\" \/>\n<meta property=\"og:description\" content=\"Hallituse t\u00f5rje\" \/>\n<meta property=\"og:url\" content=\"https:\/\/bio4you.eu\/retseptid\/toode\/hallituse-torje-copy\/\" \/>\n<meta property=\"og:site_name\" content=\"bio4you.eu\/retseptid\" \/>\n<meta property=\"article:modified_time\" content=\"2022-05-19T10:47:43+00:00\" \/>\n<meta property=\"og:image\" content=\"https:\/\/bio4you.eu\/retseptid\/wp-content\/uploads\/2015\/04\/olena-shmahalo-kPK_DjUEJ5U-unsplash-scaled.jpg\" \/>\n\t<meta property=\"og:image:width\" content=\"1440\" \/>\n\t<meta property=\"og:image:height\" content=\"2560\" \/>\n\t<meta property=\"og:image:type\" content=\"image\/jpeg\" \/>\n<meta name=\"twitter:label1\" content=\"Est. reading time\" \/>\n\t<meta name=\"twitter:data1\" content=\"1 minut\" \/>\n<script type=\"application\/ld+json\" class=\"yoast-schema-graph\">{\"@context\":\"https:\/\/schema.org\",\"@graph\":[{\"@type\":\"WebPage\",\"@id\":\"https:\/\/bio4you.eu\/retseptid\/toode\/hallituse-torje-copy\/\",\"url\":\"https:\/\/bio4you.eu\/retseptid\/toode\/hallituse-torje-copy\/\",\"name\":\"Hallituse t\u00f5rje \u00e4\u00e4dikaga - bio4you.eu\/retseptid\",\"isPartOf\":{\"@id\":\"https:\/\/bio4you.eu\/retseptid\/#website\"},\"primaryImageOfPage\":{\"@id\":\"https:\/\/bio4you.eu\/retseptid\/toode\/hallituse-torje-copy\/#primaryimage\"},\"image\":{\"@id\":\"https:\/\/bio4you.eu\/retseptid\/toode\/hallituse-torje-copy\/#primaryimage\"},\"thumbnailUrl\":\"https:\/\/bio4you.eu\/retseptid\/wp-content\/uploads\/2015\/04\/olena-shmahalo-kPK_DjUEJ5U-unsplash-scaled.jpg\",\"datePublished\":\"2015-04-03T15:40:27+00:00\",\"dateModified\":\"2022-05-19T10:47:43+00:00\",\"description\":\"Hallituse t\u00f5rje\",\"breadcrumb\":{\"@id\":\"https:\/\/bio4you.eu\/retseptid\/toode\/hallituse-torje-copy\/#breadcrumb\"},\"inLanguage\":\"et\",\"potentialAction\":[{\"@type\":\"ReadAction\",\"target\":[\"https:\/\/bio4you.eu\/retseptid\/toode\/hallituse-torje-copy\/\"]}]},{\"@type\":\"ImageObject\",\"inLanguage\":\"et\",\"@id\":\"https:\/\/bio4you.eu\/retseptid\/toode\/hallituse-torje-copy\/#primaryimage\",\"url\":\"https:\/\/bio4you.eu\/retseptid\/wp-content\/uploads\/2015\/04\/olena-shmahalo-kPK_DjUEJ5U-unsplash-scaled.jpg\",\"contentUrl\":\"https:\/\/bio4you.eu\/retseptid\/wp-content\/uploads\/2015\/04\/olena-shmahalo-kPK_DjUEJ5U-unsplash-scaled.jpg\",\"width\":1440,\"height\":2560},{\"@type\":\"BreadcrumbList\",\"@id\":\"https:\/\/bio4you.eu\/retseptid\/toode\/hallituse-torje-copy\/#breadcrumb\",\"itemListElement\":[{\"@type\":\"ListItem\",\"position\":1,\"name\":\"Home\",\"item\":\"https:\/\/bio4you.eu\/retseptid\/\"},{\"@type\":\"ListItem\",\"position\":2,\"name\":\"Hallituse t\u00f5rje \u00e4\u00e4dikaga\"}]},{\"@type\":\"WebSite\",\"@id\":\"https:\/\/bio4you.eu\/retseptid\/#website\",\"url\":\"https:\/\/bio4you.eu\/retseptid\/\",\"name\":\"bio4you.eu\/retseptid\",\"description\":\"\u00d6ko retseptid ise tegemiseks, looduslikest koostisainetest. Maitsev toit, iluhooldus, kodupuhastus ja aiandus.\",\"potentialAction\":[{\"@type\":\"SearchAction\",\"target\":{\"@type\":\"EntryPoint\",\"urlTemplate\":\"https:\/\/bio4you.eu\/retseptid\/?s={search_term_string}\"},\"query-input\":\"required name=search_term_string\"}],\"inLanguage\":\"et\"}]}<\/script>\n<!-- \/ Yoast SEO plugin. -->","yoast_head_json":{"title":"Hallituse t\u00f5rje \u00e4\u00e4dikaga - bio4you.eu\/retseptid","description":"Hallituse t\u00f5rje","robots":{"index":"index","follow":"follow","max-snippet":"max-snippet:-1","max-image-preview":"max-image-preview:large","max-video-preview":"max-video-preview:-1"},"canonical":"https:\/\/bio4you.eu\/retseptid\/toode\/hallituse-torje-copy\/","og_locale":"et_EE","og_type":"article","og_title":"Hallituse t\u00f5rje \u00e4\u00e4dikaga - bio4you.eu\/retseptid","og_description":"Hallituse t\u00f5rje","og_url":"https:\/\/bio4you.eu\/retseptid\/toode\/hallituse-torje-copy\/","og_site_name":"bio4you.eu\/retseptid","article_modified_time":"2022-05-19T10:47:43+00:00","og_image":[{"width":1440,"height":2560,"url":"https:\/\/bio4you.eu\/retseptid\/wp-content\/uploads\/2015\/04\/olena-shmahalo-kPK_DjUEJ5U-unsplash-scaled.jpg","type":"image\/jpeg"}],"twitter_misc":{"Est. reading time":"1 minut"},"schema":{"@context":"https:\/\/schema.org","@graph":[{"@type":"WebPage","@id":"https:\/\/bio4you.eu\/retseptid\/toode\/hallituse-torje-copy\/","url":"https:\/\/bio4you.eu\/retseptid\/toode\/hallituse-torje-copy\/","name":"Hallituse t\u00f5rje \u00e4\u00e4dikaga - bio4you.eu\/retseptid","isPartOf":{"@id":"https:\/\/bio4you.eu\/retseptid\/#website"},"primaryImageOfPage":{"@id":"https:\/\/bio4you.eu\/retseptid\/toode\/hallituse-torje-copy\/#primaryimage"},"image":{"@id":"https:\/\/bio4you.eu\/retseptid\/toode\/hallituse-torje-copy\/#primaryimage"},"thumbnailUrl":"https:\/\/bio4you.eu\/retseptid\/wp-content\/uploads\/2015\/04\/olena-shmahalo-kPK_DjUEJ5U-unsplash-scaled.jpg","datePublished":"2015-04-03T15:40:27+00:00","dateModified":"2022-05-19T10:47:43+00:00","description":"Hallituse t\u00f5rje","breadcrumb":{"@id":"https:\/\/bio4you.eu\/retseptid\/toode\/hallituse-torje-copy\/#breadcrumb"},"inLanguage":"et","potentialAction":[{"@type":"ReadAction","target":["https:\/\/bio4you.eu\/retseptid\/toode\/hallituse-torje-copy\/"]}]},{"@type":"ImageObject","inLanguage":"et","@id":"https:\/\/bio4you.eu\/retseptid\/toode\/hallituse-torje-copy\/#primaryimage","url":"https:\/\/bio4you.eu\/retseptid\/wp-content\/uploads\/2015\/04\/olena-shmahalo-kPK_DjUEJ5U-unsplash-scaled.jpg","contentUrl":"https:\/\/bio4you.eu\/retseptid\/wp-content\/uploads\/2015\/04\/olena-shmahalo-kPK_DjUEJ5U-unsplash-scaled.jpg","width":1440,"height":2560},{"@type":"BreadcrumbList","@id":"https:\/\/bio4you.eu\/retseptid\/toode\/hallituse-torje-copy\/#breadcrumb","itemListElement":[{"@type":"ListItem","position":1,"name":"Home","item":"https:\/\/bio4you.eu\/retseptid\/"},{"@type":"ListItem","position":2,"name":"Hallituse t\u00f5rje \u00e4\u00e4dikaga"}]},{"@type":"WebSite","@id":"https:\/\/bio4you.eu\/retseptid\/#website","url":"https:\/\/bio4you.eu\/retseptid\/","name":"bio4you.eu\/retseptid","description":"\u00d6ko retseptid ise tegemiseks, looduslikest koostisainetest. Maitsev toit, iluhooldus, kodupuhastus ja aiandus.","potentialAction":[{"@type":"SearchAction","target":{"@type":"EntryPoint","urlTemplate":"https:\/\/bio4you.eu\/retseptid\/?s={search_term_string}"},"query-input":"required name=search_term_string"}],"inLanguage":"et"}]}},"_links":{"self":[{"href":"https:\/\/bio4you.eu\/retseptid\/wp-json\/wp\/v2\/product\/2291"}],"collection":[{"href":"https:\/\/bio4you.eu\/retseptid\/wp-json\/wp\/v2\/product"}],"about":[{"href":"https:\/\/bio4you.eu\/retseptid\/wp-json\/wp\/v2\/types\/product"}],"replies":[{"embeddable":true,"href":"https:\/\/bio4you.eu\/retseptid\/wp-json\/wp\/v2\/comments?post=2291"}],"wp:featuredmedia":[{"embeddable":true,"href":"https:\/\/bio4you.eu\/retseptid\/wp-json\/wp\/v2\/media\/3984"}],"wp:attachment":[{"href":"https:\/\/bio4you.eu\/retseptid\/wp-json\/wp\/v2\/media?parent=2291"}],"wp:term":[{"taxonomy":"product_cat","embeddable":true,"href":"https:\/\/bio4you.eu\/retseptid\/wp-json\/wp\/v2\/product_cat?post=2291"},{"taxonomy":"product_tag","embeddable":true,"href":"https:\/\/bio4you.eu\/retseptid\/wp-json\/wp\/v2\/product_tag?post=2291"}],"curies":[{"name":"wp","href":"https:\/\/api.w.org\/{rel}","templated":true}]}}