{"id":2293,"date":"2015-04-03T19:27:25","date_gmt":"2015-04-03T16:27:25","guid":{"rendered":"https:\/\/bio4you.eu\/retseptid\/product\/hallituse-torje-soodaga\/"},"modified":"2016-10-13T13:02:39","modified_gmt":"2016-10-13T10:02:39","slug":"hallituse-torje-soodaga","status":"publish","type":"product","link":"https:\/\/bio4you.eu\/retseptid\/toode\/hallituse-torje-soodaga\/","title":{"rendered":"Hallituse t\u00f5rje soodaga"},"content":{"rendered":"<p>VALMISTAMINE:<\/p>\n<p>Segage omavahel sooda ja n\u00f5udepesuvahend.\u00a0Lisage teepuu\u00f5li tilgad &#8211; teepuu\u00f5li on \u00fcks \u00a0v\u00f5imsamaid hallitusevastaseid aineid.\u00a0Valage koostisained kaussi ja lisage v\u00e4hehaaval vett.\u00a0Segu on valmis kui on tekkinud kreemjas pasta, mida saab mugavalt lapi v\u00f5i k\u00e4snaga pindadele kanda.<\/p>\n<p>Soovitatav on enne soodapasta kasutamist pindasid \u00e4\u00e4dikaga eelt\u00f6\u00f6delda ja lasta \u00e4\u00e4dikal v\u00f5imalikult kaua m\u00f5juda.<br \/>\nL\u00f5petuseks h\u00f5\u00f5ruda puhastava soodapastaga.<br \/>\nHallituse t\u00f5rje ajal on soovitatav kanda respiraatorit.<\/p>\n<p>&nbsp;<\/p>\n<p style=\"text-align: center;\">\n","protected":false},"excerpt":{"rendered":"<p>VAJA L\u00c4HEB:<\/p>\n<ul>\n<li>50 grammi soodat<\/li>\n<li>10 tilka <a href=\"http:\/\/bio4you.eu\/et\/eeterlikud-olid\/2240-teepuu-eeterlik-oli-15ml-sapone-di-un-tempo.html?search_query=teepuu&amp;results=47\" target=\"_blank\"><span style=\"color: #99cc00;\">teepuu\u00f5li<\/span><\/a><\/li>\n<li>1 tl n\u00f5udepesuvahendit<\/li>\n<li>vett<\/li>\n<\/ul>\n<p><i>\u00a0<\/i><\/p>\n","protected":false},"featured_media":3371,"comment_status":"closed","ping_status":"closed","template":"","meta":{"_exactmetrics_skip_tracking":false,"_exactmetrics_sitenote_active":false,"_exactmetrics_sitenote_note":"","_exactmetrics_sitenote_category":0},"product_cat":[62,64],"product_tag":[352,353,354],"class_list":{"0":"post-2293","1":"product","2":"type-product","3":"status-publish","4":"has-post-thumbnail","6":"product_cat-kodu-ja-aiandus","7":"product_cat-kodupuhastus","8":"product_tag-hallitus","9":"product_tag-hallitusetorje","10":"product_tag-teepuuoli","12":"first","13":"instock","14":"shipping-taxable","15":"product-type-simple"},"yoast_head":"<!-- This site is optimized with the Yoast SEO plugin v23.3 - https:\/\/yoast.com\/wordpress\/plugins\/seo\/ -->\n<title>Hallituse t\u00f5rje soodaga - bio4you.eu\/retseptid<\/title>\n<meta name=\"description\" content=\"Hallituse t\u00f5rje soodaga\" \/>\n<meta name=\"robots\" content=\"index, follow, max-snippet:-1, max-image-preview:large, max-video-preview:-1\" \/>\n<link rel=\"canonical\" href=\"https:\/\/bio4you.eu\/retseptid\/toode\/hallituse-torje-soodaga\/\" \/>\n<meta property=\"og:locale\" content=\"et_EE\" \/>\n<meta property=\"og:type\" content=\"article\" \/>\n<meta property=\"og:title\" content=\"Hallituse t\u00f5rje soodaga - bio4you.eu\/retseptid\" \/>\n<meta property=\"og:description\" content=\"Hallituse t\u00f5rje soodaga\" \/>\n<meta property=\"og:url\" content=\"https:\/\/bio4you.eu\/retseptid\/toode\/hallituse-torje-soodaga\/\" \/>\n<meta property=\"og:site_name\" content=\"bio4you.eu\/retseptid\" \/>\n<meta property=\"article:modified_time\" content=\"2016-10-13T10:02:39+00:00\" \/>\n<meta property=\"og:image\" content=\"https:\/\/bio4you.eu\/retseptid\/wp-content\/uploads\/2015\/04\/teatree-oil.jpg\" \/>\n\t<meta property=\"og:image:width\" content=\"300\" \/>\n\t<meta property=\"og:image:height\" content=\"300\" \/>\n\t<meta property=\"og:image:type\" content=\"image\/jpeg\" \/>\n<script type=\"application\/ld+json\" class=\"yoast-schema-graph\">{\"@context\":\"https:\/\/schema.org\",\"@graph\":[{\"@type\":\"WebPage\",\"@id\":\"https:\/\/bio4you.eu\/retseptid\/toode\/hallituse-torje-soodaga\/\",\"url\":\"https:\/\/bio4you.eu\/retseptid\/toode\/hallituse-torje-soodaga\/\",\"name\":\"Hallituse t\u00f5rje soodaga - bio4you.eu\/retseptid\",\"isPartOf\":{\"@id\":\"https:\/\/bio4you.eu\/retseptid\/#website\"},\"primaryImageOfPage\":{\"@id\":\"https:\/\/bio4you.eu\/retseptid\/toode\/hallituse-torje-soodaga\/#primaryimage\"},\"image\":{\"@id\":\"https:\/\/bio4you.eu\/retseptid\/toode\/hallituse-torje-soodaga\/#primaryimage\"},\"thumbnailUrl\":\"https:\/\/bio4you.eu\/retseptid\/wp-content\/uploads\/2015\/04\/teatree-oil.jpg\",\"datePublished\":\"2015-04-03T16:27:25+00:00\",\"dateModified\":\"2016-10-13T10:02:39+00:00\",\"description\":\"Hallituse t\u00f5rje soodaga\",\"breadcrumb\":{\"@id\":\"https:\/\/bio4you.eu\/retseptid\/toode\/hallituse-torje-soodaga\/#breadcrumb\"},\"inLanguage\":\"et\",\"potentialAction\":[{\"@type\":\"ReadAction\",\"target\":[\"https:\/\/bio4you.eu\/retseptid\/toode\/hallituse-torje-soodaga\/\"]}]},{\"@type\":\"ImageObject\",\"inLanguage\":\"et\",\"@id\":\"https:\/\/bio4you.eu\/retseptid\/toode\/hallituse-torje-soodaga\/#primaryimage\",\"url\":\"https:\/\/bio4you.eu\/retseptid\/wp-content\/uploads\/2015\/04\/teatree-oil.jpg\",\"contentUrl\":\"https:\/\/bio4you.eu\/retseptid\/wp-content\/uploads\/2015\/04\/teatree-oil.jpg\",\"width\":300,\"height\":300},{\"@type\":\"BreadcrumbList\",\"@id\":\"https:\/\/bio4you.eu\/retseptid\/toode\/hallituse-torje-soodaga\/#breadcrumb\",\"itemListElement\":[{\"@type\":\"ListItem\",\"position\":1,\"name\":\"Home\",\"item\":\"https:\/\/bio4you.eu\/retseptid\/\"},{\"@type\":\"ListItem\",\"position\":2,\"name\":\"Hallituse t\u00f5rje soodaga\"}]},{\"@type\":\"WebSite\",\"@id\":\"https:\/\/bio4you.eu\/retseptid\/#website\",\"url\":\"https:\/\/bio4you.eu\/retseptid\/\",\"name\":\"bio4you.eu\/retseptid\",\"description\":\"\u00d6ko retseptid ise tegemiseks, looduslikest koostisainetest. Maitsev toit, iluhooldus, kodupuhastus ja aiandus.\",\"potentialAction\":[{\"@type\":\"SearchAction\",\"target\":{\"@type\":\"EntryPoint\",\"urlTemplate\":\"https:\/\/bio4you.eu\/retseptid\/?s={search_term_string}\"},\"query-input\":\"required name=search_term_string\"}],\"inLanguage\":\"et\"}]}<\/script>\n<!-- \/ Yoast SEO plugin. -->","yoast_head_json":{"title":"Hallituse t\u00f5rje soodaga - bio4you.eu\/retseptid","description":"Hallituse t\u00f5rje soodaga","robots":{"index":"index","follow":"follow","max-snippet":"max-snippet:-1","max-image-preview":"max-image-preview:large","max-video-preview":"max-video-preview:-1"},"canonical":"https:\/\/bio4you.eu\/retseptid\/toode\/hallituse-torje-soodaga\/","og_locale":"et_EE","og_type":"article","og_title":"Hallituse t\u00f5rje soodaga - bio4you.eu\/retseptid","og_description":"Hallituse t\u00f5rje soodaga","og_url":"https:\/\/bio4you.eu\/retseptid\/toode\/hallituse-torje-soodaga\/","og_site_name":"bio4you.eu\/retseptid","article_modified_time":"2016-10-13T10:02:39+00:00","og_image":[{"width":300,"height":300,"url":"https:\/\/bio4you.eu\/retseptid\/wp-content\/uploads\/2015\/04\/teatree-oil.jpg","type":"image\/jpeg"}],"schema":{"@context":"https:\/\/schema.org","@graph":[{"@type":"WebPage","@id":"https:\/\/bio4you.eu\/retseptid\/toode\/hallituse-torje-soodaga\/","url":"https:\/\/bio4you.eu\/retseptid\/toode\/hallituse-torje-soodaga\/","name":"Hallituse t\u00f5rje soodaga - bio4you.eu\/retseptid","isPartOf":{"@id":"https:\/\/bio4you.eu\/retseptid\/#website"},"primaryImageOfPage":{"@id":"https:\/\/bio4you.eu\/retseptid\/toode\/hallituse-torje-soodaga\/#primaryimage"},"image":{"@id":"https:\/\/bio4you.eu\/retseptid\/toode\/hallituse-torje-soodaga\/#primaryimage"},"thumbnailUrl":"https:\/\/bio4you.eu\/retseptid\/wp-content\/uploads\/2015\/04\/teatree-oil.jpg","datePublished":"2015-04-03T16:27:25+00:00","dateModified":"2016-10-13T10:02:39+00:00","description":"Hallituse t\u00f5rje soodaga","breadcrumb":{"@id":"https:\/\/bio4you.eu\/retseptid\/toode\/hallituse-torje-soodaga\/#breadcrumb"},"inLanguage":"et","potentialAction":[{"@type":"ReadAction","target":["https:\/\/bio4you.eu\/retseptid\/toode\/hallituse-torje-soodaga\/"]}]},{"@type":"ImageObject","inLanguage":"et","@id":"https:\/\/bio4you.eu\/retseptid\/toode\/hallituse-torje-soodaga\/#primaryimage","url":"https:\/\/bio4you.eu\/retseptid\/wp-content\/uploads\/2015\/04\/teatree-oil.jpg","contentUrl":"https:\/\/bio4you.eu\/retseptid\/wp-content\/uploads\/2015\/04\/teatree-oil.jpg","width":300,"height":300},{"@type":"BreadcrumbList","@id":"https:\/\/bio4you.eu\/retseptid\/toode\/hallituse-torje-soodaga\/#breadcrumb","itemListElement":[{"@type":"ListItem","position":1,"name":"Home","item":"https:\/\/bio4you.eu\/retseptid\/"},{"@type":"ListItem","position":2,"name":"Hallituse t\u00f5rje soodaga"}]},{"@type":"WebSite","@id":"https:\/\/bio4you.eu\/retseptid\/#website","url":"https:\/\/bio4you.eu\/retseptid\/","name":"bio4you.eu\/retseptid","description":"\u00d6ko retseptid ise tegemiseks, looduslikest koostisainetest. Maitsev toit, iluhooldus, kodupuhastus ja aiandus.","potentialAction":[{"@type":"SearchAction","target":{"@type":"EntryPoint","urlTemplate":"https:\/\/bio4you.eu\/retseptid\/?s={search_term_string}"},"query-input":"required name=search_term_string"}],"inLanguage":"et"}]}},"_links":{"self":[{"href":"https:\/\/bio4you.eu\/retseptid\/wp-json\/wp\/v2\/product\/2293"}],"collection":[{"href":"https:\/\/bio4you.eu\/retseptid\/wp-json\/wp\/v2\/product"}],"about":[{"href":"https:\/\/bio4you.eu\/retseptid\/wp-json\/wp\/v2\/types\/product"}],"replies":[{"embeddable":true,"href":"https:\/\/bio4you.eu\/retseptid\/wp-json\/wp\/v2\/comments?post=2293"}],"wp:featuredmedia":[{"embeddable":true,"href":"https:\/\/bio4you.eu\/retseptid\/wp-json\/wp\/v2\/media\/3371"}],"wp:attachment":[{"href":"https:\/\/bio4you.eu\/retseptid\/wp-json\/wp\/v2\/media?parent=2293"}],"wp:term":[{"taxonomy":"product_cat","embeddable":true,"href":"https:\/\/bio4you.eu\/retseptid\/wp-json\/wp\/v2\/product_cat?post=2293"},{"taxonomy":"product_tag","embeddable":true,"href":"https:\/\/bio4you.eu\/retseptid\/wp-json\/wp\/v2\/product_tag?post=2293"}],"curies":[{"name":"wp","href":"https:\/\/api.w.org\/{rel}","templated":true}]}}