{"id":2300,"date":"2015-04-03T19:45:17","date_gmt":"2015-04-03T16:45:17","guid":{"rendered":"https:\/\/bio4you.eu\/retseptid\/product\/hallituse-torje-lavendliga-vannitoale\/"},"modified":"2016-10-13T13:01:06","modified_gmt":"2016-10-13T10:01:06","slug":"hallituse-torje-lavendliga-vannitoale","status":"publish","type":"product","link":"https:\/\/bio4you.eu\/retseptid\/toode\/hallituse-torje-lavendliga-vannitoale\/","title":{"rendered":"Hallituse t\u00f5rje lavendliga vannitoale"},"content":{"rendered":"<p style=\"text-align: justify;\">Lavendliga hallituset\u00f5rje m\u00f5jub eriti efektiivselt kahhelkividel ja vannikardinatel. Lavendliessentsi v\u00f5iks aeg-ajalt p\u00f5letada ka aroomilambis- see hoiab \u00e4ra uue hallituse tekke ruumides.<\/p>\n<p>VALMISTAMINE:<\/p>\n<p>Segage ained omavahel.\u00a0Pane spreipudelisse ja loksuta.\u00a0Pritsi kahjustatud pindadele.\u00a0Lase m\u00f5juda v\u00f5imalikult kaua.\u00a0Eemalda hallitus lapiga.<\/p>\n<p>Hallituse t\u00f5rje ajal on soovitatav kanda respiraatorit.<\/p>\n","protected":false},"excerpt":{"rendered":"<p>VAJA L\u00c4HEB:<\/p>\n<ul>\n<li>100ml toidualkoholi<\/li>\n<li>15 tilka <a href=\"http:\/\/bio4you.eu\/et\/eeterlikud-olid\/2273-lavendli-eeterlik-oli-15ml-sapone-di-un-tempo.html?search_query=lavendel&amp;results=31\" target=\"_blank\"><span style=\"color: #99cc00;\">lavendli essentsi\u00f5li<\/span><\/a><\/li>\n<li>kraanivett<\/li>\n<\/ul>\n<p>&nbsp;<\/p>\n","protected":false},"featured_media":3370,"comment_status":"closed","ping_status":"closed","template":"","meta":{"_exactmetrics_skip_tracking":false,"_exactmetrics_sitenote_active":false,"_exactmetrics_sitenote_note":"","_exactmetrics_sitenote_category":0},"product_cat":[62,64],"product_tag":[352,353,357],"class_list":{"0":"post-2300","1":"product","2":"type-product","3":"status-publish","4":"has-post-thumbnail","6":"product_cat-kodu-ja-aiandus","7":"product_cat-kodupuhastus","8":"product_tag-hallitus","9":"product_tag-hallitusetorje","10":"product_tag-lavendel","12":"first","13":"instock","14":"shipping-taxable","15":"product-type-simple"},"yoast_head":"<!-- This site is optimized with the Yoast SEO plugin v23.3 - https:\/\/yoast.com\/wordpress\/plugins\/seo\/ -->\n<title>Hallituse t\u00f5rje lavendliga vannitoale - bio4you.eu\/retseptid<\/title>\n<meta name=\"description\" content=\"Hallituse t\u00f5rje lavendliga\" \/>\n<meta name=\"robots\" content=\"index, follow, max-snippet:-1, max-image-preview:large, max-video-preview:-1\" \/>\n<link rel=\"canonical\" href=\"https:\/\/bio4you.eu\/retseptid\/toode\/hallituse-torje-lavendliga-vannitoale\/\" \/>\n<meta property=\"og:locale\" content=\"et_EE\" \/>\n<meta property=\"og:type\" content=\"article\" \/>\n<meta property=\"og:title\" content=\"Hallituse t\u00f5rje lavendliga vannitoale - bio4you.eu\/retseptid\" \/>\n<meta property=\"og:description\" content=\"Hallituse t\u00f5rje lavendliga\" \/>\n<meta property=\"og:url\" content=\"https:\/\/bio4you.eu\/retseptid\/toode\/hallituse-torje-lavendliga-vannitoale\/\" \/>\n<meta property=\"og:site_name\" content=\"bio4you.eu\/retseptid\" \/>\n<meta property=\"article:modified_time\" content=\"2016-10-13T10:01:06+00:00\" \/>\n<meta property=\"og:image\" content=\"https:\/\/bio4you.eu\/retseptid\/wp-content\/uploads\/2015\/04\/lavendel-7302.jpg\" \/>\n\t<meta property=\"og:image:width\" content=\"460\" \/>\n\t<meta property=\"og:image:height\" content=\"508\" \/>\n\t<meta property=\"og:image:type\" content=\"image\/jpeg\" \/>\n<script type=\"application\/ld+json\" class=\"yoast-schema-graph\">{\"@context\":\"https:\/\/schema.org\",\"@graph\":[{\"@type\":\"WebPage\",\"@id\":\"https:\/\/bio4you.eu\/retseptid\/toode\/hallituse-torje-lavendliga-vannitoale\/\",\"url\":\"https:\/\/bio4you.eu\/retseptid\/toode\/hallituse-torje-lavendliga-vannitoale\/\",\"name\":\"Hallituse t\u00f5rje lavendliga vannitoale - bio4you.eu\/retseptid\",\"isPartOf\":{\"@id\":\"https:\/\/bio4you.eu\/retseptid\/#website\"},\"primaryImageOfPage\":{\"@id\":\"https:\/\/bio4you.eu\/retseptid\/toode\/hallituse-torje-lavendliga-vannitoale\/#primaryimage\"},\"image\":{\"@id\":\"https:\/\/bio4you.eu\/retseptid\/toode\/hallituse-torje-lavendliga-vannitoale\/#primaryimage\"},\"thumbnailUrl\":\"https:\/\/bio4you.eu\/retseptid\/wp-content\/uploads\/2015\/04\/lavendel-7302.jpg\",\"datePublished\":\"2015-04-03T16:45:17+00:00\",\"dateModified\":\"2016-10-13T10:01:06+00:00\",\"description\":\"Hallituse t\u00f5rje lavendliga\",\"breadcrumb\":{\"@id\":\"https:\/\/bio4you.eu\/retseptid\/toode\/hallituse-torje-lavendliga-vannitoale\/#breadcrumb\"},\"inLanguage\":\"et\",\"potentialAction\":[{\"@type\":\"ReadAction\",\"target\":[\"https:\/\/bio4you.eu\/retseptid\/toode\/hallituse-torje-lavendliga-vannitoale\/\"]}]},{\"@type\":\"ImageObject\",\"inLanguage\":\"et\",\"@id\":\"https:\/\/bio4you.eu\/retseptid\/toode\/hallituse-torje-lavendliga-vannitoale\/#primaryimage\",\"url\":\"https:\/\/bio4you.eu\/retseptid\/wp-content\/uploads\/2015\/04\/lavendel-7302.jpg\",\"contentUrl\":\"https:\/\/bio4you.eu\/retseptid\/wp-content\/uploads\/2015\/04\/lavendel-7302.jpg\",\"width\":460,\"height\":508},{\"@type\":\"BreadcrumbList\",\"@id\":\"https:\/\/bio4you.eu\/retseptid\/toode\/hallituse-torje-lavendliga-vannitoale\/#breadcrumb\",\"itemListElement\":[{\"@type\":\"ListItem\",\"position\":1,\"name\":\"Home\",\"item\":\"https:\/\/bio4you.eu\/retseptid\/\"},{\"@type\":\"ListItem\",\"position\":2,\"name\":\"Hallituse t\u00f5rje lavendliga vannitoale\"}]},{\"@type\":\"WebSite\",\"@id\":\"https:\/\/bio4you.eu\/retseptid\/#website\",\"url\":\"https:\/\/bio4you.eu\/retseptid\/\",\"name\":\"bio4you.eu\/retseptid\",\"description\":\"\u00d6ko retseptid ise tegemiseks, looduslikest koostisainetest. Maitsev toit, iluhooldus, kodupuhastus ja aiandus.\",\"potentialAction\":[{\"@type\":\"SearchAction\",\"target\":{\"@type\":\"EntryPoint\",\"urlTemplate\":\"https:\/\/bio4you.eu\/retseptid\/?s={search_term_string}\"},\"query-input\":\"required name=search_term_string\"}],\"inLanguage\":\"et\"}]}<\/script>\n<!-- \/ Yoast SEO plugin. -->","yoast_head_json":{"title":"Hallituse t\u00f5rje lavendliga vannitoale - bio4you.eu\/retseptid","description":"Hallituse t\u00f5rje lavendliga","robots":{"index":"index","follow":"follow","max-snippet":"max-snippet:-1","max-image-preview":"max-image-preview:large","max-video-preview":"max-video-preview:-1"},"canonical":"https:\/\/bio4you.eu\/retseptid\/toode\/hallituse-torje-lavendliga-vannitoale\/","og_locale":"et_EE","og_type":"article","og_title":"Hallituse t\u00f5rje lavendliga vannitoale - bio4you.eu\/retseptid","og_description":"Hallituse t\u00f5rje lavendliga","og_url":"https:\/\/bio4you.eu\/retseptid\/toode\/hallituse-torje-lavendliga-vannitoale\/","og_site_name":"bio4you.eu\/retseptid","article_modified_time":"2016-10-13T10:01:06+00:00","og_image":[{"width":460,"height":508,"url":"https:\/\/bio4you.eu\/retseptid\/wp-content\/uploads\/2015\/04\/lavendel-7302.jpg","type":"image\/jpeg"}],"schema":{"@context":"https:\/\/schema.org","@graph":[{"@type":"WebPage","@id":"https:\/\/bio4you.eu\/retseptid\/toode\/hallituse-torje-lavendliga-vannitoale\/","url":"https:\/\/bio4you.eu\/retseptid\/toode\/hallituse-torje-lavendliga-vannitoale\/","name":"Hallituse t\u00f5rje lavendliga vannitoale - bio4you.eu\/retseptid","isPartOf":{"@id":"https:\/\/bio4you.eu\/retseptid\/#website"},"primaryImageOfPage":{"@id":"https:\/\/bio4you.eu\/retseptid\/toode\/hallituse-torje-lavendliga-vannitoale\/#primaryimage"},"image":{"@id":"https:\/\/bio4you.eu\/retseptid\/toode\/hallituse-torje-lavendliga-vannitoale\/#primaryimage"},"thumbnailUrl":"https:\/\/bio4you.eu\/retseptid\/wp-content\/uploads\/2015\/04\/lavendel-7302.jpg","datePublished":"2015-04-03T16:45:17+00:00","dateModified":"2016-10-13T10:01:06+00:00","description":"Hallituse t\u00f5rje lavendliga","breadcrumb":{"@id":"https:\/\/bio4you.eu\/retseptid\/toode\/hallituse-torje-lavendliga-vannitoale\/#breadcrumb"},"inLanguage":"et","potentialAction":[{"@type":"ReadAction","target":["https:\/\/bio4you.eu\/retseptid\/toode\/hallituse-torje-lavendliga-vannitoale\/"]}]},{"@type":"ImageObject","inLanguage":"et","@id":"https:\/\/bio4you.eu\/retseptid\/toode\/hallituse-torje-lavendliga-vannitoale\/#primaryimage","url":"https:\/\/bio4you.eu\/retseptid\/wp-content\/uploads\/2015\/04\/lavendel-7302.jpg","contentUrl":"https:\/\/bio4you.eu\/retseptid\/wp-content\/uploads\/2015\/04\/lavendel-7302.jpg","width":460,"height":508},{"@type":"BreadcrumbList","@id":"https:\/\/bio4you.eu\/retseptid\/toode\/hallituse-torje-lavendliga-vannitoale\/#breadcrumb","itemListElement":[{"@type":"ListItem","position":1,"name":"Home","item":"https:\/\/bio4you.eu\/retseptid\/"},{"@type":"ListItem","position":2,"name":"Hallituse t\u00f5rje lavendliga vannitoale"}]},{"@type":"WebSite","@id":"https:\/\/bio4you.eu\/retseptid\/#website","url":"https:\/\/bio4you.eu\/retseptid\/","name":"bio4you.eu\/retseptid","description":"\u00d6ko retseptid ise tegemiseks, looduslikest koostisainetest. Maitsev toit, iluhooldus, kodupuhastus ja aiandus.","potentialAction":[{"@type":"SearchAction","target":{"@type":"EntryPoint","urlTemplate":"https:\/\/bio4you.eu\/retseptid\/?s={search_term_string}"},"query-input":"required name=search_term_string"}],"inLanguage":"et"}]}},"_links":{"self":[{"href":"https:\/\/bio4you.eu\/retseptid\/wp-json\/wp\/v2\/product\/2300"}],"collection":[{"href":"https:\/\/bio4you.eu\/retseptid\/wp-json\/wp\/v2\/product"}],"about":[{"href":"https:\/\/bio4you.eu\/retseptid\/wp-json\/wp\/v2\/types\/product"}],"replies":[{"embeddable":true,"href":"https:\/\/bio4you.eu\/retseptid\/wp-json\/wp\/v2\/comments?post=2300"}],"wp:featuredmedia":[{"embeddable":true,"href":"https:\/\/bio4you.eu\/retseptid\/wp-json\/wp\/v2\/media\/3370"}],"wp:attachment":[{"href":"https:\/\/bio4you.eu\/retseptid\/wp-json\/wp\/v2\/media?parent=2300"}],"wp:term":[{"taxonomy":"product_cat","embeddable":true,"href":"https:\/\/bio4you.eu\/retseptid\/wp-json\/wp\/v2\/product_cat?post=2300"},{"taxonomy":"product_tag","embeddable":true,"href":"https:\/\/bio4you.eu\/retseptid\/wp-json\/wp\/v2\/product_tag?post=2300"}],"curies":[{"name":"wp","href":"https:\/\/api.w.org\/{rel}","templated":true}]}}