{"id":2307,"date":"2015-04-03T20:18:50","date_gmt":"2015-04-03T17:18:50","guid":{"rendered":"https:\/\/bio4you.eu\/retseptid\/product\/hallituse-torje-kaneeliga\/"},"modified":"2022-05-19T13:49:11","modified_gmt":"2022-05-19T10:49:11","slug":"hallituse-torje-kaneeliga","status":"publish","type":"product","link":"https:\/\/bio4you.eu\/retseptid\/toode\/hallituse-torje-kaneeliga\/","title":{"rendered":"Hallituse t\u00f5rje aromaatne"},"content":{"rendered":"<p><span style=\"font-family: 'Source Sans Pro', Helvetica, sans-serif; font-size: 16px; line-height: 1.5;\">K\u00f5ige paremini m\u00f5jub hallituse vastu teepuu\u00f5li, kuid see on paljudele ebameeldiva l\u00f5hnaga. V\u00f5ite selle asendada kaneeli ja m\u00f5ruapelsini essentsi\u00f5li seguga, mis on samuti hallituse ja seentevastase toimega kuid meeldivama l\u00f5hnaga. \u00a0\u00d5una\u00e4\u00e4dika kasutamine aitab samuti ruumi meeldivat l\u00f5hna j\u00e4tta.\u00a0<\/span><\/p>\n<p>VALMISTAMINE:<br \/>\nSegage ained omavahel.\u00a0Pane spreipudelisse ja loksuta.\u00a0Pritsi kahjustatud pindadele.\u00a0Lase m\u00f5juda v\u00f5imalikult kaua.\u00a0Eemalda hallitus lapiga.<\/p>\n<p>Hallituse t\u00f5rje ajal on soovitatav kanda respiraatorit.<\/p>\n","protected":false},"excerpt":{"rendered":"<p><strong>VAJA L\u00c4HEB:<\/strong><\/p>\n<ul>\n<li>200 ml kraanivett<\/li>\n<li>200 ml <a href=\"https:\/\/bio4you.eu\/et\/otsi?controller=search&amp;order=product.position.desc&amp;s=%C3%B5una%C3%A4%C3%A4dikas&amp;utm_source=bioretsept&amp;utm_medium=retsept&amp;utm_campaign=retsept\" target=\"_blank\" rel=\"noopener\"><span style=\"color: #99cc00;\">\u00f5una\u00e4\u00e4dikat<\/span><\/a><\/li>\n<li>15 tilka m\u00f5ruapelsini essentsi\u00f5li<\/li>\n<li>10 tilka kaneeli essentsi\u00f5li<\/li>\n<\/ul>\n","protected":false},"featured_media":3985,"comment_status":"closed","ping_status":"closed","template":"","meta":{"_exactmetrics_skip_tracking":false,"_exactmetrics_sitenote_active":false,"_exactmetrics_sitenote_note":"","_exactmetrics_sitenote_category":0},"product_cat":[62,64],"product_tag":[232,352,353,360,361,359],"class_list":{"0":"post-2307","1":"product","2":"type-product","3":"status-publish","4":"has-post-thumbnail","6":"product_cat-kodu-ja-aiandus","7":"product_cat-kodupuhastus","8":"product_tag-essentsiolid","9":"product_tag-hallitus","10":"product_tag-hallitusetorje","11":"product_tag-kaneel","12":"product_tag-moruapelsin","13":"product_tag-ounaaadikas","15":"first","16":"instock","17":"shipping-taxable","18":"product-type-simple"},"yoast_head":"<!-- This site is optimized with the Yoast SEO plugin v23.3 - https:\/\/yoast.com\/wordpress\/plugins\/seo\/ -->\n<title>Hallituse t\u00f5rje aromaatne - bio4you.eu\/retseptid<\/title>\n<meta name=\"description\" content=\"Hallituse t\u00f5rje essentsi\u00f5lidega\" \/>\n<meta name=\"robots\" content=\"index, follow, max-snippet:-1, max-image-preview:large, max-video-preview:-1\" \/>\n<link rel=\"canonical\" href=\"https:\/\/bio4you.eu\/retseptid\/toode\/hallituse-torje-kaneeliga\/\" \/>\n<meta property=\"og:locale\" content=\"et_EE\" \/>\n<meta property=\"og:type\" content=\"article\" \/>\n<meta property=\"og:title\" content=\"Hallituse t\u00f5rje aromaatne - bio4you.eu\/retseptid\" \/>\n<meta property=\"og:description\" content=\"Hallituse t\u00f5rje essentsi\u00f5lidega\" \/>\n<meta property=\"og:url\" content=\"https:\/\/bio4you.eu\/retseptid\/toode\/hallituse-torje-kaneeliga\/\" \/>\n<meta property=\"og:site_name\" content=\"bio4you.eu\/retseptid\" \/>\n<meta property=\"article:modified_time\" content=\"2022-05-19T10:49:11+00:00\" \/>\n<meta property=\"og:image\" content=\"https:\/\/bio4you.eu\/retseptid\/wp-content\/uploads\/2015\/04\/tetiana-bykovets-wzEJuuyFZC4-unsplash-scaled.jpg\" \/>\n\t<meta property=\"og:image:width\" content=\"1707\" \/>\n\t<meta property=\"og:image:height\" content=\"2560\" \/>\n\t<meta property=\"og:image:type\" content=\"image\/jpeg\" \/>\n<script type=\"application\/ld+json\" class=\"yoast-schema-graph\">{\"@context\":\"https:\/\/schema.org\",\"@graph\":[{\"@type\":\"WebPage\",\"@id\":\"https:\/\/bio4you.eu\/retseptid\/toode\/hallituse-torje-kaneeliga\/\",\"url\":\"https:\/\/bio4you.eu\/retseptid\/toode\/hallituse-torje-kaneeliga\/\",\"name\":\"Hallituse t\u00f5rje aromaatne - bio4you.eu\/retseptid\",\"isPartOf\":{\"@id\":\"https:\/\/bio4you.eu\/retseptid\/#website\"},\"primaryImageOfPage\":{\"@id\":\"https:\/\/bio4you.eu\/retseptid\/toode\/hallituse-torje-kaneeliga\/#primaryimage\"},\"image\":{\"@id\":\"https:\/\/bio4you.eu\/retseptid\/toode\/hallituse-torje-kaneeliga\/#primaryimage\"},\"thumbnailUrl\":\"https:\/\/bio4you.eu\/retseptid\/wp-content\/uploads\/2015\/04\/tetiana-bykovets-wzEJuuyFZC4-unsplash-scaled.jpg\",\"datePublished\":\"2015-04-03T17:18:50+00:00\",\"dateModified\":\"2022-05-19T10:49:11+00:00\",\"description\":\"Hallituse t\u00f5rje essentsi\u00f5lidega\",\"breadcrumb\":{\"@id\":\"https:\/\/bio4you.eu\/retseptid\/toode\/hallituse-torje-kaneeliga\/#breadcrumb\"},\"inLanguage\":\"et\",\"potentialAction\":[{\"@type\":\"ReadAction\",\"target\":[\"https:\/\/bio4you.eu\/retseptid\/toode\/hallituse-torje-kaneeliga\/\"]}]},{\"@type\":\"ImageObject\",\"inLanguage\":\"et\",\"@id\":\"https:\/\/bio4you.eu\/retseptid\/toode\/hallituse-torje-kaneeliga\/#primaryimage\",\"url\":\"https:\/\/bio4you.eu\/retseptid\/wp-content\/uploads\/2015\/04\/tetiana-bykovets-wzEJuuyFZC4-unsplash-scaled.jpg\",\"contentUrl\":\"https:\/\/bio4you.eu\/retseptid\/wp-content\/uploads\/2015\/04\/tetiana-bykovets-wzEJuuyFZC4-unsplash-scaled.jpg\",\"width\":1707,\"height\":2560},{\"@type\":\"BreadcrumbList\",\"@id\":\"https:\/\/bio4you.eu\/retseptid\/toode\/hallituse-torje-kaneeliga\/#breadcrumb\",\"itemListElement\":[{\"@type\":\"ListItem\",\"position\":1,\"name\":\"Home\",\"item\":\"https:\/\/bio4you.eu\/retseptid\/\"},{\"@type\":\"ListItem\",\"position\":2,\"name\":\"Hallituse t\u00f5rje aromaatne\"}]},{\"@type\":\"WebSite\",\"@id\":\"https:\/\/bio4you.eu\/retseptid\/#website\",\"url\":\"https:\/\/bio4you.eu\/retseptid\/\",\"name\":\"bio4you.eu\/retseptid\",\"description\":\"\u00d6ko retseptid ise tegemiseks, looduslikest koostisainetest. Maitsev toit, iluhooldus, kodupuhastus ja aiandus.\",\"potentialAction\":[{\"@type\":\"SearchAction\",\"target\":{\"@type\":\"EntryPoint\",\"urlTemplate\":\"https:\/\/bio4you.eu\/retseptid\/?s={search_term_string}\"},\"query-input\":\"required name=search_term_string\"}],\"inLanguage\":\"et\"}]}<\/script>\n<!-- \/ Yoast SEO plugin. -->","yoast_head_json":{"title":"Hallituse t\u00f5rje aromaatne - bio4you.eu\/retseptid","description":"Hallituse t\u00f5rje essentsi\u00f5lidega","robots":{"index":"index","follow":"follow","max-snippet":"max-snippet:-1","max-image-preview":"max-image-preview:large","max-video-preview":"max-video-preview:-1"},"canonical":"https:\/\/bio4you.eu\/retseptid\/toode\/hallituse-torje-kaneeliga\/","og_locale":"et_EE","og_type":"article","og_title":"Hallituse t\u00f5rje aromaatne - bio4you.eu\/retseptid","og_description":"Hallituse t\u00f5rje essentsi\u00f5lidega","og_url":"https:\/\/bio4you.eu\/retseptid\/toode\/hallituse-torje-kaneeliga\/","og_site_name":"bio4you.eu\/retseptid","article_modified_time":"2022-05-19T10:49:11+00:00","og_image":[{"width":1707,"height":2560,"url":"https:\/\/bio4you.eu\/retseptid\/wp-content\/uploads\/2015\/04\/tetiana-bykovets-wzEJuuyFZC4-unsplash-scaled.jpg","type":"image\/jpeg"}],"schema":{"@context":"https:\/\/schema.org","@graph":[{"@type":"WebPage","@id":"https:\/\/bio4you.eu\/retseptid\/toode\/hallituse-torje-kaneeliga\/","url":"https:\/\/bio4you.eu\/retseptid\/toode\/hallituse-torje-kaneeliga\/","name":"Hallituse t\u00f5rje aromaatne - bio4you.eu\/retseptid","isPartOf":{"@id":"https:\/\/bio4you.eu\/retseptid\/#website"},"primaryImageOfPage":{"@id":"https:\/\/bio4you.eu\/retseptid\/toode\/hallituse-torje-kaneeliga\/#primaryimage"},"image":{"@id":"https:\/\/bio4you.eu\/retseptid\/toode\/hallituse-torje-kaneeliga\/#primaryimage"},"thumbnailUrl":"https:\/\/bio4you.eu\/retseptid\/wp-content\/uploads\/2015\/04\/tetiana-bykovets-wzEJuuyFZC4-unsplash-scaled.jpg","datePublished":"2015-04-03T17:18:50+00:00","dateModified":"2022-05-19T10:49:11+00:00","description":"Hallituse t\u00f5rje essentsi\u00f5lidega","breadcrumb":{"@id":"https:\/\/bio4you.eu\/retseptid\/toode\/hallituse-torje-kaneeliga\/#breadcrumb"},"inLanguage":"et","potentialAction":[{"@type":"ReadAction","target":["https:\/\/bio4you.eu\/retseptid\/toode\/hallituse-torje-kaneeliga\/"]}]},{"@type":"ImageObject","inLanguage":"et","@id":"https:\/\/bio4you.eu\/retseptid\/toode\/hallituse-torje-kaneeliga\/#primaryimage","url":"https:\/\/bio4you.eu\/retseptid\/wp-content\/uploads\/2015\/04\/tetiana-bykovets-wzEJuuyFZC4-unsplash-scaled.jpg","contentUrl":"https:\/\/bio4you.eu\/retseptid\/wp-content\/uploads\/2015\/04\/tetiana-bykovets-wzEJuuyFZC4-unsplash-scaled.jpg","width":1707,"height":2560},{"@type":"BreadcrumbList","@id":"https:\/\/bio4you.eu\/retseptid\/toode\/hallituse-torje-kaneeliga\/#breadcrumb","itemListElement":[{"@type":"ListItem","position":1,"name":"Home","item":"https:\/\/bio4you.eu\/retseptid\/"},{"@type":"ListItem","position":2,"name":"Hallituse t\u00f5rje aromaatne"}]},{"@type":"WebSite","@id":"https:\/\/bio4you.eu\/retseptid\/#website","url":"https:\/\/bio4you.eu\/retseptid\/","name":"bio4you.eu\/retseptid","description":"\u00d6ko retseptid ise tegemiseks, looduslikest koostisainetest. Maitsev toit, iluhooldus, kodupuhastus ja aiandus.","potentialAction":[{"@type":"SearchAction","target":{"@type":"EntryPoint","urlTemplate":"https:\/\/bio4you.eu\/retseptid\/?s={search_term_string}"},"query-input":"required name=search_term_string"}],"inLanguage":"et"}]}},"_links":{"self":[{"href":"https:\/\/bio4you.eu\/retseptid\/wp-json\/wp\/v2\/product\/2307"}],"collection":[{"href":"https:\/\/bio4you.eu\/retseptid\/wp-json\/wp\/v2\/product"}],"about":[{"href":"https:\/\/bio4you.eu\/retseptid\/wp-json\/wp\/v2\/types\/product"}],"replies":[{"embeddable":true,"href":"https:\/\/bio4you.eu\/retseptid\/wp-json\/wp\/v2\/comments?post=2307"}],"wp:featuredmedia":[{"embeddable":true,"href":"https:\/\/bio4you.eu\/retseptid\/wp-json\/wp\/v2\/media\/3985"}],"wp:attachment":[{"href":"https:\/\/bio4you.eu\/retseptid\/wp-json\/wp\/v2\/media?parent=2307"}],"wp:term":[{"taxonomy":"product_cat","embeddable":true,"href":"https:\/\/bio4you.eu\/retseptid\/wp-json\/wp\/v2\/product_cat?post=2307"},{"taxonomy":"product_tag","embeddable":true,"href":"https:\/\/bio4you.eu\/retseptid\/wp-json\/wp\/v2\/product_tag?post=2307"}],"curies":[{"name":"wp","href":"https:\/\/api.w.org\/{rel}","templated":true}]}}