{"id":2338,"date":"2015-05-18T11:09:14","date_gmt":"2015-05-18T08:09:14","guid":{"rendered":"https:\/\/bio4you.eu\/retseptid\/product\/putukatorje-lohnavesi-essentsiolidega\/"},"modified":"2022-05-19T13:19:06","modified_gmt":"2022-05-19T10:19:06","slug":"putukatorje-lohnavesi-essentsiolidega","status":"publish","type":"product","link":"https:\/\/bio4you.eu\/retseptid\/toode\/putukatorje-lohnavesi-essentsiolidega\/","title":{"rendered":"Putukat\u00f5rje-l\u00f5hnavesi eeterlike \u00f5lidega"},"content":{"rendered":"<p style=\"text-align: left;\"><span style=\"color: #000000;\">VALMISTAMINE:<br \/>\n<\/span>Sega destilleeritud vesi ja essentsi\u00f5lid omavahel. Pane spreipudelisse. Enne iga kasutamist loksuta.<\/p>\n<p>&nbsp;<\/p>\n<p>&nbsp;<\/p>\n<p>&nbsp;<\/p>\n<p>&nbsp;<\/p>\n<p>&nbsp;<\/p>\n","protected":false},"excerpt":{"rendered":"<p><span style=\"color: #000000;\">VAJA L\u00c4HEB:<\/span><\/p>\n<ul>\n<li><span style=\"color: #000000;\">100 ml destilleeritud vett<\/span><\/li>\n<li><span style=\"color: #000000;\">60 tilka eeterlikku \u00f5li. Igast j\u00e4rgnevast \u00f5list 10 tilka:<\/span> <span style=\"color: #99cc00;\"><a href=\"http:\/\/bio4you.eu\/et\/eeterlikud-olid\/2273-lavendli-eeterlik-oli-15ml-sapone-di-un-tempo.html?search_query=lavendel&amp;results=31\" target=\"_blank\" rel=\"noopener\"><span style=\"color: #99cc00;\">lavendel<\/span><\/a><\/span><span style=\"color: #000000;\"><a href=\"http:\/\/www.bio4you.eu\/et\/aroomiteraapia\/1245-essentsioli-e-eeterlik-oli-lavendel-10ml-greenatural.html\" target=\"_blank\" rel=\"noopener\"><span style=\"color: #000000;\">,<\/span><\/a>\u00a0<a href=\"http:\/\/bio4you.eu\/et\/eeterlikud-olid\/2270-geraaniumi-eeterlik-oli-10ml-herbes-del-moli.html?search_query=geraanium&amp;results=20\" target=\"_blank\" rel=\"noopener\"><span style=\"color: #99cc00;\">geraanium<\/span><\/a>, eukal\u00fcpt, m\u00fcnt, sidrun ja<\/span> <a href=\"https:\/\/bio4you.eu\/et\/otsi?controller=search&amp;order=product.position.desc&amp;s=sidrunheina+eeterlik+%C3%B5li&amp;utm_source=bioretsept&amp;utm_medium=retsept&amp;utm_campaign=retsept\" target=\"_blank\" rel=\"noopener\"><span style=\"color: #000000;\"><span style=\"color: #000000;\">sidrunhein<\/span><\/span><\/a><span style=\"color: #000000;\">.<\/span><\/li>\n<\/ul>\n","protected":false},"featured_media":3975,"comment_status":"closed","ping_status":"closed","template":"","meta":{"_exactmetrics_skip_tracking":false,"_exactmetrics_sitenote_active":false,"_exactmetrics_sitenote_note":"","_exactmetrics_sitenote_category":0},"product_cat":[59,85,62,195,65],"product_tag":[194,200],"class_list":{"0":"post-2338","1":"product","2":"type-product","3":"status-publish","4":"has-post-thumbnail","6":"product_cat-featured","7":"product_cat-kehahooldus","8":"product_cat-kodu-ja-aiandus","9":"product_cat-lemmikloomad","10":"product_cat-aiandus","11":"product_tag-isetehtud-putukatorje","12":"product_tag-isetehtud-saasetorje","14":"first","15":"instock","16":"shipping-taxable","17":"product-type-simple"},"yoast_head":"<!-- This site is optimized with the Yoast SEO plugin v23.3 - https:\/\/yoast.com\/wordpress\/plugins\/seo\/ -->\n<title>Putukat\u00f5rje essentsi\u00f5lidega<\/title>\n<meta name=\"description\" content=\"Putukat\u00f5rje essentsi\u00f5lidega\" \/>\n<meta name=\"robots\" content=\"index, follow, max-snippet:-1, max-image-preview:large, max-video-preview:-1\" \/>\n<link rel=\"canonical\" href=\"https:\/\/bio4you.eu\/retseptid\/toode\/putukatorje-lohnavesi-essentsiolidega\/\" \/>\n<meta property=\"og:locale\" content=\"et_EE\" \/>\n<meta property=\"og:type\" content=\"article\" \/>\n<meta property=\"og:title\" content=\"Putukat\u00f5rje essentsi\u00f5lidega\" \/>\n<meta property=\"og:description\" content=\"Putukat\u00f5rje essentsi\u00f5lidega\" \/>\n<meta property=\"og:url\" content=\"https:\/\/bio4you.eu\/retseptid\/toode\/putukatorje-lohnavesi-essentsiolidega\/\" \/>\n<meta property=\"og:site_name\" content=\"bio4you.eu\/retseptid\" \/>\n<meta property=\"article:modified_time\" content=\"2022-05-19T10:19:06+00:00\" \/>\n<meta property=\"og:image\" content=\"https:\/\/bio4you.eu\/retseptid\/wp-content\/uploads\/2015\/05\/birgith-roosipuu-D0M4I0bw90k-unsplash-scaled.jpg\" \/>\n\t<meta property=\"og:image:width\" content=\"1971\" \/>\n\t<meta property=\"og:image:height\" content=\"2560\" \/>\n\t<meta property=\"og:image:type\" content=\"image\/jpeg\" \/>\n<meta name=\"twitter:label1\" content=\"Est. reading time\" \/>\n\t<meta name=\"twitter:data1\" content=\"1 minut\" \/>\n<script type=\"application\/ld+json\" class=\"yoast-schema-graph\">{\"@context\":\"https:\/\/schema.org\",\"@graph\":[{\"@type\":\"WebPage\",\"@id\":\"https:\/\/bio4you.eu\/retseptid\/toode\/putukatorje-lohnavesi-essentsiolidega\/\",\"url\":\"https:\/\/bio4you.eu\/retseptid\/toode\/putukatorje-lohnavesi-essentsiolidega\/\",\"name\":\"Putukat\u00f5rje essentsi\u00f5lidega\",\"isPartOf\":{\"@id\":\"https:\/\/bio4you.eu\/retseptid\/#website\"},\"primaryImageOfPage\":{\"@id\":\"https:\/\/bio4you.eu\/retseptid\/toode\/putukatorje-lohnavesi-essentsiolidega\/#primaryimage\"},\"image\":{\"@id\":\"https:\/\/bio4you.eu\/retseptid\/toode\/putukatorje-lohnavesi-essentsiolidega\/#primaryimage\"},\"thumbnailUrl\":\"https:\/\/bio4you.eu\/retseptid\/wp-content\/uploads\/2015\/05\/birgith-roosipuu-D0M4I0bw90k-unsplash-scaled.jpg\",\"datePublished\":\"2015-05-18T08:09:14+00:00\",\"dateModified\":\"2022-05-19T10:19:06+00:00\",\"description\":\"Putukat\u00f5rje essentsi\u00f5lidega\",\"breadcrumb\":{\"@id\":\"https:\/\/bio4you.eu\/retseptid\/toode\/putukatorje-lohnavesi-essentsiolidega\/#breadcrumb\"},\"inLanguage\":\"et\",\"potentialAction\":[{\"@type\":\"ReadAction\",\"target\":[\"https:\/\/bio4you.eu\/retseptid\/toode\/putukatorje-lohnavesi-essentsiolidega\/\"]}]},{\"@type\":\"ImageObject\",\"inLanguage\":\"et\",\"@id\":\"https:\/\/bio4you.eu\/retseptid\/toode\/putukatorje-lohnavesi-essentsiolidega\/#primaryimage\",\"url\":\"https:\/\/bio4you.eu\/retseptid\/wp-content\/uploads\/2015\/05\/birgith-roosipuu-D0M4I0bw90k-unsplash-scaled.jpg\",\"contentUrl\":\"https:\/\/bio4you.eu\/retseptid\/wp-content\/uploads\/2015\/05\/birgith-roosipuu-D0M4I0bw90k-unsplash-scaled.jpg\",\"width\":1971,\"height\":2560},{\"@type\":\"BreadcrumbList\",\"@id\":\"https:\/\/bio4you.eu\/retseptid\/toode\/putukatorje-lohnavesi-essentsiolidega\/#breadcrumb\",\"itemListElement\":[{\"@type\":\"ListItem\",\"position\":1,\"name\":\"Home\",\"item\":\"https:\/\/bio4you.eu\/retseptid\/\"},{\"@type\":\"ListItem\",\"position\":2,\"name\":\"Putukat\u00f5rje-l\u00f5hnavesi eeterlike \u00f5lidega\"}]},{\"@type\":\"WebSite\",\"@id\":\"https:\/\/bio4you.eu\/retseptid\/#website\",\"url\":\"https:\/\/bio4you.eu\/retseptid\/\",\"name\":\"bio4you.eu\/retseptid\",\"description\":\"\u00d6ko retseptid ise tegemiseks, looduslikest koostisainetest. Maitsev toit, iluhooldus, kodupuhastus ja aiandus.\",\"potentialAction\":[{\"@type\":\"SearchAction\",\"target\":{\"@type\":\"EntryPoint\",\"urlTemplate\":\"https:\/\/bio4you.eu\/retseptid\/?s={search_term_string}\"},\"query-input\":\"required name=search_term_string\"}],\"inLanguage\":\"et\"}]}<\/script>\n<!-- \/ Yoast SEO plugin. -->","yoast_head_json":{"title":"Putukat\u00f5rje essentsi\u00f5lidega","description":"Putukat\u00f5rje essentsi\u00f5lidega","robots":{"index":"index","follow":"follow","max-snippet":"max-snippet:-1","max-image-preview":"max-image-preview:large","max-video-preview":"max-video-preview:-1"},"canonical":"https:\/\/bio4you.eu\/retseptid\/toode\/putukatorje-lohnavesi-essentsiolidega\/","og_locale":"et_EE","og_type":"article","og_title":"Putukat\u00f5rje essentsi\u00f5lidega","og_description":"Putukat\u00f5rje essentsi\u00f5lidega","og_url":"https:\/\/bio4you.eu\/retseptid\/toode\/putukatorje-lohnavesi-essentsiolidega\/","og_site_name":"bio4you.eu\/retseptid","article_modified_time":"2022-05-19T10:19:06+00:00","og_image":[{"width":1971,"height":2560,"url":"https:\/\/bio4you.eu\/retseptid\/wp-content\/uploads\/2015\/05\/birgith-roosipuu-D0M4I0bw90k-unsplash-scaled.jpg","type":"image\/jpeg"}],"twitter_misc":{"Est. reading time":"1 minut"},"schema":{"@context":"https:\/\/schema.org","@graph":[{"@type":"WebPage","@id":"https:\/\/bio4you.eu\/retseptid\/toode\/putukatorje-lohnavesi-essentsiolidega\/","url":"https:\/\/bio4you.eu\/retseptid\/toode\/putukatorje-lohnavesi-essentsiolidega\/","name":"Putukat\u00f5rje essentsi\u00f5lidega","isPartOf":{"@id":"https:\/\/bio4you.eu\/retseptid\/#website"},"primaryImageOfPage":{"@id":"https:\/\/bio4you.eu\/retseptid\/toode\/putukatorje-lohnavesi-essentsiolidega\/#primaryimage"},"image":{"@id":"https:\/\/bio4you.eu\/retseptid\/toode\/putukatorje-lohnavesi-essentsiolidega\/#primaryimage"},"thumbnailUrl":"https:\/\/bio4you.eu\/retseptid\/wp-content\/uploads\/2015\/05\/birgith-roosipuu-D0M4I0bw90k-unsplash-scaled.jpg","datePublished":"2015-05-18T08:09:14+00:00","dateModified":"2022-05-19T10:19:06+00:00","description":"Putukat\u00f5rje essentsi\u00f5lidega","breadcrumb":{"@id":"https:\/\/bio4you.eu\/retseptid\/toode\/putukatorje-lohnavesi-essentsiolidega\/#breadcrumb"},"inLanguage":"et","potentialAction":[{"@type":"ReadAction","target":["https:\/\/bio4you.eu\/retseptid\/toode\/putukatorje-lohnavesi-essentsiolidega\/"]}]},{"@type":"ImageObject","inLanguage":"et","@id":"https:\/\/bio4you.eu\/retseptid\/toode\/putukatorje-lohnavesi-essentsiolidega\/#primaryimage","url":"https:\/\/bio4you.eu\/retseptid\/wp-content\/uploads\/2015\/05\/birgith-roosipuu-D0M4I0bw90k-unsplash-scaled.jpg","contentUrl":"https:\/\/bio4you.eu\/retseptid\/wp-content\/uploads\/2015\/05\/birgith-roosipuu-D0M4I0bw90k-unsplash-scaled.jpg","width":1971,"height":2560},{"@type":"BreadcrumbList","@id":"https:\/\/bio4you.eu\/retseptid\/toode\/putukatorje-lohnavesi-essentsiolidega\/#breadcrumb","itemListElement":[{"@type":"ListItem","position":1,"name":"Home","item":"https:\/\/bio4you.eu\/retseptid\/"},{"@type":"ListItem","position":2,"name":"Putukat\u00f5rje-l\u00f5hnavesi eeterlike \u00f5lidega"}]},{"@type":"WebSite","@id":"https:\/\/bio4you.eu\/retseptid\/#website","url":"https:\/\/bio4you.eu\/retseptid\/","name":"bio4you.eu\/retseptid","description":"\u00d6ko retseptid ise tegemiseks, looduslikest koostisainetest. Maitsev toit, iluhooldus, kodupuhastus ja aiandus.","potentialAction":[{"@type":"SearchAction","target":{"@type":"EntryPoint","urlTemplate":"https:\/\/bio4you.eu\/retseptid\/?s={search_term_string}"},"query-input":"required name=search_term_string"}],"inLanguage":"et"}]}},"_links":{"self":[{"href":"https:\/\/bio4you.eu\/retseptid\/wp-json\/wp\/v2\/product\/2338"}],"collection":[{"href":"https:\/\/bio4you.eu\/retseptid\/wp-json\/wp\/v2\/product"}],"about":[{"href":"https:\/\/bio4you.eu\/retseptid\/wp-json\/wp\/v2\/types\/product"}],"replies":[{"embeddable":true,"href":"https:\/\/bio4you.eu\/retseptid\/wp-json\/wp\/v2\/comments?post=2338"}],"wp:featuredmedia":[{"embeddable":true,"href":"https:\/\/bio4you.eu\/retseptid\/wp-json\/wp\/v2\/media\/3975"}],"wp:attachment":[{"href":"https:\/\/bio4you.eu\/retseptid\/wp-json\/wp\/v2\/media?parent=2338"}],"wp:term":[{"taxonomy":"product_cat","embeddable":true,"href":"https:\/\/bio4you.eu\/retseptid\/wp-json\/wp\/v2\/product_cat?post=2338"},{"taxonomy":"product_tag","embeddable":true,"href":"https:\/\/bio4you.eu\/retseptid\/wp-json\/wp\/v2\/product_tag?post=2338"}],"curies":[{"name":"wp","href":"https:\/\/api.w.org\/{rel}","templated":true}]}}