{"id":2342,"date":"2015-05-18T12:15:26","date_gmt":"2015-05-18T09:15:26","guid":{"rendered":"https:\/\/bio4you.eu\/retseptid\/product\/putukatorje-losjoon-noiapahkli-lilleveega\/"},"modified":"2022-05-19T13:25:27","modified_gmt":"2022-05-19T10:25:27","slug":"putukatorje-losjoon-noiapahkli-lilleveega","status":"publish","type":"product","link":"https:\/\/bio4you.eu\/retseptid\/toode\/putukatorje-losjoon-noiapahkli-lilleveega\/","title":{"rendered":"Putukat\u00f5rjesprei n\u00f5iap\u00e4hkli lilleveega"},"content":{"rendered":"<p style=\"text-align: left;\"><span style=\"color: #000000;\">VALMISTAMINE:<br \/>\n<\/span>Sega essentsi\u00f5lid jojoba\u00f5liga ja lisa lilleveele. Pane spreipudelisse. Loksuta energiliselt enne igat kasutamist.<\/p>\n","protected":false},"excerpt":{"rendered":"<p>Vaja l\u00e4heb:<\/p>\n<ul>\n<li>200 ml <span style=\"color: #99cc00;\"><a href=\"http:\/\/www.bio4you.eu\/et\/naohooldus\/423-lillevesi-ehk-hudrosool-noiapahkel-200ml-kuivale-nahale-naturado.html\" target=\"_blank\" rel=\"noopener\"><span style=\"color: #99cc00;\">n\u00f5iap\u00e4hkli lillevett<\/span><\/a><\/span><\/li>\n<li>1 tl<a href=\"http:\/\/bio4you.eu\/et\/olid\/409-jojobaoli-kulmpress-50ml-naturado.html?search_query=jojoba&amp;results=98\" target=\"_blank\" rel=\"noopener\"><span style=\"color: #99cc00;\"> jojoba\u00f5li<\/span><\/a><\/li>\n<li>20 tilka sidrunheina essentsi\u00f5li<\/li>\n<li>20 tilka<a href=\"http:\/\/bio4you.eu\/et\/eeterlikud-olid\/2273-lavendli-eeterlik-oli-15ml-sapone-di-un-tempo.html?search_query=lavendel&amp;results=31\" target=\"_blank\" rel=\"noopener\"><span style=\"color: #99cc00;\"> lavendli essentsi\u00f5li<\/span><\/a><\/li>\n<li>15 tilka eukal\u00fcpti essentsi\u00f5li<\/li>\n<\/ul>\n","protected":false},"featured_media":3977,"comment_status":"closed","ping_status":"closed","template":"","meta":{"_exactmetrics_skip_tracking":false,"_exactmetrics_sitenote_active":false,"_exactmetrics_sitenote_note":"","_exactmetrics_sitenote_category":0},"product_cat":[59,85,62,195,65],"product_tag":[194,200],"class_list":{"0":"post-2342","1":"product","2":"type-product","3":"status-publish","4":"has-post-thumbnail","6":"product_cat-featured","7":"product_cat-kehahooldus","8":"product_cat-kodu-ja-aiandus","9":"product_cat-lemmikloomad","10":"product_cat-aiandus","11":"product_tag-isetehtud-putukatorje","12":"product_tag-isetehtud-saasetorje","14":"first","15":"instock","16":"shipping-taxable","17":"product-type-simple"},"yoast_head":"<!-- This site is optimized with the Yoast SEO plugin v23.3 - https:\/\/yoast.com\/wordpress\/plugins\/seo\/ -->\n<title>Putukat\u00f5rje losjoon n\u00f5iap\u00e4hkli lilleveega<\/title>\n<meta name=\"description\" content=\"Putukat\u00f5rje losjoon n\u00f5iap\u00e4hkli lilleveega\" \/>\n<meta name=\"robots\" content=\"index, follow, max-snippet:-1, max-image-preview:large, max-video-preview:-1\" \/>\n<link rel=\"canonical\" href=\"https:\/\/bio4you.eu\/retseptid\/toode\/putukatorje-losjoon-noiapahkli-lilleveega\/\" \/>\n<meta property=\"og:locale\" content=\"et_EE\" \/>\n<meta property=\"og:type\" content=\"article\" \/>\n<meta property=\"og:title\" content=\"Putukat\u00f5rje losjoon n\u00f5iap\u00e4hkli lilleveega\" \/>\n<meta property=\"og:description\" content=\"Putukat\u00f5rje losjoon n\u00f5iap\u00e4hkli lilleveega\" \/>\n<meta property=\"og:url\" content=\"https:\/\/bio4you.eu\/retseptid\/toode\/putukatorje-losjoon-noiapahkli-lilleveega\/\" \/>\n<meta property=\"og:site_name\" content=\"bio4you.eu\/retseptid\" \/>\n<meta property=\"article:modified_time\" content=\"2022-05-19T10:25:27+00:00\" \/>\n<meta property=\"og:image\" content=\"https:\/\/bio4you.eu\/retseptid\/wp-content\/uploads\/2015\/05\/rocknwool-r56oO1V5oms-unsplash.jpg\" \/>\n\t<meta property=\"og:image:width\" content=\"2448\" \/>\n\t<meta property=\"og:image:height\" content=\"2448\" \/>\n\t<meta property=\"og:image:type\" content=\"image\/jpeg\" \/>\n<script type=\"application\/ld+json\" class=\"yoast-schema-graph\">{\"@context\":\"https:\/\/schema.org\",\"@graph\":[{\"@type\":\"WebPage\",\"@id\":\"https:\/\/bio4you.eu\/retseptid\/toode\/putukatorje-losjoon-noiapahkli-lilleveega\/\",\"url\":\"https:\/\/bio4you.eu\/retseptid\/toode\/putukatorje-losjoon-noiapahkli-lilleveega\/\",\"name\":\"Putukat\u00f5rje losjoon n\u00f5iap\u00e4hkli lilleveega\",\"isPartOf\":{\"@id\":\"https:\/\/bio4you.eu\/retseptid\/#website\"},\"primaryImageOfPage\":{\"@id\":\"https:\/\/bio4you.eu\/retseptid\/toode\/putukatorje-losjoon-noiapahkli-lilleveega\/#primaryimage\"},\"image\":{\"@id\":\"https:\/\/bio4you.eu\/retseptid\/toode\/putukatorje-losjoon-noiapahkli-lilleveega\/#primaryimage\"},\"thumbnailUrl\":\"https:\/\/bio4you.eu\/retseptid\/wp-content\/uploads\/2015\/05\/rocknwool-r56oO1V5oms-unsplash.jpg\",\"datePublished\":\"2015-05-18T09:15:26+00:00\",\"dateModified\":\"2022-05-19T10:25:27+00:00\",\"description\":\"Putukat\u00f5rje losjoon n\u00f5iap\u00e4hkli lilleveega\",\"breadcrumb\":{\"@id\":\"https:\/\/bio4you.eu\/retseptid\/toode\/putukatorje-losjoon-noiapahkli-lilleveega\/#breadcrumb\"},\"inLanguage\":\"et\",\"potentialAction\":[{\"@type\":\"ReadAction\",\"target\":[\"https:\/\/bio4you.eu\/retseptid\/toode\/putukatorje-losjoon-noiapahkli-lilleveega\/\"]}]},{\"@type\":\"ImageObject\",\"inLanguage\":\"et\",\"@id\":\"https:\/\/bio4you.eu\/retseptid\/toode\/putukatorje-losjoon-noiapahkli-lilleveega\/#primaryimage\",\"url\":\"https:\/\/bio4you.eu\/retseptid\/wp-content\/uploads\/2015\/05\/rocknwool-r56oO1V5oms-unsplash.jpg\",\"contentUrl\":\"https:\/\/bio4you.eu\/retseptid\/wp-content\/uploads\/2015\/05\/rocknwool-r56oO1V5oms-unsplash.jpg\",\"width\":2448,\"height\":2448},{\"@type\":\"BreadcrumbList\",\"@id\":\"https:\/\/bio4you.eu\/retseptid\/toode\/putukatorje-losjoon-noiapahkli-lilleveega\/#breadcrumb\",\"itemListElement\":[{\"@type\":\"ListItem\",\"position\":1,\"name\":\"Home\",\"item\":\"https:\/\/bio4you.eu\/retseptid\/\"},{\"@type\":\"ListItem\",\"position\":2,\"name\":\"Putukat\u00f5rjesprei n\u00f5iap\u00e4hkli lilleveega\"}]},{\"@type\":\"WebSite\",\"@id\":\"https:\/\/bio4you.eu\/retseptid\/#website\",\"url\":\"https:\/\/bio4you.eu\/retseptid\/\",\"name\":\"bio4you.eu\/retseptid\",\"description\":\"\u00d6ko retseptid ise tegemiseks, looduslikest koostisainetest. Maitsev toit, iluhooldus, kodupuhastus ja aiandus.\",\"potentialAction\":[{\"@type\":\"SearchAction\",\"target\":{\"@type\":\"EntryPoint\",\"urlTemplate\":\"https:\/\/bio4you.eu\/retseptid\/?s={search_term_string}\"},\"query-input\":\"required name=search_term_string\"}],\"inLanguage\":\"et\"}]}<\/script>\n<!-- \/ Yoast SEO plugin. -->","yoast_head_json":{"title":"Putukat\u00f5rje losjoon n\u00f5iap\u00e4hkli lilleveega","description":"Putukat\u00f5rje losjoon n\u00f5iap\u00e4hkli lilleveega","robots":{"index":"index","follow":"follow","max-snippet":"max-snippet:-1","max-image-preview":"max-image-preview:large","max-video-preview":"max-video-preview:-1"},"canonical":"https:\/\/bio4you.eu\/retseptid\/toode\/putukatorje-losjoon-noiapahkli-lilleveega\/","og_locale":"et_EE","og_type":"article","og_title":"Putukat\u00f5rje losjoon n\u00f5iap\u00e4hkli lilleveega","og_description":"Putukat\u00f5rje losjoon n\u00f5iap\u00e4hkli lilleveega","og_url":"https:\/\/bio4you.eu\/retseptid\/toode\/putukatorje-losjoon-noiapahkli-lilleveega\/","og_site_name":"bio4you.eu\/retseptid","article_modified_time":"2022-05-19T10:25:27+00:00","og_image":[{"width":2448,"height":2448,"url":"https:\/\/bio4you.eu\/retseptid\/wp-content\/uploads\/2015\/05\/rocknwool-r56oO1V5oms-unsplash.jpg","type":"image\/jpeg"}],"schema":{"@context":"https:\/\/schema.org","@graph":[{"@type":"WebPage","@id":"https:\/\/bio4you.eu\/retseptid\/toode\/putukatorje-losjoon-noiapahkli-lilleveega\/","url":"https:\/\/bio4you.eu\/retseptid\/toode\/putukatorje-losjoon-noiapahkli-lilleveega\/","name":"Putukat\u00f5rje losjoon n\u00f5iap\u00e4hkli lilleveega","isPartOf":{"@id":"https:\/\/bio4you.eu\/retseptid\/#website"},"primaryImageOfPage":{"@id":"https:\/\/bio4you.eu\/retseptid\/toode\/putukatorje-losjoon-noiapahkli-lilleveega\/#primaryimage"},"image":{"@id":"https:\/\/bio4you.eu\/retseptid\/toode\/putukatorje-losjoon-noiapahkli-lilleveega\/#primaryimage"},"thumbnailUrl":"https:\/\/bio4you.eu\/retseptid\/wp-content\/uploads\/2015\/05\/rocknwool-r56oO1V5oms-unsplash.jpg","datePublished":"2015-05-18T09:15:26+00:00","dateModified":"2022-05-19T10:25:27+00:00","description":"Putukat\u00f5rje losjoon n\u00f5iap\u00e4hkli lilleveega","breadcrumb":{"@id":"https:\/\/bio4you.eu\/retseptid\/toode\/putukatorje-losjoon-noiapahkli-lilleveega\/#breadcrumb"},"inLanguage":"et","potentialAction":[{"@type":"ReadAction","target":["https:\/\/bio4you.eu\/retseptid\/toode\/putukatorje-losjoon-noiapahkli-lilleveega\/"]}]},{"@type":"ImageObject","inLanguage":"et","@id":"https:\/\/bio4you.eu\/retseptid\/toode\/putukatorje-losjoon-noiapahkli-lilleveega\/#primaryimage","url":"https:\/\/bio4you.eu\/retseptid\/wp-content\/uploads\/2015\/05\/rocknwool-r56oO1V5oms-unsplash.jpg","contentUrl":"https:\/\/bio4you.eu\/retseptid\/wp-content\/uploads\/2015\/05\/rocknwool-r56oO1V5oms-unsplash.jpg","width":2448,"height":2448},{"@type":"BreadcrumbList","@id":"https:\/\/bio4you.eu\/retseptid\/toode\/putukatorje-losjoon-noiapahkli-lilleveega\/#breadcrumb","itemListElement":[{"@type":"ListItem","position":1,"name":"Home","item":"https:\/\/bio4you.eu\/retseptid\/"},{"@type":"ListItem","position":2,"name":"Putukat\u00f5rjesprei n\u00f5iap\u00e4hkli lilleveega"}]},{"@type":"WebSite","@id":"https:\/\/bio4you.eu\/retseptid\/#website","url":"https:\/\/bio4you.eu\/retseptid\/","name":"bio4you.eu\/retseptid","description":"\u00d6ko retseptid ise tegemiseks, looduslikest koostisainetest. Maitsev toit, iluhooldus, kodupuhastus ja aiandus.","potentialAction":[{"@type":"SearchAction","target":{"@type":"EntryPoint","urlTemplate":"https:\/\/bio4you.eu\/retseptid\/?s={search_term_string}"},"query-input":"required name=search_term_string"}],"inLanguage":"et"}]}},"_links":{"self":[{"href":"https:\/\/bio4you.eu\/retseptid\/wp-json\/wp\/v2\/product\/2342"}],"collection":[{"href":"https:\/\/bio4you.eu\/retseptid\/wp-json\/wp\/v2\/product"}],"about":[{"href":"https:\/\/bio4you.eu\/retseptid\/wp-json\/wp\/v2\/types\/product"}],"replies":[{"embeddable":true,"href":"https:\/\/bio4you.eu\/retseptid\/wp-json\/wp\/v2\/comments?post=2342"}],"wp:featuredmedia":[{"embeddable":true,"href":"https:\/\/bio4you.eu\/retseptid\/wp-json\/wp\/v2\/media\/3977"}],"wp:attachment":[{"href":"https:\/\/bio4you.eu\/retseptid\/wp-json\/wp\/v2\/media?parent=2342"}],"wp:term":[{"taxonomy":"product_cat","embeddable":true,"href":"https:\/\/bio4you.eu\/retseptid\/wp-json\/wp\/v2\/product_cat?post=2342"},{"taxonomy":"product_tag","embeddable":true,"href":"https:\/\/bio4you.eu\/retseptid\/wp-json\/wp\/v2\/product_tag?post=2342"}],"curies":[{"name":"wp","href":"https:\/\/api.w.org\/{rel}","templated":true}]}}