{"id":2366,"date":"2015-11-10T12:28:30","date_gmt":"2015-11-10T10:28:30","guid":{"rendered":"https:\/\/bio4you.eu\/retseptid\/?post_type=product&#038;p=2366"},"modified":"2022-05-12T14:57:41","modified_gmt":"2022-05-12T11:57:41","slug":"jogurtikook-lupiini-ja-lilla-maisi-jahuga","status":"publish","type":"product","link":"https:\/\/bio4you.eu\/retseptid\/toode\/jogurtikook-lupiini-ja-lilla-maisi-jahuga\/","title":{"rendered":"Jogurtikook lupiini ja lilla maisi jahuga"},"content":{"rendered":"<p style=\"text-align: justify;\">Valmistamine:<br \/>\nVahusta v\u00f5i ja suhkur, lisa \u00fckshaaval neli muna, samal ajal edasi vahustades. Sega sisse jogurt, seej\u00e4rel k\u00fcpsetuspulbri ja vanilliga segatud jahu. Jaga tainas kaheks, lisa \u00fchele osale lupiinijahu, teisele osale lilla maisi jahu.<br \/>\nSega taignad vormis ettevaatlikult segi, nii et tekiksid v\u00e4rvilised triibud. K\u00fcpseta 175 kraadi juures umbes 30 minutit. Lase jahtuda ja kata soovi korral valge \u0161okolaadiga. Kaunistuseks v\u00f5id lisada pohli v\u00f5i j\u00f5hvikaid.<\/p>\n","protected":false},"excerpt":{"rendered":"<p>VAJA L\u00c4HEB:<\/p>\n<ul>\n<li>150 g v\u00f5id, <span style=\"color: #99cc00;\"><a href=\"https:\/\/bio4you.eu\/et\/otsi?controller=search&amp;order=product.position.desc&amp;s=kookos%C3%B5li&amp;utm_source=blogi&amp;utm_medium=bioretsept&amp;utm_campaign=retsept\" target=\"_blank\" rel=\"noopener\"><span style=\"color: #99cc00;\">kookos\u00f5li<\/span><\/a> <\/span>v\u00f5i <span style=\"color: #99cc00;\"><a href=\"https:\/\/bio4you.eu\/et\/otsi?controller=search&amp;order=product.position.desc&amp;s=kookosghee&amp;utm_source=blogi&amp;utm_medium=bioretsept&amp;utm_campaign=retsept\" target=\"_blank\" rel=\"noopener\"><span style=\"color: #99cc00;\">kookosgheed<\/span><\/a><\/span><\/li>\n<li>100 g <span style=\"color: #99cc00;\"><a href=\"https:\/\/bio4you.eu\/et\/otsi?controller=search&amp;order=product.position.desc&amp;s=suhkur&amp;utm_source=blogi&amp;utm_medium=bioretsept&amp;utm_campaign=retsept\" target=\"_blank\" rel=\"noopener\"><span style=\"color: #99cc00;\">suhkrut<\/span><\/a><\/span><\/li>\n<li>4 muna<\/li>\n<li>300 ml maitsestamata jogurtit<\/li>\n<li>vanilli<\/li>\n<li>250 g vabalt valitud jahu (sobib nii tavaline nisujahu kui ka n\u00e4iteks <span style=\"color: #99cc00;\"><a href=\"http:\/\/www.bio4you.eu\/et\/mahetoit\/1999-gluteenivaba-jahusegu-kookide-valmistamiseks-800g-bauckhof.html\" target=\"_blank\" rel=\"noopener\"><span style=\"color: #99cc00;\">gluteenivaba jahusegu kookidele<\/span><\/a><\/span>)<\/li>\n<li>1 tl k\u00fcpsetuspulbrit<\/li>\n<li><span style=\"line-height: 1.5;\">1-2 spl lupiinijahu<\/span><\/li>\n<li>1-2 spl lilla maisi jahu<\/li>\n<\/ul>\n","protected":false},"featured_media":3282,"comment_status":"open","ping_status":"closed","template":"","meta":{"_exactmetrics_skip_tracking":false,"_exactmetrics_sitenote_active":false,"_exactmetrics_sitenote_note":"","_exactmetrics_sitenote_category":0},"product_cat":[60,383,280],"product_tag":[],"class_list":{"0":"post-2366","1":"product","2":"type-product","3":"status-publish","4":"has-post-thumbnail","6":"product_cat-toiduretseptid","7":"product_cat-taimetoit","8":"product_cat-koogid-ja-kupsised","10":"first","11":"instock","12":"shipping-taxable","13":"product-type-simple"},"yoast_head":"<!-- This site is optimized with the Yoast SEO plugin v23.3 - https:\/\/yoast.com\/wordpress\/plugins\/seo\/ -->\n<title>Jogurtikook lupiini ja lilla maisi jahuga - bio4you.eu\/retseptid<\/title>\n<meta name=\"robots\" content=\"index, follow, max-snippet:-1, max-image-preview:large, max-video-preview:-1\" \/>\n<link rel=\"canonical\" href=\"https:\/\/bio4you.eu\/retseptid\/toode\/jogurtikook-lupiini-ja-lilla-maisi-jahuga\/\" \/>\n<meta property=\"og:locale\" content=\"et_EE\" \/>\n<meta property=\"og:type\" content=\"article\" \/>\n<meta property=\"og:title\" content=\"Jogurtikook lupiini ja lilla maisi jahuga - bio4you.eu\/retseptid\" \/>\n<meta property=\"og:description\" content=\"VAJA L\u00c4HEB:   150 g v\u00f5id, kookos\u00f5li v\u00f5i kookosgheed  100 g suhkrut  4 muna  300 ml maitsestamata jogurtit  vanilli  250 g vabalt valitud jahu (sobib nii tavaline nisujahu kui ka n\u00e4iteks gluteenivaba jahusegu kookidele)  1 tl k\u00fcpsetuspulbrit  1-2 spl lupiinijahu  1-2 spl lilla maisi jahu\" \/>\n<meta property=\"og:url\" content=\"https:\/\/bio4you.eu\/retseptid\/toode\/jogurtikook-lupiini-ja-lilla-maisi-jahuga\/\" \/>\n<meta property=\"og:site_name\" content=\"bio4you.eu\/retseptid\" \/>\n<meta property=\"article:modified_time\" content=\"2022-05-12T11:57:41+00:00\" \/>\n<meta property=\"og:image\" content=\"https:\/\/bio4you.eu\/retseptid\/wp-content\/uploads\/2015\/11\/Screen-Shot-2016-10-12-at-12.23.52.png\" \/>\n\t<meta property=\"og:image:width\" content=\"315\" \/>\n\t<meta property=\"og:image:height\" content=\"560\" \/>\n\t<meta property=\"og:image:type\" content=\"image\/png\" \/>\n<meta name=\"twitter:label1\" content=\"Est. reading time\" \/>\n\t<meta name=\"twitter:data1\" content=\"1 minut\" \/>\n<script type=\"application\/ld+json\" class=\"yoast-schema-graph\">{\"@context\":\"https:\/\/schema.org\",\"@graph\":[{\"@type\":\"WebPage\",\"@id\":\"https:\/\/bio4you.eu\/retseptid\/toode\/jogurtikook-lupiini-ja-lilla-maisi-jahuga\/\",\"url\":\"https:\/\/bio4you.eu\/retseptid\/toode\/jogurtikook-lupiini-ja-lilla-maisi-jahuga\/\",\"name\":\"Jogurtikook lupiini ja lilla maisi jahuga - bio4you.eu\/retseptid\",\"isPartOf\":{\"@id\":\"https:\/\/bio4you.eu\/retseptid\/#website\"},\"primaryImageOfPage\":{\"@id\":\"https:\/\/bio4you.eu\/retseptid\/toode\/jogurtikook-lupiini-ja-lilla-maisi-jahuga\/#primaryimage\"},\"image\":{\"@id\":\"https:\/\/bio4you.eu\/retseptid\/toode\/jogurtikook-lupiini-ja-lilla-maisi-jahuga\/#primaryimage\"},\"thumbnailUrl\":\"https:\/\/bio4you.eu\/retseptid\/wp-content\/uploads\/2015\/11\/Screen-Shot-2016-10-12-at-12.23.52.png\",\"datePublished\":\"2015-11-10T10:28:30+00:00\",\"dateModified\":\"2022-05-12T11:57:41+00:00\",\"breadcrumb\":{\"@id\":\"https:\/\/bio4you.eu\/retseptid\/toode\/jogurtikook-lupiini-ja-lilla-maisi-jahuga\/#breadcrumb\"},\"inLanguage\":\"et\",\"potentialAction\":[{\"@type\":\"ReadAction\",\"target\":[\"https:\/\/bio4you.eu\/retseptid\/toode\/jogurtikook-lupiini-ja-lilla-maisi-jahuga\/\"]}]},{\"@type\":\"ImageObject\",\"inLanguage\":\"et\",\"@id\":\"https:\/\/bio4you.eu\/retseptid\/toode\/jogurtikook-lupiini-ja-lilla-maisi-jahuga\/#primaryimage\",\"url\":\"https:\/\/bio4you.eu\/retseptid\/wp-content\/uploads\/2015\/11\/Screen-Shot-2016-10-12-at-12.23.52.png\",\"contentUrl\":\"https:\/\/bio4you.eu\/retseptid\/wp-content\/uploads\/2015\/11\/Screen-Shot-2016-10-12-at-12.23.52.png\",\"width\":315,\"height\":560},{\"@type\":\"BreadcrumbList\",\"@id\":\"https:\/\/bio4you.eu\/retseptid\/toode\/jogurtikook-lupiini-ja-lilla-maisi-jahuga\/#breadcrumb\",\"itemListElement\":[{\"@type\":\"ListItem\",\"position\":1,\"name\":\"Home\",\"item\":\"https:\/\/bio4you.eu\/retseptid\/\"},{\"@type\":\"ListItem\",\"position\":2,\"name\":\"Jogurtikook lupiini ja lilla maisi jahuga\"}]},{\"@type\":\"WebSite\",\"@id\":\"https:\/\/bio4you.eu\/retseptid\/#website\",\"url\":\"https:\/\/bio4you.eu\/retseptid\/\",\"name\":\"bio4you.eu\/retseptid\",\"description\":\"\u00d6ko retseptid ise tegemiseks, looduslikest koostisainetest. Maitsev toit, iluhooldus, kodupuhastus ja aiandus.\",\"potentialAction\":[{\"@type\":\"SearchAction\",\"target\":{\"@type\":\"EntryPoint\",\"urlTemplate\":\"https:\/\/bio4you.eu\/retseptid\/?s={search_term_string}\"},\"query-input\":\"required name=search_term_string\"}],\"inLanguage\":\"et\"}]}<\/script>\n<!-- \/ Yoast SEO plugin. -->","yoast_head_json":{"title":"Jogurtikook lupiini ja lilla maisi jahuga - bio4you.eu\/retseptid","robots":{"index":"index","follow":"follow","max-snippet":"max-snippet:-1","max-image-preview":"max-image-preview:large","max-video-preview":"max-video-preview:-1"},"canonical":"https:\/\/bio4you.eu\/retseptid\/toode\/jogurtikook-lupiini-ja-lilla-maisi-jahuga\/","og_locale":"et_EE","og_type":"article","og_title":"Jogurtikook lupiini ja lilla maisi jahuga - bio4you.eu\/retseptid","og_description":"VAJA L\u00c4HEB:   150 g v\u00f5id, kookos\u00f5li v\u00f5i kookosgheed  100 g suhkrut  4 muna  300 ml maitsestamata jogurtit  vanilli  250 g vabalt valitud jahu (sobib nii tavaline nisujahu kui ka n\u00e4iteks gluteenivaba jahusegu kookidele)  1 tl k\u00fcpsetuspulbrit  1-2 spl lupiinijahu  1-2 spl lilla maisi jahu","og_url":"https:\/\/bio4you.eu\/retseptid\/toode\/jogurtikook-lupiini-ja-lilla-maisi-jahuga\/","og_site_name":"bio4you.eu\/retseptid","article_modified_time":"2022-05-12T11:57:41+00:00","og_image":[{"width":315,"height":560,"url":"https:\/\/bio4you.eu\/retseptid\/wp-content\/uploads\/2015\/11\/Screen-Shot-2016-10-12-at-12.23.52.png","type":"image\/png"}],"twitter_misc":{"Est. reading time":"1 minut"},"schema":{"@context":"https:\/\/schema.org","@graph":[{"@type":"WebPage","@id":"https:\/\/bio4you.eu\/retseptid\/toode\/jogurtikook-lupiini-ja-lilla-maisi-jahuga\/","url":"https:\/\/bio4you.eu\/retseptid\/toode\/jogurtikook-lupiini-ja-lilla-maisi-jahuga\/","name":"Jogurtikook lupiini ja lilla maisi jahuga - bio4you.eu\/retseptid","isPartOf":{"@id":"https:\/\/bio4you.eu\/retseptid\/#website"},"primaryImageOfPage":{"@id":"https:\/\/bio4you.eu\/retseptid\/toode\/jogurtikook-lupiini-ja-lilla-maisi-jahuga\/#primaryimage"},"image":{"@id":"https:\/\/bio4you.eu\/retseptid\/toode\/jogurtikook-lupiini-ja-lilla-maisi-jahuga\/#primaryimage"},"thumbnailUrl":"https:\/\/bio4you.eu\/retseptid\/wp-content\/uploads\/2015\/11\/Screen-Shot-2016-10-12-at-12.23.52.png","datePublished":"2015-11-10T10:28:30+00:00","dateModified":"2022-05-12T11:57:41+00:00","breadcrumb":{"@id":"https:\/\/bio4you.eu\/retseptid\/toode\/jogurtikook-lupiini-ja-lilla-maisi-jahuga\/#breadcrumb"},"inLanguage":"et","potentialAction":[{"@type":"ReadAction","target":["https:\/\/bio4you.eu\/retseptid\/toode\/jogurtikook-lupiini-ja-lilla-maisi-jahuga\/"]}]},{"@type":"ImageObject","inLanguage":"et","@id":"https:\/\/bio4you.eu\/retseptid\/toode\/jogurtikook-lupiini-ja-lilla-maisi-jahuga\/#primaryimage","url":"https:\/\/bio4you.eu\/retseptid\/wp-content\/uploads\/2015\/11\/Screen-Shot-2016-10-12-at-12.23.52.png","contentUrl":"https:\/\/bio4you.eu\/retseptid\/wp-content\/uploads\/2015\/11\/Screen-Shot-2016-10-12-at-12.23.52.png","width":315,"height":560},{"@type":"BreadcrumbList","@id":"https:\/\/bio4you.eu\/retseptid\/toode\/jogurtikook-lupiini-ja-lilla-maisi-jahuga\/#breadcrumb","itemListElement":[{"@type":"ListItem","position":1,"name":"Home","item":"https:\/\/bio4you.eu\/retseptid\/"},{"@type":"ListItem","position":2,"name":"Jogurtikook lupiini ja lilla maisi jahuga"}]},{"@type":"WebSite","@id":"https:\/\/bio4you.eu\/retseptid\/#website","url":"https:\/\/bio4you.eu\/retseptid\/","name":"bio4you.eu\/retseptid","description":"\u00d6ko retseptid ise tegemiseks, looduslikest koostisainetest. Maitsev toit, iluhooldus, kodupuhastus ja aiandus.","potentialAction":[{"@type":"SearchAction","target":{"@type":"EntryPoint","urlTemplate":"https:\/\/bio4you.eu\/retseptid\/?s={search_term_string}"},"query-input":"required name=search_term_string"}],"inLanguage":"et"}]}},"_links":{"self":[{"href":"https:\/\/bio4you.eu\/retseptid\/wp-json\/wp\/v2\/product\/2366"}],"collection":[{"href":"https:\/\/bio4you.eu\/retseptid\/wp-json\/wp\/v2\/product"}],"about":[{"href":"https:\/\/bio4you.eu\/retseptid\/wp-json\/wp\/v2\/types\/product"}],"replies":[{"embeddable":true,"href":"https:\/\/bio4you.eu\/retseptid\/wp-json\/wp\/v2\/comments?post=2366"}],"wp:featuredmedia":[{"embeddable":true,"href":"https:\/\/bio4you.eu\/retseptid\/wp-json\/wp\/v2\/media\/3282"}],"wp:attachment":[{"href":"https:\/\/bio4you.eu\/retseptid\/wp-json\/wp\/v2\/media?parent=2366"}],"wp:term":[{"taxonomy":"product_cat","embeddable":true,"href":"https:\/\/bio4you.eu\/retseptid\/wp-json\/wp\/v2\/product_cat?post=2366"},{"taxonomy":"product_tag","embeddable":true,"href":"https:\/\/bio4you.eu\/retseptid\/wp-json\/wp\/v2\/product_tag?post=2366"}],"curies":[{"name":"wp","href":"https:\/\/api.w.org\/{rel}","templated":true}]}}