{"id":2373,"date":"2015-11-10T16:48:39","date_gmt":"2015-11-10T14:48:39","guid":{"rendered":"https:\/\/bio4you.eu\/retseptid\/?post_type=product&#038;p=2373"},"modified":"2022-05-17T09:37:31","modified_gmt":"2022-05-17T06:37:31","slug":"lilla-maisi-keeks","status":"publish","type":"product","link":"https:\/\/bio4you.eu\/retseptid\/toode\/lilla-maisi-keeks\/","title":{"rendered":"Lilla maisi keeks"},"content":{"rendered":"<p>Valmistamine:<br \/>\nVahusta munad suhkruga. Lisa pooltahke kookos\u00f5li, vanilli ja k\u00fcpsetuspulbriga segatud jahu ning piim. Jaga tainas pooleks, lisa poolele taignale lilla maisi jahu. Pane valgest taignast kolm kuhja auguga koogivormi, j\u00e4ta vahed sisse. Pane vahedesse lilla taigna kuhjakesed, tee lusikaotsaga taignasse veidi mustreid. K\u00fcpseta 180 kraadises ahjus umbes 30 minutit.<\/p>\n<p style=\"text-align: justify;\">Serveeri vaniljej\u00e4\u00e4tisega, kuhu on lisatud lilla maisi jahu ja riputa peale kakaod. K\u00f5rvale sobib v\u00fcrtsikas must magustamata chai.<\/p>\n","protected":false},"excerpt":{"rendered":"<p>VAJA L\u00c4HEB:<\/p>\n<ul>\n<li>110 g <span style=\"color: #99cc00;\"><a href=\"https:\/\/bio4you.eu\/et\/otsi?controller=search&amp;order=product.position.desc&amp;s=kookos%C3%B5li&amp;utm_source=bioretsept&amp;utm_medium=retsept&amp;utm_campaign=retsept\" target=\"_blank\" rel=\"noopener\"><span style=\"color: #99cc00;\">kookos\u00f5li<\/span><\/a>\u00a0<\/span><\/li>\n<li>200 g jahu (tavalist nisujahu, <span style=\"color: #99cc00;\"><a href=\"http:\/\/www.bio4you.eu\/et\/mahetoit\/1999-gluteenivaba-jahusegu-kookide-valmistamiseks-800g-bauckhof.html\" target=\"_blank\" rel=\"noopener\"><span style=\"color: #99cc00;\">gluteenivaba jahusegu kookidele<\/span><\/a> <\/span>vm)<\/li>\n<li>100 g <span style=\"color: #99cc00;\"><a href=\"https:\/\/bio4you.eu\/et\/otsi?controller=search&amp;order=product.position.desc&amp;s=suhkur&amp;utm_source=bioretsept&amp;utm_medium=retsept&amp;utm_campaign=retsept\" target=\"_blank\" rel=\"noopener\"><span style=\"color: #99cc00;\">suhkrut<\/span><\/a><\/span><\/li>\n<li>3 muna<\/li>\n<li>50 ml piima<\/li>\n<li>vanilli<\/li>\n<li>2 spl lilla maisi jahu<\/li>\n<li>1 tl k\u00fcpsetuspulbrit<\/li>\n<li>n\u00e4puotsaga soola<\/li>\n<\/ul>\n","protected":false},"featured_media":3296,"comment_status":"open","ping_status":"closed","template":"","meta":{"_exactmetrics_skip_tracking":false,"_exactmetrics_sitenote_active":false,"_exactmetrics_sitenote_note":"","_exactmetrics_sitenote_category":0},"product_cat":[60,383,280],"product_tag":[],"class_list":{"0":"post-2373","1":"product","2":"type-product","3":"status-publish","4":"has-post-thumbnail","6":"product_cat-toiduretseptid","7":"product_cat-taimetoit","8":"product_cat-koogid-ja-kupsised","10":"first","11":"instock","12":"shipping-taxable","13":"product-type-simple"},"yoast_head":"<!-- This site is optimized with the Yoast SEO plugin v23.3 - https:\/\/yoast.com\/wordpress\/plugins\/seo\/ -->\n<title>Lilla maisi keeks - bio4you.eu\/retseptid<\/title>\n<meta name=\"robots\" content=\"index, follow, max-snippet:-1, max-image-preview:large, max-video-preview:-1\" \/>\n<link rel=\"canonical\" href=\"https:\/\/bio4you.eu\/retseptid\/toode\/lilla-maisi-keeks\/\" \/>\n<meta property=\"og:locale\" content=\"et_EE\" \/>\n<meta property=\"og:type\" content=\"article\" \/>\n<meta property=\"og:title\" content=\"Lilla maisi keeks - bio4you.eu\/retseptid\" \/>\n<meta property=\"og:description\" content=\"VAJA L\u00c4HEB:   110 g kookos\u00f5li\u00a0  200 g jahu (tavalist nisujahu, gluteenivaba jahusegu kookidele vm)  100 g suhkrut  3 muna  50 ml piima  vanilli  2 spl lilla maisi jahu  1 tl k\u00fcpsetuspulbrit  n\u00e4puotsaga soola\" \/>\n<meta property=\"og:url\" content=\"https:\/\/bio4you.eu\/retseptid\/toode\/lilla-maisi-keeks\/\" \/>\n<meta property=\"og:site_name\" content=\"bio4you.eu\/retseptid\" \/>\n<meta property=\"article:modified_time\" content=\"2022-05-17T06:37:31+00:00\" \/>\n<meta property=\"og:image\" content=\"https:\/\/bio4you.eu\/retseptid\/wp-content\/uploads\/2014\/03\/12994449_1774108516135531_3644937265609402073_n.jpg\" \/>\n\t<meta property=\"og:image:width\" content=\"960\" \/>\n\t<meta property=\"og:image:height\" content=\"720\" \/>\n\t<meta property=\"og:image:type\" content=\"image\/jpeg\" \/>\n<script type=\"application\/ld+json\" class=\"yoast-schema-graph\">{\"@context\":\"https:\/\/schema.org\",\"@graph\":[{\"@type\":\"WebPage\",\"@id\":\"https:\/\/bio4you.eu\/retseptid\/toode\/lilla-maisi-keeks\/\",\"url\":\"https:\/\/bio4you.eu\/retseptid\/toode\/lilla-maisi-keeks\/\",\"name\":\"Lilla maisi keeks - bio4you.eu\/retseptid\",\"isPartOf\":{\"@id\":\"https:\/\/bio4you.eu\/retseptid\/#website\"},\"primaryImageOfPage\":{\"@id\":\"https:\/\/bio4you.eu\/retseptid\/toode\/lilla-maisi-keeks\/#primaryimage\"},\"image\":{\"@id\":\"https:\/\/bio4you.eu\/retseptid\/toode\/lilla-maisi-keeks\/#primaryimage\"},\"thumbnailUrl\":\"https:\/\/bio4you.eu\/retseptid\/wp-content\/uploads\/2014\/03\/12994449_1774108516135531_3644937265609402073_n.jpg\",\"datePublished\":\"2015-11-10T14:48:39+00:00\",\"dateModified\":\"2022-05-17T06:37:31+00:00\",\"breadcrumb\":{\"@id\":\"https:\/\/bio4you.eu\/retseptid\/toode\/lilla-maisi-keeks\/#breadcrumb\"},\"inLanguage\":\"et\",\"potentialAction\":[{\"@type\":\"ReadAction\",\"target\":[\"https:\/\/bio4you.eu\/retseptid\/toode\/lilla-maisi-keeks\/\"]}]},{\"@type\":\"ImageObject\",\"inLanguage\":\"et\",\"@id\":\"https:\/\/bio4you.eu\/retseptid\/toode\/lilla-maisi-keeks\/#primaryimage\",\"url\":\"https:\/\/bio4you.eu\/retseptid\/wp-content\/uploads\/2014\/03\/12994449_1774108516135531_3644937265609402073_n.jpg\",\"contentUrl\":\"https:\/\/bio4you.eu\/retseptid\/wp-content\/uploads\/2014\/03\/12994449_1774108516135531_3644937265609402073_n.jpg\",\"width\":960,\"height\":720},{\"@type\":\"BreadcrumbList\",\"@id\":\"https:\/\/bio4you.eu\/retseptid\/toode\/lilla-maisi-keeks\/#breadcrumb\",\"itemListElement\":[{\"@type\":\"ListItem\",\"position\":1,\"name\":\"Home\",\"item\":\"https:\/\/bio4you.eu\/retseptid\/\"},{\"@type\":\"ListItem\",\"position\":2,\"name\":\"Lilla maisi keeks\"}]},{\"@type\":\"WebSite\",\"@id\":\"https:\/\/bio4you.eu\/retseptid\/#website\",\"url\":\"https:\/\/bio4you.eu\/retseptid\/\",\"name\":\"bio4you.eu\/retseptid\",\"description\":\"\u00d6ko retseptid ise tegemiseks, looduslikest koostisainetest. Maitsev toit, iluhooldus, kodupuhastus ja aiandus.\",\"potentialAction\":[{\"@type\":\"SearchAction\",\"target\":{\"@type\":\"EntryPoint\",\"urlTemplate\":\"https:\/\/bio4you.eu\/retseptid\/?s={search_term_string}\"},\"query-input\":\"required name=search_term_string\"}],\"inLanguage\":\"et\"}]}<\/script>\n<!-- \/ Yoast SEO plugin. -->","yoast_head_json":{"title":"Lilla maisi keeks - bio4you.eu\/retseptid","robots":{"index":"index","follow":"follow","max-snippet":"max-snippet:-1","max-image-preview":"max-image-preview:large","max-video-preview":"max-video-preview:-1"},"canonical":"https:\/\/bio4you.eu\/retseptid\/toode\/lilla-maisi-keeks\/","og_locale":"et_EE","og_type":"article","og_title":"Lilla maisi keeks - bio4you.eu\/retseptid","og_description":"VAJA L\u00c4HEB:   110 g kookos\u00f5li\u00a0  200 g jahu (tavalist nisujahu, gluteenivaba jahusegu kookidele vm)  100 g suhkrut  3 muna  50 ml piima  vanilli  2 spl lilla maisi jahu  1 tl k\u00fcpsetuspulbrit  n\u00e4puotsaga soola","og_url":"https:\/\/bio4you.eu\/retseptid\/toode\/lilla-maisi-keeks\/","og_site_name":"bio4you.eu\/retseptid","article_modified_time":"2022-05-17T06:37:31+00:00","og_image":[{"width":960,"height":720,"url":"https:\/\/bio4you.eu\/retseptid\/wp-content\/uploads\/2014\/03\/12994449_1774108516135531_3644937265609402073_n.jpg","type":"image\/jpeg"}],"schema":{"@context":"https:\/\/schema.org","@graph":[{"@type":"WebPage","@id":"https:\/\/bio4you.eu\/retseptid\/toode\/lilla-maisi-keeks\/","url":"https:\/\/bio4you.eu\/retseptid\/toode\/lilla-maisi-keeks\/","name":"Lilla maisi keeks - bio4you.eu\/retseptid","isPartOf":{"@id":"https:\/\/bio4you.eu\/retseptid\/#website"},"primaryImageOfPage":{"@id":"https:\/\/bio4you.eu\/retseptid\/toode\/lilla-maisi-keeks\/#primaryimage"},"image":{"@id":"https:\/\/bio4you.eu\/retseptid\/toode\/lilla-maisi-keeks\/#primaryimage"},"thumbnailUrl":"https:\/\/bio4you.eu\/retseptid\/wp-content\/uploads\/2014\/03\/12994449_1774108516135531_3644937265609402073_n.jpg","datePublished":"2015-11-10T14:48:39+00:00","dateModified":"2022-05-17T06:37:31+00:00","breadcrumb":{"@id":"https:\/\/bio4you.eu\/retseptid\/toode\/lilla-maisi-keeks\/#breadcrumb"},"inLanguage":"et","potentialAction":[{"@type":"ReadAction","target":["https:\/\/bio4you.eu\/retseptid\/toode\/lilla-maisi-keeks\/"]}]},{"@type":"ImageObject","inLanguage":"et","@id":"https:\/\/bio4you.eu\/retseptid\/toode\/lilla-maisi-keeks\/#primaryimage","url":"https:\/\/bio4you.eu\/retseptid\/wp-content\/uploads\/2014\/03\/12994449_1774108516135531_3644937265609402073_n.jpg","contentUrl":"https:\/\/bio4you.eu\/retseptid\/wp-content\/uploads\/2014\/03\/12994449_1774108516135531_3644937265609402073_n.jpg","width":960,"height":720},{"@type":"BreadcrumbList","@id":"https:\/\/bio4you.eu\/retseptid\/toode\/lilla-maisi-keeks\/#breadcrumb","itemListElement":[{"@type":"ListItem","position":1,"name":"Home","item":"https:\/\/bio4you.eu\/retseptid\/"},{"@type":"ListItem","position":2,"name":"Lilla maisi keeks"}]},{"@type":"WebSite","@id":"https:\/\/bio4you.eu\/retseptid\/#website","url":"https:\/\/bio4you.eu\/retseptid\/","name":"bio4you.eu\/retseptid","description":"\u00d6ko retseptid ise tegemiseks, looduslikest koostisainetest. Maitsev toit, iluhooldus, kodupuhastus ja aiandus.","potentialAction":[{"@type":"SearchAction","target":{"@type":"EntryPoint","urlTemplate":"https:\/\/bio4you.eu\/retseptid\/?s={search_term_string}"},"query-input":"required name=search_term_string"}],"inLanguage":"et"}]}},"_links":{"self":[{"href":"https:\/\/bio4you.eu\/retseptid\/wp-json\/wp\/v2\/product\/2373"}],"collection":[{"href":"https:\/\/bio4you.eu\/retseptid\/wp-json\/wp\/v2\/product"}],"about":[{"href":"https:\/\/bio4you.eu\/retseptid\/wp-json\/wp\/v2\/types\/product"}],"replies":[{"embeddable":true,"href":"https:\/\/bio4you.eu\/retseptid\/wp-json\/wp\/v2\/comments?post=2373"}],"wp:featuredmedia":[{"embeddable":true,"href":"https:\/\/bio4you.eu\/retseptid\/wp-json\/wp\/v2\/media\/3296"}],"wp:attachment":[{"href":"https:\/\/bio4you.eu\/retseptid\/wp-json\/wp\/v2\/media?parent=2373"}],"wp:term":[{"taxonomy":"product_cat","embeddable":true,"href":"https:\/\/bio4you.eu\/retseptid\/wp-json\/wp\/v2\/product_cat?post=2373"},{"taxonomy":"product_tag","embeddable":true,"href":"https:\/\/bio4you.eu\/retseptid\/wp-json\/wp\/v2\/product_tag?post=2373"}],"curies":[{"name":"wp","href":"https:\/\/api.w.org\/{rel}","templated":true}]}}