{"id":2408,"date":"2015-12-08T15:07:56","date_gmt":"2015-12-08T13:07:56","guid":{"rendered":"https:\/\/bio4you.eu\/retseptid\/?post_type=product&#038;p=2408"},"modified":"2022-05-17T09:46:23","modified_gmt":"2022-05-17T06:46:23","slug":"pasta-musta-suvetruhvliga","status":"publish","type":"product","link":"https:\/\/bio4you.eu\/retseptid\/toode\/pasta-musta-suvetruhvliga\/","title":{"rendered":"Pasta musta suvetr\u00fchvliga"},"content":{"rendered":"<p style=\"text-align: justify;\">Valmistamine:<br \/>\nKeeda pasta <i>al dente<\/i>, sega tr\u00fchvlip\u00fcree ja parmesaniga, lisa veidi oliivi\u00f5li. Soovi korral kaunista parmesani ja tr\u00fchvlilaastudega.<\/p>\n","protected":false},"excerpt":{"rendered":"<p style=\"text-align: justify;\">Vaja l\u00e4heb:<\/p>\n<ul style=\"text-align: justify;\">\n<li>pakk meelep\u00e4rast\u00a0<span style=\"color: #99cc00;\"><a style=\"color: #99cc00;\" href=\"https:\/\/bio4you.eu\/et\/401-gluteenivaba-pasta?utm_source=bioretsept&amp;utm_medium=retsept&amp;utm_campaign=retsept\" target=\"_blank\" rel=\"noopener\">pastat<\/a><\/span><\/li>\n<li>90 g purk riivitud tr\u00fchvleid oliivi\u00f5lis<\/li>\n<li><span style=\"color: #99cc00;\"><a style=\"color: #99cc00;\" href=\"https:\/\/bio4you.eu\/et\/otsi?controller=search&amp;order=product.position.desc&amp;s=oliivi%C3%B5li&amp;utm_source=bioretsept&amp;utm_medium=retsept&amp;utm_campaign=retsept\" target=\"_blank\" rel=\"noopener\">ekstra neitsi oliivi\u00f5li<\/a><\/span><\/li>\n<li>parmesani juustu<\/li>\n<li>soola<\/li>\n<li>pipart<\/li>\n<li>soovi korral tr\u00fchvlilaaste kaunistamiseks<\/li>\n<\/ul>\n","protected":false},"featured_media":3452,"comment_status":"open","ping_status":"closed","template":"","meta":{"_exactmetrics_skip_tracking":false,"_exactmetrics_sitenote_active":false,"_exactmetrics_sitenote_note":"","_exactmetrics_sitenote_category":0},"product_cat":[60,383,70],"product_tag":[],"class_list":{"0":"post-2408","1":"product","2":"type-product","3":"status-publish","4":"has-post-thumbnail","6":"product_cat-toiduretseptid","7":"product_cat-taimetoit","8":"product_cat-pastaroad","10":"first","11":"instock","12":"shipping-taxable","13":"product-type-simple"},"yoast_head":"<!-- This site is optimized with the Yoast SEO plugin v23.3 - https:\/\/yoast.com\/wordpress\/plugins\/seo\/ -->\n<title>Pasta musta suvetr\u00fchvliga - bio4you.eu\/retseptid<\/title>\n<meta name=\"robots\" content=\"index, follow, max-snippet:-1, max-image-preview:large, max-video-preview:-1\" \/>\n<link rel=\"canonical\" href=\"https:\/\/bio4you.eu\/retseptid\/toode\/pasta-musta-suvetruhvliga\/\" \/>\n<meta property=\"og:locale\" content=\"et_EE\" \/>\n<meta property=\"og:type\" content=\"article\" \/>\n<meta property=\"og:title\" content=\"Pasta musta suvetr\u00fchvliga - bio4you.eu\/retseptid\" \/>\n<meta property=\"og:description\" content=\"Vaja l\u00e4heb:    pakk meelep\u00e4rast\u00a0pastat  90 g purk riivitud tr\u00fchvleid oliivi\u00f5lis  ekstra neitsi oliivi\u00f5li  parmesani juustu  soola  pipart  soovi korral tr\u00fchvlilaaste kaunistamiseks\" \/>\n<meta property=\"og:url\" content=\"https:\/\/bio4you.eu\/retseptid\/toode\/pasta-musta-suvetruhvliga\/\" \/>\n<meta property=\"og:site_name\" content=\"bio4you.eu\/retseptid\" \/>\n<meta property=\"article:modified_time\" content=\"2022-05-17T06:46:23+00:00\" \/>\n<meta property=\"og:image\" content=\"https:\/\/bio4you.eu\/retseptid\/wp-content\/uploads\/2015\/12\/IMG_5075-scaled.jpg\" \/>\n\t<meta property=\"og:image:width\" content=\"2560\" \/>\n\t<meta property=\"og:image:height\" content=\"1920\" \/>\n\t<meta property=\"og:image:type\" content=\"image\/jpeg\" \/>\n<meta name=\"twitter:label1\" content=\"Est. reading time\" \/>\n\t<meta name=\"twitter:data1\" content=\"1 minut\" \/>\n<script type=\"application\/ld+json\" class=\"yoast-schema-graph\">{\"@context\":\"https:\/\/schema.org\",\"@graph\":[{\"@type\":\"WebPage\",\"@id\":\"https:\/\/bio4you.eu\/retseptid\/toode\/pasta-musta-suvetruhvliga\/\",\"url\":\"https:\/\/bio4you.eu\/retseptid\/toode\/pasta-musta-suvetruhvliga\/\",\"name\":\"Pasta musta suvetr\u00fchvliga - bio4you.eu\/retseptid\",\"isPartOf\":{\"@id\":\"https:\/\/bio4you.eu\/retseptid\/#website\"},\"primaryImageOfPage\":{\"@id\":\"https:\/\/bio4you.eu\/retseptid\/toode\/pasta-musta-suvetruhvliga\/#primaryimage\"},\"image\":{\"@id\":\"https:\/\/bio4you.eu\/retseptid\/toode\/pasta-musta-suvetruhvliga\/#primaryimage\"},\"thumbnailUrl\":\"https:\/\/bio4you.eu\/retseptid\/wp-content\/uploads\/2015\/12\/IMG_5075-scaled.jpg\",\"datePublished\":\"2015-12-08T13:07:56+00:00\",\"dateModified\":\"2022-05-17T06:46:23+00:00\",\"breadcrumb\":{\"@id\":\"https:\/\/bio4you.eu\/retseptid\/toode\/pasta-musta-suvetruhvliga\/#breadcrumb\"},\"inLanguage\":\"et\",\"potentialAction\":[{\"@type\":\"ReadAction\",\"target\":[\"https:\/\/bio4you.eu\/retseptid\/toode\/pasta-musta-suvetruhvliga\/\"]}]},{\"@type\":\"ImageObject\",\"inLanguage\":\"et\",\"@id\":\"https:\/\/bio4you.eu\/retseptid\/toode\/pasta-musta-suvetruhvliga\/#primaryimage\",\"url\":\"https:\/\/bio4you.eu\/retseptid\/wp-content\/uploads\/2015\/12\/IMG_5075-scaled.jpg\",\"contentUrl\":\"https:\/\/bio4you.eu\/retseptid\/wp-content\/uploads\/2015\/12\/IMG_5075-scaled.jpg\",\"width\":2560,\"height\":1920},{\"@type\":\"BreadcrumbList\",\"@id\":\"https:\/\/bio4you.eu\/retseptid\/toode\/pasta-musta-suvetruhvliga\/#breadcrumb\",\"itemListElement\":[{\"@type\":\"ListItem\",\"position\":1,\"name\":\"Home\",\"item\":\"https:\/\/bio4you.eu\/retseptid\/\"},{\"@type\":\"ListItem\",\"position\":2,\"name\":\"Pasta musta suvetr\u00fchvliga\"}]},{\"@type\":\"WebSite\",\"@id\":\"https:\/\/bio4you.eu\/retseptid\/#website\",\"url\":\"https:\/\/bio4you.eu\/retseptid\/\",\"name\":\"bio4you.eu\/retseptid\",\"description\":\"\u00d6ko retseptid ise tegemiseks, looduslikest koostisainetest. Maitsev toit, iluhooldus, kodupuhastus ja aiandus.\",\"potentialAction\":[{\"@type\":\"SearchAction\",\"target\":{\"@type\":\"EntryPoint\",\"urlTemplate\":\"https:\/\/bio4you.eu\/retseptid\/?s={search_term_string}\"},\"query-input\":\"required name=search_term_string\"}],\"inLanguage\":\"et\"}]}<\/script>\n<!-- \/ Yoast SEO plugin. -->","yoast_head_json":{"title":"Pasta musta suvetr\u00fchvliga - bio4you.eu\/retseptid","robots":{"index":"index","follow":"follow","max-snippet":"max-snippet:-1","max-image-preview":"max-image-preview:large","max-video-preview":"max-video-preview:-1"},"canonical":"https:\/\/bio4you.eu\/retseptid\/toode\/pasta-musta-suvetruhvliga\/","og_locale":"et_EE","og_type":"article","og_title":"Pasta musta suvetr\u00fchvliga - bio4you.eu\/retseptid","og_description":"Vaja l\u00e4heb:    pakk meelep\u00e4rast\u00a0pastat  90 g purk riivitud tr\u00fchvleid oliivi\u00f5lis  ekstra neitsi oliivi\u00f5li  parmesani juustu  soola  pipart  soovi korral tr\u00fchvlilaaste kaunistamiseks","og_url":"https:\/\/bio4you.eu\/retseptid\/toode\/pasta-musta-suvetruhvliga\/","og_site_name":"bio4you.eu\/retseptid","article_modified_time":"2022-05-17T06:46:23+00:00","og_image":[{"width":2560,"height":1920,"url":"https:\/\/bio4you.eu\/retseptid\/wp-content\/uploads\/2015\/12\/IMG_5075-scaled.jpg","type":"image\/jpeg"}],"twitter_misc":{"Est. reading time":"1 minut"},"schema":{"@context":"https:\/\/schema.org","@graph":[{"@type":"WebPage","@id":"https:\/\/bio4you.eu\/retseptid\/toode\/pasta-musta-suvetruhvliga\/","url":"https:\/\/bio4you.eu\/retseptid\/toode\/pasta-musta-suvetruhvliga\/","name":"Pasta musta suvetr\u00fchvliga - bio4you.eu\/retseptid","isPartOf":{"@id":"https:\/\/bio4you.eu\/retseptid\/#website"},"primaryImageOfPage":{"@id":"https:\/\/bio4you.eu\/retseptid\/toode\/pasta-musta-suvetruhvliga\/#primaryimage"},"image":{"@id":"https:\/\/bio4you.eu\/retseptid\/toode\/pasta-musta-suvetruhvliga\/#primaryimage"},"thumbnailUrl":"https:\/\/bio4you.eu\/retseptid\/wp-content\/uploads\/2015\/12\/IMG_5075-scaled.jpg","datePublished":"2015-12-08T13:07:56+00:00","dateModified":"2022-05-17T06:46:23+00:00","breadcrumb":{"@id":"https:\/\/bio4you.eu\/retseptid\/toode\/pasta-musta-suvetruhvliga\/#breadcrumb"},"inLanguage":"et","potentialAction":[{"@type":"ReadAction","target":["https:\/\/bio4you.eu\/retseptid\/toode\/pasta-musta-suvetruhvliga\/"]}]},{"@type":"ImageObject","inLanguage":"et","@id":"https:\/\/bio4you.eu\/retseptid\/toode\/pasta-musta-suvetruhvliga\/#primaryimage","url":"https:\/\/bio4you.eu\/retseptid\/wp-content\/uploads\/2015\/12\/IMG_5075-scaled.jpg","contentUrl":"https:\/\/bio4you.eu\/retseptid\/wp-content\/uploads\/2015\/12\/IMG_5075-scaled.jpg","width":2560,"height":1920},{"@type":"BreadcrumbList","@id":"https:\/\/bio4you.eu\/retseptid\/toode\/pasta-musta-suvetruhvliga\/#breadcrumb","itemListElement":[{"@type":"ListItem","position":1,"name":"Home","item":"https:\/\/bio4you.eu\/retseptid\/"},{"@type":"ListItem","position":2,"name":"Pasta musta suvetr\u00fchvliga"}]},{"@type":"WebSite","@id":"https:\/\/bio4you.eu\/retseptid\/#website","url":"https:\/\/bio4you.eu\/retseptid\/","name":"bio4you.eu\/retseptid","description":"\u00d6ko retseptid ise tegemiseks, looduslikest koostisainetest. Maitsev toit, iluhooldus, kodupuhastus ja aiandus.","potentialAction":[{"@type":"SearchAction","target":{"@type":"EntryPoint","urlTemplate":"https:\/\/bio4you.eu\/retseptid\/?s={search_term_string}"},"query-input":"required name=search_term_string"}],"inLanguage":"et"}]}},"_links":{"self":[{"href":"https:\/\/bio4you.eu\/retseptid\/wp-json\/wp\/v2\/product\/2408"}],"collection":[{"href":"https:\/\/bio4you.eu\/retseptid\/wp-json\/wp\/v2\/product"}],"about":[{"href":"https:\/\/bio4you.eu\/retseptid\/wp-json\/wp\/v2\/types\/product"}],"replies":[{"embeddable":true,"href":"https:\/\/bio4you.eu\/retseptid\/wp-json\/wp\/v2\/comments?post=2408"}],"wp:featuredmedia":[{"embeddable":true,"href":"https:\/\/bio4you.eu\/retseptid\/wp-json\/wp\/v2\/media\/3452"}],"wp:attachment":[{"href":"https:\/\/bio4you.eu\/retseptid\/wp-json\/wp\/v2\/media?parent=2408"}],"wp:term":[{"taxonomy":"product_cat","embeddable":true,"href":"https:\/\/bio4you.eu\/retseptid\/wp-json\/wp\/v2\/product_cat?post=2408"},{"taxonomy":"product_tag","embeddable":true,"href":"https:\/\/bio4you.eu\/retseptid\/wp-json\/wp\/v2\/product_tag?post=2408"}],"curies":[{"name":"wp","href":"https:\/\/api.w.org\/{rel}","templated":true}]}}