{"id":2498,"date":"2016-05-02T16:00:18","date_gmt":"2016-05-02T13:00:18","guid":{"rendered":"https:\/\/bio4you.eu\/retseptid\/?post_type=product&#038;p=2498"},"modified":"2022-05-12T14:40:42","modified_gmt":"2022-05-12T11:40:42","slug":"avokaado-banaani-smuuti","status":"publish","type":"product","link":"https:\/\/bio4you.eu\/retseptid\/toode\/avokaado-banaani-smuuti\/","title":{"rendered":"Avokaado-banaanismuuti"},"content":{"rendered":"<p>Energiat andev ja tervislik smuuti sobib hommikus\u00f6\u00f6giks v\u00f5i vahepalaks ja meeldib ka lastele.<\/p>\n<p>Valmistamine:<br \/>\nPuhasta avokaado ja banaanid. Lisa k\u00f5ik koostisained blenderisse ja blenderda kreemjaks smuutiks. Serveeri koheselt.<\/p>\n<p><strong>Nipid<\/strong>: Kui j\u00e4\u00e4d ei ole, siis k\u00fclmuta t\u00fckeldatud puuviljad enne blenderdamist ja kasuta jahutatud kookospiima.<\/p>\n<p>J\u00e4\u00e4 asemel lisa klaas k\u00fclma vett.\u00a0Smuuti tuleb p\u00e4ris paks ja kreemjas, kui tahad vedelamat, lisa vett \/ j\u00e4\u00e4d juurde.<\/p>\n<p>Kookospiima asemel sobib magustamata mandlipiim. Datlite asemel sobib mesi v\u00f5i agaavisiirup.<\/p>\n<div>\n<p>&nbsp;<\/p>\n<\/div>\n","protected":false},"excerpt":{"rendered":"<p>Smuuti jaoks on vaja:<\/p>\n<ul>\n<li>2 v\u00e4ikest banaani<\/li>\n<li>pool avokaadot<\/li>\n<li>200 ml <a href=\"https:\/\/bio4you.eu\/et\/taimsed-joogid-ja-kreemid\/3289-kookosjook-1l.html\" target=\"_blank\" rel=\"noopener\"><span style=\"color: #99cc00;\">kookospiima<\/span><\/a> (v\u00f5i magustamata mandlijooki)<\/li>\n<li>2 datlit (v\u00f5i mett, <a href=\"https:\/\/bio4you.eu\/et\/search?controller=search&amp;orderby=position&amp;orderway=desc&amp;search_query=agaavisiirup&amp;submit_search=\" target=\"_blank\" rel=\"noopener\"><span style=\"color: #99cc00;\">agaavisiirupit<\/span><\/a>)<\/li>\n<li>klaasit\u00e4is purustatud j\u00e4\u00e4d (alternatiivina kasuta k\u00fclmi koostisaineid ja klaas vett)<\/li>\n<li>1 tl vaniljekauna pulbrit<\/li>\n<\/ul>\n","protected":false},"featured_media":3879,"comment_status":"open","ping_status":"closed","template":"","meta":{"_exactmetrics_skip_tracking":false,"_exactmetrics_sitenote_active":false,"_exactmetrics_sitenote_note":"","_exactmetrics_sitenote_category":0},"product_cat":[60,382,383,376,77],"product_tag":[377,378,380],"class_list":{"0":"post-2498","1":"product","2":"type-product","3":"status-publish","4":"has-post-thumbnail","6":"product_cat-toiduretseptid","7":"product_cat-vegan-toiduretseptid","8":"product_cat-taimetoit","9":"product_cat-smuutid","10":"product_cat-toortoit","11":"product_tag-avokaado-2","12":"product_tag-banaan-2","13":"product_tag-smuuti","15":"first","16":"instock","17":"shipping-taxable","18":"product-type-simple"},"yoast_head":"<!-- This site is optimized with the Yoast SEO plugin v23.3 - https:\/\/yoast.com\/wordpress\/plugins\/seo\/ -->\n<title>Avokaado-banaanismuuti - bio4you.eu\/retseptid<\/title>\n<meta name=\"robots\" content=\"index, follow, max-snippet:-1, max-image-preview:large, max-video-preview:-1\" \/>\n<link rel=\"canonical\" href=\"https:\/\/bio4you.eu\/retseptid\/toode\/avokaado-banaani-smuuti\/\" \/>\n<meta property=\"og:locale\" content=\"et_EE\" \/>\n<meta property=\"og:type\" content=\"article\" \/>\n<meta property=\"og:title\" content=\"Avokaado-banaanismuuti - bio4you.eu\/retseptid\" \/>\n<meta property=\"og:description\" content=\"Smuuti jaoks on vaja:   2 v\u00e4ikest banaani  pool avokaadot  200 ml kookospiima (v\u00f5i magustamata mandlijooki)  2 datlit (v\u00f5i mett, agaavisiirupit)  klaasit\u00e4is purustatud j\u00e4\u00e4d (alternatiivina kasuta k\u00fclmi koostisaineid ja klaas vett)  1 tl vaniljekauna pulbrit\" \/>\n<meta property=\"og:url\" content=\"https:\/\/bio4you.eu\/retseptid\/toode\/avokaado-banaani-smuuti\/\" \/>\n<meta property=\"og:site_name\" content=\"bio4you.eu\/retseptid\" \/>\n<meta property=\"article:modified_time\" content=\"2022-05-12T11:40:42+00:00\" \/>\n<meta property=\"og:image\" content=\"https:\/\/bio4you.eu\/retseptid\/wp-content\/uploads\/2016\/05\/smoothie-with-avocado-banana-scaled.jpg\" \/>\n\t<meta property=\"og:image:width\" content=\"2560\" \/>\n\t<meta property=\"og:image:height\" content=\"1707\" \/>\n\t<meta property=\"og:image:type\" content=\"image\/jpeg\" \/>\n<meta name=\"twitter:label1\" content=\"Est. reading time\" \/>\n\t<meta name=\"twitter:data1\" content=\"1 minut\" \/>\n<script type=\"application\/ld+json\" class=\"yoast-schema-graph\">{\"@context\":\"https:\/\/schema.org\",\"@graph\":[{\"@type\":\"WebPage\",\"@id\":\"https:\/\/bio4you.eu\/retseptid\/toode\/avokaado-banaani-smuuti\/\",\"url\":\"https:\/\/bio4you.eu\/retseptid\/toode\/avokaado-banaani-smuuti\/\",\"name\":\"Avokaado-banaanismuuti - bio4you.eu\/retseptid\",\"isPartOf\":{\"@id\":\"https:\/\/bio4you.eu\/retseptid\/#website\"},\"primaryImageOfPage\":{\"@id\":\"https:\/\/bio4you.eu\/retseptid\/toode\/avokaado-banaani-smuuti\/#primaryimage\"},\"image\":{\"@id\":\"https:\/\/bio4you.eu\/retseptid\/toode\/avokaado-banaani-smuuti\/#primaryimage\"},\"thumbnailUrl\":\"https:\/\/bio4you.eu\/retseptid\/wp-content\/uploads\/2016\/05\/smoothie-with-avocado-banana-scaled.jpg\",\"datePublished\":\"2016-05-02T13:00:18+00:00\",\"dateModified\":\"2022-05-12T11:40:42+00:00\",\"breadcrumb\":{\"@id\":\"https:\/\/bio4you.eu\/retseptid\/toode\/avokaado-banaani-smuuti\/#breadcrumb\"},\"inLanguage\":\"et\",\"potentialAction\":[{\"@type\":\"ReadAction\",\"target\":[\"https:\/\/bio4you.eu\/retseptid\/toode\/avokaado-banaani-smuuti\/\"]}]},{\"@type\":\"ImageObject\",\"inLanguage\":\"et\",\"@id\":\"https:\/\/bio4you.eu\/retseptid\/toode\/avokaado-banaani-smuuti\/#primaryimage\",\"url\":\"https:\/\/bio4you.eu\/retseptid\/wp-content\/uploads\/2016\/05\/smoothie-with-avocado-banana-scaled.jpg\",\"contentUrl\":\"https:\/\/bio4you.eu\/retseptid\/wp-content\/uploads\/2016\/05\/smoothie-with-avocado-banana-scaled.jpg\",\"width\":2560,\"height\":1707,\"caption\":\"Delicious smoothie made out of avocado and banana\"},{\"@type\":\"BreadcrumbList\",\"@id\":\"https:\/\/bio4you.eu\/retseptid\/toode\/avokaado-banaani-smuuti\/#breadcrumb\",\"itemListElement\":[{\"@type\":\"ListItem\",\"position\":1,\"name\":\"Home\",\"item\":\"https:\/\/bio4you.eu\/retseptid\/\"},{\"@type\":\"ListItem\",\"position\":2,\"name\":\"Avokaado-banaanismuuti\"}]},{\"@type\":\"WebSite\",\"@id\":\"https:\/\/bio4you.eu\/retseptid\/#website\",\"url\":\"https:\/\/bio4you.eu\/retseptid\/\",\"name\":\"bio4you.eu\/retseptid\",\"description\":\"\u00d6ko retseptid ise tegemiseks, looduslikest koostisainetest. Maitsev toit, iluhooldus, kodupuhastus ja aiandus.\",\"potentialAction\":[{\"@type\":\"SearchAction\",\"target\":{\"@type\":\"EntryPoint\",\"urlTemplate\":\"https:\/\/bio4you.eu\/retseptid\/?s={search_term_string}\"},\"query-input\":\"required name=search_term_string\"}],\"inLanguage\":\"et\"}]}<\/script>\n<!-- \/ Yoast SEO plugin. -->","yoast_head_json":{"title":"Avokaado-banaanismuuti - bio4you.eu\/retseptid","robots":{"index":"index","follow":"follow","max-snippet":"max-snippet:-1","max-image-preview":"max-image-preview:large","max-video-preview":"max-video-preview:-1"},"canonical":"https:\/\/bio4you.eu\/retseptid\/toode\/avokaado-banaani-smuuti\/","og_locale":"et_EE","og_type":"article","og_title":"Avokaado-banaanismuuti - bio4you.eu\/retseptid","og_description":"Smuuti jaoks on vaja:   2 v\u00e4ikest banaani  pool avokaadot  200 ml kookospiima (v\u00f5i magustamata mandlijooki)  2 datlit (v\u00f5i mett, agaavisiirupit)  klaasit\u00e4is purustatud j\u00e4\u00e4d (alternatiivina kasuta k\u00fclmi koostisaineid ja klaas vett)  1 tl vaniljekauna pulbrit","og_url":"https:\/\/bio4you.eu\/retseptid\/toode\/avokaado-banaani-smuuti\/","og_site_name":"bio4you.eu\/retseptid","article_modified_time":"2022-05-12T11:40:42+00:00","og_image":[{"width":2560,"height":1707,"url":"https:\/\/bio4you.eu\/retseptid\/wp-content\/uploads\/2016\/05\/smoothie-with-avocado-banana-scaled.jpg","type":"image\/jpeg"}],"twitter_misc":{"Est. reading time":"1 minut"},"schema":{"@context":"https:\/\/schema.org","@graph":[{"@type":"WebPage","@id":"https:\/\/bio4you.eu\/retseptid\/toode\/avokaado-banaani-smuuti\/","url":"https:\/\/bio4you.eu\/retseptid\/toode\/avokaado-banaani-smuuti\/","name":"Avokaado-banaanismuuti - bio4you.eu\/retseptid","isPartOf":{"@id":"https:\/\/bio4you.eu\/retseptid\/#website"},"primaryImageOfPage":{"@id":"https:\/\/bio4you.eu\/retseptid\/toode\/avokaado-banaani-smuuti\/#primaryimage"},"image":{"@id":"https:\/\/bio4you.eu\/retseptid\/toode\/avokaado-banaani-smuuti\/#primaryimage"},"thumbnailUrl":"https:\/\/bio4you.eu\/retseptid\/wp-content\/uploads\/2016\/05\/smoothie-with-avocado-banana-scaled.jpg","datePublished":"2016-05-02T13:00:18+00:00","dateModified":"2022-05-12T11:40:42+00:00","breadcrumb":{"@id":"https:\/\/bio4you.eu\/retseptid\/toode\/avokaado-banaani-smuuti\/#breadcrumb"},"inLanguage":"et","potentialAction":[{"@type":"ReadAction","target":["https:\/\/bio4you.eu\/retseptid\/toode\/avokaado-banaani-smuuti\/"]}]},{"@type":"ImageObject","inLanguage":"et","@id":"https:\/\/bio4you.eu\/retseptid\/toode\/avokaado-banaani-smuuti\/#primaryimage","url":"https:\/\/bio4you.eu\/retseptid\/wp-content\/uploads\/2016\/05\/smoothie-with-avocado-banana-scaled.jpg","contentUrl":"https:\/\/bio4you.eu\/retseptid\/wp-content\/uploads\/2016\/05\/smoothie-with-avocado-banana-scaled.jpg","width":2560,"height":1707,"caption":"Delicious smoothie made out of avocado and banana"},{"@type":"BreadcrumbList","@id":"https:\/\/bio4you.eu\/retseptid\/toode\/avokaado-banaani-smuuti\/#breadcrumb","itemListElement":[{"@type":"ListItem","position":1,"name":"Home","item":"https:\/\/bio4you.eu\/retseptid\/"},{"@type":"ListItem","position":2,"name":"Avokaado-banaanismuuti"}]},{"@type":"WebSite","@id":"https:\/\/bio4you.eu\/retseptid\/#website","url":"https:\/\/bio4you.eu\/retseptid\/","name":"bio4you.eu\/retseptid","description":"\u00d6ko retseptid ise tegemiseks, looduslikest koostisainetest. Maitsev toit, iluhooldus, kodupuhastus ja aiandus.","potentialAction":[{"@type":"SearchAction","target":{"@type":"EntryPoint","urlTemplate":"https:\/\/bio4you.eu\/retseptid\/?s={search_term_string}"},"query-input":"required name=search_term_string"}],"inLanguage":"et"}]}},"_links":{"self":[{"href":"https:\/\/bio4you.eu\/retseptid\/wp-json\/wp\/v2\/product\/2498"}],"collection":[{"href":"https:\/\/bio4you.eu\/retseptid\/wp-json\/wp\/v2\/product"}],"about":[{"href":"https:\/\/bio4you.eu\/retseptid\/wp-json\/wp\/v2\/types\/product"}],"replies":[{"embeddable":true,"href":"https:\/\/bio4you.eu\/retseptid\/wp-json\/wp\/v2\/comments?post=2498"}],"wp:featuredmedia":[{"embeddable":true,"href":"https:\/\/bio4you.eu\/retseptid\/wp-json\/wp\/v2\/media\/3879"}],"wp:attachment":[{"href":"https:\/\/bio4you.eu\/retseptid\/wp-json\/wp\/v2\/media?parent=2498"}],"wp:term":[{"taxonomy":"product_cat","embeddable":true,"href":"https:\/\/bio4you.eu\/retseptid\/wp-json\/wp\/v2\/product_cat?post=2498"},{"taxonomy":"product_tag","embeddable":true,"href":"https:\/\/bio4you.eu\/retseptid\/wp-json\/wp\/v2\/product_tag?post=2498"}],"curies":[{"name":"wp","href":"https:\/\/api.w.org\/{rel}","templated":true}]}}