{"id":2500,"date":"2016-05-02T16:19:50","date_gmt":"2016-05-02T13:19:50","guid":{"rendered":"https:\/\/bio4you.eu\/retseptid\/?post_type=product&#038;p=2500"},"modified":"2022-05-17T09:33:28","modified_gmt":"2022-05-17T06:33:28","slug":"kruubipada-krompsuva-rucolaga","status":"publish","type":"product","link":"https:\/\/bio4you.eu\/retseptid\/toode\/kruubipada-krompsuva-rucolaga\/","title":{"rendered":"Kruubipada kr\u00f5mpsuva rucolaga"},"content":{"rendered":"<p>Valmistamine:<br \/>\nLase vesi kiirkeetjas keema.<br \/>\nPane tangaine potti koos \u00f5li ja k\u00fc\u00fcslauguk\u00fc\u00fcnega.<br \/>\nKuumuta segades paar minutit, siis vala peale keev vesi ja lase aeglasel tulel podiseda.<br \/>\nVahepeal v\u00f5ta k\u00fc\u00fcslauguk\u00fc\u00fcs v\u00e4lja. Lisa pool puljongikuubikut ja soovi korral n\u00e4puotsat\u00e4is vetikat.<br \/>\nKui tangaine on pehme, keera tuli kinni ja lisa rucola. \u00c4ra enam keeda. Sega ja lase natuke taheneda. Kaunista v\u00e4rskete rucola lehtedega. Riputa peale riivitud parmesani ja \u00f5li.<\/p>\n","protected":false},"excerpt":{"rendered":"<p>Vaja l\u00e4heb:<\/p>\n<ul>\n<li>tangainet (<a href=\"https:\/\/bio4you.eu\/et\/otsi?controller=search&amp;order=product.position.desc&amp;s=kruup&amp;utm_source=bioretsept&amp;utm_medium=retsept&amp;utm_campaign=retsept\" target=\"_blank\" rel=\"noopener\">kruup<\/a>, sorgo, <a href=\"http:\/\/bio4you.eu\/et\/search?controller=search&amp;orderby=position&amp;orderway=desc&amp;search_query=riis&amp;submit_search=\" target=\"_blank\" rel=\"noopener\"><span style=\"color: #99cc00;\">riis<\/span><\/a>, tatar v\u00f5i valged <a href=\"http:\/\/bio4you.eu\/et\/search?controller=search&amp;orderby=position&amp;orderway=desc&amp;search_query=l\u00e4\u00e4tsed&amp;submit_search=\" target=\"_blank\" rel=\"noopener\"><span style=\"color: #99cc00;\">l\u00e4\u00e4tsed<\/span><\/a><\/li>\n<li>1 k\u00fc\u00fcslauguk\u00fc\u00fcs<\/li>\n<li><a href=\"https:\/\/bio4you.eu\/et\/otsi?controller=search&amp;order=product.position.desc&amp;s=oliivi%C3%B5li&amp;utm_source=bioretsept&amp;utm_medium=retsept&amp;utm_campaign=retsept\" target=\"_blank\" rel=\"noopener\">ekstra neitsi oliivi\u00f5li<\/a><\/li>\n<li>pool <a href=\"http:\/\/bio4you.eu\/et\/puljong\/1097-puljongikuubikud-parmita-6tk-66g-fior-di-loto.html?search_query=puljong&amp;results=5\" target=\"_blank\" rel=\"noopener\"><span style=\"color: #99cc00;\">puljongikuubikut<\/span><\/a><\/li>\n<li>riivitud parmesanijuustu<\/li>\n<li>paar peot\u00e4it rucolat (v\u00f5id asendada noore spinati v\u00f5i noorte n\u00f5geste lehtedega)<\/li>\n<li>soovi korral maitsestamiseks vetikaid v\u00f5i vetikapulbrit wakame, kelp vms (lisades vetikat keeduvette, l\u00fcheneb keemisaeg, l\u00e4heb vaja v\u00e4hem soola ja maitse tuleb aromaatsem)<\/li>\n<\/ul>\n","protected":false},"featured_media":3080,"comment_status":"open","ping_status":"closed","template":"","meta":{"_exactmetrics_skip_tracking":false,"_exactmetrics_sitenote_active":false,"_exactmetrics_sitenote_note":"","_exactmetrics_sitenote_category":0},"product_cat":[60,383,71,72],"product_tag":[],"class_list":{"0":"post-2500","1":"product","2":"type-product","3":"status-publish","4":"has-post-thumbnail","6":"product_cat-toiduretseptid","7":"product_cat-taimetoit","8":"product_cat-riisi-ja-teraviljatoidud","9":"product_cat-oa-laatse-ja-hernetoidud","11":"first","12":"instock","13":"shipping-taxable","14":"product-type-simple"},"yoast_head":"<!-- This site is optimized with the Yoast SEO plugin v23.3 - https:\/\/yoast.com\/wordpress\/plugins\/seo\/ -->\n<title>Kruubipada kr\u00f5mpsuva rucolaga - bio4you.eu\/retseptid<\/title>\n<meta name=\"robots\" content=\"index, follow, max-snippet:-1, max-image-preview:large, max-video-preview:-1\" \/>\n<link rel=\"canonical\" href=\"https:\/\/bio4you.eu\/retseptid\/toode\/kruubipada-krompsuva-rucolaga\/\" \/>\n<meta property=\"og:locale\" content=\"et_EE\" \/>\n<meta property=\"og:type\" content=\"article\" \/>\n<meta property=\"og:title\" content=\"Kruubipada kr\u00f5mpsuva rucolaga - bio4you.eu\/retseptid\" \/>\n<meta property=\"og:description\" content=\"Vaja l\u00e4heb:   tangainet (kruup, sorgo, riis, tatar v\u00f5i valged l\u00e4\u00e4tsed  1 k\u00fc\u00fcslauguk\u00fc\u00fcs  ekstra neitsi oliivi\u00f5li  pool puljongikuubikut  riivitud parmesanijuustu  paar peot\u00e4it rucolat (v\u00f5id asendada noore spinati v\u00f5i noorte n\u00f5geste lehtedega)  soovi korral maitsestamiseks vetikaid v\u00f5i vetikapulbrit wakame, kelp vms (lisades vetikat keeduvette, l\u00fcheneb keemisaeg, l\u00e4heb vaja v\u00e4hem soola ja maitse tuleb aromaatsem)\" \/>\n<meta property=\"og:url\" content=\"https:\/\/bio4you.eu\/retseptid\/toode\/kruubipada-krompsuva-rucolaga\/\" \/>\n<meta property=\"og:site_name\" content=\"bio4you.eu\/retseptid\" \/>\n<meta property=\"article:modified_time\" content=\"2022-05-17T06:33:28+00:00\" \/>\n<meta property=\"og:image\" content=\"https:\/\/bio4you.eu\/retseptid\/wp-content\/uploads\/2016\/05\/13083341_1775108329368883_3114898178451710300_n.jpg\" \/>\n\t<meta property=\"og:image:width\" content=\"960\" \/>\n\t<meta property=\"og:image:height\" content=\"720\" \/>\n\t<meta property=\"og:image:type\" content=\"image\/jpeg\" \/>\n<meta name=\"twitter:label1\" content=\"Est. reading time\" \/>\n\t<meta name=\"twitter:data1\" content=\"1 minut\" \/>\n<script type=\"application\/ld+json\" class=\"yoast-schema-graph\">{\"@context\":\"https:\/\/schema.org\",\"@graph\":[{\"@type\":\"WebPage\",\"@id\":\"https:\/\/bio4you.eu\/retseptid\/toode\/kruubipada-krompsuva-rucolaga\/\",\"url\":\"https:\/\/bio4you.eu\/retseptid\/toode\/kruubipada-krompsuva-rucolaga\/\",\"name\":\"Kruubipada kr\u00f5mpsuva rucolaga - bio4you.eu\/retseptid\",\"isPartOf\":{\"@id\":\"https:\/\/bio4you.eu\/retseptid\/#website\"},\"primaryImageOfPage\":{\"@id\":\"https:\/\/bio4you.eu\/retseptid\/toode\/kruubipada-krompsuva-rucolaga\/#primaryimage\"},\"image\":{\"@id\":\"https:\/\/bio4you.eu\/retseptid\/toode\/kruubipada-krompsuva-rucolaga\/#primaryimage\"},\"thumbnailUrl\":\"https:\/\/bio4you.eu\/retseptid\/wp-content\/uploads\/2016\/05\/13083341_1775108329368883_3114898178451710300_n.jpg\",\"datePublished\":\"2016-05-02T13:19:50+00:00\",\"dateModified\":\"2022-05-17T06:33:28+00:00\",\"breadcrumb\":{\"@id\":\"https:\/\/bio4you.eu\/retseptid\/toode\/kruubipada-krompsuva-rucolaga\/#breadcrumb\"},\"inLanguage\":\"et\",\"potentialAction\":[{\"@type\":\"ReadAction\",\"target\":[\"https:\/\/bio4you.eu\/retseptid\/toode\/kruubipada-krompsuva-rucolaga\/\"]}]},{\"@type\":\"ImageObject\",\"inLanguage\":\"et\",\"@id\":\"https:\/\/bio4you.eu\/retseptid\/toode\/kruubipada-krompsuva-rucolaga\/#primaryimage\",\"url\":\"https:\/\/bio4you.eu\/retseptid\/wp-content\/uploads\/2016\/05\/13083341_1775108329368883_3114898178451710300_n.jpg\",\"contentUrl\":\"https:\/\/bio4you.eu\/retseptid\/wp-content\/uploads\/2016\/05\/13083341_1775108329368883_3114898178451710300_n.jpg\",\"width\":960,\"height\":720},{\"@type\":\"BreadcrumbList\",\"@id\":\"https:\/\/bio4you.eu\/retseptid\/toode\/kruubipada-krompsuva-rucolaga\/#breadcrumb\",\"itemListElement\":[{\"@type\":\"ListItem\",\"position\":1,\"name\":\"Home\",\"item\":\"https:\/\/bio4you.eu\/retseptid\/\"},{\"@type\":\"ListItem\",\"position\":2,\"name\":\"Kruubipada kr\u00f5mpsuva rucolaga\"}]},{\"@type\":\"WebSite\",\"@id\":\"https:\/\/bio4you.eu\/retseptid\/#website\",\"url\":\"https:\/\/bio4you.eu\/retseptid\/\",\"name\":\"bio4you.eu\/retseptid\",\"description\":\"\u00d6ko retseptid ise tegemiseks, looduslikest koostisainetest. Maitsev toit, iluhooldus, kodupuhastus ja aiandus.\",\"potentialAction\":[{\"@type\":\"SearchAction\",\"target\":{\"@type\":\"EntryPoint\",\"urlTemplate\":\"https:\/\/bio4you.eu\/retseptid\/?s={search_term_string}\"},\"query-input\":\"required name=search_term_string\"}],\"inLanguage\":\"et\"}]}<\/script>\n<!-- \/ Yoast SEO plugin. -->","yoast_head_json":{"title":"Kruubipada kr\u00f5mpsuva rucolaga - bio4you.eu\/retseptid","robots":{"index":"index","follow":"follow","max-snippet":"max-snippet:-1","max-image-preview":"max-image-preview:large","max-video-preview":"max-video-preview:-1"},"canonical":"https:\/\/bio4you.eu\/retseptid\/toode\/kruubipada-krompsuva-rucolaga\/","og_locale":"et_EE","og_type":"article","og_title":"Kruubipada kr\u00f5mpsuva rucolaga - bio4you.eu\/retseptid","og_description":"Vaja l\u00e4heb:   tangainet (kruup, sorgo, riis, tatar v\u00f5i valged l\u00e4\u00e4tsed  1 k\u00fc\u00fcslauguk\u00fc\u00fcs  ekstra neitsi oliivi\u00f5li  pool puljongikuubikut  riivitud parmesanijuustu  paar peot\u00e4it rucolat (v\u00f5id asendada noore spinati v\u00f5i noorte n\u00f5geste lehtedega)  soovi korral maitsestamiseks vetikaid v\u00f5i vetikapulbrit wakame, kelp vms (lisades vetikat keeduvette, l\u00fcheneb keemisaeg, l\u00e4heb vaja v\u00e4hem soola ja maitse tuleb aromaatsem)","og_url":"https:\/\/bio4you.eu\/retseptid\/toode\/kruubipada-krompsuva-rucolaga\/","og_site_name":"bio4you.eu\/retseptid","article_modified_time":"2022-05-17T06:33:28+00:00","og_image":[{"width":960,"height":720,"url":"https:\/\/bio4you.eu\/retseptid\/wp-content\/uploads\/2016\/05\/13083341_1775108329368883_3114898178451710300_n.jpg","type":"image\/jpeg"}],"twitter_misc":{"Est. reading time":"1 minut"},"schema":{"@context":"https:\/\/schema.org","@graph":[{"@type":"WebPage","@id":"https:\/\/bio4you.eu\/retseptid\/toode\/kruubipada-krompsuva-rucolaga\/","url":"https:\/\/bio4you.eu\/retseptid\/toode\/kruubipada-krompsuva-rucolaga\/","name":"Kruubipada kr\u00f5mpsuva rucolaga - bio4you.eu\/retseptid","isPartOf":{"@id":"https:\/\/bio4you.eu\/retseptid\/#website"},"primaryImageOfPage":{"@id":"https:\/\/bio4you.eu\/retseptid\/toode\/kruubipada-krompsuva-rucolaga\/#primaryimage"},"image":{"@id":"https:\/\/bio4you.eu\/retseptid\/toode\/kruubipada-krompsuva-rucolaga\/#primaryimage"},"thumbnailUrl":"https:\/\/bio4you.eu\/retseptid\/wp-content\/uploads\/2016\/05\/13083341_1775108329368883_3114898178451710300_n.jpg","datePublished":"2016-05-02T13:19:50+00:00","dateModified":"2022-05-17T06:33:28+00:00","breadcrumb":{"@id":"https:\/\/bio4you.eu\/retseptid\/toode\/kruubipada-krompsuva-rucolaga\/#breadcrumb"},"inLanguage":"et","potentialAction":[{"@type":"ReadAction","target":["https:\/\/bio4you.eu\/retseptid\/toode\/kruubipada-krompsuva-rucolaga\/"]}]},{"@type":"ImageObject","inLanguage":"et","@id":"https:\/\/bio4you.eu\/retseptid\/toode\/kruubipada-krompsuva-rucolaga\/#primaryimage","url":"https:\/\/bio4you.eu\/retseptid\/wp-content\/uploads\/2016\/05\/13083341_1775108329368883_3114898178451710300_n.jpg","contentUrl":"https:\/\/bio4you.eu\/retseptid\/wp-content\/uploads\/2016\/05\/13083341_1775108329368883_3114898178451710300_n.jpg","width":960,"height":720},{"@type":"BreadcrumbList","@id":"https:\/\/bio4you.eu\/retseptid\/toode\/kruubipada-krompsuva-rucolaga\/#breadcrumb","itemListElement":[{"@type":"ListItem","position":1,"name":"Home","item":"https:\/\/bio4you.eu\/retseptid\/"},{"@type":"ListItem","position":2,"name":"Kruubipada kr\u00f5mpsuva rucolaga"}]},{"@type":"WebSite","@id":"https:\/\/bio4you.eu\/retseptid\/#website","url":"https:\/\/bio4you.eu\/retseptid\/","name":"bio4you.eu\/retseptid","description":"\u00d6ko retseptid ise tegemiseks, looduslikest koostisainetest. Maitsev toit, iluhooldus, kodupuhastus ja aiandus.","potentialAction":[{"@type":"SearchAction","target":{"@type":"EntryPoint","urlTemplate":"https:\/\/bio4you.eu\/retseptid\/?s={search_term_string}"},"query-input":"required name=search_term_string"}],"inLanguage":"et"}]}},"_links":{"self":[{"href":"https:\/\/bio4you.eu\/retseptid\/wp-json\/wp\/v2\/product\/2500"}],"collection":[{"href":"https:\/\/bio4you.eu\/retseptid\/wp-json\/wp\/v2\/product"}],"about":[{"href":"https:\/\/bio4you.eu\/retseptid\/wp-json\/wp\/v2\/types\/product"}],"replies":[{"embeddable":true,"href":"https:\/\/bio4you.eu\/retseptid\/wp-json\/wp\/v2\/comments?post=2500"}],"wp:featuredmedia":[{"embeddable":true,"href":"https:\/\/bio4you.eu\/retseptid\/wp-json\/wp\/v2\/media\/3080"}],"wp:attachment":[{"href":"https:\/\/bio4you.eu\/retseptid\/wp-json\/wp\/v2\/media?parent=2500"}],"wp:term":[{"taxonomy":"product_cat","embeddable":true,"href":"https:\/\/bio4you.eu\/retseptid\/wp-json\/wp\/v2\/product_cat?post=2500"},{"taxonomy":"product_tag","embeddable":true,"href":"https:\/\/bio4you.eu\/retseptid\/wp-json\/wp\/v2\/product_tag?post=2500"}],"curies":[{"name":"wp","href":"https:\/\/api.w.org\/{rel}","templated":true}]}}