{"id":2629,"date":"2016-05-16T13:42:54","date_gmt":"2016-05-16T10:42:54","guid":{"rendered":"https:\/\/bio4you.eu\/retseptid\/?post_type=product&#038;p=2629"},"modified":"2022-05-12T10:02:01","modified_gmt":"2022-05-12T07:02:01","slug":"maapahklipallid","status":"publish","type":"product","link":"https:\/\/bio4you.eu\/retseptid\/toode\/maapahklipallid\/","title":{"rendered":"Maap\u00e4hklipallid"},"content":{"rendered":"<div>VALMISTAMINE:<\/div>\n<div>\n<p>Purusta maap\u00e4hklid k\u00f6\u00f6gikombainis jahuks ning sega kokku veega. Selle asemel v\u00f5id kasutada ka maap\u00e4hkliv\u00f5id.<br \/>\nLisa datlid, kaerahelbed ja kaneel koos maap\u00e4hkli ja vee seguga k\u00f6\u00f6gikombaini ning t\u00f6\u00f6tle kuni saad taina, mida on v\u00f5imalik pallideks voolida. Kui k\u00f6\u00f6gikombain pole piisavalt v\u00f5imas, et datleid purustada, siis lase datlitel enne umbes pool tundi soojas vees pehmeneda, kuid siis lisa maap\u00e4hklijahule v\u00e4hem vett.<br \/>\nValmis tainale lisa ka chia seemned. N\u00fc\u00fcd saad tainast voolida meeldiva suurusega pallid. Et tainas k\u00e4te k\u00fclge ei kleepuks, v\u00f5ta veega t\u00e4idetud kauss ja kasta k\u00e4ed enne voolimist m\u00e4rjaks.<br \/>\nPane pallid s\u00fcgavk\u00fclma ning sulata veevannil \u0161okolaad. Lase \u0161okolaadil natuke jahtuda, et pallid sinna sisse kastes sulama ei hakkaks.<br \/>\nN\u00fc\u00fcd kasta pallid \u0161okolaadi sisse ja raputa peale kookoshelbeid. Jahuta palle k\u00fclmkapis nii kaua, kuni \u0161okolaad on uuesti tahkunud. Naudi tee v\u00f5i kohviga.<\/p>\n<\/div>\n","protected":false},"excerpt":{"rendered":"<p>Vaja l\u00e4heb:<\/p>\n<ul>\n<li>4 spl maap\u00e4hklijahu (jahvata kooritud maap\u00e4hklid jahuks v\u00f5i kasuta <a href=\"http:\/\/bio4you.eu\/et\/pahkli-ja-sokolaadikreemid\/2059-maapahklivoi-350g-jean-herve.html?search_query=maapahkli&amp;results=6\" target=\"_blank\" rel=\"noopener\"><span style=\"color: #99cc00;\">maap\u00e4hkliv\u00f5id<\/span><\/a>)<\/li>\n<li>6 spl vett<\/li>\n<li>6 datlit<\/li>\n<li>1,5 dl <a href=\"http:\/\/bio4you.eu\/et\/helbed\/1428-kaerahelbed-gluteenivabad-475g-bauckhof.html?search_query=kaerahelbed&amp;results=4\" target=\"_blank\" rel=\"noopener\"><span style=\"color: #99cc00;\">kaerahelbeid<\/span><\/a><\/li>\n<li>0,5 tl <a href=\"http:\/\/bio4you.eu\/et\/maitseained\/995-tseiloni-kaneel-10g-cosmoveda.html?search_query=kaneel&amp;results=115\" target=\"_blank\" rel=\"noopener\"><span style=\"color: #99cc00;\">kaneeli<\/span><\/a><\/li>\n<li>2 tl <a href=\"http:\/\/bio4you.eu\/et\/marjad-paehklid-ja-seemned\/2210-chia-seemned-250g-nutrisslim.html?search_query=chia+seemned&amp;results=57\" target=\"_blank\" rel=\"noopener\"><span style=\"color: #99cc00;\">chia seemneid<\/span><\/a><\/li>\n<li>1 tahvel tumedat \u0161okolaadi<span style=\"color: #99cc00;\">\u00a0<\/span>(v\u00f5i toor\u0161okolaadi)<\/li>\n<li>kaunistuseks <a href=\"https:\/\/bio4you.eu\/et\/kookostooted\/3097-kookoshelbed-200g-cosmoveda.html\">kookoshelbeid<\/a><\/li>\n<\/ul>\n","protected":false},"featured_media":3219,"comment_status":"open","ping_status":"closed","template":"","meta":{"_exactmetrics_skip_tracking":false,"_exactmetrics_sitenote_active":false,"_exactmetrics_sitenote_note":"","_exactmetrics_sitenote_category":0},"product_cat":[60,382,63,383,280,68,77],"product_tag":[],"class_list":{"0":"post-2629","1":"product","2":"type-product","3":"status-publish","4":"has-post-thumbnail","6":"product_cat-toiduretseptid","7":"product_cat-vegan-toiduretseptid","8":"product_cat-gluteenivabad-retseptid","9":"product_cat-taimetoit","10":"product_cat-koogid-ja-kupsised","11":"product_cat-suupisted","12":"product_cat-toortoit","14":"first","15":"instock","16":"shipping-taxable","17":"product-type-simple"},"yoast_head":"<!-- This site is optimized with the Yoast SEO plugin v23.3 - https:\/\/yoast.com\/wordpress\/plugins\/seo\/ -->\n<title>Maap\u00e4hklipallid - bio4you.eu\/retseptid<\/title>\n<meta name=\"robots\" content=\"index, follow, max-snippet:-1, max-image-preview:large, max-video-preview:-1\" \/>\n<link rel=\"canonical\" href=\"https:\/\/bio4you.eu\/retseptid\/toode\/maapahklipallid\/\" \/>\n<meta property=\"og:locale\" content=\"et_EE\" \/>\n<meta property=\"og:type\" content=\"article\" \/>\n<meta property=\"og:title\" content=\"Maap\u00e4hklipallid - bio4you.eu\/retseptid\" \/>\n<meta property=\"og:description\" content=\"Vaja l\u00e4heb:   4 spl maap\u00e4hklijahu (jahvata kooritud maap\u00e4hklid jahuks v\u00f5i kasuta maap\u00e4hkliv\u00f5id)  6 spl vett  6 datlit  1,5 dl kaerahelbeid  0,5 tl kaneeli  2 tl chia seemneid  1 tahvel tumedat \u0161okolaadi\u00a0(v\u00f5i toor\u0161okolaadi)  kaunistuseks kookoshelbeid\" \/>\n<meta property=\"og:url\" content=\"https:\/\/bio4you.eu\/retseptid\/toode\/maapahklipallid\/\" \/>\n<meta property=\"og:site_name\" content=\"bio4you.eu\/retseptid\" \/>\n<meta property=\"article:modified_time\" content=\"2022-05-12T07:02:01+00:00\" \/>\n<meta property=\"og:image\" content=\"https:\/\/bio4you.eu\/retseptid\/wp-content\/uploads\/2016\/05\/IMG_0951-1.jpg\" \/>\n\t<meta property=\"og:image:width\" content=\"640\" \/>\n\t<meta property=\"og:image:height\" content=\"480\" \/>\n\t<meta property=\"og:image:type\" content=\"image\/jpeg\" \/>\n<meta name=\"twitter:label1\" content=\"Est. reading time\" \/>\n\t<meta name=\"twitter:data1\" content=\"1 minut\" \/>\n<script type=\"application\/ld+json\" class=\"yoast-schema-graph\">{\"@context\":\"https:\/\/schema.org\",\"@graph\":[{\"@type\":\"WebPage\",\"@id\":\"https:\/\/bio4you.eu\/retseptid\/toode\/maapahklipallid\/\",\"url\":\"https:\/\/bio4you.eu\/retseptid\/toode\/maapahklipallid\/\",\"name\":\"Maap\u00e4hklipallid - bio4you.eu\/retseptid\",\"isPartOf\":{\"@id\":\"https:\/\/bio4you.eu\/retseptid\/#website\"},\"primaryImageOfPage\":{\"@id\":\"https:\/\/bio4you.eu\/retseptid\/toode\/maapahklipallid\/#primaryimage\"},\"image\":{\"@id\":\"https:\/\/bio4you.eu\/retseptid\/toode\/maapahklipallid\/#primaryimage\"},\"thumbnailUrl\":\"https:\/\/bio4you.eu\/retseptid\/wp-content\/uploads\/2016\/05\/IMG_0951-1.jpg\",\"datePublished\":\"2016-05-16T10:42:54+00:00\",\"dateModified\":\"2022-05-12T07:02:01+00:00\",\"breadcrumb\":{\"@id\":\"https:\/\/bio4you.eu\/retseptid\/toode\/maapahklipallid\/#breadcrumb\"},\"inLanguage\":\"et\",\"potentialAction\":[{\"@type\":\"ReadAction\",\"target\":[\"https:\/\/bio4you.eu\/retseptid\/toode\/maapahklipallid\/\"]}]},{\"@type\":\"ImageObject\",\"inLanguage\":\"et\",\"@id\":\"https:\/\/bio4you.eu\/retseptid\/toode\/maapahklipallid\/#primaryimage\",\"url\":\"https:\/\/bio4you.eu\/retseptid\/wp-content\/uploads\/2016\/05\/IMG_0951-1.jpg\",\"contentUrl\":\"https:\/\/bio4you.eu\/retseptid\/wp-content\/uploads\/2016\/05\/IMG_0951-1.jpg\",\"width\":640,\"height\":480},{\"@type\":\"BreadcrumbList\",\"@id\":\"https:\/\/bio4you.eu\/retseptid\/toode\/maapahklipallid\/#breadcrumb\",\"itemListElement\":[{\"@type\":\"ListItem\",\"position\":1,\"name\":\"Home\",\"item\":\"https:\/\/bio4you.eu\/retseptid\/\"},{\"@type\":\"ListItem\",\"position\":2,\"name\":\"Maap\u00e4hklipallid\"}]},{\"@type\":\"WebSite\",\"@id\":\"https:\/\/bio4you.eu\/retseptid\/#website\",\"url\":\"https:\/\/bio4you.eu\/retseptid\/\",\"name\":\"bio4you.eu\/retseptid\",\"description\":\"\u00d6ko retseptid ise tegemiseks, looduslikest koostisainetest. Maitsev toit, iluhooldus, kodupuhastus ja aiandus.\",\"potentialAction\":[{\"@type\":\"SearchAction\",\"target\":{\"@type\":\"EntryPoint\",\"urlTemplate\":\"https:\/\/bio4you.eu\/retseptid\/?s={search_term_string}\"},\"query-input\":\"required name=search_term_string\"}],\"inLanguage\":\"et\"}]}<\/script>\n<!-- \/ Yoast SEO plugin. -->","yoast_head_json":{"title":"Maap\u00e4hklipallid - bio4you.eu\/retseptid","robots":{"index":"index","follow":"follow","max-snippet":"max-snippet:-1","max-image-preview":"max-image-preview:large","max-video-preview":"max-video-preview:-1"},"canonical":"https:\/\/bio4you.eu\/retseptid\/toode\/maapahklipallid\/","og_locale":"et_EE","og_type":"article","og_title":"Maap\u00e4hklipallid - bio4you.eu\/retseptid","og_description":"Vaja l\u00e4heb:   4 spl maap\u00e4hklijahu (jahvata kooritud maap\u00e4hklid jahuks v\u00f5i kasuta maap\u00e4hkliv\u00f5id)  6 spl vett  6 datlit  1,5 dl kaerahelbeid  0,5 tl kaneeli  2 tl chia seemneid  1 tahvel tumedat \u0161okolaadi\u00a0(v\u00f5i toor\u0161okolaadi)  kaunistuseks kookoshelbeid","og_url":"https:\/\/bio4you.eu\/retseptid\/toode\/maapahklipallid\/","og_site_name":"bio4you.eu\/retseptid","article_modified_time":"2022-05-12T07:02:01+00:00","og_image":[{"width":640,"height":480,"url":"https:\/\/bio4you.eu\/retseptid\/wp-content\/uploads\/2016\/05\/IMG_0951-1.jpg","type":"image\/jpeg"}],"twitter_misc":{"Est. reading time":"1 minut"},"schema":{"@context":"https:\/\/schema.org","@graph":[{"@type":"WebPage","@id":"https:\/\/bio4you.eu\/retseptid\/toode\/maapahklipallid\/","url":"https:\/\/bio4you.eu\/retseptid\/toode\/maapahklipallid\/","name":"Maap\u00e4hklipallid - bio4you.eu\/retseptid","isPartOf":{"@id":"https:\/\/bio4you.eu\/retseptid\/#website"},"primaryImageOfPage":{"@id":"https:\/\/bio4you.eu\/retseptid\/toode\/maapahklipallid\/#primaryimage"},"image":{"@id":"https:\/\/bio4you.eu\/retseptid\/toode\/maapahklipallid\/#primaryimage"},"thumbnailUrl":"https:\/\/bio4you.eu\/retseptid\/wp-content\/uploads\/2016\/05\/IMG_0951-1.jpg","datePublished":"2016-05-16T10:42:54+00:00","dateModified":"2022-05-12T07:02:01+00:00","breadcrumb":{"@id":"https:\/\/bio4you.eu\/retseptid\/toode\/maapahklipallid\/#breadcrumb"},"inLanguage":"et","potentialAction":[{"@type":"ReadAction","target":["https:\/\/bio4you.eu\/retseptid\/toode\/maapahklipallid\/"]}]},{"@type":"ImageObject","inLanguage":"et","@id":"https:\/\/bio4you.eu\/retseptid\/toode\/maapahklipallid\/#primaryimage","url":"https:\/\/bio4you.eu\/retseptid\/wp-content\/uploads\/2016\/05\/IMG_0951-1.jpg","contentUrl":"https:\/\/bio4you.eu\/retseptid\/wp-content\/uploads\/2016\/05\/IMG_0951-1.jpg","width":640,"height":480},{"@type":"BreadcrumbList","@id":"https:\/\/bio4you.eu\/retseptid\/toode\/maapahklipallid\/#breadcrumb","itemListElement":[{"@type":"ListItem","position":1,"name":"Home","item":"https:\/\/bio4you.eu\/retseptid\/"},{"@type":"ListItem","position":2,"name":"Maap\u00e4hklipallid"}]},{"@type":"WebSite","@id":"https:\/\/bio4you.eu\/retseptid\/#website","url":"https:\/\/bio4you.eu\/retseptid\/","name":"bio4you.eu\/retseptid","description":"\u00d6ko retseptid ise tegemiseks, looduslikest koostisainetest. Maitsev toit, iluhooldus, kodupuhastus ja aiandus.","potentialAction":[{"@type":"SearchAction","target":{"@type":"EntryPoint","urlTemplate":"https:\/\/bio4you.eu\/retseptid\/?s={search_term_string}"},"query-input":"required name=search_term_string"}],"inLanguage":"et"}]}},"_links":{"self":[{"href":"https:\/\/bio4you.eu\/retseptid\/wp-json\/wp\/v2\/product\/2629"}],"collection":[{"href":"https:\/\/bio4you.eu\/retseptid\/wp-json\/wp\/v2\/product"}],"about":[{"href":"https:\/\/bio4you.eu\/retseptid\/wp-json\/wp\/v2\/types\/product"}],"replies":[{"embeddable":true,"href":"https:\/\/bio4you.eu\/retseptid\/wp-json\/wp\/v2\/comments?post=2629"}],"wp:featuredmedia":[{"embeddable":true,"href":"https:\/\/bio4you.eu\/retseptid\/wp-json\/wp\/v2\/media\/3219"}],"wp:attachment":[{"href":"https:\/\/bio4you.eu\/retseptid\/wp-json\/wp\/v2\/media?parent=2629"}],"wp:term":[{"taxonomy":"product_cat","embeddable":true,"href":"https:\/\/bio4you.eu\/retseptid\/wp-json\/wp\/v2\/product_cat?post=2629"},{"taxonomy":"product_tag","embeddable":true,"href":"https:\/\/bio4you.eu\/retseptid\/wp-json\/wp\/v2\/product_tag?post=2629"}],"curies":[{"name":"wp","href":"https:\/\/api.w.org\/{rel}","templated":true}]}}