{"id":2633,"date":"2016-05-16T14:00:27","date_gmt":"2016-05-16T11:00:27","guid":{"rendered":"https:\/\/bio4you.eu\/retseptid\/?post_type=product&#038;p=2633"},"modified":"2022-03-25T10:35:47","modified_gmt":"2022-03-25T08:35:47","slug":"chiaseemne-kakao-puding","status":"publish","type":"product","link":"https:\/\/bio4you.eu\/retseptid\/toode\/chiaseemne-kakao-puding\/","title":{"rendered":"Chiaseemne-kakao puding"},"content":{"rendered":"<p>VALMISTAMINE:<br \/>\nPane k\u00f5ik koostisained peale chia seemnete blenderisse ja sega k\u00f5ik \u00fchtlaseks. Blenderi sisu peaks n\u00fc\u00fcd v\u00e4lja n\u00e4gema justkui paksem smuuti. Vala see kaussi ning sega chia seemned k\u00f5ige sisse. Lase pudingul 10 minutit taheneda, seej\u00e4rel kata meeldivate marjade, puuviljade v\u00f5i seemnetega.<\/p>\n<div>Kui j\u00e4tta v\u00e4lja kakao ning lisada n\u00e4iteks vaniljet, saad hoopis vaniljepudingu.<\/div>\n<div><\/div>\n<div>Loe chia seemnete kasulikkusest<a href=\"http:\/\/bioblogi.eu\/valgurikas-taimetoit-tervislik-ja-reaalne\/\" target=\"_blank\" rel=\"noopener\"><span style=\"color: #99cc00;\"> SIIT<\/span><\/a>.<\/div>\n","protected":false},"excerpt":{"rendered":"<div>Vaja l\u00e4heb:<\/div>\n<div>\n<ul>\n<li>1 banaan<\/li>\n<li>1 dl <a href=\"https:\/\/bio4you.eu\/et\/124-taimsed-joogid-ja-kreemid?q=T%C3%BC%C3%BCp-Taimsed+joogid&amp;utm_source=bioretsept&amp;utm_medium=blogi&amp;utm_campaign=retsept\" target=\"_blank\" rel=\"noopener\"><span style=\"color: #99cc00;\">taimset piima\u00a0<\/span><\/a><\/li>\n<li>2-4 datlit<\/li>\n<li>2-4 tl <a href=\"https:\/\/bio4you.eu\/et\/supertoit-ja-toidulisandid\/1725-toorkakao-pulber-250g.html?utm_source=bioretsept&amp;utm_medium=blogi&amp;utm_campaign=retsept\" target=\"_blank\" rel=\"noopener\"><span style=\"color: #99cc00;\">kakaod\u00a0<\/span><\/a><\/li>\n<li>soovi korral 1 dl k\u00fclmutatud marju (n\u00e4iteks maasikad, vaarikad, mustikad)<\/li>\n<li>2-3 tl <a href=\"https:\/\/bio4you.eu\/et\/supertoit-ja-toidulisandid\/2092-chia-seemned-400g-nutrisslim.html?utm_source=bioretsept&amp;utm_medium=blogi&amp;utm_campaign=retsept\" target=\"_blank\" rel=\"noopener\"><span style=\"color: #99cc00;\">chia seemneid<\/span><\/a><\/li>\n<\/ul>\n<\/div>\n","protected":false},"featured_media":3221,"comment_status":"open","ping_status":"closed","template":"","meta":{"_exactmetrics_skip_tracking":false,"_exactmetrics_sitenote_active":false,"_exactmetrics_sitenote_note":"","_exactmetrics_sitenote_category":0},"product_cat":[60,382,383,365,77],"product_tag":[],"class_list":{"0":"post-2633","1":"product","2":"type-product","3":"status-publish","4":"has-post-thumbnail","6":"product_cat-toiduretseptid","7":"product_cat-vegan-toiduretseptid","8":"product_cat-taimetoit","9":"product_cat-laste-lemmikud","10":"product_cat-toortoit","12":"first","13":"instock","14":"shipping-taxable","15":"product-type-simple"},"yoast_head":"<!-- This site is optimized with the Yoast SEO plugin v23.3 - https:\/\/yoast.com\/wordpress\/plugins\/seo\/ -->\n<title>Chiaseemne-kakao puding - bio4you.eu\/retseptid<\/title>\n<meta name=\"robots\" content=\"index, follow, max-snippet:-1, max-image-preview:large, max-video-preview:-1\" \/>\n<link rel=\"canonical\" href=\"https:\/\/bio4you.eu\/retseptid\/toode\/chiaseemne-kakao-puding\/\" \/>\n<meta property=\"og:locale\" content=\"et_EE\" \/>\n<meta property=\"og:type\" content=\"article\" \/>\n<meta property=\"og:title\" content=\"Chiaseemne-kakao puding - bio4you.eu\/retseptid\" \/>\n<meta property=\"og:description\" content=\"Vaja l\u00e4heb:    1 banaan  1 dl taimset piima\u00a0  2-4 datlit  2-4 tl kakaod\u00a0  soovi korral 1 dl k\u00fclmutatud marju (n\u00e4iteks maasikad, vaarikad, mustikad)  2-3 tl chia seemneid\" \/>\n<meta property=\"og:url\" content=\"https:\/\/bio4you.eu\/retseptid\/toode\/chiaseemne-kakao-puding\/\" \/>\n<meta property=\"og:site_name\" content=\"bio4you.eu\/retseptid\" \/>\n<meta property=\"article:modified_time\" content=\"2022-03-25T08:35:47+00:00\" \/>\n<meta property=\"og:image\" content=\"https:\/\/bio4you.eu\/retseptid\/wp-content\/uploads\/2016\/05\/IMG_5200-e1476091417514.jpg\" \/>\n\t<meta property=\"og:image:width\" content=\"497\" \/>\n\t<meta property=\"og:image:height\" content=\"328\" \/>\n\t<meta property=\"og:image:type\" content=\"image\/jpeg\" \/>\n<meta name=\"twitter:label1\" content=\"Est. reading time\" \/>\n\t<meta name=\"twitter:data1\" content=\"1 minut\" \/>\n<script type=\"application\/ld+json\" class=\"yoast-schema-graph\">{\"@context\":\"https:\/\/schema.org\",\"@graph\":[{\"@type\":\"WebPage\",\"@id\":\"https:\/\/bio4you.eu\/retseptid\/toode\/chiaseemne-kakao-puding\/\",\"url\":\"https:\/\/bio4you.eu\/retseptid\/toode\/chiaseemne-kakao-puding\/\",\"name\":\"Chiaseemne-kakao puding - bio4you.eu\/retseptid\",\"isPartOf\":{\"@id\":\"https:\/\/bio4you.eu\/retseptid\/#website\"},\"primaryImageOfPage\":{\"@id\":\"https:\/\/bio4you.eu\/retseptid\/toode\/chiaseemne-kakao-puding\/#primaryimage\"},\"image\":{\"@id\":\"https:\/\/bio4you.eu\/retseptid\/toode\/chiaseemne-kakao-puding\/#primaryimage\"},\"thumbnailUrl\":\"https:\/\/bio4you.eu\/retseptid\/wp-content\/uploads\/2016\/05\/IMG_5200-e1476091417514.jpg\",\"datePublished\":\"2016-05-16T11:00:27+00:00\",\"dateModified\":\"2022-03-25T08:35:47+00:00\",\"breadcrumb\":{\"@id\":\"https:\/\/bio4you.eu\/retseptid\/toode\/chiaseemne-kakao-puding\/#breadcrumb\"},\"inLanguage\":\"et\",\"potentialAction\":[{\"@type\":\"ReadAction\",\"target\":[\"https:\/\/bio4you.eu\/retseptid\/toode\/chiaseemne-kakao-puding\/\"]}]},{\"@type\":\"ImageObject\",\"inLanguage\":\"et\",\"@id\":\"https:\/\/bio4you.eu\/retseptid\/toode\/chiaseemne-kakao-puding\/#primaryimage\",\"url\":\"https:\/\/bio4you.eu\/retseptid\/wp-content\/uploads\/2016\/05\/IMG_5200-e1476091417514.jpg\",\"contentUrl\":\"https:\/\/bio4you.eu\/retseptid\/wp-content\/uploads\/2016\/05\/IMG_5200-e1476091417514.jpg\",\"width\":497,\"height\":328},{\"@type\":\"BreadcrumbList\",\"@id\":\"https:\/\/bio4you.eu\/retseptid\/toode\/chiaseemne-kakao-puding\/#breadcrumb\",\"itemListElement\":[{\"@type\":\"ListItem\",\"position\":1,\"name\":\"Home\",\"item\":\"https:\/\/bio4you.eu\/retseptid\/\"},{\"@type\":\"ListItem\",\"position\":2,\"name\":\"Chiaseemne-kakao puding\"}]},{\"@type\":\"WebSite\",\"@id\":\"https:\/\/bio4you.eu\/retseptid\/#website\",\"url\":\"https:\/\/bio4you.eu\/retseptid\/\",\"name\":\"bio4you.eu\/retseptid\",\"description\":\"\u00d6ko retseptid ise tegemiseks, looduslikest koostisainetest. Maitsev toit, iluhooldus, kodupuhastus ja aiandus.\",\"potentialAction\":[{\"@type\":\"SearchAction\",\"target\":{\"@type\":\"EntryPoint\",\"urlTemplate\":\"https:\/\/bio4you.eu\/retseptid\/?s={search_term_string}\"},\"query-input\":\"required name=search_term_string\"}],\"inLanguage\":\"et\"}]}<\/script>\n<!-- \/ Yoast SEO plugin. -->","yoast_head_json":{"title":"Chiaseemne-kakao puding - bio4you.eu\/retseptid","robots":{"index":"index","follow":"follow","max-snippet":"max-snippet:-1","max-image-preview":"max-image-preview:large","max-video-preview":"max-video-preview:-1"},"canonical":"https:\/\/bio4you.eu\/retseptid\/toode\/chiaseemne-kakao-puding\/","og_locale":"et_EE","og_type":"article","og_title":"Chiaseemne-kakao puding - bio4you.eu\/retseptid","og_description":"Vaja l\u00e4heb:    1 banaan  1 dl taimset piima\u00a0  2-4 datlit  2-4 tl kakaod\u00a0  soovi korral 1 dl k\u00fclmutatud marju (n\u00e4iteks maasikad, vaarikad, mustikad)  2-3 tl chia seemneid","og_url":"https:\/\/bio4you.eu\/retseptid\/toode\/chiaseemne-kakao-puding\/","og_site_name":"bio4you.eu\/retseptid","article_modified_time":"2022-03-25T08:35:47+00:00","og_image":[{"width":497,"height":328,"url":"https:\/\/bio4you.eu\/retseptid\/wp-content\/uploads\/2016\/05\/IMG_5200-e1476091417514.jpg","type":"image\/jpeg"}],"twitter_misc":{"Est. reading time":"1 minut"},"schema":{"@context":"https:\/\/schema.org","@graph":[{"@type":"WebPage","@id":"https:\/\/bio4you.eu\/retseptid\/toode\/chiaseemne-kakao-puding\/","url":"https:\/\/bio4you.eu\/retseptid\/toode\/chiaseemne-kakao-puding\/","name":"Chiaseemne-kakao puding - bio4you.eu\/retseptid","isPartOf":{"@id":"https:\/\/bio4you.eu\/retseptid\/#website"},"primaryImageOfPage":{"@id":"https:\/\/bio4you.eu\/retseptid\/toode\/chiaseemne-kakao-puding\/#primaryimage"},"image":{"@id":"https:\/\/bio4you.eu\/retseptid\/toode\/chiaseemne-kakao-puding\/#primaryimage"},"thumbnailUrl":"https:\/\/bio4you.eu\/retseptid\/wp-content\/uploads\/2016\/05\/IMG_5200-e1476091417514.jpg","datePublished":"2016-05-16T11:00:27+00:00","dateModified":"2022-03-25T08:35:47+00:00","breadcrumb":{"@id":"https:\/\/bio4you.eu\/retseptid\/toode\/chiaseemne-kakao-puding\/#breadcrumb"},"inLanguage":"et","potentialAction":[{"@type":"ReadAction","target":["https:\/\/bio4you.eu\/retseptid\/toode\/chiaseemne-kakao-puding\/"]}]},{"@type":"ImageObject","inLanguage":"et","@id":"https:\/\/bio4you.eu\/retseptid\/toode\/chiaseemne-kakao-puding\/#primaryimage","url":"https:\/\/bio4you.eu\/retseptid\/wp-content\/uploads\/2016\/05\/IMG_5200-e1476091417514.jpg","contentUrl":"https:\/\/bio4you.eu\/retseptid\/wp-content\/uploads\/2016\/05\/IMG_5200-e1476091417514.jpg","width":497,"height":328},{"@type":"BreadcrumbList","@id":"https:\/\/bio4you.eu\/retseptid\/toode\/chiaseemne-kakao-puding\/#breadcrumb","itemListElement":[{"@type":"ListItem","position":1,"name":"Home","item":"https:\/\/bio4you.eu\/retseptid\/"},{"@type":"ListItem","position":2,"name":"Chiaseemne-kakao puding"}]},{"@type":"WebSite","@id":"https:\/\/bio4you.eu\/retseptid\/#website","url":"https:\/\/bio4you.eu\/retseptid\/","name":"bio4you.eu\/retseptid","description":"\u00d6ko retseptid ise tegemiseks, looduslikest koostisainetest. Maitsev toit, iluhooldus, kodupuhastus ja aiandus.","potentialAction":[{"@type":"SearchAction","target":{"@type":"EntryPoint","urlTemplate":"https:\/\/bio4you.eu\/retseptid\/?s={search_term_string}"},"query-input":"required name=search_term_string"}],"inLanguage":"et"}]}},"_links":{"self":[{"href":"https:\/\/bio4you.eu\/retseptid\/wp-json\/wp\/v2\/product\/2633"}],"collection":[{"href":"https:\/\/bio4you.eu\/retseptid\/wp-json\/wp\/v2\/product"}],"about":[{"href":"https:\/\/bio4you.eu\/retseptid\/wp-json\/wp\/v2\/types\/product"}],"replies":[{"embeddable":true,"href":"https:\/\/bio4you.eu\/retseptid\/wp-json\/wp\/v2\/comments?post=2633"}],"wp:featuredmedia":[{"embeddable":true,"href":"https:\/\/bio4you.eu\/retseptid\/wp-json\/wp\/v2\/media\/3221"}],"wp:attachment":[{"href":"https:\/\/bio4you.eu\/retseptid\/wp-json\/wp\/v2\/media?parent=2633"}],"wp:term":[{"taxonomy":"product_cat","embeddable":true,"href":"https:\/\/bio4you.eu\/retseptid\/wp-json\/wp\/v2\/product_cat?post=2633"},{"taxonomy":"product_tag","embeddable":true,"href":"https:\/\/bio4you.eu\/retseptid\/wp-json\/wp\/v2\/product_tag?post=2633"}],"curies":[{"name":"wp","href":"https:\/\/api.w.org\/{rel}","templated":true}]}}