{"id":2646,"date":"2016-05-25T10:04:02","date_gmt":"2016-05-25T07:04:02","guid":{"rendered":"https:\/\/bio4you.eu\/retseptid\/?post_type=product&#038;p=2646"},"modified":"2022-05-17T10:18:08","modified_gmt":"2022-05-17T07:18:08","slug":"kikerherne-pasta-carbonara-kastmega","status":"publish","type":"product","link":"https:\/\/bio4you.eu\/retseptid\/toode\/kikerherne-pasta-carbonara-kastmega\/","title":{"rendered":"Kikerhernepasta carbonara kastmega"},"content":{"rendered":"<p>Vahelduseks v\u00f5ib tavalise pasta asemel serveerida kaunviljadest pastat. Eriti hea valik on see neile, kelle pereliikmed kaunvilju heameelega ei s\u00f6\u00f6.<\/p>\n<p>Poodidest on v\u00f5imalik leida mahepastat n\u00e4iteks kikerhernestest, l\u00e4\u00e4tsedest, tatrast jpt. valgurikastest kaunviljadest.\u00a0Meie proovisime <span style=\"color: #99cc00;\"><a href=\"http:\/\/bio4you.eu\/et\/pasta\/2017-kikerherne-fusillid-250g-fior-di-loto.html?search_query=kikerherne+pasta&amp;results=2\" target=\"_blank\" rel=\"noopener\"><span style=\"color: #99cc00;\">kikerhernepastat<\/span><\/a><\/span>, mille keetmiseaeg on vaid 2 minutit.\u00a0Kaunviljapastad sobivad k\u00f5ige paremini aromaatsete ja rikkalike v\u00f5i v\u00fcrtsikate pastakastmetega.<\/p>\n<div>\n<p>Meie valisime kikerhernepasta juurde itaaliap\u00e4rase Carbonara kastme, mida traditsiooniliselt serveeritakse spagettidega.<\/p>\n<p>Valmistamine:<br \/>\nKuumuta t\u00fckeldatud peekonikuubikud koos riivitud v\u00f5i t\u00fckeldatud sibulaga oliivi\u00f5lis. Hoia soojas.\u00a0Sega riivitud parmesan ja munad eraldi kausis. Lisa n\u00e4puotsat\u00e4is pipart.\u00a0Keeda ja n\u00f5ruta pasta. NB! J\u00e4lgi soovitatud keetmiseaega t\u00e4pselt. \u00a0Lisa veel kuumale pastale peekonikuubikud ja muna-juustusegu. Sega kiiresti. Kui pasta on juba jahtunud, siis kuumuta seda kergelt segamise ajal.<\/p>\n<p>Serveeri tilga v\u00e4rske oliivi\u00f5li ja peale raputatud parmesaniga.<\/p>\n<\/div>\n","protected":false},"excerpt":{"rendered":"<p>VAJA L\u00c4HEB:<\/p>\n<ul>\n<li>150-200 g l\u00e4bikasvanud liha (peekonit)<\/li>\n<li>4 munakollast ja 3 munavalget<\/li>\n<li>60 g riivitud parmesani juustu<\/li>\n<li><a href=\"https:\/\/bio4you.eu\/et\/otsi?controller=search&amp;order=product.position.desc&amp;s=oliivi%C3%B5li&amp;utm_source=bioretsept&amp;utm_medium=retsept&amp;utm_campaign=retsept\" target=\"_blank\" rel=\"noopener\"><span style=\"color: #99cc00;\">ekstra neitsi oliivi\u00f5li<\/span><\/a><\/li>\n<li>1 sibul<\/li>\n<li>soola, pipart<\/li>\n<li><a href=\"https:\/\/bio4you.eu\/et\/kuivained\/2017-kikerherne-fusillid-250g.html?utm_source=bioretsept&amp;utm_medium=retsept&amp;utm_campaign=retsept\" target=\"_blank\" rel=\"noopener\"><span style=\"color: #99cc00;\">kikerhernepastat<\/span> <\/a>300-500 g<\/li>\n<\/ul>\n","protected":false},"featured_media":3098,"comment_status":"open","ping_status":"closed","template":"","meta":{"_exactmetrics_skip_tracking":false,"_exactmetrics_sitenote_active":false,"_exactmetrics_sitenote_note":"","_exactmetrics_sitenote_category":0},"product_cat":[60,70,72,74],"product_tag":[],"class_list":{"0":"post-2646","1":"product","2":"type-product","3":"status-publish","4":"has-post-thumbnail","6":"product_cat-toiduretseptid","7":"product_cat-pastaroad","8":"product_cat-oa-laatse-ja-hernetoidud","9":"product_cat-kastmed-maarded-voided","11":"first","12":"instock","13":"shipping-taxable","14":"product-type-simple"},"yoast_head":"<!-- This site is optimized with the Yoast SEO plugin v23.3 - https:\/\/yoast.com\/wordpress\/plugins\/seo\/ -->\n<title>Kikerhernepasta carbonara kastmega - bio4you.eu\/retseptid<\/title>\n<meta name=\"robots\" content=\"index, follow, max-snippet:-1, max-image-preview:large, max-video-preview:-1\" \/>\n<link rel=\"canonical\" href=\"https:\/\/bio4you.eu\/retseptid\/toode\/kikerherne-pasta-carbonara-kastmega\/\" \/>\n<meta property=\"og:locale\" content=\"et_EE\" \/>\n<meta property=\"og:type\" content=\"article\" \/>\n<meta property=\"og:title\" content=\"Kikerhernepasta carbonara kastmega - bio4you.eu\/retseptid\" \/>\n<meta property=\"og:description\" content=\"VAJA L\u00c4HEB:   150-200 g l\u00e4bikasvanud liha (peekonit)  4 munakollast ja 3 munavalget  60 g riivitud parmesani juustu  ekstra neitsi oliivi\u00f5li  1 sibul  soola, pipart  kikerhernepastat 300-500 g\" \/>\n<meta property=\"og:url\" content=\"https:\/\/bio4you.eu\/retseptid\/toode\/kikerherne-pasta-carbonara-kastmega\/\" \/>\n<meta property=\"og:site_name\" content=\"bio4you.eu\/retseptid\" \/>\n<meta property=\"article:modified_time\" content=\"2022-05-17T07:18:08+00:00\" \/>\n<meta property=\"og:image\" content=\"https:\/\/bio4you.eu\/retseptid\/wp-content\/uploads\/2016\/05\/13256345_1786184168261299_4087087297813918370_n.jpg\" \/>\n\t<meta property=\"og:image:width\" content=\"960\" \/>\n\t<meta property=\"og:image:height\" content=\"720\" \/>\n\t<meta property=\"og:image:type\" content=\"image\/jpeg\" \/>\n<meta name=\"twitter:label1\" content=\"Est. reading time\" \/>\n\t<meta name=\"twitter:data1\" content=\"1 minut\" \/>\n<script type=\"application\/ld+json\" class=\"yoast-schema-graph\">{\"@context\":\"https:\/\/schema.org\",\"@graph\":[{\"@type\":\"WebPage\",\"@id\":\"https:\/\/bio4you.eu\/retseptid\/toode\/kikerherne-pasta-carbonara-kastmega\/\",\"url\":\"https:\/\/bio4you.eu\/retseptid\/toode\/kikerherne-pasta-carbonara-kastmega\/\",\"name\":\"Kikerhernepasta carbonara kastmega - bio4you.eu\/retseptid\",\"isPartOf\":{\"@id\":\"https:\/\/bio4you.eu\/retseptid\/#website\"},\"primaryImageOfPage\":{\"@id\":\"https:\/\/bio4you.eu\/retseptid\/toode\/kikerherne-pasta-carbonara-kastmega\/#primaryimage\"},\"image\":{\"@id\":\"https:\/\/bio4you.eu\/retseptid\/toode\/kikerherne-pasta-carbonara-kastmega\/#primaryimage\"},\"thumbnailUrl\":\"https:\/\/bio4you.eu\/retseptid\/wp-content\/uploads\/2016\/05\/13256345_1786184168261299_4087087297813918370_n.jpg\",\"datePublished\":\"2016-05-25T07:04:02+00:00\",\"dateModified\":\"2022-05-17T07:18:08+00:00\",\"breadcrumb\":{\"@id\":\"https:\/\/bio4you.eu\/retseptid\/toode\/kikerherne-pasta-carbonara-kastmega\/#breadcrumb\"},\"inLanguage\":\"et\",\"potentialAction\":[{\"@type\":\"ReadAction\",\"target\":[\"https:\/\/bio4you.eu\/retseptid\/toode\/kikerherne-pasta-carbonara-kastmega\/\"]}]},{\"@type\":\"ImageObject\",\"inLanguage\":\"et\",\"@id\":\"https:\/\/bio4you.eu\/retseptid\/toode\/kikerherne-pasta-carbonara-kastmega\/#primaryimage\",\"url\":\"https:\/\/bio4you.eu\/retseptid\/wp-content\/uploads\/2016\/05\/13256345_1786184168261299_4087087297813918370_n.jpg\",\"contentUrl\":\"https:\/\/bio4you.eu\/retseptid\/wp-content\/uploads\/2016\/05\/13256345_1786184168261299_4087087297813918370_n.jpg\",\"width\":960,\"height\":720},{\"@type\":\"BreadcrumbList\",\"@id\":\"https:\/\/bio4you.eu\/retseptid\/toode\/kikerherne-pasta-carbonara-kastmega\/#breadcrumb\",\"itemListElement\":[{\"@type\":\"ListItem\",\"position\":1,\"name\":\"Home\",\"item\":\"https:\/\/bio4you.eu\/retseptid\/\"},{\"@type\":\"ListItem\",\"position\":2,\"name\":\"Kikerhernepasta carbonara kastmega\"}]},{\"@type\":\"WebSite\",\"@id\":\"https:\/\/bio4you.eu\/retseptid\/#website\",\"url\":\"https:\/\/bio4you.eu\/retseptid\/\",\"name\":\"bio4you.eu\/retseptid\",\"description\":\"\u00d6ko retseptid ise tegemiseks, looduslikest koostisainetest. Maitsev toit, iluhooldus, kodupuhastus ja aiandus.\",\"potentialAction\":[{\"@type\":\"SearchAction\",\"target\":{\"@type\":\"EntryPoint\",\"urlTemplate\":\"https:\/\/bio4you.eu\/retseptid\/?s={search_term_string}\"},\"query-input\":\"required name=search_term_string\"}],\"inLanguage\":\"et\"}]}<\/script>\n<!-- \/ Yoast SEO plugin. -->","yoast_head_json":{"title":"Kikerhernepasta carbonara kastmega - bio4you.eu\/retseptid","robots":{"index":"index","follow":"follow","max-snippet":"max-snippet:-1","max-image-preview":"max-image-preview:large","max-video-preview":"max-video-preview:-1"},"canonical":"https:\/\/bio4you.eu\/retseptid\/toode\/kikerherne-pasta-carbonara-kastmega\/","og_locale":"et_EE","og_type":"article","og_title":"Kikerhernepasta carbonara kastmega - bio4you.eu\/retseptid","og_description":"VAJA L\u00c4HEB:   150-200 g l\u00e4bikasvanud liha (peekonit)  4 munakollast ja 3 munavalget  60 g riivitud parmesani juustu  ekstra neitsi oliivi\u00f5li  1 sibul  soola, pipart  kikerhernepastat 300-500 g","og_url":"https:\/\/bio4you.eu\/retseptid\/toode\/kikerherne-pasta-carbonara-kastmega\/","og_site_name":"bio4you.eu\/retseptid","article_modified_time":"2022-05-17T07:18:08+00:00","og_image":[{"width":960,"height":720,"url":"https:\/\/bio4you.eu\/retseptid\/wp-content\/uploads\/2016\/05\/13256345_1786184168261299_4087087297813918370_n.jpg","type":"image\/jpeg"}],"twitter_misc":{"Est. reading time":"1 minut"},"schema":{"@context":"https:\/\/schema.org","@graph":[{"@type":"WebPage","@id":"https:\/\/bio4you.eu\/retseptid\/toode\/kikerherne-pasta-carbonara-kastmega\/","url":"https:\/\/bio4you.eu\/retseptid\/toode\/kikerherne-pasta-carbonara-kastmega\/","name":"Kikerhernepasta carbonara kastmega - bio4you.eu\/retseptid","isPartOf":{"@id":"https:\/\/bio4you.eu\/retseptid\/#website"},"primaryImageOfPage":{"@id":"https:\/\/bio4you.eu\/retseptid\/toode\/kikerherne-pasta-carbonara-kastmega\/#primaryimage"},"image":{"@id":"https:\/\/bio4you.eu\/retseptid\/toode\/kikerherne-pasta-carbonara-kastmega\/#primaryimage"},"thumbnailUrl":"https:\/\/bio4you.eu\/retseptid\/wp-content\/uploads\/2016\/05\/13256345_1786184168261299_4087087297813918370_n.jpg","datePublished":"2016-05-25T07:04:02+00:00","dateModified":"2022-05-17T07:18:08+00:00","breadcrumb":{"@id":"https:\/\/bio4you.eu\/retseptid\/toode\/kikerherne-pasta-carbonara-kastmega\/#breadcrumb"},"inLanguage":"et","potentialAction":[{"@type":"ReadAction","target":["https:\/\/bio4you.eu\/retseptid\/toode\/kikerherne-pasta-carbonara-kastmega\/"]}]},{"@type":"ImageObject","inLanguage":"et","@id":"https:\/\/bio4you.eu\/retseptid\/toode\/kikerherne-pasta-carbonara-kastmega\/#primaryimage","url":"https:\/\/bio4you.eu\/retseptid\/wp-content\/uploads\/2016\/05\/13256345_1786184168261299_4087087297813918370_n.jpg","contentUrl":"https:\/\/bio4you.eu\/retseptid\/wp-content\/uploads\/2016\/05\/13256345_1786184168261299_4087087297813918370_n.jpg","width":960,"height":720},{"@type":"BreadcrumbList","@id":"https:\/\/bio4you.eu\/retseptid\/toode\/kikerherne-pasta-carbonara-kastmega\/#breadcrumb","itemListElement":[{"@type":"ListItem","position":1,"name":"Home","item":"https:\/\/bio4you.eu\/retseptid\/"},{"@type":"ListItem","position":2,"name":"Kikerhernepasta carbonara kastmega"}]},{"@type":"WebSite","@id":"https:\/\/bio4you.eu\/retseptid\/#website","url":"https:\/\/bio4you.eu\/retseptid\/","name":"bio4you.eu\/retseptid","description":"\u00d6ko retseptid ise tegemiseks, looduslikest koostisainetest. Maitsev toit, iluhooldus, kodupuhastus ja aiandus.","potentialAction":[{"@type":"SearchAction","target":{"@type":"EntryPoint","urlTemplate":"https:\/\/bio4you.eu\/retseptid\/?s={search_term_string}"},"query-input":"required name=search_term_string"}],"inLanguage":"et"}]}},"_links":{"self":[{"href":"https:\/\/bio4you.eu\/retseptid\/wp-json\/wp\/v2\/product\/2646"}],"collection":[{"href":"https:\/\/bio4you.eu\/retseptid\/wp-json\/wp\/v2\/product"}],"about":[{"href":"https:\/\/bio4you.eu\/retseptid\/wp-json\/wp\/v2\/types\/product"}],"replies":[{"embeddable":true,"href":"https:\/\/bio4you.eu\/retseptid\/wp-json\/wp\/v2\/comments?post=2646"}],"wp:featuredmedia":[{"embeddable":true,"href":"https:\/\/bio4you.eu\/retseptid\/wp-json\/wp\/v2\/media\/3098"}],"wp:attachment":[{"href":"https:\/\/bio4you.eu\/retseptid\/wp-json\/wp\/v2\/media?parent=2646"}],"wp:term":[{"taxonomy":"product_cat","embeddable":true,"href":"https:\/\/bio4you.eu\/retseptid\/wp-json\/wp\/v2\/product_cat?post=2646"},{"taxonomy":"product_tag","embeddable":true,"href":"https:\/\/bio4you.eu\/retseptid\/wp-json\/wp\/v2\/product_tag?post=2646"}],"curies":[{"name":"wp","href":"https:\/\/api.w.org\/{rel}","templated":true}]}}