{"id":2666,"date":"2016-05-26T09:42:19","date_gmt":"2016-05-26T06:42:19","guid":{"rendered":"https:\/\/bio4you.eu\/retseptid\/?post_type=product&#038;p=2666"},"modified":"2022-05-12T14:20:35","modified_gmt":"2022-05-12T11:20:35","slug":"detox-spinati-puuvilja-smuuti","status":"publish","type":"product","link":"https:\/\/bio4you.eu\/retseptid\/toode\/detox-spinati-puuvilja-smuuti\/","title":{"rendered":"Spinati-puuvilja detox smuuti"},"content":{"rendered":"<p>Detox efekti annavad klorof\u00fcllirikkad spinatilehed.<\/p>\n<div>\n<p>Valmistamine:<br \/>\nBlenderda k\u00f5ik koostisained, kaunista mungalille \u00f5iega ja serveeri kohe.<\/p>\n<\/div>\n","protected":false},"excerpt":{"rendered":"<p>VAJA L\u00c4HEB:<\/p>\n<ul>\n<li>taldrikut\u00e4is spinatilehti<\/li>\n<li>m\u00fcndilehti ja mungalille \u00f5isi<\/li>\n<li>2 t\u00fckeldatud kiivit<\/li>\n<li>2 t\u00fckeldatud nektariini<\/li>\n<li>1 t\u00fckeldatud \u00f5un<\/li>\n<li>500 ml vett<\/li>\n<\/ul>\n<p>&nbsp;<\/p>\n<div><\/div>\n","protected":false},"featured_media":3882,"comment_status":"open","ping_status":"closed","template":"","meta":{"_exactmetrics_skip_tracking":false,"_exactmetrics_sitenote_active":false,"_exactmetrics_sitenote_note":"","_exactmetrics_sitenote_category":0},"product_cat":[60,382,383,376,77],"product_tag":[],"class_list":{"0":"post-2666","1":"product","2":"type-product","3":"status-publish","4":"has-post-thumbnail","6":"product_cat-toiduretseptid","7":"product_cat-vegan-toiduretseptid","8":"product_cat-taimetoit","9":"product_cat-smuutid","10":"product_cat-toortoit","12":"first","13":"instock","14":"shipping-taxable","15":"product-type-simple"},"yoast_head":"<!-- This site is optimized with the Yoast SEO plugin v23.3 - https:\/\/yoast.com\/wordpress\/plugins\/seo\/ -->\n<title>Spinati-puuvilja detox smuuti - bio4you.eu\/retseptid<\/title>\n<meta name=\"robots\" content=\"index, follow, max-snippet:-1, max-image-preview:large, max-video-preview:-1\" \/>\n<link rel=\"canonical\" href=\"https:\/\/bio4you.eu\/retseptid\/toode\/detox-spinati-puuvilja-smuuti\/\" \/>\n<meta property=\"og:locale\" content=\"et_EE\" \/>\n<meta property=\"og:type\" content=\"article\" \/>\n<meta property=\"og:title\" content=\"Spinati-puuvilja detox smuuti - bio4you.eu\/retseptid\" \/>\n<meta property=\"og:description\" content=\"VAJA L\u00c4HEB:   taldrikut\u00e4is spinatilehti  m\u00fcndilehti ja mungalille \u00f5isi  2 t\u00fckeldatud kiivit  2 t\u00fckeldatud nektariini  1 t\u00fckeldatud \u00f5un  500 ml vett  &nbsp;\" \/>\n<meta property=\"og:url\" content=\"https:\/\/bio4you.eu\/retseptid\/toode\/detox-spinati-puuvilja-smuuti\/\" \/>\n<meta property=\"og:site_name\" content=\"bio4you.eu\/retseptid\" \/>\n<meta property=\"article:modified_time\" content=\"2022-05-12T11:20:35+00:00\" \/>\n<meta property=\"og:image\" content=\"https:\/\/bio4you.eu\/retseptid\/wp-content\/uploads\/2016\/05\/alex-lvrs-ZvC04d-xLw-unsplash-scaled.jpg\" \/>\n\t<meta property=\"og:image:width\" content=\"1707\" \/>\n\t<meta property=\"og:image:height\" content=\"2560\" \/>\n\t<meta property=\"og:image:type\" content=\"image\/jpeg\" \/>\n<meta name=\"twitter:label1\" content=\"Est. reading time\" \/>\n\t<meta name=\"twitter:data1\" content=\"1 minut\" \/>\n<script type=\"application\/ld+json\" class=\"yoast-schema-graph\">{\"@context\":\"https:\/\/schema.org\",\"@graph\":[{\"@type\":\"WebPage\",\"@id\":\"https:\/\/bio4you.eu\/retseptid\/toode\/detox-spinati-puuvilja-smuuti\/\",\"url\":\"https:\/\/bio4you.eu\/retseptid\/toode\/detox-spinati-puuvilja-smuuti\/\",\"name\":\"Spinati-puuvilja detox smuuti - bio4you.eu\/retseptid\",\"isPartOf\":{\"@id\":\"https:\/\/bio4you.eu\/retseptid\/#website\"},\"primaryImageOfPage\":{\"@id\":\"https:\/\/bio4you.eu\/retseptid\/toode\/detox-spinati-puuvilja-smuuti\/#primaryimage\"},\"image\":{\"@id\":\"https:\/\/bio4you.eu\/retseptid\/toode\/detox-spinati-puuvilja-smuuti\/#primaryimage\"},\"thumbnailUrl\":\"https:\/\/bio4you.eu\/retseptid\/wp-content\/uploads\/2016\/05\/alex-lvrs-ZvC04d-xLw-unsplash-scaled.jpg\",\"datePublished\":\"2016-05-26T06:42:19+00:00\",\"dateModified\":\"2022-05-12T11:20:35+00:00\",\"breadcrumb\":{\"@id\":\"https:\/\/bio4you.eu\/retseptid\/toode\/detox-spinati-puuvilja-smuuti\/#breadcrumb\"},\"inLanguage\":\"et\",\"potentialAction\":[{\"@type\":\"ReadAction\",\"target\":[\"https:\/\/bio4you.eu\/retseptid\/toode\/detox-spinati-puuvilja-smuuti\/\"]}]},{\"@type\":\"ImageObject\",\"inLanguage\":\"et\",\"@id\":\"https:\/\/bio4you.eu\/retseptid\/toode\/detox-spinati-puuvilja-smuuti\/#primaryimage\",\"url\":\"https:\/\/bio4you.eu\/retseptid\/wp-content\/uploads\/2016\/05\/alex-lvrs-ZvC04d-xLw-unsplash-scaled.jpg\",\"contentUrl\":\"https:\/\/bio4you.eu\/retseptid\/wp-content\/uploads\/2016\/05\/alex-lvrs-ZvC04d-xLw-unsplash-scaled.jpg\",\"width\":1707,\"height\":2560},{\"@type\":\"BreadcrumbList\",\"@id\":\"https:\/\/bio4you.eu\/retseptid\/toode\/detox-spinati-puuvilja-smuuti\/#breadcrumb\",\"itemListElement\":[{\"@type\":\"ListItem\",\"position\":1,\"name\":\"Home\",\"item\":\"https:\/\/bio4you.eu\/retseptid\/\"},{\"@type\":\"ListItem\",\"position\":2,\"name\":\"Spinati-puuvilja detox smuuti\"}]},{\"@type\":\"WebSite\",\"@id\":\"https:\/\/bio4you.eu\/retseptid\/#website\",\"url\":\"https:\/\/bio4you.eu\/retseptid\/\",\"name\":\"bio4you.eu\/retseptid\",\"description\":\"\u00d6ko retseptid ise tegemiseks, looduslikest koostisainetest. Maitsev toit, iluhooldus, kodupuhastus ja aiandus.\",\"potentialAction\":[{\"@type\":\"SearchAction\",\"target\":{\"@type\":\"EntryPoint\",\"urlTemplate\":\"https:\/\/bio4you.eu\/retseptid\/?s={search_term_string}\"},\"query-input\":\"required name=search_term_string\"}],\"inLanguage\":\"et\"}]}<\/script>\n<!-- \/ Yoast SEO plugin. -->","yoast_head_json":{"title":"Spinati-puuvilja detox smuuti - bio4you.eu\/retseptid","robots":{"index":"index","follow":"follow","max-snippet":"max-snippet:-1","max-image-preview":"max-image-preview:large","max-video-preview":"max-video-preview:-1"},"canonical":"https:\/\/bio4you.eu\/retseptid\/toode\/detox-spinati-puuvilja-smuuti\/","og_locale":"et_EE","og_type":"article","og_title":"Spinati-puuvilja detox smuuti - bio4you.eu\/retseptid","og_description":"VAJA L\u00c4HEB:   taldrikut\u00e4is spinatilehti  m\u00fcndilehti ja mungalille \u00f5isi  2 t\u00fckeldatud kiivit  2 t\u00fckeldatud nektariini  1 t\u00fckeldatud \u00f5un  500 ml vett  &nbsp;","og_url":"https:\/\/bio4you.eu\/retseptid\/toode\/detox-spinati-puuvilja-smuuti\/","og_site_name":"bio4you.eu\/retseptid","article_modified_time":"2022-05-12T11:20:35+00:00","og_image":[{"width":1707,"height":2560,"url":"https:\/\/bio4you.eu\/retseptid\/wp-content\/uploads\/2016\/05\/alex-lvrs-ZvC04d-xLw-unsplash-scaled.jpg","type":"image\/jpeg"}],"twitter_misc":{"Est. reading time":"1 minut"},"schema":{"@context":"https:\/\/schema.org","@graph":[{"@type":"WebPage","@id":"https:\/\/bio4you.eu\/retseptid\/toode\/detox-spinati-puuvilja-smuuti\/","url":"https:\/\/bio4you.eu\/retseptid\/toode\/detox-spinati-puuvilja-smuuti\/","name":"Spinati-puuvilja detox smuuti - bio4you.eu\/retseptid","isPartOf":{"@id":"https:\/\/bio4you.eu\/retseptid\/#website"},"primaryImageOfPage":{"@id":"https:\/\/bio4you.eu\/retseptid\/toode\/detox-spinati-puuvilja-smuuti\/#primaryimage"},"image":{"@id":"https:\/\/bio4you.eu\/retseptid\/toode\/detox-spinati-puuvilja-smuuti\/#primaryimage"},"thumbnailUrl":"https:\/\/bio4you.eu\/retseptid\/wp-content\/uploads\/2016\/05\/alex-lvrs-ZvC04d-xLw-unsplash-scaled.jpg","datePublished":"2016-05-26T06:42:19+00:00","dateModified":"2022-05-12T11:20:35+00:00","breadcrumb":{"@id":"https:\/\/bio4you.eu\/retseptid\/toode\/detox-spinati-puuvilja-smuuti\/#breadcrumb"},"inLanguage":"et","potentialAction":[{"@type":"ReadAction","target":["https:\/\/bio4you.eu\/retseptid\/toode\/detox-spinati-puuvilja-smuuti\/"]}]},{"@type":"ImageObject","inLanguage":"et","@id":"https:\/\/bio4you.eu\/retseptid\/toode\/detox-spinati-puuvilja-smuuti\/#primaryimage","url":"https:\/\/bio4you.eu\/retseptid\/wp-content\/uploads\/2016\/05\/alex-lvrs-ZvC04d-xLw-unsplash-scaled.jpg","contentUrl":"https:\/\/bio4you.eu\/retseptid\/wp-content\/uploads\/2016\/05\/alex-lvrs-ZvC04d-xLw-unsplash-scaled.jpg","width":1707,"height":2560},{"@type":"BreadcrumbList","@id":"https:\/\/bio4you.eu\/retseptid\/toode\/detox-spinati-puuvilja-smuuti\/#breadcrumb","itemListElement":[{"@type":"ListItem","position":1,"name":"Home","item":"https:\/\/bio4you.eu\/retseptid\/"},{"@type":"ListItem","position":2,"name":"Spinati-puuvilja detox smuuti"}]},{"@type":"WebSite","@id":"https:\/\/bio4you.eu\/retseptid\/#website","url":"https:\/\/bio4you.eu\/retseptid\/","name":"bio4you.eu\/retseptid","description":"\u00d6ko retseptid ise tegemiseks, looduslikest koostisainetest. Maitsev toit, iluhooldus, kodupuhastus ja aiandus.","potentialAction":[{"@type":"SearchAction","target":{"@type":"EntryPoint","urlTemplate":"https:\/\/bio4you.eu\/retseptid\/?s={search_term_string}"},"query-input":"required name=search_term_string"}],"inLanguage":"et"}]}},"_links":{"self":[{"href":"https:\/\/bio4you.eu\/retseptid\/wp-json\/wp\/v2\/product\/2666"}],"collection":[{"href":"https:\/\/bio4you.eu\/retseptid\/wp-json\/wp\/v2\/product"}],"about":[{"href":"https:\/\/bio4you.eu\/retseptid\/wp-json\/wp\/v2\/types\/product"}],"replies":[{"embeddable":true,"href":"https:\/\/bio4you.eu\/retseptid\/wp-json\/wp\/v2\/comments?post=2666"}],"wp:featuredmedia":[{"embeddable":true,"href":"https:\/\/bio4you.eu\/retseptid\/wp-json\/wp\/v2\/media\/3882"}],"wp:attachment":[{"href":"https:\/\/bio4you.eu\/retseptid\/wp-json\/wp\/v2\/media?parent=2666"}],"wp:term":[{"taxonomy":"product_cat","embeddable":true,"href":"https:\/\/bio4you.eu\/retseptid\/wp-json\/wp\/v2\/product_cat?post=2666"},{"taxonomy":"product_tag","embeddable":true,"href":"https:\/\/bio4you.eu\/retseptid\/wp-json\/wp\/v2\/product_tag?post=2666"}],"curies":[{"name":"wp","href":"https:\/\/api.w.org\/{rel}","templated":true}]}}