{"id":2695,"date":"2016-06-06T14:43:48","date_gmt":"2016-06-06T11:43:48","guid":{"rendered":"https:\/\/bio4you.eu\/retseptid\/?post_type=product&#038;p=2695"},"modified":"2022-05-12T15:01:36","modified_gmt":"2022-05-12T12:01:36","slug":"kaunviljapasta-kirsstomati-kastmega","status":"publish","type":"product","link":"https:\/\/bio4you.eu\/retseptid\/toode\/kaunviljapasta-kirsstomati-kastmega\/","title":{"rendered":"Kaunviljapasta kirsstomatikastmega"},"content":{"rendered":"<p>Valmistamine:<br \/>\nSega kausis riivitud parmesan ja t\u00fckeldatud petersell. J\u00e4ta ootele.<br \/>\nKuumuta riivitud v\u00f5i t\u00fckeldatud k\u00fc\u00fcslauguk\u00fc\u00fcned oliivi\u00f5lis, samal ajal segades (ca. 3 min). \u00c4ra lase k\u00fc\u00fcslauku k\u00f5rbema- eesm\u00e4rk on anda oliivi\u00f5lile aromaatsem maitse.<br \/>\nLisa poolitatud kirsstomatid ja kuumuta veel 3 minutit, aeg-ajalt segades.<br \/>\nMaitsesta soolaga. Kui soovid paksemat kastet, lisa 1 spl ps\u00fclliumi seemnekesti kastme paksendamiseks.<br \/>\nKeeda pasta keevas soolatud vees &#8220;al dente&#8221;.<br \/>\nSega kastme ja parmesani-peterselli seguga.<br \/>\nKaunista basiilikulehega.<br \/>\nSobib nii soojalt kui k\u00fclmalt serveerimiseks.<\/p>\n<div>\n<p>Toidu vitamiini- ja valgurikkamaks muutmiseks soovitame kasutada 1\/3 osas kaunviljade pastat. Nii muutub toit ka kergemini seeditavaks ja annab pikemalt energiat.<\/p>\n<\/div>\n","protected":false},"excerpt":{"rendered":"<p>VAJA L\u00c4HEB:<\/p>\n<ul>\n<li>250 g <a href=\"http:\/\/bio4you.eu\/et\/145-pasta?utm_source=bioretsept&amp;utm_medium=retseptireklaam&amp;utm_campaign=Retsept\" target=\"_blank\" rel=\"noopener\"><span style=\"color: #99cc00;\">t\u00e4istera fusille<\/span><\/a><\/li>\n<li>150 g rohelistest <a href=\"http:\/\/bio4you.eu\/et\/145-pasta?utm_source=bioretsept&amp;utm_medium=retseptireklaam&amp;utm_campaign=Retsept\" target=\"_blank\" rel=\"noopener\"><span style=\"color: #99cc00;\">l\u00e4\u00e4tsedest fusille<\/span><\/a><\/li>\n<li>400-500 g kirsstomateid<\/li>\n<li>50 g <a href=\"https:\/\/bio4you.eu\/et\/otsi?controller=search&amp;order=product.position.desc&amp;s=oliivi%C3%B5li&amp;utm_source=blogi&amp;utm_medium=bioretsept&amp;utm_campaign=retsept\">ekstra neitsi oliivi\u00f5li<\/a><\/li>\n<li>2 k\u00fc\u00fcslauguk\u00fc\u00fcnt<\/li>\n<li>40 g riivitud parmesani<\/li>\n<li>1 tl soola<\/li>\n<li>peterselli ja basiilikut<\/li>\n<li>soovi korral 1 s pl ps\u00fclliumi seemnekesti<\/li>\n<\/ul>\n","protected":false},"featured_media":3121,"comment_status":"open","ping_status":"closed","template":"","meta":{"_exactmetrics_skip_tracking":false,"_exactmetrics_sitenote_active":false,"_exactmetrics_sitenote_note":"","_exactmetrics_sitenote_category":0},"product_cat":[60,383,70,74],"product_tag":[],"class_list":{"0":"post-2695","1":"product","2":"type-product","3":"status-publish","4":"has-post-thumbnail","6":"product_cat-toiduretseptid","7":"product_cat-taimetoit","8":"product_cat-pastaroad","9":"product_cat-kastmed-maarded-voided","11":"first","12":"instock","13":"shipping-taxable","14":"product-type-simple"},"yoast_head":"<!-- This site is optimized with the Yoast SEO plugin v23.3 - https:\/\/yoast.com\/wordpress\/plugins\/seo\/ -->\n<title>Kaunviljapasta kirsstomatikastmega - bio4you.eu\/retseptid<\/title>\n<meta name=\"robots\" content=\"index, follow, max-snippet:-1, max-image-preview:large, max-video-preview:-1\" \/>\n<link rel=\"canonical\" href=\"https:\/\/bio4you.eu\/retseptid\/toode\/kaunviljapasta-kirsstomati-kastmega\/\" \/>\n<meta property=\"og:locale\" content=\"et_EE\" \/>\n<meta property=\"og:type\" content=\"article\" \/>\n<meta property=\"og:title\" content=\"Kaunviljapasta kirsstomatikastmega - bio4you.eu\/retseptid\" \/>\n<meta property=\"og:description\" content=\"VAJA L\u00c4HEB:   250 g t\u00e4istera fusille  150 g rohelistest l\u00e4\u00e4tsedest fusille  400-500 g kirsstomateid  50 g ekstra neitsi oliivi\u00f5li  2 k\u00fc\u00fcslauguk\u00fc\u00fcnt  40 g riivitud parmesani  1 tl soola  peterselli ja basiilikut  soovi korral 1 s pl ps\u00fclliumi seemnekesti\" \/>\n<meta property=\"og:url\" content=\"https:\/\/bio4you.eu\/retseptid\/toode\/kaunviljapasta-kirsstomati-kastmega\/\" \/>\n<meta property=\"og:site_name\" content=\"bio4you.eu\/retseptid\" \/>\n<meta property=\"article:modified_time\" content=\"2022-05-12T12:01:36+00:00\" \/>\n<meta property=\"og:image\" content=\"https:\/\/bio4you.eu\/retseptid\/wp-content\/uploads\/2016\/06\/13325594_1792158400997209_9050605098935002858_n.jpg\" \/>\n\t<meta property=\"og:image:width\" content=\"960\" \/>\n\t<meta property=\"og:image:height\" content=\"720\" \/>\n\t<meta property=\"og:image:type\" content=\"image\/jpeg\" \/>\n<meta name=\"twitter:label1\" content=\"Est. reading time\" \/>\n\t<meta name=\"twitter:data1\" content=\"1 minut\" \/>\n<script type=\"application\/ld+json\" class=\"yoast-schema-graph\">{\"@context\":\"https:\/\/schema.org\",\"@graph\":[{\"@type\":\"WebPage\",\"@id\":\"https:\/\/bio4you.eu\/retseptid\/toode\/kaunviljapasta-kirsstomati-kastmega\/\",\"url\":\"https:\/\/bio4you.eu\/retseptid\/toode\/kaunviljapasta-kirsstomati-kastmega\/\",\"name\":\"Kaunviljapasta kirsstomatikastmega - bio4you.eu\/retseptid\",\"isPartOf\":{\"@id\":\"https:\/\/bio4you.eu\/retseptid\/#website\"},\"primaryImageOfPage\":{\"@id\":\"https:\/\/bio4you.eu\/retseptid\/toode\/kaunviljapasta-kirsstomati-kastmega\/#primaryimage\"},\"image\":{\"@id\":\"https:\/\/bio4you.eu\/retseptid\/toode\/kaunviljapasta-kirsstomati-kastmega\/#primaryimage\"},\"thumbnailUrl\":\"https:\/\/bio4you.eu\/retseptid\/wp-content\/uploads\/2016\/06\/13325594_1792158400997209_9050605098935002858_n.jpg\",\"datePublished\":\"2016-06-06T11:43:48+00:00\",\"dateModified\":\"2022-05-12T12:01:36+00:00\",\"breadcrumb\":{\"@id\":\"https:\/\/bio4you.eu\/retseptid\/toode\/kaunviljapasta-kirsstomati-kastmega\/#breadcrumb\"},\"inLanguage\":\"et\",\"potentialAction\":[{\"@type\":\"ReadAction\",\"target\":[\"https:\/\/bio4you.eu\/retseptid\/toode\/kaunviljapasta-kirsstomati-kastmega\/\"]}]},{\"@type\":\"ImageObject\",\"inLanguage\":\"et\",\"@id\":\"https:\/\/bio4you.eu\/retseptid\/toode\/kaunviljapasta-kirsstomati-kastmega\/#primaryimage\",\"url\":\"https:\/\/bio4you.eu\/retseptid\/wp-content\/uploads\/2016\/06\/13325594_1792158400997209_9050605098935002858_n.jpg\",\"contentUrl\":\"https:\/\/bio4you.eu\/retseptid\/wp-content\/uploads\/2016\/06\/13325594_1792158400997209_9050605098935002858_n.jpg\",\"width\":960,\"height\":720},{\"@type\":\"BreadcrumbList\",\"@id\":\"https:\/\/bio4you.eu\/retseptid\/toode\/kaunviljapasta-kirsstomati-kastmega\/#breadcrumb\",\"itemListElement\":[{\"@type\":\"ListItem\",\"position\":1,\"name\":\"Home\",\"item\":\"https:\/\/bio4you.eu\/retseptid\/\"},{\"@type\":\"ListItem\",\"position\":2,\"name\":\"Kaunviljapasta kirsstomatikastmega\"}]},{\"@type\":\"WebSite\",\"@id\":\"https:\/\/bio4you.eu\/retseptid\/#website\",\"url\":\"https:\/\/bio4you.eu\/retseptid\/\",\"name\":\"bio4you.eu\/retseptid\",\"description\":\"\u00d6ko retseptid ise tegemiseks, looduslikest koostisainetest. Maitsev toit, iluhooldus, kodupuhastus ja aiandus.\",\"potentialAction\":[{\"@type\":\"SearchAction\",\"target\":{\"@type\":\"EntryPoint\",\"urlTemplate\":\"https:\/\/bio4you.eu\/retseptid\/?s={search_term_string}\"},\"query-input\":\"required name=search_term_string\"}],\"inLanguage\":\"et\"}]}<\/script>\n<!-- \/ Yoast SEO plugin. -->","yoast_head_json":{"title":"Kaunviljapasta kirsstomatikastmega - bio4you.eu\/retseptid","robots":{"index":"index","follow":"follow","max-snippet":"max-snippet:-1","max-image-preview":"max-image-preview:large","max-video-preview":"max-video-preview:-1"},"canonical":"https:\/\/bio4you.eu\/retseptid\/toode\/kaunviljapasta-kirsstomati-kastmega\/","og_locale":"et_EE","og_type":"article","og_title":"Kaunviljapasta kirsstomatikastmega - bio4you.eu\/retseptid","og_description":"VAJA L\u00c4HEB:   250 g t\u00e4istera fusille  150 g rohelistest l\u00e4\u00e4tsedest fusille  400-500 g kirsstomateid  50 g ekstra neitsi oliivi\u00f5li  2 k\u00fc\u00fcslauguk\u00fc\u00fcnt  40 g riivitud parmesani  1 tl soola  peterselli ja basiilikut  soovi korral 1 s pl ps\u00fclliumi seemnekesti","og_url":"https:\/\/bio4you.eu\/retseptid\/toode\/kaunviljapasta-kirsstomati-kastmega\/","og_site_name":"bio4you.eu\/retseptid","article_modified_time":"2022-05-12T12:01:36+00:00","og_image":[{"width":960,"height":720,"url":"https:\/\/bio4you.eu\/retseptid\/wp-content\/uploads\/2016\/06\/13325594_1792158400997209_9050605098935002858_n.jpg","type":"image\/jpeg"}],"twitter_misc":{"Est. reading time":"1 minut"},"schema":{"@context":"https:\/\/schema.org","@graph":[{"@type":"WebPage","@id":"https:\/\/bio4you.eu\/retseptid\/toode\/kaunviljapasta-kirsstomati-kastmega\/","url":"https:\/\/bio4you.eu\/retseptid\/toode\/kaunviljapasta-kirsstomati-kastmega\/","name":"Kaunviljapasta kirsstomatikastmega - bio4you.eu\/retseptid","isPartOf":{"@id":"https:\/\/bio4you.eu\/retseptid\/#website"},"primaryImageOfPage":{"@id":"https:\/\/bio4you.eu\/retseptid\/toode\/kaunviljapasta-kirsstomati-kastmega\/#primaryimage"},"image":{"@id":"https:\/\/bio4you.eu\/retseptid\/toode\/kaunviljapasta-kirsstomati-kastmega\/#primaryimage"},"thumbnailUrl":"https:\/\/bio4you.eu\/retseptid\/wp-content\/uploads\/2016\/06\/13325594_1792158400997209_9050605098935002858_n.jpg","datePublished":"2016-06-06T11:43:48+00:00","dateModified":"2022-05-12T12:01:36+00:00","breadcrumb":{"@id":"https:\/\/bio4you.eu\/retseptid\/toode\/kaunviljapasta-kirsstomati-kastmega\/#breadcrumb"},"inLanguage":"et","potentialAction":[{"@type":"ReadAction","target":["https:\/\/bio4you.eu\/retseptid\/toode\/kaunviljapasta-kirsstomati-kastmega\/"]}]},{"@type":"ImageObject","inLanguage":"et","@id":"https:\/\/bio4you.eu\/retseptid\/toode\/kaunviljapasta-kirsstomati-kastmega\/#primaryimage","url":"https:\/\/bio4you.eu\/retseptid\/wp-content\/uploads\/2016\/06\/13325594_1792158400997209_9050605098935002858_n.jpg","contentUrl":"https:\/\/bio4you.eu\/retseptid\/wp-content\/uploads\/2016\/06\/13325594_1792158400997209_9050605098935002858_n.jpg","width":960,"height":720},{"@type":"BreadcrumbList","@id":"https:\/\/bio4you.eu\/retseptid\/toode\/kaunviljapasta-kirsstomati-kastmega\/#breadcrumb","itemListElement":[{"@type":"ListItem","position":1,"name":"Home","item":"https:\/\/bio4you.eu\/retseptid\/"},{"@type":"ListItem","position":2,"name":"Kaunviljapasta kirsstomatikastmega"}]},{"@type":"WebSite","@id":"https:\/\/bio4you.eu\/retseptid\/#website","url":"https:\/\/bio4you.eu\/retseptid\/","name":"bio4you.eu\/retseptid","description":"\u00d6ko retseptid ise tegemiseks, looduslikest koostisainetest. Maitsev toit, iluhooldus, kodupuhastus ja aiandus.","potentialAction":[{"@type":"SearchAction","target":{"@type":"EntryPoint","urlTemplate":"https:\/\/bio4you.eu\/retseptid\/?s={search_term_string}"},"query-input":"required name=search_term_string"}],"inLanguage":"et"}]}},"_links":{"self":[{"href":"https:\/\/bio4you.eu\/retseptid\/wp-json\/wp\/v2\/product\/2695"}],"collection":[{"href":"https:\/\/bio4you.eu\/retseptid\/wp-json\/wp\/v2\/product"}],"about":[{"href":"https:\/\/bio4you.eu\/retseptid\/wp-json\/wp\/v2\/types\/product"}],"replies":[{"embeddable":true,"href":"https:\/\/bio4you.eu\/retseptid\/wp-json\/wp\/v2\/comments?post=2695"}],"wp:featuredmedia":[{"embeddable":true,"href":"https:\/\/bio4you.eu\/retseptid\/wp-json\/wp\/v2\/media\/3121"}],"wp:attachment":[{"href":"https:\/\/bio4you.eu\/retseptid\/wp-json\/wp\/v2\/media?parent=2695"}],"wp:term":[{"taxonomy":"product_cat","embeddable":true,"href":"https:\/\/bio4you.eu\/retseptid\/wp-json\/wp\/v2\/product_cat?post=2695"},{"taxonomy":"product_tag","embeddable":true,"href":"https:\/\/bio4you.eu\/retseptid\/wp-json\/wp\/v2\/product_tag?post=2695"}],"curies":[{"name":"wp","href":"https:\/\/api.w.org\/{rel}","templated":true}]}}