{"id":2702,"date":"2016-06-08T09:47:24","date_gmt":"2016-06-08T06:47:24","guid":{"rendered":"https:\/\/bio4you.eu\/retseptid\/?post_type=product&#038;p=2702"},"modified":"2025-02-20T14:03:22","modified_gmt":"2025-02-20T12:03:22","slug":"hommikupuder-keedetud-banaaniga","status":"publish","type":"product","link":"https:\/\/bio4you.eu\/retseptid\/toode\/hommikupuder-keedetud-banaaniga\/","title":{"rendered":"Hommikupuder keedetud banaaniga"},"content":{"rendered":"<p>Keedetud banaan muutub toorest banaanist palju magusamaks ning on sellep\u00e4rast hea viis hommikupudru magustamiseks. Samuti lisab see toekale hommikus\u00f6\u00f6gile energiat.<\/p>\n<p>Valmistamine:<br \/>\nV\u00f5ta 1 viilutatud banaan kahe portsjoni pudru kohta ning lisa potti koos taimse piimaga. Lase keema t\u00f5usta ning lisa meelep\u00e4rased kaerahelbed. Keeda kuni kaerahelbed on pehmed.<\/p>\n<p>Serveeri meeldiva moosi, seemnete v\u00f5i marjadega. Meie lisasime veelgi rohkem energiat chia seemnetega ja kaltsiumit tahini seesamipastaga.<\/p>\n<p>&nbsp;<\/p>\n<p>&nbsp;<\/p>\n<p>&nbsp;<\/p>\n<p>&nbsp;<\/p>\n","protected":false},"excerpt":{"rendered":"<p>Vaja l\u00e4heb:<\/p>\n<ul>\n<li><a href=\"https:\/\/bio4you.eu\/et\/124-taimsed-joogid-ja-kreemid?q=T%C3%BC%C3%BCp-Taimsed+joogid&amp;utm_source=blogi&amp;utm_medium=bioretsept&amp;utm_campaign=retsept\">taimset piima<\/a> (soja, riisi v\u00f5i mandli)<\/li>\n<li><span style=\"color: #99cc00;\"><a href=\"http:\/\/bio4you.eu\/et\/helbed\/1428-kaerahelbed-gluteenivabad-475g-bauckhof.html?search_query=kaerahelbed&amp;results=4&amp;utm_source=bioretsept&amp;utm_medium=retseptireklaam&amp;utm_campaign=Retsept\" target=\"_blank\" rel=\"noopener\"><span style=\"color: #99cc00;\">kaerahelbeid<\/span><\/a><\/span><\/li>\n<li>banaani<\/li>\n<li><a href=\"http:\/\/bio4you.eu\/et\/marjad-paehklid-ja-seemned\/2092-chia-seemned-400g-nutrisslim.html?search_query=chia+seemned&amp;results=57&amp;utm_source=bioretsept&amp;utm_medium=retseptireklaam&amp;utm_campaign=Retsept\" target=\"_blank\" rel=\"noopener\"><span style=\"color: #99cc00;\">chia seemneid<\/span><\/a><\/li>\n<li><a href=\"http:\/\/bio4you.eu\/et\/seemnevoided-ja-paehklikreemid\/2077-tahini-seesamipasta-350g-jean-herve.html?search_query=tahini&amp;results=3&amp;utm_source=bioretsept&amp;utm_medium=retseptireklaam&amp;utm_campaign=Retsept\" target=\"_blank\" rel=\"noopener\"><span style=\"color: #99cc00;\">tahiini seesamipastat<\/span><\/a><\/li>\n<\/ul>\n","protected":false},"featured_media":3213,"comment_status":"open","ping_status":"closed","template":"","meta":{"_exactmetrics_skip_tracking":false,"_exactmetrics_sitenote_active":false,"_exactmetrics_sitenote_note":"","_exactmetrics_sitenote_category":0},"product_cat":[60,382,383,365,71],"product_tag":[],"class_list":{"0":"post-2702","1":"product","2":"type-product","3":"status-publish","4":"has-post-thumbnail","6":"product_cat-toiduretseptid","7":"product_cat-vegan-toiduretseptid","8":"product_cat-taimetoit","9":"product_cat-laste-lemmikud","10":"product_cat-riisi-ja-teraviljatoidud","12":"first","13":"instock","14":"shipping-taxable","15":"product-type-simple"},"yoast_head":"<!-- This site is optimized with the Yoast SEO plugin v23.3 - https:\/\/yoast.com\/wordpress\/plugins\/seo\/ -->\n<title>Hommikupuder keedetud banaaniga - bio4you.eu\/retseptid<\/title>\n<meta name=\"robots\" content=\"index, follow, max-snippet:-1, max-image-preview:large, max-video-preview:-1\" \/>\n<link rel=\"canonical\" href=\"https:\/\/bio4you.eu\/retseptid\/toode\/hommikupuder-keedetud-banaaniga\/\" \/>\n<meta property=\"og:locale\" content=\"et_EE\" \/>\n<meta property=\"og:type\" content=\"article\" \/>\n<meta property=\"og:title\" content=\"Hommikupuder keedetud banaaniga - bio4you.eu\/retseptid\" \/>\n<meta property=\"og:description\" content=\"Vaja l\u00e4heb:   taimset piima (soja, riisi v\u00f5i mandli)  kaerahelbeid  banaani  chia seemneid  tahiini seesamipastat\" \/>\n<meta property=\"og:url\" content=\"https:\/\/bio4you.eu\/retseptid\/toode\/hommikupuder-keedetud-banaaniga\/\" \/>\n<meta property=\"og:site_name\" content=\"bio4you.eu\/retseptid\" \/>\n<meta property=\"article:modified_time\" content=\"2025-02-20T12:03:22+00:00\" \/>\n<meta property=\"og:image\" content=\"https:\/\/bio4you.eu\/retseptid\/wp-content\/uploads\/2016\/06\/IMG_1617-scaled.jpg\" \/>\n\t<meta property=\"og:image:width\" content=\"2560\" \/>\n\t<meta property=\"og:image:height\" content=\"1790\" \/>\n\t<meta property=\"og:image:type\" content=\"image\/jpeg\" \/>\n<meta name=\"twitter:label1\" content=\"Est. reading time\" \/>\n\t<meta name=\"twitter:data1\" content=\"1 minut\" \/>\n<script type=\"application\/ld+json\" class=\"yoast-schema-graph\">{\"@context\":\"https:\/\/schema.org\",\"@graph\":[{\"@type\":\"WebPage\",\"@id\":\"https:\/\/bio4you.eu\/retseptid\/toode\/hommikupuder-keedetud-banaaniga\/\",\"url\":\"https:\/\/bio4you.eu\/retseptid\/toode\/hommikupuder-keedetud-banaaniga\/\",\"name\":\"Hommikupuder keedetud banaaniga - bio4you.eu\/retseptid\",\"isPartOf\":{\"@id\":\"https:\/\/bio4you.eu\/retseptid\/#website\"},\"primaryImageOfPage\":{\"@id\":\"https:\/\/bio4you.eu\/retseptid\/toode\/hommikupuder-keedetud-banaaniga\/#primaryimage\"},\"image\":{\"@id\":\"https:\/\/bio4you.eu\/retseptid\/toode\/hommikupuder-keedetud-banaaniga\/#primaryimage\"},\"thumbnailUrl\":\"https:\/\/bio4you.eu\/retseptid\/wp-content\/uploads\/2016\/06\/IMG_1617-scaled.jpg\",\"datePublished\":\"2016-06-08T06:47:24+00:00\",\"dateModified\":\"2025-02-20T12:03:22+00:00\",\"breadcrumb\":{\"@id\":\"https:\/\/bio4you.eu\/retseptid\/toode\/hommikupuder-keedetud-banaaniga\/#breadcrumb\"},\"inLanguage\":\"et\",\"potentialAction\":[{\"@type\":\"ReadAction\",\"target\":[\"https:\/\/bio4you.eu\/retseptid\/toode\/hommikupuder-keedetud-banaaniga\/\"]}]},{\"@type\":\"ImageObject\",\"inLanguage\":\"et\",\"@id\":\"https:\/\/bio4you.eu\/retseptid\/toode\/hommikupuder-keedetud-banaaniga\/#primaryimage\",\"url\":\"https:\/\/bio4you.eu\/retseptid\/wp-content\/uploads\/2016\/06\/IMG_1617-scaled.jpg\",\"contentUrl\":\"https:\/\/bio4you.eu\/retseptid\/wp-content\/uploads\/2016\/06\/IMG_1617-scaled.jpg\",\"width\":2560,\"height\":1790},{\"@type\":\"BreadcrumbList\",\"@id\":\"https:\/\/bio4you.eu\/retseptid\/toode\/hommikupuder-keedetud-banaaniga\/#breadcrumb\",\"itemListElement\":[{\"@type\":\"ListItem\",\"position\":1,\"name\":\"Home\",\"item\":\"https:\/\/bio4you.eu\/retseptid\/\"},{\"@type\":\"ListItem\",\"position\":2,\"name\":\"Hommikupuder keedetud banaaniga\"}]},{\"@type\":\"WebSite\",\"@id\":\"https:\/\/bio4you.eu\/retseptid\/#website\",\"url\":\"https:\/\/bio4you.eu\/retseptid\/\",\"name\":\"bio4you.eu\/retseptid\",\"description\":\"\u00d6ko retseptid ise tegemiseks, looduslikest koostisainetest. Maitsev toit, iluhooldus, kodupuhastus ja aiandus.\",\"potentialAction\":[{\"@type\":\"SearchAction\",\"target\":{\"@type\":\"EntryPoint\",\"urlTemplate\":\"https:\/\/bio4you.eu\/retseptid\/?s={search_term_string}\"},\"query-input\":\"required name=search_term_string\"}],\"inLanguage\":\"et\"}]}<\/script>\n<!-- \/ Yoast SEO plugin. -->","yoast_head_json":{"title":"Hommikupuder keedetud banaaniga - bio4you.eu\/retseptid","robots":{"index":"index","follow":"follow","max-snippet":"max-snippet:-1","max-image-preview":"max-image-preview:large","max-video-preview":"max-video-preview:-1"},"canonical":"https:\/\/bio4you.eu\/retseptid\/toode\/hommikupuder-keedetud-banaaniga\/","og_locale":"et_EE","og_type":"article","og_title":"Hommikupuder keedetud banaaniga - bio4you.eu\/retseptid","og_description":"Vaja l\u00e4heb:   taimset piima (soja, riisi v\u00f5i mandli)  kaerahelbeid  banaani  chia seemneid  tahiini seesamipastat","og_url":"https:\/\/bio4you.eu\/retseptid\/toode\/hommikupuder-keedetud-banaaniga\/","og_site_name":"bio4you.eu\/retseptid","article_modified_time":"2025-02-20T12:03:22+00:00","og_image":[{"width":2560,"height":1790,"url":"https:\/\/bio4you.eu\/retseptid\/wp-content\/uploads\/2016\/06\/IMG_1617-scaled.jpg","type":"image\/jpeg"}],"twitter_misc":{"Est. reading time":"1 minut"},"schema":{"@context":"https:\/\/schema.org","@graph":[{"@type":"WebPage","@id":"https:\/\/bio4you.eu\/retseptid\/toode\/hommikupuder-keedetud-banaaniga\/","url":"https:\/\/bio4you.eu\/retseptid\/toode\/hommikupuder-keedetud-banaaniga\/","name":"Hommikupuder keedetud banaaniga - bio4you.eu\/retseptid","isPartOf":{"@id":"https:\/\/bio4you.eu\/retseptid\/#website"},"primaryImageOfPage":{"@id":"https:\/\/bio4you.eu\/retseptid\/toode\/hommikupuder-keedetud-banaaniga\/#primaryimage"},"image":{"@id":"https:\/\/bio4you.eu\/retseptid\/toode\/hommikupuder-keedetud-banaaniga\/#primaryimage"},"thumbnailUrl":"https:\/\/bio4you.eu\/retseptid\/wp-content\/uploads\/2016\/06\/IMG_1617-scaled.jpg","datePublished":"2016-06-08T06:47:24+00:00","dateModified":"2025-02-20T12:03:22+00:00","breadcrumb":{"@id":"https:\/\/bio4you.eu\/retseptid\/toode\/hommikupuder-keedetud-banaaniga\/#breadcrumb"},"inLanguage":"et","potentialAction":[{"@type":"ReadAction","target":["https:\/\/bio4you.eu\/retseptid\/toode\/hommikupuder-keedetud-banaaniga\/"]}]},{"@type":"ImageObject","inLanguage":"et","@id":"https:\/\/bio4you.eu\/retseptid\/toode\/hommikupuder-keedetud-banaaniga\/#primaryimage","url":"https:\/\/bio4you.eu\/retseptid\/wp-content\/uploads\/2016\/06\/IMG_1617-scaled.jpg","contentUrl":"https:\/\/bio4you.eu\/retseptid\/wp-content\/uploads\/2016\/06\/IMG_1617-scaled.jpg","width":2560,"height":1790},{"@type":"BreadcrumbList","@id":"https:\/\/bio4you.eu\/retseptid\/toode\/hommikupuder-keedetud-banaaniga\/#breadcrumb","itemListElement":[{"@type":"ListItem","position":1,"name":"Home","item":"https:\/\/bio4you.eu\/retseptid\/"},{"@type":"ListItem","position":2,"name":"Hommikupuder keedetud banaaniga"}]},{"@type":"WebSite","@id":"https:\/\/bio4you.eu\/retseptid\/#website","url":"https:\/\/bio4you.eu\/retseptid\/","name":"bio4you.eu\/retseptid","description":"\u00d6ko retseptid ise tegemiseks, looduslikest koostisainetest. Maitsev toit, iluhooldus, kodupuhastus ja aiandus.","potentialAction":[{"@type":"SearchAction","target":{"@type":"EntryPoint","urlTemplate":"https:\/\/bio4you.eu\/retseptid\/?s={search_term_string}"},"query-input":"required name=search_term_string"}],"inLanguage":"et"}]}},"_links":{"self":[{"href":"https:\/\/bio4you.eu\/retseptid\/wp-json\/wp\/v2\/product\/2702"}],"collection":[{"href":"https:\/\/bio4you.eu\/retseptid\/wp-json\/wp\/v2\/product"}],"about":[{"href":"https:\/\/bio4you.eu\/retseptid\/wp-json\/wp\/v2\/types\/product"}],"replies":[{"embeddable":true,"href":"https:\/\/bio4you.eu\/retseptid\/wp-json\/wp\/v2\/comments?post=2702"}],"wp:featuredmedia":[{"embeddable":true,"href":"https:\/\/bio4you.eu\/retseptid\/wp-json\/wp\/v2\/media\/3213"}],"wp:attachment":[{"href":"https:\/\/bio4you.eu\/retseptid\/wp-json\/wp\/v2\/media?parent=2702"}],"wp:term":[{"taxonomy":"product_cat","embeddable":true,"href":"https:\/\/bio4you.eu\/retseptid\/wp-json\/wp\/v2\/product_cat?post=2702"},{"taxonomy":"product_tag","embeddable":true,"href":"https:\/\/bio4you.eu\/retseptid\/wp-json\/wp\/v2\/product_tag?post=2702"}],"curies":[{"name":"wp","href":"https:\/\/api.w.org\/{rel}","templated":true}]}}