{"id":2727,"date":"2016-06-14T09:06:12","date_gmt":"2016-06-14T06:06:12","guid":{"rendered":"https:\/\/bio4you.eu\/retseptid\/?post_type=product&#038;p=2727"},"modified":"2022-05-17T10:02:22","modified_gmt":"2022-05-17T07:02:22","slug":"tahini-energiapallikesed","status":"publish","type":"product","link":"https:\/\/bio4you.eu\/retseptid\/toode\/tahini-energiapallikesed\/","title":{"rendered":"Tahiini energiapallikesed"},"content":{"rendered":"<p>See retsept oli m\u00f5eldud tahiiniga k\u00fcpsiste tegemiseks. Kuid kuna tainas ei sisalda midagi k\u00fcpsetamist vajavat, on \u00e4\u00e4rmiselt maitsev ja v\u00e4ga kergesti vormitav, siis ei suutnud me \u00fchtegi p\u00f5hjust v\u00e4lja m\u00f5elda, miks saadud pallikesi ahjus \u00fcle k\u00fcpsetada.<\/p>\n<p>Kui te neid siiski k\u00fcpsetada soovite, siis vajutage pallikesed enne lapikuks, k\u00fcpsetage 180 kraadi juures 15-20 minutit ja laske seej\u00e4rel h\u00e4sti jahtuda.<\/p>\n<div>\n<p>Energiapallikestel on aromaatne kakao maitse, mis varjutab t\u00e4iesti tahini m\u00f5rkja j\u00e4relmaitse. Ei ole tunda ka tahinik\u00fcpsistele iseloomulikku halvaa maitset. Intensiivse maitse t\u00f5ttu saab juba 1-2 pallikese s\u00f6\u00f6misega magusaisu rahuldatud. Mis k\u00f5ige toredam \u2013 magususe annavad pallikestele mesi, vahtrasiirup ja datlid v\u00f5i viigimarjad.<\/p>\n<p>Valmistamine:<br \/>\nSega omavahel kuivained: purustatud mandlid, purustatud v\u00f5i riivitud \u0161okolaad, kaneel ja kaerahelbed. Teises kausis sega omavahel tahini, vahtrasiirup, mesi ja kohvi. Leota korraks viigimarju v\u00f5i datleid, siis suru nad kahvliga katki v\u00f5i t\u00fckelda. Sega k\u00f5ik koostisained omavahel ja m\u00e4tsi \u00fchtlaseks taignaks. Segamiseks v\u00f5id kasutada aeglasel kiirusel blenderit v\u00f5i k\u00f6\u00f6gikombaini.<br \/>\nVormi sobiva suurusega pallikesed. V\u00f5id serveerida kohe v\u00f5i hoida enne 20 minutit k\u00fclmikus &#8211; sel juhul muutuvad nad veel tahkemaks.<\/p>\n<\/div>\n","protected":false},"excerpt":{"rendered":"<p>VAJA L\u00c4HEB:<br \/>\n1 klaas <a href=\"http:\/\/bio4you.eu\/et\/helbed\/1428-kaerahelbed-gluteenivabad-475g-bauckhof.html?utm_source=bioretsept&amp;utm_medium=retseptireklaam&amp;utm_campaign=Retsept\" target=\"_blank\" rel=\"noopener\"><span style=\"color: #99cc00;\">kaerahelbeid<\/span><\/a><br \/>\n1 klaas <a href=\"https:\/\/bio4you.eu\/et\/otsi?controller=search&amp;order=product.position.desc&amp;s=tahini&amp;utm_source=bioretsept&amp;utm_medium=retsept&amp;utm_campaign=retsept\" target=\"_blank\" rel=\"noopener\"><span style=\"color: #99cc00;\">tahinit<\/span><\/a>. Parim on valge ehk kooritud seesamiseemnetest tahini. Sobib ka 1\/2\u00a0ehk pooleks kooritud ja koorimata seemnetest tahini.<br \/>\n1 tl <a href=\"http:\/\/bio4you.eu\/et\/maitseained\/995-tseiloni-kaneel-10g-cosmoveda.html?utm_source=bioretsept&amp;utm_medium=retseptireklaam&amp;utm_campaign=Retsept\" target=\"_blank\" rel=\"noopener\"><span style=\"color: #99cc00;\">kaneeli<\/span><\/a><br \/>\n100 g m\u00f5ru\u0161okolaadi<br \/>\n1\/4 klaasi (ca 30g) mandleid<br \/>\n2 kuivatatud viigimarja v\u00f5i 3 datlit<br \/>\n2 spl <a href=\"https:\/\/bio4you.eu\/et\/otsi?controller=search&amp;order=product.position.desc&amp;s=vahtrasiirup&amp;utm_source=bioretsept&amp;utm_medium=retsept&amp;utm_campaign=retsept\" target=\"_blank\" rel=\"noopener\"><span style=\"color: #99cc00;\">vahtrasiirupit<\/span><\/a><br \/>\n2 spl mett<br \/>\n1 spl kohvi<\/p>\n","protected":false},"featured_media":3134,"comment_status":"open","ping_status":"closed","template":"","meta":{"_exactmetrics_skip_tracking":false,"_exactmetrics_sitenote_active":false,"_exactmetrics_sitenote_note":"","_exactmetrics_sitenote_category":0},"product_cat":[60,383,365,68],"product_tag":[],"class_list":{"0":"post-2727","1":"product","2":"type-product","3":"status-publish","4":"has-post-thumbnail","6":"product_cat-toiduretseptid","7":"product_cat-taimetoit","8":"product_cat-laste-lemmikud","9":"product_cat-suupisted","11":"first","12":"instock","13":"shipping-taxable","14":"product-type-simple"},"yoast_head":"<!-- This site is optimized with the Yoast SEO plugin v23.3 - https:\/\/yoast.com\/wordpress\/plugins\/seo\/ -->\n<title>Tahiini energiapallikesed - bio4you.eu\/retseptid<\/title>\n<meta name=\"robots\" content=\"index, follow, max-snippet:-1, max-image-preview:large, max-video-preview:-1\" \/>\n<link rel=\"canonical\" href=\"https:\/\/bio4you.eu\/retseptid\/toode\/tahini-energiapallikesed\/\" \/>\n<meta property=\"og:locale\" content=\"et_EE\" \/>\n<meta property=\"og:type\" content=\"article\" \/>\n<meta property=\"og:title\" content=\"Tahiini energiapallikesed - bio4you.eu\/retseptid\" \/>\n<meta property=\"og:description\" content=\"VAJA L\u00c4HEB: 1 klaas kaerahelbeid 1 klaas tahinit. Parim on valge ehk kooritud seesamiseemnetest tahini. Sobib ka 1\/2\u00a0ehk pooleks kooritud ja koorimata seemnetest tahini. 1 tl kaneeli 100 g m\u00f5ru\u0161okolaadi 1\/4 klaasi (ca 30g) mandleid 2 kuivatatud viigimarja v\u00f5i 3 datlit 2 spl vahtrasiirupit 2 spl mett 1 spl kohvi\" \/>\n<meta property=\"og:url\" content=\"https:\/\/bio4you.eu\/retseptid\/toode\/tahini-energiapallikesed\/\" \/>\n<meta property=\"og:site_name\" content=\"bio4you.eu\/retseptid\" \/>\n<meta property=\"article:modified_time\" content=\"2022-05-17T07:02:22+00:00\" \/>\n<meta property=\"og:image\" content=\"https:\/\/bio4you.eu\/retseptid\/wp-content\/uploads\/2016\/06\/13417415_1795383294008053_1995233215663455999_n.jpg\" \/>\n\t<meta property=\"og:image:width\" content=\"960\" \/>\n\t<meta property=\"og:image:height\" content=\"720\" \/>\n\t<meta property=\"og:image:type\" content=\"image\/jpeg\" \/>\n<meta name=\"twitter:label1\" content=\"Est. reading time\" \/>\n\t<meta name=\"twitter:data1\" content=\"1 minut\" \/>\n<script type=\"application\/ld+json\" class=\"yoast-schema-graph\">{\"@context\":\"https:\/\/schema.org\",\"@graph\":[{\"@type\":\"WebPage\",\"@id\":\"https:\/\/bio4you.eu\/retseptid\/toode\/tahini-energiapallikesed\/\",\"url\":\"https:\/\/bio4you.eu\/retseptid\/toode\/tahini-energiapallikesed\/\",\"name\":\"Tahiini energiapallikesed - bio4you.eu\/retseptid\",\"isPartOf\":{\"@id\":\"https:\/\/bio4you.eu\/retseptid\/#website\"},\"primaryImageOfPage\":{\"@id\":\"https:\/\/bio4you.eu\/retseptid\/toode\/tahini-energiapallikesed\/#primaryimage\"},\"image\":{\"@id\":\"https:\/\/bio4you.eu\/retseptid\/toode\/tahini-energiapallikesed\/#primaryimage\"},\"thumbnailUrl\":\"https:\/\/bio4you.eu\/retseptid\/wp-content\/uploads\/2016\/06\/13417415_1795383294008053_1995233215663455999_n.jpg\",\"datePublished\":\"2016-06-14T06:06:12+00:00\",\"dateModified\":\"2022-05-17T07:02:22+00:00\",\"breadcrumb\":{\"@id\":\"https:\/\/bio4you.eu\/retseptid\/toode\/tahini-energiapallikesed\/#breadcrumb\"},\"inLanguage\":\"et\",\"potentialAction\":[{\"@type\":\"ReadAction\",\"target\":[\"https:\/\/bio4you.eu\/retseptid\/toode\/tahini-energiapallikesed\/\"]}]},{\"@type\":\"ImageObject\",\"inLanguage\":\"et\",\"@id\":\"https:\/\/bio4you.eu\/retseptid\/toode\/tahini-energiapallikesed\/#primaryimage\",\"url\":\"https:\/\/bio4you.eu\/retseptid\/wp-content\/uploads\/2016\/06\/13417415_1795383294008053_1995233215663455999_n.jpg\",\"contentUrl\":\"https:\/\/bio4you.eu\/retseptid\/wp-content\/uploads\/2016\/06\/13417415_1795383294008053_1995233215663455999_n.jpg\",\"width\":960,\"height\":720},{\"@type\":\"BreadcrumbList\",\"@id\":\"https:\/\/bio4you.eu\/retseptid\/toode\/tahini-energiapallikesed\/#breadcrumb\",\"itemListElement\":[{\"@type\":\"ListItem\",\"position\":1,\"name\":\"Home\",\"item\":\"https:\/\/bio4you.eu\/retseptid\/\"},{\"@type\":\"ListItem\",\"position\":2,\"name\":\"Tahiini energiapallikesed\"}]},{\"@type\":\"WebSite\",\"@id\":\"https:\/\/bio4you.eu\/retseptid\/#website\",\"url\":\"https:\/\/bio4you.eu\/retseptid\/\",\"name\":\"bio4you.eu\/retseptid\",\"description\":\"\u00d6ko retseptid ise tegemiseks, looduslikest koostisainetest. Maitsev toit, iluhooldus, kodupuhastus ja aiandus.\",\"potentialAction\":[{\"@type\":\"SearchAction\",\"target\":{\"@type\":\"EntryPoint\",\"urlTemplate\":\"https:\/\/bio4you.eu\/retseptid\/?s={search_term_string}\"},\"query-input\":\"required name=search_term_string\"}],\"inLanguage\":\"et\"}]}<\/script>\n<!-- \/ Yoast SEO plugin. -->","yoast_head_json":{"title":"Tahiini energiapallikesed - bio4you.eu\/retseptid","robots":{"index":"index","follow":"follow","max-snippet":"max-snippet:-1","max-image-preview":"max-image-preview:large","max-video-preview":"max-video-preview:-1"},"canonical":"https:\/\/bio4you.eu\/retseptid\/toode\/tahini-energiapallikesed\/","og_locale":"et_EE","og_type":"article","og_title":"Tahiini energiapallikesed - bio4you.eu\/retseptid","og_description":"VAJA L\u00c4HEB: 1 klaas kaerahelbeid 1 klaas tahinit. Parim on valge ehk kooritud seesamiseemnetest tahini. Sobib ka 1\/2\u00a0ehk pooleks kooritud ja koorimata seemnetest tahini. 1 tl kaneeli 100 g m\u00f5ru\u0161okolaadi 1\/4 klaasi (ca 30g) mandleid 2 kuivatatud viigimarja v\u00f5i 3 datlit 2 spl vahtrasiirupit 2 spl mett 1 spl kohvi","og_url":"https:\/\/bio4you.eu\/retseptid\/toode\/tahini-energiapallikesed\/","og_site_name":"bio4you.eu\/retseptid","article_modified_time":"2022-05-17T07:02:22+00:00","og_image":[{"width":960,"height":720,"url":"https:\/\/bio4you.eu\/retseptid\/wp-content\/uploads\/2016\/06\/13417415_1795383294008053_1995233215663455999_n.jpg","type":"image\/jpeg"}],"twitter_misc":{"Est. reading time":"1 minut"},"schema":{"@context":"https:\/\/schema.org","@graph":[{"@type":"WebPage","@id":"https:\/\/bio4you.eu\/retseptid\/toode\/tahini-energiapallikesed\/","url":"https:\/\/bio4you.eu\/retseptid\/toode\/tahini-energiapallikesed\/","name":"Tahiini energiapallikesed - bio4you.eu\/retseptid","isPartOf":{"@id":"https:\/\/bio4you.eu\/retseptid\/#website"},"primaryImageOfPage":{"@id":"https:\/\/bio4you.eu\/retseptid\/toode\/tahini-energiapallikesed\/#primaryimage"},"image":{"@id":"https:\/\/bio4you.eu\/retseptid\/toode\/tahini-energiapallikesed\/#primaryimage"},"thumbnailUrl":"https:\/\/bio4you.eu\/retseptid\/wp-content\/uploads\/2016\/06\/13417415_1795383294008053_1995233215663455999_n.jpg","datePublished":"2016-06-14T06:06:12+00:00","dateModified":"2022-05-17T07:02:22+00:00","breadcrumb":{"@id":"https:\/\/bio4you.eu\/retseptid\/toode\/tahini-energiapallikesed\/#breadcrumb"},"inLanguage":"et","potentialAction":[{"@type":"ReadAction","target":["https:\/\/bio4you.eu\/retseptid\/toode\/tahini-energiapallikesed\/"]}]},{"@type":"ImageObject","inLanguage":"et","@id":"https:\/\/bio4you.eu\/retseptid\/toode\/tahini-energiapallikesed\/#primaryimage","url":"https:\/\/bio4you.eu\/retseptid\/wp-content\/uploads\/2016\/06\/13417415_1795383294008053_1995233215663455999_n.jpg","contentUrl":"https:\/\/bio4you.eu\/retseptid\/wp-content\/uploads\/2016\/06\/13417415_1795383294008053_1995233215663455999_n.jpg","width":960,"height":720},{"@type":"BreadcrumbList","@id":"https:\/\/bio4you.eu\/retseptid\/toode\/tahini-energiapallikesed\/#breadcrumb","itemListElement":[{"@type":"ListItem","position":1,"name":"Home","item":"https:\/\/bio4you.eu\/retseptid\/"},{"@type":"ListItem","position":2,"name":"Tahiini energiapallikesed"}]},{"@type":"WebSite","@id":"https:\/\/bio4you.eu\/retseptid\/#website","url":"https:\/\/bio4you.eu\/retseptid\/","name":"bio4you.eu\/retseptid","description":"\u00d6ko retseptid ise tegemiseks, looduslikest koostisainetest. Maitsev toit, iluhooldus, kodupuhastus ja aiandus.","potentialAction":[{"@type":"SearchAction","target":{"@type":"EntryPoint","urlTemplate":"https:\/\/bio4you.eu\/retseptid\/?s={search_term_string}"},"query-input":"required name=search_term_string"}],"inLanguage":"et"}]}},"_links":{"self":[{"href":"https:\/\/bio4you.eu\/retseptid\/wp-json\/wp\/v2\/product\/2727"}],"collection":[{"href":"https:\/\/bio4you.eu\/retseptid\/wp-json\/wp\/v2\/product"}],"about":[{"href":"https:\/\/bio4you.eu\/retseptid\/wp-json\/wp\/v2\/types\/product"}],"replies":[{"embeddable":true,"href":"https:\/\/bio4you.eu\/retseptid\/wp-json\/wp\/v2\/comments?post=2727"}],"wp:featuredmedia":[{"embeddable":true,"href":"https:\/\/bio4you.eu\/retseptid\/wp-json\/wp\/v2\/media\/3134"}],"wp:attachment":[{"href":"https:\/\/bio4you.eu\/retseptid\/wp-json\/wp\/v2\/media?parent=2727"}],"wp:term":[{"taxonomy":"product_cat","embeddable":true,"href":"https:\/\/bio4you.eu\/retseptid\/wp-json\/wp\/v2\/product_cat?post=2727"},{"taxonomy":"product_tag","embeddable":true,"href":"https:\/\/bio4you.eu\/retseptid\/wp-json\/wp\/v2\/product_tag?post=2727"}],"curies":[{"name":"wp","href":"https:\/\/api.w.org\/{rel}","templated":true}]}}