{"id":2768,"date":"2016-06-27T12:19:38","date_gmt":"2016-06-27T09:19:38","guid":{"rendered":"https:\/\/bio4you.eu\/retseptid\/?post_type=product&#038;p=2768"},"modified":"2022-05-12T14:34:57","modified_gmt":"2022-05-12T11:34:57","slug":"ahju-lillkapsas-musta-tahini-kastmega","status":"publish","type":"product","link":"https:\/\/bio4you.eu\/retseptid\/toode\/ahju-lillkapsas-musta-tahini-kastmega\/","title":{"rendered":"Ahju-lillkapsas musta tahini kastmega"},"content":{"rendered":"<p>Ahjus tehtud lillkapsal tuleb esile aromaatne ja p\u00e4hkline maitse. Kui siia lisada musta tahini kaste, on k\u00fclaliste \u00fcllatus ja peen maitseelamus garanteeritud.<\/p>\n<p>Valmistamine:<br \/>\nT\u00fckelda lillkapsas ja pane k\u00fcpsetuspaberiga ahjuplaadile. Riivi peale poole laimi koor ja piserda heldelt oliivi\u00f5li. R\u00f6sti 180 kraadises ahjus (160 kraadi p\u00f6\u00f6rd\u00f5hu korral) 30 minutit.<br \/>\nSamal ajal valmista musta tahini kaste. Sega 2 spl musta tahinit 2 spl oliivi\u00f5liga. Lisa poole laimi mahl ja maitsesta soola ning pipraga.<br \/>\nJaga valmis lillkapsas pooleks. Sega pool lillkapsast \u00fchtlaselt poole tahinikastmega ja pane serveerimisvaagna p\u00f5hja. Teisest poolest pane osad lillkapsad \u00fcmber kaunistuseks (j\u00e4\u00e4vad valged-kuldkollased) ja teised kasta tahinikastme sisse ja paiguta peale (j\u00e4\u00e4vad s\u00fcsimustad). Piserda peale oliivi\u00f5li ning soovi korral ka musti seesamiseemneid ja hakitud peterselli.<\/p>\n","protected":false},"excerpt":{"rendered":"<p>VAJA L\u00c4HEB:<\/p>\n<ul>\n<li>1 lillkapsas<\/li>\n<li><a href=\"https:\/\/bio4you.eu\/et\/olid-ja-gheed\/2244-ekstra-neitsioliivioli-1l.html\" target=\"_blank\" rel=\"noopener\"><span style=\"color: #99cc00;\">ekstra neitsi oliivi\u00f5li<\/span><\/a><\/li>\n<li>pool laimi<\/li>\n<li>2 spl <a href=\"http:\/\/bio4you.eu\/et\/seemnevoided-ja-paehklikreemid\/2078-tahini-seesamipasta-must-350g-jean-herve.html?utm_source=bioretsept&amp;utm_medium=retseptireklaam&amp;utm_campaign=Retsept\" target=\"_blank\" rel=\"noopener\"><span style=\"color: #99cc00;\">musta tahinit<\/span><\/a><\/li>\n<li>pipart, soola<\/li>\n<li>soovi korral <a href=\"https:\/\/bio4you.eu\/et\/seemned\/3467-mustad-seesamiseemned-250g.html\" target=\"_blank\" rel=\"noopener\"><span style=\"color: #99cc00;\">musti seesamiseemneid<\/span><\/a><\/li>\n<\/ul>\n","protected":false},"featured_media":3429,"comment_status":"open","ping_status":"closed","template":"","meta":{"_exactmetrics_skip_tracking":false,"_exactmetrics_sitenote_active":false,"_exactmetrics_sitenote_note":"","_exactmetrics_sitenote_category":0},"product_cat":[60,382,383,68],"product_tag":[],"class_list":{"0":"post-2768","1":"product","2":"type-product","3":"status-publish","4":"has-post-thumbnail","6":"product_cat-toiduretseptid","7":"product_cat-vegan-toiduretseptid","8":"product_cat-taimetoit","9":"product_cat-suupisted","11":"first","12":"instock","13":"shipping-taxable","14":"product-type-simple"},"yoast_head":"<!-- This site is optimized with the Yoast SEO plugin v23.3 - https:\/\/yoast.com\/wordpress\/plugins\/seo\/ -->\n<title>Ahju-lillkapsas musta tahini kastmega - bio4you.eu\/retseptid<\/title>\n<meta name=\"robots\" content=\"index, follow, max-snippet:-1, max-image-preview:large, max-video-preview:-1\" \/>\n<link rel=\"canonical\" href=\"https:\/\/bio4you.eu\/retseptid\/toode\/ahju-lillkapsas-musta-tahini-kastmega\/\" \/>\n<meta property=\"og:locale\" content=\"et_EE\" \/>\n<meta property=\"og:type\" content=\"article\" \/>\n<meta property=\"og:title\" content=\"Ahju-lillkapsas musta tahini kastmega - bio4you.eu\/retseptid\" \/>\n<meta property=\"og:description\" content=\"VAJA L\u00c4HEB:   1 lillkapsas  ekstra neitsi oliivi\u00f5li  pool laimi  2 spl musta tahinit  pipart, soola  soovi korral musti seesamiseemneid\" \/>\n<meta property=\"og:url\" content=\"https:\/\/bio4you.eu\/retseptid\/toode\/ahju-lillkapsas-musta-tahini-kastmega\/\" \/>\n<meta property=\"og:site_name\" content=\"bio4you.eu\/retseptid\" \/>\n<meta property=\"article:modified_time\" content=\"2022-05-12T11:34:57+00:00\" \/>\n<meta property=\"og:image\" content=\"https:\/\/bio4you.eu\/retseptid\/wp-content\/uploads\/2016\/06\/IMG_9866-scaled.jpg\" \/>\n\t<meta property=\"og:image:width\" content=\"2560\" \/>\n\t<meta property=\"og:image:height\" content=\"1920\" \/>\n\t<meta property=\"og:image:type\" content=\"image\/jpeg\" \/>\n<meta name=\"twitter:label1\" content=\"Est. reading time\" \/>\n\t<meta name=\"twitter:data1\" content=\"1 minut\" \/>\n<script type=\"application\/ld+json\" class=\"yoast-schema-graph\">{\"@context\":\"https:\/\/schema.org\",\"@graph\":[{\"@type\":\"WebPage\",\"@id\":\"https:\/\/bio4you.eu\/retseptid\/toode\/ahju-lillkapsas-musta-tahini-kastmega\/\",\"url\":\"https:\/\/bio4you.eu\/retseptid\/toode\/ahju-lillkapsas-musta-tahini-kastmega\/\",\"name\":\"Ahju-lillkapsas musta tahini kastmega - bio4you.eu\/retseptid\",\"isPartOf\":{\"@id\":\"https:\/\/bio4you.eu\/retseptid\/#website\"},\"primaryImageOfPage\":{\"@id\":\"https:\/\/bio4you.eu\/retseptid\/toode\/ahju-lillkapsas-musta-tahini-kastmega\/#primaryimage\"},\"image\":{\"@id\":\"https:\/\/bio4you.eu\/retseptid\/toode\/ahju-lillkapsas-musta-tahini-kastmega\/#primaryimage\"},\"thumbnailUrl\":\"https:\/\/bio4you.eu\/retseptid\/wp-content\/uploads\/2016\/06\/IMG_9866-scaled.jpg\",\"datePublished\":\"2016-06-27T09:19:38+00:00\",\"dateModified\":\"2022-05-12T11:34:57+00:00\",\"breadcrumb\":{\"@id\":\"https:\/\/bio4you.eu\/retseptid\/toode\/ahju-lillkapsas-musta-tahini-kastmega\/#breadcrumb\"},\"inLanguage\":\"et\",\"potentialAction\":[{\"@type\":\"ReadAction\",\"target\":[\"https:\/\/bio4you.eu\/retseptid\/toode\/ahju-lillkapsas-musta-tahini-kastmega\/\"]}]},{\"@type\":\"ImageObject\",\"inLanguage\":\"et\",\"@id\":\"https:\/\/bio4you.eu\/retseptid\/toode\/ahju-lillkapsas-musta-tahini-kastmega\/#primaryimage\",\"url\":\"https:\/\/bio4you.eu\/retseptid\/wp-content\/uploads\/2016\/06\/IMG_9866-scaled.jpg\",\"contentUrl\":\"https:\/\/bio4you.eu\/retseptid\/wp-content\/uploads\/2016\/06\/IMG_9866-scaled.jpg\",\"width\":2560,\"height\":1920},{\"@type\":\"BreadcrumbList\",\"@id\":\"https:\/\/bio4you.eu\/retseptid\/toode\/ahju-lillkapsas-musta-tahini-kastmega\/#breadcrumb\",\"itemListElement\":[{\"@type\":\"ListItem\",\"position\":1,\"name\":\"Home\",\"item\":\"https:\/\/bio4you.eu\/retseptid\/\"},{\"@type\":\"ListItem\",\"position\":2,\"name\":\"Ahju-lillkapsas musta tahini kastmega\"}]},{\"@type\":\"WebSite\",\"@id\":\"https:\/\/bio4you.eu\/retseptid\/#website\",\"url\":\"https:\/\/bio4you.eu\/retseptid\/\",\"name\":\"bio4you.eu\/retseptid\",\"description\":\"\u00d6ko retseptid ise tegemiseks, looduslikest koostisainetest. Maitsev toit, iluhooldus, kodupuhastus ja aiandus.\",\"potentialAction\":[{\"@type\":\"SearchAction\",\"target\":{\"@type\":\"EntryPoint\",\"urlTemplate\":\"https:\/\/bio4you.eu\/retseptid\/?s={search_term_string}\"},\"query-input\":\"required name=search_term_string\"}],\"inLanguage\":\"et\"}]}<\/script>\n<!-- \/ Yoast SEO plugin. -->","yoast_head_json":{"title":"Ahju-lillkapsas musta tahini kastmega - bio4you.eu\/retseptid","robots":{"index":"index","follow":"follow","max-snippet":"max-snippet:-1","max-image-preview":"max-image-preview:large","max-video-preview":"max-video-preview:-1"},"canonical":"https:\/\/bio4you.eu\/retseptid\/toode\/ahju-lillkapsas-musta-tahini-kastmega\/","og_locale":"et_EE","og_type":"article","og_title":"Ahju-lillkapsas musta tahini kastmega - bio4you.eu\/retseptid","og_description":"VAJA L\u00c4HEB:   1 lillkapsas  ekstra neitsi oliivi\u00f5li  pool laimi  2 spl musta tahinit  pipart, soola  soovi korral musti seesamiseemneid","og_url":"https:\/\/bio4you.eu\/retseptid\/toode\/ahju-lillkapsas-musta-tahini-kastmega\/","og_site_name":"bio4you.eu\/retseptid","article_modified_time":"2022-05-12T11:34:57+00:00","og_image":[{"width":2560,"height":1920,"url":"https:\/\/bio4you.eu\/retseptid\/wp-content\/uploads\/2016\/06\/IMG_9866-scaled.jpg","type":"image\/jpeg"}],"twitter_misc":{"Est. reading time":"1 minut"},"schema":{"@context":"https:\/\/schema.org","@graph":[{"@type":"WebPage","@id":"https:\/\/bio4you.eu\/retseptid\/toode\/ahju-lillkapsas-musta-tahini-kastmega\/","url":"https:\/\/bio4you.eu\/retseptid\/toode\/ahju-lillkapsas-musta-tahini-kastmega\/","name":"Ahju-lillkapsas musta tahini kastmega - bio4you.eu\/retseptid","isPartOf":{"@id":"https:\/\/bio4you.eu\/retseptid\/#website"},"primaryImageOfPage":{"@id":"https:\/\/bio4you.eu\/retseptid\/toode\/ahju-lillkapsas-musta-tahini-kastmega\/#primaryimage"},"image":{"@id":"https:\/\/bio4you.eu\/retseptid\/toode\/ahju-lillkapsas-musta-tahini-kastmega\/#primaryimage"},"thumbnailUrl":"https:\/\/bio4you.eu\/retseptid\/wp-content\/uploads\/2016\/06\/IMG_9866-scaled.jpg","datePublished":"2016-06-27T09:19:38+00:00","dateModified":"2022-05-12T11:34:57+00:00","breadcrumb":{"@id":"https:\/\/bio4you.eu\/retseptid\/toode\/ahju-lillkapsas-musta-tahini-kastmega\/#breadcrumb"},"inLanguage":"et","potentialAction":[{"@type":"ReadAction","target":["https:\/\/bio4you.eu\/retseptid\/toode\/ahju-lillkapsas-musta-tahini-kastmega\/"]}]},{"@type":"ImageObject","inLanguage":"et","@id":"https:\/\/bio4you.eu\/retseptid\/toode\/ahju-lillkapsas-musta-tahini-kastmega\/#primaryimage","url":"https:\/\/bio4you.eu\/retseptid\/wp-content\/uploads\/2016\/06\/IMG_9866-scaled.jpg","contentUrl":"https:\/\/bio4you.eu\/retseptid\/wp-content\/uploads\/2016\/06\/IMG_9866-scaled.jpg","width":2560,"height":1920},{"@type":"BreadcrumbList","@id":"https:\/\/bio4you.eu\/retseptid\/toode\/ahju-lillkapsas-musta-tahini-kastmega\/#breadcrumb","itemListElement":[{"@type":"ListItem","position":1,"name":"Home","item":"https:\/\/bio4you.eu\/retseptid\/"},{"@type":"ListItem","position":2,"name":"Ahju-lillkapsas musta tahini kastmega"}]},{"@type":"WebSite","@id":"https:\/\/bio4you.eu\/retseptid\/#website","url":"https:\/\/bio4you.eu\/retseptid\/","name":"bio4you.eu\/retseptid","description":"\u00d6ko retseptid ise tegemiseks, looduslikest koostisainetest. Maitsev toit, iluhooldus, kodupuhastus ja aiandus.","potentialAction":[{"@type":"SearchAction","target":{"@type":"EntryPoint","urlTemplate":"https:\/\/bio4you.eu\/retseptid\/?s={search_term_string}"},"query-input":"required name=search_term_string"}],"inLanguage":"et"}]}},"_links":{"self":[{"href":"https:\/\/bio4you.eu\/retseptid\/wp-json\/wp\/v2\/product\/2768"}],"collection":[{"href":"https:\/\/bio4you.eu\/retseptid\/wp-json\/wp\/v2\/product"}],"about":[{"href":"https:\/\/bio4you.eu\/retseptid\/wp-json\/wp\/v2\/types\/product"}],"replies":[{"embeddable":true,"href":"https:\/\/bio4you.eu\/retseptid\/wp-json\/wp\/v2\/comments?post=2768"}],"wp:featuredmedia":[{"embeddable":true,"href":"https:\/\/bio4you.eu\/retseptid\/wp-json\/wp\/v2\/media\/3429"}],"wp:attachment":[{"href":"https:\/\/bio4you.eu\/retseptid\/wp-json\/wp\/v2\/media?parent=2768"}],"wp:term":[{"taxonomy":"product_cat","embeddable":true,"href":"https:\/\/bio4you.eu\/retseptid\/wp-json\/wp\/v2\/product_cat?post=2768"},{"taxonomy":"product_tag","embeddable":true,"href":"https:\/\/bio4you.eu\/retseptid\/wp-json\/wp\/v2\/product_tag?post=2768"}],"curies":[{"name":"wp","href":"https:\/\/api.w.org\/{rel}","templated":true}]}}