{"id":2785,"date":"2016-07-04T14:08:33","date_gmt":"2016-07-04T11:08:33","guid":{"rendered":"https:\/\/bio4you.eu\/retseptid\/?post_type=product&#038;p=2785"},"modified":"2022-05-17T10:09:10","modified_gmt":"2022-05-17T07:09:10","slug":"voivaba-sokolaadi-pahkli-kook","status":"publish","type":"product","link":"https:\/\/bio4you.eu\/retseptid\/toode\/voivaba-sokolaadi-pahkli-kook\/","title":{"rendered":"V\u00f5ivaba \u0161okolaadi-p\u00e4hklikook"},"content":{"rendered":"<p>Datlid ja oomega-3 rikkad Kreeka p\u00e4hklid annavad koogile vitamiinirikka koostise ja asendavad rasvaine.<\/p>\n<p>Valmistamine:<br \/>\nPurusta datlid, m\u00f5ru\u0161okolaad ja kreeka p\u00e4hklid, lisa neile \u00bd tl. jahu ja sega l\u00e4bi. Hoia eraldi kausis ootel.<br \/>\nVahusta munad suhkruga. Lisa k\u00fcpsetuspulbriga segatud jahu vaheldumisi piimaga.<br \/>\nLisa p\u00e4hkli-\u0161okolaadi-datlisegu. Maitsesta terakese soolaga.<br \/>\nK\u00fcpseta 180 kraadises ahjus ca 40 minutit.<\/p>\n","protected":false},"excerpt":{"rendered":"<p>KOOSTISAINED:<\/p>\n<ul>\n<li>150 g kivideta datleid<\/li>\n<li>90 g <a href=\"http:\/\/bio4you.eu\/et\/149-jahud?utm_source=bioretsept&amp;utm_medium=retseptireklaam&amp;utm_campaign=Retsept\" target=\"_blank\" rel=\"noopener\"><span style=\"color: #99cc00;\">jahu<\/span> <\/a>(v\u00f5ib panna pooleks t\u00e4isterajahuga)<\/li>\n<li>75 g <a href=\"https:\/\/bio4you.eu\/et\/otsi?controller=search&amp;order=product.position.desc&amp;s=suhkur&amp;utm_source=bioretsept&amp;utm_medium=retsept&amp;utm_campaign=retsept\" target=\"_blank\" rel=\"noopener\">suhkrut<\/a><\/li>\n<li>50 g Kreeka p\u00e4hkleid<\/li>\n<li>50 g <a href=\"https:\/\/bio4you.eu\/et\/163-sokolaadid?utm_source=bioretsept&amp;utm_medium=retsept&amp;utm_campaign=retsept\" target=\"_blank\" rel=\"noopener\"><span style=\"color: #99cc00;\">m\u00f5ru\u0161okolaadi<\/span><\/a><\/li>\n<li>klaas piima<\/li>\n<li>\u00bd tl k\u00fcpsetuspulbrit<\/li>\n<li>2 v\u00e4ikest muna<\/li>\n<li>terake soola<\/li>\n<\/ul>\n","protected":false},"featured_media":3145,"comment_status":"open","ping_status":"closed","template":"","meta":{"_exactmetrics_skip_tracking":false,"_exactmetrics_sitenote_active":false,"_exactmetrics_sitenote_note":"","_exactmetrics_sitenote_category":0},"product_cat":[60,383,280],"product_tag":[],"class_list":{"0":"post-2785","1":"product","2":"type-product","3":"status-publish","4":"has-post-thumbnail","6":"product_cat-toiduretseptid","7":"product_cat-taimetoit","8":"product_cat-koogid-ja-kupsised","10":"first","11":"instock","12":"shipping-taxable","13":"product-type-simple"},"yoast_head":"<!-- This site is optimized with the Yoast SEO plugin v23.3 - https:\/\/yoast.com\/wordpress\/plugins\/seo\/ -->\n<title>V\u00f5ivaba \u0161okolaadi-p\u00e4hklikook - bio4you.eu\/retseptid<\/title>\n<meta name=\"robots\" content=\"index, follow, max-snippet:-1, max-image-preview:large, max-video-preview:-1\" \/>\n<link rel=\"canonical\" href=\"https:\/\/bio4you.eu\/retseptid\/toode\/voivaba-sokolaadi-pahkli-kook\/\" \/>\n<meta property=\"og:locale\" content=\"et_EE\" \/>\n<meta property=\"og:type\" content=\"article\" \/>\n<meta property=\"og:title\" content=\"V\u00f5ivaba \u0161okolaadi-p\u00e4hklikook - bio4you.eu\/retseptid\" \/>\n<meta property=\"og:description\" content=\"KOOSTISAINED:   150 g kivideta datleid  90 g jahu (v\u00f5ib panna pooleks t\u00e4isterajahuga)  75 g suhkrut  50 g Kreeka p\u00e4hkleid  50 g m\u00f5ru\u0161okolaadi  klaas piima  \u00bd tl k\u00fcpsetuspulbrit  2 v\u00e4ikest muna  terake soola\" \/>\n<meta property=\"og:url\" content=\"https:\/\/bio4you.eu\/retseptid\/toode\/voivaba-sokolaadi-pahkli-kook\/\" \/>\n<meta property=\"og:site_name\" content=\"bio4you.eu\/retseptid\" \/>\n<meta property=\"article:modified_time\" content=\"2022-05-17T07:09:10+00:00\" \/>\n<meta property=\"og:image\" content=\"https:\/\/bio4you.eu\/retseptid\/wp-content\/uploads\/2016\/07\/13615138_1803268453219537_2110082132612261390_n.jpg\" \/>\n\t<meta property=\"og:image:width\" content=\"960\" \/>\n\t<meta property=\"og:image:height\" content=\"720\" \/>\n\t<meta property=\"og:image:type\" content=\"image\/jpeg\" \/>\n<meta name=\"twitter:label1\" content=\"Est. reading time\" \/>\n\t<meta name=\"twitter:data1\" content=\"1 minut\" \/>\n<script type=\"application\/ld+json\" class=\"yoast-schema-graph\">{\"@context\":\"https:\/\/schema.org\",\"@graph\":[{\"@type\":\"WebPage\",\"@id\":\"https:\/\/bio4you.eu\/retseptid\/toode\/voivaba-sokolaadi-pahkli-kook\/\",\"url\":\"https:\/\/bio4you.eu\/retseptid\/toode\/voivaba-sokolaadi-pahkli-kook\/\",\"name\":\"V\u00f5ivaba \u0161okolaadi-p\u00e4hklikook - bio4you.eu\/retseptid\",\"isPartOf\":{\"@id\":\"https:\/\/bio4you.eu\/retseptid\/#website\"},\"primaryImageOfPage\":{\"@id\":\"https:\/\/bio4you.eu\/retseptid\/toode\/voivaba-sokolaadi-pahkli-kook\/#primaryimage\"},\"image\":{\"@id\":\"https:\/\/bio4you.eu\/retseptid\/toode\/voivaba-sokolaadi-pahkli-kook\/#primaryimage\"},\"thumbnailUrl\":\"https:\/\/bio4you.eu\/retseptid\/wp-content\/uploads\/2016\/07\/13615138_1803268453219537_2110082132612261390_n.jpg\",\"datePublished\":\"2016-07-04T11:08:33+00:00\",\"dateModified\":\"2022-05-17T07:09:10+00:00\",\"breadcrumb\":{\"@id\":\"https:\/\/bio4you.eu\/retseptid\/toode\/voivaba-sokolaadi-pahkli-kook\/#breadcrumb\"},\"inLanguage\":\"et\",\"potentialAction\":[{\"@type\":\"ReadAction\",\"target\":[\"https:\/\/bio4you.eu\/retseptid\/toode\/voivaba-sokolaadi-pahkli-kook\/\"]}]},{\"@type\":\"ImageObject\",\"inLanguage\":\"et\",\"@id\":\"https:\/\/bio4you.eu\/retseptid\/toode\/voivaba-sokolaadi-pahkli-kook\/#primaryimage\",\"url\":\"https:\/\/bio4you.eu\/retseptid\/wp-content\/uploads\/2016\/07\/13615138_1803268453219537_2110082132612261390_n.jpg\",\"contentUrl\":\"https:\/\/bio4you.eu\/retseptid\/wp-content\/uploads\/2016\/07\/13615138_1803268453219537_2110082132612261390_n.jpg\",\"width\":960,\"height\":720},{\"@type\":\"BreadcrumbList\",\"@id\":\"https:\/\/bio4you.eu\/retseptid\/toode\/voivaba-sokolaadi-pahkli-kook\/#breadcrumb\",\"itemListElement\":[{\"@type\":\"ListItem\",\"position\":1,\"name\":\"Home\",\"item\":\"https:\/\/bio4you.eu\/retseptid\/\"},{\"@type\":\"ListItem\",\"position\":2,\"name\":\"V\u00f5ivaba \u0161okolaadi-p\u00e4hklikook\"}]},{\"@type\":\"WebSite\",\"@id\":\"https:\/\/bio4you.eu\/retseptid\/#website\",\"url\":\"https:\/\/bio4you.eu\/retseptid\/\",\"name\":\"bio4you.eu\/retseptid\",\"description\":\"\u00d6ko retseptid ise tegemiseks, looduslikest koostisainetest. Maitsev toit, iluhooldus, kodupuhastus ja aiandus.\",\"potentialAction\":[{\"@type\":\"SearchAction\",\"target\":{\"@type\":\"EntryPoint\",\"urlTemplate\":\"https:\/\/bio4you.eu\/retseptid\/?s={search_term_string}\"},\"query-input\":\"required name=search_term_string\"}],\"inLanguage\":\"et\"}]}<\/script>\n<!-- \/ Yoast SEO plugin. -->","yoast_head_json":{"title":"V\u00f5ivaba \u0161okolaadi-p\u00e4hklikook - bio4you.eu\/retseptid","robots":{"index":"index","follow":"follow","max-snippet":"max-snippet:-1","max-image-preview":"max-image-preview:large","max-video-preview":"max-video-preview:-1"},"canonical":"https:\/\/bio4you.eu\/retseptid\/toode\/voivaba-sokolaadi-pahkli-kook\/","og_locale":"et_EE","og_type":"article","og_title":"V\u00f5ivaba \u0161okolaadi-p\u00e4hklikook - bio4you.eu\/retseptid","og_description":"KOOSTISAINED:   150 g kivideta datleid  90 g jahu (v\u00f5ib panna pooleks t\u00e4isterajahuga)  75 g suhkrut  50 g Kreeka p\u00e4hkleid  50 g m\u00f5ru\u0161okolaadi  klaas piima  \u00bd tl k\u00fcpsetuspulbrit  2 v\u00e4ikest muna  terake soola","og_url":"https:\/\/bio4you.eu\/retseptid\/toode\/voivaba-sokolaadi-pahkli-kook\/","og_site_name":"bio4you.eu\/retseptid","article_modified_time":"2022-05-17T07:09:10+00:00","og_image":[{"width":960,"height":720,"url":"https:\/\/bio4you.eu\/retseptid\/wp-content\/uploads\/2016\/07\/13615138_1803268453219537_2110082132612261390_n.jpg","type":"image\/jpeg"}],"twitter_misc":{"Est. reading time":"1 minut"},"schema":{"@context":"https:\/\/schema.org","@graph":[{"@type":"WebPage","@id":"https:\/\/bio4you.eu\/retseptid\/toode\/voivaba-sokolaadi-pahkli-kook\/","url":"https:\/\/bio4you.eu\/retseptid\/toode\/voivaba-sokolaadi-pahkli-kook\/","name":"V\u00f5ivaba \u0161okolaadi-p\u00e4hklikook - bio4you.eu\/retseptid","isPartOf":{"@id":"https:\/\/bio4you.eu\/retseptid\/#website"},"primaryImageOfPage":{"@id":"https:\/\/bio4you.eu\/retseptid\/toode\/voivaba-sokolaadi-pahkli-kook\/#primaryimage"},"image":{"@id":"https:\/\/bio4you.eu\/retseptid\/toode\/voivaba-sokolaadi-pahkli-kook\/#primaryimage"},"thumbnailUrl":"https:\/\/bio4you.eu\/retseptid\/wp-content\/uploads\/2016\/07\/13615138_1803268453219537_2110082132612261390_n.jpg","datePublished":"2016-07-04T11:08:33+00:00","dateModified":"2022-05-17T07:09:10+00:00","breadcrumb":{"@id":"https:\/\/bio4you.eu\/retseptid\/toode\/voivaba-sokolaadi-pahkli-kook\/#breadcrumb"},"inLanguage":"et","potentialAction":[{"@type":"ReadAction","target":["https:\/\/bio4you.eu\/retseptid\/toode\/voivaba-sokolaadi-pahkli-kook\/"]}]},{"@type":"ImageObject","inLanguage":"et","@id":"https:\/\/bio4you.eu\/retseptid\/toode\/voivaba-sokolaadi-pahkli-kook\/#primaryimage","url":"https:\/\/bio4you.eu\/retseptid\/wp-content\/uploads\/2016\/07\/13615138_1803268453219537_2110082132612261390_n.jpg","contentUrl":"https:\/\/bio4you.eu\/retseptid\/wp-content\/uploads\/2016\/07\/13615138_1803268453219537_2110082132612261390_n.jpg","width":960,"height":720},{"@type":"BreadcrumbList","@id":"https:\/\/bio4you.eu\/retseptid\/toode\/voivaba-sokolaadi-pahkli-kook\/#breadcrumb","itemListElement":[{"@type":"ListItem","position":1,"name":"Home","item":"https:\/\/bio4you.eu\/retseptid\/"},{"@type":"ListItem","position":2,"name":"V\u00f5ivaba \u0161okolaadi-p\u00e4hklikook"}]},{"@type":"WebSite","@id":"https:\/\/bio4you.eu\/retseptid\/#website","url":"https:\/\/bio4you.eu\/retseptid\/","name":"bio4you.eu\/retseptid","description":"\u00d6ko retseptid ise tegemiseks, looduslikest koostisainetest. Maitsev toit, iluhooldus, kodupuhastus ja aiandus.","potentialAction":[{"@type":"SearchAction","target":{"@type":"EntryPoint","urlTemplate":"https:\/\/bio4you.eu\/retseptid\/?s={search_term_string}"},"query-input":"required name=search_term_string"}],"inLanguage":"et"}]}},"_links":{"self":[{"href":"https:\/\/bio4you.eu\/retseptid\/wp-json\/wp\/v2\/product\/2785"}],"collection":[{"href":"https:\/\/bio4you.eu\/retseptid\/wp-json\/wp\/v2\/product"}],"about":[{"href":"https:\/\/bio4you.eu\/retseptid\/wp-json\/wp\/v2\/types\/product"}],"replies":[{"embeddable":true,"href":"https:\/\/bio4you.eu\/retseptid\/wp-json\/wp\/v2\/comments?post=2785"}],"wp:featuredmedia":[{"embeddable":true,"href":"https:\/\/bio4you.eu\/retseptid\/wp-json\/wp\/v2\/media\/3145"}],"wp:attachment":[{"href":"https:\/\/bio4you.eu\/retseptid\/wp-json\/wp\/v2\/media?parent=2785"}],"wp:term":[{"taxonomy":"product_cat","embeddable":true,"href":"https:\/\/bio4you.eu\/retseptid\/wp-json\/wp\/v2\/product_cat?post=2785"},{"taxonomy":"product_tag","embeddable":true,"href":"https:\/\/bio4you.eu\/retseptid\/wp-json\/wp\/v2\/product_tag?post=2785"}],"curies":[{"name":"wp","href":"https:\/\/api.w.org\/{rel}","templated":true}]}}