{"id":2795,"date":"2016-07-06T12:43:08","date_gmt":"2016-07-06T09:43:08","guid":{"rendered":"https:\/\/bio4you.eu\/retseptid\/?post_type=product&#038;p=2795"},"modified":"2022-05-12T13:49:27","modified_gmt":"2022-05-12T10:49:27","slug":"rasvaineta-valmistatud-kheriri","status":"publish","type":"product","link":"https:\/\/bio4you.eu\/retseptid\/toode\/rasvaineta-valmistatud-kheriri\/","title":{"rendered":"RASVAINETA VALMISTATUD KHERIRI"},"content":{"rendered":"<p>Selle roa valmistamiseks ei ole kasutatud grammigi \u00f5li, mist\u00f5ttu sobib see eriti h\u00e4sti kaaluj\u00e4lgijatele. Lisaks on roog proteiinirikas ning gluteenivaba, sobides ka taimetoitlastele ja ts\u00f6liaakia korral.<\/p>\n<p>Indias kannab must munguba\u00a0nime URID DAL ja mille otset\u00f5lge eesti keelde on \u201eurduba\u201c.\u00a0See tundmatu urduba on kaunvili, mis on kauges suguluses mungoaga.<\/p>\n<div>\n<p>Mitmel pool kutsutakse teda \u201emustaks mungoaks\u201c, v\u00e4ikese suuruse ja musta kesta t\u00f5ttu. Kuna oa sisemus on valge ja meenutab kooritult l\u00e4\u00e4tsesid, siis kutsutakse neid ekslikult ka \u201evalgeteks l\u00e4\u00e4tsedeks\u201c.<\/p>\n<p>Mustad mungoad on seest pehmed ja kreemjad, tugeva ja aromaatse maitsega.\u00a0Indias valmistatakse neid koos karriga v\u00f5i kurkumiga, mis toob ubade omap\u00e4rase maitse h\u00e4sti esile. Samuti sobib urduba keetmiseks koos riisiga.<\/p>\n<p>Mustad mungoad on saadaval h\u00e4stivarustatud looduspoodidest. Kiiremaks kasutamiseks valige nad poolitatud kujul (siis on pakis mustavalge kirjud oad, sest kest on must ja sisu valge) v\u00f5i siis poolitatult ja kooritult (siis n\u00e4evad nad v\u00e4lja nagu valged l\u00e4\u00e4tsed).<\/p>\n<p>KHERIRI, mida h\u00e4\u00e4ldatakse \u201ekit-chur-ree\u201c on lihtne ja maitsev roog mustade mungubade ja riisiga. Valmis rooga kasuta meelep\u00e4rasel viisil, n\u00e4iteks:<\/p>\n<p>Serveeri koos omleti ja tomatitega;<br \/>\nSega aurutatud v\u00f5i keedetud rohelise lehtviljaga (spinat, rukola, sigurilehed) ja serveeri tilgakese palsami\u00e4\u00e4dikaga;<br \/>\nTee salat kirsstomatite, oliivide, v\u00e4rske rukola ja avokaadoga. Maitsesta oliivi\u00f5li ja palsami\u00e4\u00e4dikaga;<br \/>\nServeeri koos hummuse v\u00f5i chutney&#8217;ga<\/p>\n<p>VALMISTAMINE:<br \/>\nPane k\u00f5ik koostisained potti, mida saab ka ahju panna. Pane pott tulele ja kuumuta keemiseni. K\u00f5ige parem on kasutada keraamilist ahjupotti. Kui segu keeb, kata pott kaanega ja aseta 180 kraadise kuumusega ahju, keskmisele riiulile. Hoia ahjus ca 25 minutit ning seni, kuni vesi on imendunud. Valmis roog on s\u00f5mer ja aromaatne.<\/p>\n<p>Valmis rooga serveeri meie nippe j\u00e4lgides v\u00f5i leiuta omakorda uusi kooslusi.<\/p>\n<\/div>\n","protected":false},"excerpt":{"rendered":"<p>Vaja l\u00e4heb:<\/p>\n<p>150 g <span style=\"color: #99cc00;\"><a style=\"color: #99cc00;\" href=\"https:\/\/bio4you.eu\/et\/kuivained\/5491-mustad-mungoad-poolitatud-500g.html?utm_source=blogi&amp;utm_medium=bioretsept&amp;utm_campaign=retsept\">musta poolitatud munguba<\/a><\/span><br \/>\n150 g <a href=\"http:\/\/bio4you.eu\/et\/search?controller=search&amp;orderby=position&amp;orderway=desc&amp;search_query=basmati&amp;submit_search=&amp;utm_source=bioretsept&amp;utm_medium=retseptireklaam&amp;utm_campaign=Retsept\" target=\"_blank\" rel=\"noopener\"><span style=\"color: #99cc00;\">basmati riisi<\/span><\/a><br \/>\nkaks klaasi k\u00fclma vett<br \/>\n\u00bd tl <a href=\"http:\/\/bio4you.eu\/et\/maitseained\/1966-kurkum-jahvatatud-10g-cosmoveda.html?utm_source=bioretsept&amp;utm_medium=retseptireklaam&amp;utm_campaign=Retsept\" target=\"_blank\" rel=\"noopener\"><span style=\"color: #99cc00;\">kurkumipulbrit<\/span><\/a><br \/>\n\u00bd tl musta pipart<br \/>\nsoola<br \/>\nsoovi korral t\u00e4iendavaks maitsestamiseks terake taimset <a href=\"http:\/\/bio4you.eu\/et\/search?controller=search&amp;orderby=position&amp;orderway=desc&amp;search_query=puljongi&amp;submit_search=&amp;utm_source=bioretsept&amp;utm_medium=retseptireklaam&amp;utm_campaign=Retsept\" target=\"_blank\" rel=\"noopener\"><span style=\"color: #99cc00;\">puljongikuubikut<\/span><\/a><\/p>\n","protected":false},"featured_media":3151,"comment_status":"open","ping_status":"closed","template":"","meta":{"_exactmetrics_skip_tracking":false,"_exactmetrics_sitenote_active":false,"_exactmetrics_sitenote_note":"","_exactmetrics_sitenote_category":0},"product_cat":[60,382,383,71,72],"product_tag":[],"class_list":{"0":"post-2795","1":"product","2":"type-product","3":"status-publish","4":"has-post-thumbnail","6":"product_cat-toiduretseptid","7":"product_cat-vegan-toiduretseptid","8":"product_cat-taimetoit","9":"product_cat-riisi-ja-teraviljatoidud","10":"product_cat-oa-laatse-ja-hernetoidud","12":"first","13":"instock","14":"shipping-taxable","15":"product-type-simple"},"yoast_head":"<!-- This site is optimized with the Yoast SEO plugin v23.3 - https:\/\/yoast.com\/wordpress\/plugins\/seo\/ -->\n<title>RASVAINETA VALMISTATUD KHERIRI - bio4you.eu\/retseptid<\/title>\n<meta name=\"robots\" content=\"index, follow, max-snippet:-1, max-image-preview:large, max-video-preview:-1\" \/>\n<link rel=\"canonical\" href=\"https:\/\/bio4you.eu\/retseptid\/toode\/rasvaineta-valmistatud-kheriri\/\" \/>\n<meta property=\"og:locale\" content=\"et_EE\" \/>\n<meta property=\"og:type\" content=\"article\" \/>\n<meta property=\"og:title\" content=\"RASVAINETA VALMISTATUD KHERIRI - bio4you.eu\/retseptid\" \/>\n<meta property=\"og:description\" content=\"Vaja l\u00e4heb:  150 g musta poolitatud munguba 150 g basmati riisi kaks klaasi k\u00fclma vett \u00bd tl kurkumipulbrit \u00bd tl musta pipart soola soovi korral t\u00e4iendavaks maitsestamiseks terake taimset puljongikuubikut\" \/>\n<meta property=\"og:url\" content=\"https:\/\/bio4you.eu\/retseptid\/toode\/rasvaineta-valmistatud-kheriri\/\" \/>\n<meta property=\"og:site_name\" content=\"bio4you.eu\/retseptid\" \/>\n<meta property=\"article:modified_time\" content=\"2022-05-12T10:49:27+00:00\" \/>\n<meta property=\"og:image\" content=\"https:\/\/bio4you.eu\/retseptid\/wp-content\/uploads\/2016\/07\/13612209_1803783673168015_1031561104775875738_n.jpg\" \/>\n\t<meta property=\"og:image:width\" content=\"960\" \/>\n\t<meta property=\"og:image:height\" content=\"720\" \/>\n\t<meta property=\"og:image:type\" content=\"image\/jpeg\" \/>\n<meta name=\"twitter:label1\" content=\"Est. reading time\" \/>\n\t<meta name=\"twitter:data1\" content=\"2 minutit\" \/>\n<script type=\"application\/ld+json\" class=\"yoast-schema-graph\">{\"@context\":\"https:\/\/schema.org\",\"@graph\":[{\"@type\":\"WebPage\",\"@id\":\"https:\/\/bio4you.eu\/retseptid\/toode\/rasvaineta-valmistatud-kheriri\/\",\"url\":\"https:\/\/bio4you.eu\/retseptid\/toode\/rasvaineta-valmistatud-kheriri\/\",\"name\":\"RASVAINETA VALMISTATUD KHERIRI - bio4you.eu\/retseptid\",\"isPartOf\":{\"@id\":\"https:\/\/bio4you.eu\/retseptid\/#website\"},\"primaryImageOfPage\":{\"@id\":\"https:\/\/bio4you.eu\/retseptid\/toode\/rasvaineta-valmistatud-kheriri\/#primaryimage\"},\"image\":{\"@id\":\"https:\/\/bio4you.eu\/retseptid\/toode\/rasvaineta-valmistatud-kheriri\/#primaryimage\"},\"thumbnailUrl\":\"https:\/\/bio4you.eu\/retseptid\/wp-content\/uploads\/2016\/07\/13612209_1803783673168015_1031561104775875738_n.jpg\",\"datePublished\":\"2016-07-06T09:43:08+00:00\",\"dateModified\":\"2022-05-12T10:49:27+00:00\",\"breadcrumb\":{\"@id\":\"https:\/\/bio4you.eu\/retseptid\/toode\/rasvaineta-valmistatud-kheriri\/#breadcrumb\"},\"inLanguage\":\"et\",\"potentialAction\":[{\"@type\":\"ReadAction\",\"target\":[\"https:\/\/bio4you.eu\/retseptid\/toode\/rasvaineta-valmistatud-kheriri\/\"]}]},{\"@type\":\"ImageObject\",\"inLanguage\":\"et\",\"@id\":\"https:\/\/bio4you.eu\/retseptid\/toode\/rasvaineta-valmistatud-kheriri\/#primaryimage\",\"url\":\"https:\/\/bio4you.eu\/retseptid\/wp-content\/uploads\/2016\/07\/13612209_1803783673168015_1031561104775875738_n.jpg\",\"contentUrl\":\"https:\/\/bio4you.eu\/retseptid\/wp-content\/uploads\/2016\/07\/13612209_1803783673168015_1031561104775875738_n.jpg\",\"width\":960,\"height\":720},{\"@type\":\"BreadcrumbList\",\"@id\":\"https:\/\/bio4you.eu\/retseptid\/toode\/rasvaineta-valmistatud-kheriri\/#breadcrumb\",\"itemListElement\":[{\"@type\":\"ListItem\",\"position\":1,\"name\":\"Home\",\"item\":\"https:\/\/bio4you.eu\/retseptid\/\"},{\"@type\":\"ListItem\",\"position\":2,\"name\":\"RASVAINETA VALMISTATUD KHERIRI\"}]},{\"@type\":\"WebSite\",\"@id\":\"https:\/\/bio4you.eu\/retseptid\/#website\",\"url\":\"https:\/\/bio4you.eu\/retseptid\/\",\"name\":\"bio4you.eu\/retseptid\",\"description\":\"\u00d6ko retseptid ise tegemiseks, looduslikest koostisainetest. Maitsev toit, iluhooldus, kodupuhastus ja aiandus.\",\"potentialAction\":[{\"@type\":\"SearchAction\",\"target\":{\"@type\":\"EntryPoint\",\"urlTemplate\":\"https:\/\/bio4you.eu\/retseptid\/?s={search_term_string}\"},\"query-input\":\"required name=search_term_string\"}],\"inLanguage\":\"et\"}]}<\/script>\n<!-- \/ Yoast SEO plugin. -->","yoast_head_json":{"title":"RASVAINETA VALMISTATUD KHERIRI - bio4you.eu\/retseptid","robots":{"index":"index","follow":"follow","max-snippet":"max-snippet:-1","max-image-preview":"max-image-preview:large","max-video-preview":"max-video-preview:-1"},"canonical":"https:\/\/bio4you.eu\/retseptid\/toode\/rasvaineta-valmistatud-kheriri\/","og_locale":"et_EE","og_type":"article","og_title":"RASVAINETA VALMISTATUD KHERIRI - bio4you.eu\/retseptid","og_description":"Vaja l\u00e4heb:  150 g musta poolitatud munguba 150 g basmati riisi kaks klaasi k\u00fclma vett \u00bd tl kurkumipulbrit \u00bd tl musta pipart soola soovi korral t\u00e4iendavaks maitsestamiseks terake taimset puljongikuubikut","og_url":"https:\/\/bio4you.eu\/retseptid\/toode\/rasvaineta-valmistatud-kheriri\/","og_site_name":"bio4you.eu\/retseptid","article_modified_time":"2022-05-12T10:49:27+00:00","og_image":[{"width":960,"height":720,"url":"https:\/\/bio4you.eu\/retseptid\/wp-content\/uploads\/2016\/07\/13612209_1803783673168015_1031561104775875738_n.jpg","type":"image\/jpeg"}],"twitter_misc":{"Est. reading time":"2 minutit"},"schema":{"@context":"https:\/\/schema.org","@graph":[{"@type":"WebPage","@id":"https:\/\/bio4you.eu\/retseptid\/toode\/rasvaineta-valmistatud-kheriri\/","url":"https:\/\/bio4you.eu\/retseptid\/toode\/rasvaineta-valmistatud-kheriri\/","name":"RASVAINETA VALMISTATUD KHERIRI - bio4you.eu\/retseptid","isPartOf":{"@id":"https:\/\/bio4you.eu\/retseptid\/#website"},"primaryImageOfPage":{"@id":"https:\/\/bio4you.eu\/retseptid\/toode\/rasvaineta-valmistatud-kheriri\/#primaryimage"},"image":{"@id":"https:\/\/bio4you.eu\/retseptid\/toode\/rasvaineta-valmistatud-kheriri\/#primaryimage"},"thumbnailUrl":"https:\/\/bio4you.eu\/retseptid\/wp-content\/uploads\/2016\/07\/13612209_1803783673168015_1031561104775875738_n.jpg","datePublished":"2016-07-06T09:43:08+00:00","dateModified":"2022-05-12T10:49:27+00:00","breadcrumb":{"@id":"https:\/\/bio4you.eu\/retseptid\/toode\/rasvaineta-valmistatud-kheriri\/#breadcrumb"},"inLanguage":"et","potentialAction":[{"@type":"ReadAction","target":["https:\/\/bio4you.eu\/retseptid\/toode\/rasvaineta-valmistatud-kheriri\/"]}]},{"@type":"ImageObject","inLanguage":"et","@id":"https:\/\/bio4you.eu\/retseptid\/toode\/rasvaineta-valmistatud-kheriri\/#primaryimage","url":"https:\/\/bio4you.eu\/retseptid\/wp-content\/uploads\/2016\/07\/13612209_1803783673168015_1031561104775875738_n.jpg","contentUrl":"https:\/\/bio4you.eu\/retseptid\/wp-content\/uploads\/2016\/07\/13612209_1803783673168015_1031561104775875738_n.jpg","width":960,"height":720},{"@type":"BreadcrumbList","@id":"https:\/\/bio4you.eu\/retseptid\/toode\/rasvaineta-valmistatud-kheriri\/#breadcrumb","itemListElement":[{"@type":"ListItem","position":1,"name":"Home","item":"https:\/\/bio4you.eu\/retseptid\/"},{"@type":"ListItem","position":2,"name":"RASVAINETA VALMISTATUD KHERIRI"}]},{"@type":"WebSite","@id":"https:\/\/bio4you.eu\/retseptid\/#website","url":"https:\/\/bio4you.eu\/retseptid\/","name":"bio4you.eu\/retseptid","description":"\u00d6ko retseptid ise tegemiseks, looduslikest koostisainetest. Maitsev toit, iluhooldus, kodupuhastus ja aiandus.","potentialAction":[{"@type":"SearchAction","target":{"@type":"EntryPoint","urlTemplate":"https:\/\/bio4you.eu\/retseptid\/?s={search_term_string}"},"query-input":"required name=search_term_string"}],"inLanguage":"et"}]}},"_links":{"self":[{"href":"https:\/\/bio4you.eu\/retseptid\/wp-json\/wp\/v2\/product\/2795"}],"collection":[{"href":"https:\/\/bio4you.eu\/retseptid\/wp-json\/wp\/v2\/product"}],"about":[{"href":"https:\/\/bio4you.eu\/retseptid\/wp-json\/wp\/v2\/types\/product"}],"replies":[{"embeddable":true,"href":"https:\/\/bio4you.eu\/retseptid\/wp-json\/wp\/v2\/comments?post=2795"}],"wp:featuredmedia":[{"embeddable":true,"href":"https:\/\/bio4you.eu\/retseptid\/wp-json\/wp\/v2\/media\/3151"}],"wp:attachment":[{"href":"https:\/\/bio4you.eu\/retseptid\/wp-json\/wp\/v2\/media?parent=2795"}],"wp:term":[{"taxonomy":"product_cat","embeddable":true,"href":"https:\/\/bio4you.eu\/retseptid\/wp-json\/wp\/v2\/product_cat?post=2795"},{"taxonomy":"product_tag","embeddable":true,"href":"https:\/\/bio4you.eu\/retseptid\/wp-json\/wp\/v2\/product_tag?post=2795"}],"curies":[{"name":"wp","href":"https:\/\/api.w.org\/{rel}","templated":true}]}}