{"id":2805,"date":"2016-07-06T13:01:26","date_gmt":"2016-07-06T10:01:26","guid":{"rendered":"https:\/\/bio4you.eu\/retseptid\/?post_type=product&#038;p=2805"},"modified":"2022-05-12T13:42:09","modified_gmt":"2022-05-12T10:42:09","slug":"punase-kapsa-salat","status":"publish","type":"product","link":"https:\/\/bio4you.eu\/retseptid\/toode\/punase-kapsa-salat\/","title":{"rendered":"Punase kapsa salat"},"content":{"rendered":"<p>Punast kapsast, porgandit ja lillkapsast on keeruline l\u00f5ikuda ilusateks suup\u00e4rasteks t\u00fckkideks. Sellep\u00e4rast on hea nipp purustada need hoopis k\u00f6\u00f6gikombainis. Selleks sobiks ka v\u00e4iksem k\u00f6\u00f6gikombain, mis hakib k\u00f5ik v\u00e4ikesteks t\u00fckkideks. Nii tulevab k\u00f5ikidest k\u00f6\u00f6giviljadest mahl v\u00e4lja ja salatit on mugav s\u00fc\u00fca.<\/p>\n<p>Valmistamine:<br \/>\nL\u00f5ika porgand, lillkapsas ja punane kapsas piisavalt v\u00e4ikesteks t\u00fckkideks, et need mahuksid vabalt k\u00f6\u00f6gikombaini. Purusta neid v\u00e4hehaaval ja l\u00fchikest aega, et need ei muutuks liiga peeneks. Selleks ei tohiks kuluda \u00fcle 5 sekundi t\u00e4isv\u00f5imsusel t\u00f6\u00f6tamist.<br \/>\nPuhasta granaat\u00f5un veega t\u00e4idetud kausis vee all- nii langevad seemned kausi p\u00f5hja ning valged osad j\u00e4\u00e4vad peale ujuma. Samuti ei leia sa oma riietelt p\u00e4rast punaseid plekke. Lisa segule granaat\u00f5una seemned. Sega eraldi n\u00f5us oliivi\u00f5li, 2 sl sidrunimahla ning maitseained ning sega salatisse.<\/p>\n<p>Serveeri salat lisandina n\u00e4iteks kinoale v\u00f5i l\u00e4\u00e4tsedele.<\/p>\n","protected":false},"excerpt":{"rendered":"<p>Koostisosad:<\/p>\n<ul>\n<li>pool v\u00e4iksemat punast kapsast<\/li>\n<li>pool v\u00e4iksemat lillkapsast<\/li>\n<li>2 porgandit<\/li>\n<li>pool granaat\u00f5una<\/li>\n<li>2 sl <a href=\"http:\/\/www.bio4you.eu\/et\/toiduained\/1219-sidrunimahl-100-itaalia-250g-biologicoils.html\" target=\"_blank\" rel=\"noopener\"><span style=\"color: #99cc00;\">sidrunimahla<\/span><\/a><\/li>\n<li>2 tl <a href=\"https:\/\/bio4you.eu\/et\/otsi?controller=search&amp;order=product.position.desc&amp;s=oliivi%C3%B5li&amp;utm_source=blogi&amp;utm_medium=bioretsept&amp;utm_campaign=retsept\" target=\"_blank\" rel=\"noopener\"><span style=\"color: #99cc00;\">oliivi\u00f5li<\/span><\/a><\/li>\n<li>maitse j\u00e4rgi <a href=\"https:\/\/bio4you.eu\/et\/otsi?controller=search&amp;order=product.position.desc&amp;s=himaalaja+sool&amp;utm_source=blogi&amp;utm_medium=bioretsept&amp;utm_campaign=retsept\">himaalaja soola<\/a><\/li>\n<li>n\u00e4puotsaga kuivatatud oreganot<\/li>\n<\/ul>\n","protected":false},"featured_media":3226,"comment_status":"open","ping_status":"closed","template":"","meta":{"_exactmetrics_skip_tracking":false,"_exactmetrics_sitenote_active":false,"_exactmetrics_sitenote_note":"","_exactmetrics_sitenote_category":0},"product_cat":[60,382,383],"product_tag":[],"class_list":{"0":"post-2805","1":"product","2":"type-product","3":"status-publish","4":"has-post-thumbnail","6":"product_cat-toiduretseptid","7":"product_cat-vegan-toiduretseptid","8":"product_cat-taimetoit","10":"first","11":"instock","12":"shipping-taxable","13":"product-type-simple"},"yoast_head":"<!-- This site is optimized with the Yoast SEO plugin v23.3 - https:\/\/yoast.com\/wordpress\/plugins\/seo\/ -->\n<title>Punase kapsa salat - bio4you.eu\/retseptid<\/title>\n<meta name=\"robots\" content=\"index, follow, max-snippet:-1, max-image-preview:large, max-video-preview:-1\" \/>\n<link rel=\"canonical\" href=\"https:\/\/bio4you.eu\/retseptid\/toode\/punase-kapsa-salat\/\" \/>\n<meta property=\"og:locale\" content=\"et_EE\" \/>\n<meta property=\"og:type\" content=\"article\" \/>\n<meta property=\"og:title\" content=\"Punase kapsa salat - bio4you.eu\/retseptid\" \/>\n<meta property=\"og:description\" content=\"Koostisosad:   pool v\u00e4iksemat punast kapsast  pool v\u00e4iksemat lillkapsast  2 porgandit  pool granaat\u00f5una  2 sl sidrunimahla  2 tl oliivi\u00f5li  maitse j\u00e4rgi himaalaja soola  n\u00e4puotsaga kuivatatud oreganot\" \/>\n<meta property=\"og:url\" content=\"https:\/\/bio4you.eu\/retseptid\/toode\/punase-kapsa-salat\/\" \/>\n<meta property=\"og:site_name\" content=\"bio4you.eu\/retseptid\" \/>\n<meta property=\"article:modified_time\" content=\"2022-05-12T10:42:09+00:00\" \/>\n<meta property=\"og:image\" content=\"https:\/\/bio4you.eu\/retseptid\/wp-content\/uploads\/2016\/07\/IMG_0524.jpg\" \/>\n\t<meta property=\"og:image:width\" content=\"640\" \/>\n\t<meta property=\"og:image:height\" content=\"480\" \/>\n\t<meta property=\"og:image:type\" content=\"image\/jpeg\" \/>\n<meta name=\"twitter:label1\" content=\"Est. reading time\" \/>\n\t<meta name=\"twitter:data1\" content=\"1 minut\" \/>\n<script type=\"application\/ld+json\" class=\"yoast-schema-graph\">{\"@context\":\"https:\/\/schema.org\",\"@graph\":[{\"@type\":\"WebPage\",\"@id\":\"https:\/\/bio4you.eu\/retseptid\/toode\/punase-kapsa-salat\/\",\"url\":\"https:\/\/bio4you.eu\/retseptid\/toode\/punase-kapsa-salat\/\",\"name\":\"Punase kapsa salat - bio4you.eu\/retseptid\",\"isPartOf\":{\"@id\":\"https:\/\/bio4you.eu\/retseptid\/#website\"},\"primaryImageOfPage\":{\"@id\":\"https:\/\/bio4you.eu\/retseptid\/toode\/punase-kapsa-salat\/#primaryimage\"},\"image\":{\"@id\":\"https:\/\/bio4you.eu\/retseptid\/toode\/punase-kapsa-salat\/#primaryimage\"},\"thumbnailUrl\":\"https:\/\/bio4you.eu\/retseptid\/wp-content\/uploads\/2016\/07\/IMG_0524.jpg\",\"datePublished\":\"2016-07-06T10:01:26+00:00\",\"dateModified\":\"2022-05-12T10:42:09+00:00\",\"breadcrumb\":{\"@id\":\"https:\/\/bio4you.eu\/retseptid\/toode\/punase-kapsa-salat\/#breadcrumb\"},\"inLanguage\":\"et\",\"potentialAction\":[{\"@type\":\"ReadAction\",\"target\":[\"https:\/\/bio4you.eu\/retseptid\/toode\/punase-kapsa-salat\/\"]}]},{\"@type\":\"ImageObject\",\"inLanguage\":\"et\",\"@id\":\"https:\/\/bio4you.eu\/retseptid\/toode\/punase-kapsa-salat\/#primaryimage\",\"url\":\"https:\/\/bio4you.eu\/retseptid\/wp-content\/uploads\/2016\/07\/IMG_0524.jpg\",\"contentUrl\":\"https:\/\/bio4you.eu\/retseptid\/wp-content\/uploads\/2016\/07\/IMG_0524.jpg\",\"width\":640,\"height\":480},{\"@type\":\"BreadcrumbList\",\"@id\":\"https:\/\/bio4you.eu\/retseptid\/toode\/punase-kapsa-salat\/#breadcrumb\",\"itemListElement\":[{\"@type\":\"ListItem\",\"position\":1,\"name\":\"Home\",\"item\":\"https:\/\/bio4you.eu\/retseptid\/\"},{\"@type\":\"ListItem\",\"position\":2,\"name\":\"Punase kapsa salat\"}]},{\"@type\":\"WebSite\",\"@id\":\"https:\/\/bio4you.eu\/retseptid\/#website\",\"url\":\"https:\/\/bio4you.eu\/retseptid\/\",\"name\":\"bio4you.eu\/retseptid\",\"description\":\"\u00d6ko retseptid ise tegemiseks, looduslikest koostisainetest. Maitsev toit, iluhooldus, kodupuhastus ja aiandus.\",\"potentialAction\":[{\"@type\":\"SearchAction\",\"target\":{\"@type\":\"EntryPoint\",\"urlTemplate\":\"https:\/\/bio4you.eu\/retseptid\/?s={search_term_string}\"},\"query-input\":\"required name=search_term_string\"}],\"inLanguage\":\"et\"}]}<\/script>\n<!-- \/ Yoast SEO plugin. -->","yoast_head_json":{"title":"Punase kapsa salat - bio4you.eu\/retseptid","robots":{"index":"index","follow":"follow","max-snippet":"max-snippet:-1","max-image-preview":"max-image-preview:large","max-video-preview":"max-video-preview:-1"},"canonical":"https:\/\/bio4you.eu\/retseptid\/toode\/punase-kapsa-salat\/","og_locale":"et_EE","og_type":"article","og_title":"Punase kapsa salat - bio4you.eu\/retseptid","og_description":"Koostisosad:   pool v\u00e4iksemat punast kapsast  pool v\u00e4iksemat lillkapsast  2 porgandit  pool granaat\u00f5una  2 sl sidrunimahla  2 tl oliivi\u00f5li  maitse j\u00e4rgi himaalaja soola  n\u00e4puotsaga kuivatatud oreganot","og_url":"https:\/\/bio4you.eu\/retseptid\/toode\/punase-kapsa-salat\/","og_site_name":"bio4you.eu\/retseptid","article_modified_time":"2022-05-12T10:42:09+00:00","og_image":[{"width":640,"height":480,"url":"https:\/\/bio4you.eu\/retseptid\/wp-content\/uploads\/2016\/07\/IMG_0524.jpg","type":"image\/jpeg"}],"twitter_misc":{"Est. reading time":"1 minut"},"schema":{"@context":"https:\/\/schema.org","@graph":[{"@type":"WebPage","@id":"https:\/\/bio4you.eu\/retseptid\/toode\/punase-kapsa-salat\/","url":"https:\/\/bio4you.eu\/retseptid\/toode\/punase-kapsa-salat\/","name":"Punase kapsa salat - bio4you.eu\/retseptid","isPartOf":{"@id":"https:\/\/bio4you.eu\/retseptid\/#website"},"primaryImageOfPage":{"@id":"https:\/\/bio4you.eu\/retseptid\/toode\/punase-kapsa-salat\/#primaryimage"},"image":{"@id":"https:\/\/bio4you.eu\/retseptid\/toode\/punase-kapsa-salat\/#primaryimage"},"thumbnailUrl":"https:\/\/bio4you.eu\/retseptid\/wp-content\/uploads\/2016\/07\/IMG_0524.jpg","datePublished":"2016-07-06T10:01:26+00:00","dateModified":"2022-05-12T10:42:09+00:00","breadcrumb":{"@id":"https:\/\/bio4you.eu\/retseptid\/toode\/punase-kapsa-salat\/#breadcrumb"},"inLanguage":"et","potentialAction":[{"@type":"ReadAction","target":["https:\/\/bio4you.eu\/retseptid\/toode\/punase-kapsa-salat\/"]}]},{"@type":"ImageObject","inLanguage":"et","@id":"https:\/\/bio4you.eu\/retseptid\/toode\/punase-kapsa-salat\/#primaryimage","url":"https:\/\/bio4you.eu\/retseptid\/wp-content\/uploads\/2016\/07\/IMG_0524.jpg","contentUrl":"https:\/\/bio4you.eu\/retseptid\/wp-content\/uploads\/2016\/07\/IMG_0524.jpg","width":640,"height":480},{"@type":"BreadcrumbList","@id":"https:\/\/bio4you.eu\/retseptid\/toode\/punase-kapsa-salat\/#breadcrumb","itemListElement":[{"@type":"ListItem","position":1,"name":"Home","item":"https:\/\/bio4you.eu\/retseptid\/"},{"@type":"ListItem","position":2,"name":"Punase kapsa salat"}]},{"@type":"WebSite","@id":"https:\/\/bio4you.eu\/retseptid\/#website","url":"https:\/\/bio4you.eu\/retseptid\/","name":"bio4you.eu\/retseptid","description":"\u00d6ko retseptid ise tegemiseks, looduslikest koostisainetest. Maitsev toit, iluhooldus, kodupuhastus ja aiandus.","potentialAction":[{"@type":"SearchAction","target":{"@type":"EntryPoint","urlTemplate":"https:\/\/bio4you.eu\/retseptid\/?s={search_term_string}"},"query-input":"required name=search_term_string"}],"inLanguage":"et"}]}},"_links":{"self":[{"href":"https:\/\/bio4you.eu\/retseptid\/wp-json\/wp\/v2\/product\/2805"}],"collection":[{"href":"https:\/\/bio4you.eu\/retseptid\/wp-json\/wp\/v2\/product"}],"about":[{"href":"https:\/\/bio4you.eu\/retseptid\/wp-json\/wp\/v2\/types\/product"}],"replies":[{"embeddable":true,"href":"https:\/\/bio4you.eu\/retseptid\/wp-json\/wp\/v2\/comments?post=2805"}],"wp:featuredmedia":[{"embeddable":true,"href":"https:\/\/bio4you.eu\/retseptid\/wp-json\/wp\/v2\/media\/3226"}],"wp:attachment":[{"href":"https:\/\/bio4you.eu\/retseptid\/wp-json\/wp\/v2\/media?parent=2805"}],"wp:term":[{"taxonomy":"product_cat","embeddable":true,"href":"https:\/\/bio4you.eu\/retseptid\/wp-json\/wp\/v2\/product_cat?post=2805"},{"taxonomy":"product_tag","embeddable":true,"href":"https:\/\/bio4you.eu\/retseptid\/wp-json\/wp\/v2\/product_tag?post=2805"}],"curies":[{"name":"wp","href":"https:\/\/api.w.org\/{rel}","templated":true}]}}