{"id":2810,"date":"2016-07-11T15:01:42","date_gmt":"2016-07-11T12:01:42","guid":{"rendered":"https:\/\/bio4you.eu\/retseptid\/?post_type=product&#038;p=2810"},"modified":"2022-03-25T10:24:27","modified_gmt":"2022-03-25T08:24:27","slug":"banaanijaatis","status":"publish","type":"product","link":"https:\/\/bio4you.eu\/retseptid\/toode\/banaanijaatis\/","title":{"rendered":"Banaanij\u00e4\u00e4tis"},"content":{"rendered":"<p>Banaanij\u00e4\u00e4tis on tervislik ning imemaitsev alternatiiv tavalisele j\u00e4\u00e4tisele. Seda saab valmistada endale meeldivate maitsete ning lisanditega. Banaanij\u00e4\u00e4tis on ka laste poolt igati heaks kiidetud!<\/p>\n<p>Valmistamine:<br \/>\nL\u00f5ika banaan viiludeks ning pane s\u00fcgavk\u00fclma. Blenderda k\u00fclmunud banaan, meeldivad marjad ja 2 spl taimset piima \u00fchtlaseks kreemiks. Selleks oleks hea kasutada v\u00e4ikest k\u00f6\u00f6gikombaini. Sellega v\u00f5tab k\u00fclmunud banaanist j\u00e4\u00e4tise tegemine k\u00fcll veidi kannatust, sest tuleb lusikaga n\u00f5u seinte k\u00fcljest seda allapoole aidata, et k\u00f5ik saaks ikka \u00fchtlaselt ringi k\u00e4ia. Toimib ka tavalise blenderiga kuid siis tuleb samuti varuda kannatust, et banaan muutuks kreemiseks ning ei j\u00e4\u00e4ks t\u00fckke.<\/p>\n<p>J\u00e4\u00e4tisele v\u00f5ib lisada ka marjade asemel n\u00e4iteks kakaod, mis teeb sellest kreemise \u0161okolaadi j\u00e4\u00e4tise. Samuti v\u00f5ib proovida erinevaid kombinatsioone, n\u00e4iteks kiivi v\u00f5i mustad s\u00f5strad.<\/p>\n<p>Serveeri j\u00e4\u00e4tis koheselt. Peale v\u00f5ib raputada kookoshelbeid, kookoslaaste, p\u00e4hkleid v\u00f5i muud meeldivat.<\/p>\n","protected":false},"excerpt":{"rendered":"<p>Vaja l\u00e4heb:<\/p>\n<ul>\n<li>1 k\u00fclmutatud banaan (viiluta enne k\u00fclmutamist)<\/li>\n<li>5 k\u00fclmutatud maasikat v\u00f5i meeldiv kogus muid k\u00fclmutatud marju<\/li>\n<li>2 spl <a href=\"https:\/\/bio4you.eu\/et\/124-taimsed-joogid-ja-kreemid?q=T%C3%BC%C3%BCp-Taimsed+joogid&amp;utm_source=bioretsept&amp;utm_medium=blogi&amp;utm_campaign=retsept\">taimset piima<\/a><\/li>\n<li>1 tl <span style=\"color: #99cc00;\"><a href=\"https:\/\/bio4you.eu\/et\/supertoit-ja-toidulisandid\/1725-toorkakao-pulber-250g.html?utm_source=bioretsept&amp;utm_medium=blogi&amp;utm_campaign=retsept\" target=\"_blank\" rel=\"noopener\"><span style=\"color: #99cc00;\">kakaod<\/span><\/a><\/span><\/li>\n<\/ul>\n","protected":false},"featured_media":3223,"comment_status":"open","ping_status":"closed","template":"","meta":{"_exactmetrics_skip_tracking":false,"_exactmetrics_sitenote_active":false,"_exactmetrics_sitenote_note":"","_exactmetrics_sitenote_category":0},"product_cat":[60,382,383,365],"product_tag":[],"class_list":{"0":"post-2810","1":"product","2":"type-product","3":"status-publish","4":"has-post-thumbnail","6":"product_cat-toiduretseptid","7":"product_cat-vegan-toiduretseptid","8":"product_cat-taimetoit","9":"product_cat-laste-lemmikud","11":"first","12":"instock","13":"shipping-taxable","14":"product-type-simple"},"yoast_head":"<!-- This site is optimized with the Yoast SEO plugin v23.3 - https:\/\/yoast.com\/wordpress\/plugins\/seo\/ -->\n<title>Banaanij\u00e4\u00e4tis - bio4you.eu\/retseptid<\/title>\n<meta name=\"robots\" content=\"index, follow, max-snippet:-1, max-image-preview:large, max-video-preview:-1\" \/>\n<link rel=\"canonical\" href=\"https:\/\/bio4you.eu\/retseptid\/toode\/banaanijaatis\/\" \/>\n<meta property=\"og:locale\" content=\"et_EE\" \/>\n<meta property=\"og:type\" content=\"article\" \/>\n<meta property=\"og:title\" content=\"Banaanij\u00e4\u00e4tis - bio4you.eu\/retseptid\" \/>\n<meta property=\"og:description\" content=\"Vaja l\u00e4heb:   1 k\u00fclmutatud banaan (viiluta enne k\u00fclmutamist)  5 k\u00fclmutatud maasikat v\u00f5i meeldiv kogus muid k\u00fclmutatud marju  2 spl taimset piima  1 tl kakaod\" \/>\n<meta property=\"og:url\" content=\"https:\/\/bio4you.eu\/retseptid\/toode\/banaanijaatis\/\" \/>\n<meta property=\"og:site_name\" content=\"bio4you.eu\/retseptid\" \/>\n<meta property=\"article:modified_time\" content=\"2022-03-25T08:24:27+00:00\" \/>\n<meta property=\"og:image\" content=\"https:\/\/bio4you.eu\/retseptid\/wp-content\/uploads\/2016\/07\/image2-e1476091500453.jpg\" \/>\n\t<meta property=\"og:image:width\" content=\"478\" \/>\n\t<meta property=\"og:image:height\" content=\"462\" \/>\n\t<meta property=\"og:image:type\" content=\"image\/jpeg\" \/>\n<meta name=\"twitter:label1\" content=\"Est. reading time\" \/>\n\t<meta name=\"twitter:data1\" content=\"1 minut\" \/>\n<script type=\"application\/ld+json\" class=\"yoast-schema-graph\">{\"@context\":\"https:\/\/schema.org\",\"@graph\":[{\"@type\":\"WebPage\",\"@id\":\"https:\/\/bio4you.eu\/retseptid\/toode\/banaanijaatis\/\",\"url\":\"https:\/\/bio4you.eu\/retseptid\/toode\/banaanijaatis\/\",\"name\":\"Banaanij\u00e4\u00e4tis - bio4you.eu\/retseptid\",\"isPartOf\":{\"@id\":\"https:\/\/bio4you.eu\/retseptid\/#website\"},\"primaryImageOfPage\":{\"@id\":\"https:\/\/bio4you.eu\/retseptid\/toode\/banaanijaatis\/#primaryimage\"},\"image\":{\"@id\":\"https:\/\/bio4you.eu\/retseptid\/toode\/banaanijaatis\/#primaryimage\"},\"thumbnailUrl\":\"https:\/\/bio4you.eu\/retseptid\/wp-content\/uploads\/2016\/07\/image2-e1476091500453.jpg\",\"datePublished\":\"2016-07-11T12:01:42+00:00\",\"dateModified\":\"2022-03-25T08:24:27+00:00\",\"breadcrumb\":{\"@id\":\"https:\/\/bio4you.eu\/retseptid\/toode\/banaanijaatis\/#breadcrumb\"},\"inLanguage\":\"et\",\"potentialAction\":[{\"@type\":\"ReadAction\",\"target\":[\"https:\/\/bio4you.eu\/retseptid\/toode\/banaanijaatis\/\"]}]},{\"@type\":\"ImageObject\",\"inLanguage\":\"et\",\"@id\":\"https:\/\/bio4you.eu\/retseptid\/toode\/banaanijaatis\/#primaryimage\",\"url\":\"https:\/\/bio4you.eu\/retseptid\/wp-content\/uploads\/2016\/07\/image2-e1476091500453.jpg\",\"contentUrl\":\"https:\/\/bio4you.eu\/retseptid\/wp-content\/uploads\/2016\/07\/image2-e1476091500453.jpg\",\"width\":478,\"height\":462},{\"@type\":\"BreadcrumbList\",\"@id\":\"https:\/\/bio4you.eu\/retseptid\/toode\/banaanijaatis\/#breadcrumb\",\"itemListElement\":[{\"@type\":\"ListItem\",\"position\":1,\"name\":\"Home\",\"item\":\"https:\/\/bio4you.eu\/retseptid\/\"},{\"@type\":\"ListItem\",\"position\":2,\"name\":\"Banaanij\u00e4\u00e4tis\"}]},{\"@type\":\"WebSite\",\"@id\":\"https:\/\/bio4you.eu\/retseptid\/#website\",\"url\":\"https:\/\/bio4you.eu\/retseptid\/\",\"name\":\"bio4you.eu\/retseptid\",\"description\":\"\u00d6ko retseptid ise tegemiseks, looduslikest koostisainetest. Maitsev toit, iluhooldus, kodupuhastus ja aiandus.\",\"potentialAction\":[{\"@type\":\"SearchAction\",\"target\":{\"@type\":\"EntryPoint\",\"urlTemplate\":\"https:\/\/bio4you.eu\/retseptid\/?s={search_term_string}\"},\"query-input\":\"required name=search_term_string\"}],\"inLanguage\":\"et\"}]}<\/script>\n<!-- \/ Yoast SEO plugin. -->","yoast_head_json":{"title":"Banaanij\u00e4\u00e4tis - bio4you.eu\/retseptid","robots":{"index":"index","follow":"follow","max-snippet":"max-snippet:-1","max-image-preview":"max-image-preview:large","max-video-preview":"max-video-preview:-1"},"canonical":"https:\/\/bio4you.eu\/retseptid\/toode\/banaanijaatis\/","og_locale":"et_EE","og_type":"article","og_title":"Banaanij\u00e4\u00e4tis - bio4you.eu\/retseptid","og_description":"Vaja l\u00e4heb:   1 k\u00fclmutatud banaan (viiluta enne k\u00fclmutamist)  5 k\u00fclmutatud maasikat v\u00f5i meeldiv kogus muid k\u00fclmutatud marju  2 spl taimset piima  1 tl kakaod","og_url":"https:\/\/bio4you.eu\/retseptid\/toode\/banaanijaatis\/","og_site_name":"bio4you.eu\/retseptid","article_modified_time":"2022-03-25T08:24:27+00:00","og_image":[{"width":478,"height":462,"url":"https:\/\/bio4you.eu\/retseptid\/wp-content\/uploads\/2016\/07\/image2-e1476091500453.jpg","type":"image\/jpeg"}],"twitter_misc":{"Est. reading time":"1 minut"},"schema":{"@context":"https:\/\/schema.org","@graph":[{"@type":"WebPage","@id":"https:\/\/bio4you.eu\/retseptid\/toode\/banaanijaatis\/","url":"https:\/\/bio4you.eu\/retseptid\/toode\/banaanijaatis\/","name":"Banaanij\u00e4\u00e4tis - bio4you.eu\/retseptid","isPartOf":{"@id":"https:\/\/bio4you.eu\/retseptid\/#website"},"primaryImageOfPage":{"@id":"https:\/\/bio4you.eu\/retseptid\/toode\/banaanijaatis\/#primaryimage"},"image":{"@id":"https:\/\/bio4you.eu\/retseptid\/toode\/banaanijaatis\/#primaryimage"},"thumbnailUrl":"https:\/\/bio4you.eu\/retseptid\/wp-content\/uploads\/2016\/07\/image2-e1476091500453.jpg","datePublished":"2016-07-11T12:01:42+00:00","dateModified":"2022-03-25T08:24:27+00:00","breadcrumb":{"@id":"https:\/\/bio4you.eu\/retseptid\/toode\/banaanijaatis\/#breadcrumb"},"inLanguage":"et","potentialAction":[{"@type":"ReadAction","target":["https:\/\/bio4you.eu\/retseptid\/toode\/banaanijaatis\/"]}]},{"@type":"ImageObject","inLanguage":"et","@id":"https:\/\/bio4you.eu\/retseptid\/toode\/banaanijaatis\/#primaryimage","url":"https:\/\/bio4you.eu\/retseptid\/wp-content\/uploads\/2016\/07\/image2-e1476091500453.jpg","contentUrl":"https:\/\/bio4you.eu\/retseptid\/wp-content\/uploads\/2016\/07\/image2-e1476091500453.jpg","width":478,"height":462},{"@type":"BreadcrumbList","@id":"https:\/\/bio4you.eu\/retseptid\/toode\/banaanijaatis\/#breadcrumb","itemListElement":[{"@type":"ListItem","position":1,"name":"Home","item":"https:\/\/bio4you.eu\/retseptid\/"},{"@type":"ListItem","position":2,"name":"Banaanij\u00e4\u00e4tis"}]},{"@type":"WebSite","@id":"https:\/\/bio4you.eu\/retseptid\/#website","url":"https:\/\/bio4you.eu\/retseptid\/","name":"bio4you.eu\/retseptid","description":"\u00d6ko retseptid ise tegemiseks, looduslikest koostisainetest. Maitsev toit, iluhooldus, kodupuhastus ja aiandus.","potentialAction":[{"@type":"SearchAction","target":{"@type":"EntryPoint","urlTemplate":"https:\/\/bio4you.eu\/retseptid\/?s={search_term_string}"},"query-input":"required name=search_term_string"}],"inLanguage":"et"}]}},"_links":{"self":[{"href":"https:\/\/bio4you.eu\/retseptid\/wp-json\/wp\/v2\/product\/2810"}],"collection":[{"href":"https:\/\/bio4you.eu\/retseptid\/wp-json\/wp\/v2\/product"}],"about":[{"href":"https:\/\/bio4you.eu\/retseptid\/wp-json\/wp\/v2\/types\/product"}],"replies":[{"embeddable":true,"href":"https:\/\/bio4you.eu\/retseptid\/wp-json\/wp\/v2\/comments?post=2810"}],"wp:featuredmedia":[{"embeddable":true,"href":"https:\/\/bio4you.eu\/retseptid\/wp-json\/wp\/v2\/media\/3223"}],"wp:attachment":[{"href":"https:\/\/bio4you.eu\/retseptid\/wp-json\/wp\/v2\/media?parent=2810"}],"wp:term":[{"taxonomy":"product_cat","embeddable":true,"href":"https:\/\/bio4you.eu\/retseptid\/wp-json\/wp\/v2\/product_cat?post=2810"},{"taxonomy":"product_tag","embeddable":true,"href":"https:\/\/bio4you.eu\/retseptid\/wp-json\/wp\/v2\/product_tag?post=2810"}],"curies":[{"name":"wp","href":"https:\/\/api.w.org\/{rel}","templated":true}]}}