{"id":2815,"date":"2016-07-12T14:02:16","date_gmt":"2016-07-12T11:02:16","guid":{"rendered":"https:\/\/bio4you.eu\/retseptid\/?post_type=product&#038;p=2815"},"modified":"2022-05-17T09:43:53","modified_gmt":"2022-05-17T06:43:53","slug":"paevalilleseemnetega-kaerahelbekupsised","status":"publish","type":"product","link":"https:\/\/bio4you.eu\/retseptid\/toode\/paevalilleseemnetega-kaerahelbekupsised\/","title":{"rendered":"P\u00e4evalilleseemnetega kaerahelbek\u00fcpsised"},"content":{"rendered":"<p>K\u00fcpsised on rikastatud valgurikaste p\u00e4evalilleseemnetega. Tainast saab teha nii suuri kui v\u00e4ikeseid k\u00fcpsiseid.<\/p>\n<p>Valmistamine:<br \/>\nVahusta tahke kookos\u00f5li (v\u00f5i pehme v\u00f5i) suhkruga. Lisa muna ja vahusta veel. Lisa omavahel segatud kuivained (jahu, sooda, vaniljekauna pulber ja sool). K\u00f5ige l\u00f5puks lisa p\u00e4evalilleseemned ja kaerahelbed. V\u00f5id need lisada nii tervelt kui poolenisti purustatult.<\/p>\n<div>\n<p>Vormi pallikesed ja pane ahjuplaadile. Vajuta niiske k\u00e4ega lapikuks.<br \/>\nK\u00fcpseta 180 kraadi juures ca 15 minutit. Kui soovid lisada kaunistusek \u0161okolaadilaaste, siis lisa need 2-4 minutit enne k\u00fcpsetusaja l\u00f5ppu.<\/p>\n<\/div>\n","protected":false},"excerpt":{"rendered":"<p>KOOSTISAINED:<\/p>\n<ul>\n<li>150 g <a href=\"http:\/\/bio4you.eu\/et\/helbed\/1428-kaerahelbed-gluteenivabad-475g-bauckhof.html?utm_source=bioretsept&amp;utm_medium=retseptireklaam&amp;utm_campaign=Retsept\" target=\"_blank\" rel=\"noopener\"><span style=\"color: #99cc00;\">kaerahelbeid<\/span><\/a><\/li>\n<li>50 g p\u00e4evalilleseemneid<\/li>\n<li>110 g t\u00e4isterajahu<\/li>\n<li>125 g v\u00f5id v\u00f5i 110 g <a href=\"http:\/\/bio4you.eu\/et\/olid\/582-kookosrasv-300g-cosmoveda.html?utm_source=bioretsept&amp;utm_medium=retseptireklaam&amp;utm_campaign=Retsept\" target=\"_blank\" rel=\"noopener\"><span style=\"color: #99cc00;\">kookosrasva<\/span><\/a><\/li>\n<li style=\"text-align: left;\">90 g <span style=\"color: #000000;\"><a href=\"https:\/\/bio4you.eu\/et\/otsi?controller=search&amp;order=product.position.desc&amp;s=suhkur&amp;utm_source=bioretsept&amp;utm_medium=retsept&amp;utm_campaign=retsept\" target=\"_blank\" rel=\"noopener\"><span style=\"color: #000000;\">roosuhkrut<\/span><\/a><\/span><\/li>\n<li>1 muna<\/li>\n<li>1\/2 tl soodat v\u00f5i k\u00fcpsetuspulbrit<\/li>\n<li>vaniljekaunapulbrit<\/li>\n<li>terake soola<\/li>\n<li>soovi korral <a href=\"http:\/\/bio4you.eu\/et\/163-sokolaadid?utm_source=bioretsept&amp;utm_medium=retseptireklaam&amp;utm_campaign=Retsept\" target=\"_blank\" rel=\"noopener\"><span style=\"color: #99cc00;\">\u0161okolaadilaaste<\/span><\/a><\/li>\n<\/ul>\n","protected":false},"featured_media":3157,"comment_status":"open","ping_status":"closed","template":"","meta":{"_exactmetrics_skip_tracking":false,"_exactmetrics_sitenote_active":false,"_exactmetrics_sitenote_note":"","_exactmetrics_sitenote_category":0},"product_cat":[60,383,280,365,68],"product_tag":[],"class_list":{"0":"post-2815","1":"product","2":"type-product","3":"status-publish","4":"has-post-thumbnail","6":"product_cat-toiduretseptid","7":"product_cat-taimetoit","8":"product_cat-koogid-ja-kupsised","9":"product_cat-laste-lemmikud","10":"product_cat-suupisted","12":"first","13":"instock","14":"shipping-taxable","15":"product-type-simple"},"yoast_head":"<!-- This site is optimized with the Yoast SEO plugin v23.3 - https:\/\/yoast.com\/wordpress\/plugins\/seo\/ -->\n<title>P\u00e4evalilleseemnetega kaerahelbek\u00fcpsised - bio4you.eu\/retseptid<\/title>\n<meta name=\"robots\" content=\"index, follow, max-snippet:-1, max-image-preview:large, max-video-preview:-1\" \/>\n<link rel=\"canonical\" href=\"https:\/\/bio4you.eu\/retseptid\/toode\/paevalilleseemnetega-kaerahelbekupsised\/\" \/>\n<meta property=\"og:locale\" content=\"et_EE\" \/>\n<meta property=\"og:type\" content=\"article\" \/>\n<meta property=\"og:title\" content=\"P\u00e4evalilleseemnetega kaerahelbek\u00fcpsised - bio4you.eu\/retseptid\" \/>\n<meta property=\"og:description\" content=\"KOOSTISAINED:   150 g kaerahelbeid  50 g p\u00e4evalilleseemneid  110 g t\u00e4isterajahu  125 g v\u00f5id v\u00f5i 110 g kookosrasva  90 g roosuhkrut  1 muna  1\/2 tl soodat v\u00f5i k\u00fcpsetuspulbrit  vaniljekaunapulbrit  terake soola  soovi korral \u0161okolaadilaaste\" \/>\n<meta property=\"og:url\" content=\"https:\/\/bio4you.eu\/retseptid\/toode\/paevalilleseemnetega-kaerahelbekupsised\/\" \/>\n<meta property=\"og:site_name\" content=\"bio4you.eu\/retseptid\" \/>\n<meta property=\"article:modified_time\" content=\"2022-05-17T06:43:53+00:00\" \/>\n<meta property=\"og:image\" content=\"https:\/\/bio4you.eu\/retseptid\/wp-content\/uploads\/2016\/07\/13654362_1806196336260082_4577249045497181732_n.jpg\" \/>\n\t<meta property=\"og:image:width\" content=\"480\" \/>\n\t<meta property=\"og:image:height\" content=\"360\" \/>\n\t<meta property=\"og:image:type\" content=\"image\/jpeg\" \/>\n<meta name=\"twitter:label1\" content=\"Est. reading time\" \/>\n\t<meta name=\"twitter:data1\" content=\"1 minut\" \/>\n<script type=\"application\/ld+json\" class=\"yoast-schema-graph\">{\"@context\":\"https:\/\/schema.org\",\"@graph\":[{\"@type\":\"WebPage\",\"@id\":\"https:\/\/bio4you.eu\/retseptid\/toode\/paevalilleseemnetega-kaerahelbekupsised\/\",\"url\":\"https:\/\/bio4you.eu\/retseptid\/toode\/paevalilleseemnetega-kaerahelbekupsised\/\",\"name\":\"P\u00e4evalilleseemnetega kaerahelbek\u00fcpsised - bio4you.eu\/retseptid\",\"isPartOf\":{\"@id\":\"https:\/\/bio4you.eu\/retseptid\/#website\"},\"primaryImageOfPage\":{\"@id\":\"https:\/\/bio4you.eu\/retseptid\/toode\/paevalilleseemnetega-kaerahelbekupsised\/#primaryimage\"},\"image\":{\"@id\":\"https:\/\/bio4you.eu\/retseptid\/toode\/paevalilleseemnetega-kaerahelbekupsised\/#primaryimage\"},\"thumbnailUrl\":\"https:\/\/bio4you.eu\/retseptid\/wp-content\/uploads\/2016\/07\/13654362_1806196336260082_4577249045497181732_n.jpg\",\"datePublished\":\"2016-07-12T11:02:16+00:00\",\"dateModified\":\"2022-05-17T06:43:53+00:00\",\"breadcrumb\":{\"@id\":\"https:\/\/bio4you.eu\/retseptid\/toode\/paevalilleseemnetega-kaerahelbekupsised\/#breadcrumb\"},\"inLanguage\":\"et\",\"potentialAction\":[{\"@type\":\"ReadAction\",\"target\":[\"https:\/\/bio4you.eu\/retseptid\/toode\/paevalilleseemnetega-kaerahelbekupsised\/\"]}]},{\"@type\":\"ImageObject\",\"inLanguage\":\"et\",\"@id\":\"https:\/\/bio4you.eu\/retseptid\/toode\/paevalilleseemnetega-kaerahelbekupsised\/#primaryimage\",\"url\":\"https:\/\/bio4you.eu\/retseptid\/wp-content\/uploads\/2016\/07\/13654362_1806196336260082_4577249045497181732_n.jpg\",\"contentUrl\":\"https:\/\/bio4you.eu\/retseptid\/wp-content\/uploads\/2016\/07\/13654362_1806196336260082_4577249045497181732_n.jpg\",\"width\":480,\"height\":360},{\"@type\":\"BreadcrumbList\",\"@id\":\"https:\/\/bio4you.eu\/retseptid\/toode\/paevalilleseemnetega-kaerahelbekupsised\/#breadcrumb\",\"itemListElement\":[{\"@type\":\"ListItem\",\"position\":1,\"name\":\"Home\",\"item\":\"https:\/\/bio4you.eu\/retseptid\/\"},{\"@type\":\"ListItem\",\"position\":2,\"name\":\"P\u00e4evalilleseemnetega kaerahelbek\u00fcpsised\"}]},{\"@type\":\"WebSite\",\"@id\":\"https:\/\/bio4you.eu\/retseptid\/#website\",\"url\":\"https:\/\/bio4you.eu\/retseptid\/\",\"name\":\"bio4you.eu\/retseptid\",\"description\":\"\u00d6ko retseptid ise tegemiseks, looduslikest koostisainetest. Maitsev toit, iluhooldus, kodupuhastus ja aiandus.\",\"potentialAction\":[{\"@type\":\"SearchAction\",\"target\":{\"@type\":\"EntryPoint\",\"urlTemplate\":\"https:\/\/bio4you.eu\/retseptid\/?s={search_term_string}\"},\"query-input\":\"required name=search_term_string\"}],\"inLanguage\":\"et\"}]}<\/script>\n<!-- \/ Yoast SEO plugin. -->","yoast_head_json":{"title":"P\u00e4evalilleseemnetega kaerahelbek\u00fcpsised - bio4you.eu\/retseptid","robots":{"index":"index","follow":"follow","max-snippet":"max-snippet:-1","max-image-preview":"max-image-preview:large","max-video-preview":"max-video-preview:-1"},"canonical":"https:\/\/bio4you.eu\/retseptid\/toode\/paevalilleseemnetega-kaerahelbekupsised\/","og_locale":"et_EE","og_type":"article","og_title":"P\u00e4evalilleseemnetega kaerahelbek\u00fcpsised - bio4you.eu\/retseptid","og_description":"KOOSTISAINED:   150 g kaerahelbeid  50 g p\u00e4evalilleseemneid  110 g t\u00e4isterajahu  125 g v\u00f5id v\u00f5i 110 g kookosrasva  90 g roosuhkrut  1 muna  1\/2 tl soodat v\u00f5i k\u00fcpsetuspulbrit  vaniljekaunapulbrit  terake soola  soovi korral \u0161okolaadilaaste","og_url":"https:\/\/bio4you.eu\/retseptid\/toode\/paevalilleseemnetega-kaerahelbekupsised\/","og_site_name":"bio4you.eu\/retseptid","article_modified_time":"2022-05-17T06:43:53+00:00","og_image":[{"width":480,"height":360,"url":"https:\/\/bio4you.eu\/retseptid\/wp-content\/uploads\/2016\/07\/13654362_1806196336260082_4577249045497181732_n.jpg","type":"image\/jpeg"}],"twitter_misc":{"Est. reading time":"1 minut"},"schema":{"@context":"https:\/\/schema.org","@graph":[{"@type":"WebPage","@id":"https:\/\/bio4you.eu\/retseptid\/toode\/paevalilleseemnetega-kaerahelbekupsised\/","url":"https:\/\/bio4you.eu\/retseptid\/toode\/paevalilleseemnetega-kaerahelbekupsised\/","name":"P\u00e4evalilleseemnetega kaerahelbek\u00fcpsised - bio4you.eu\/retseptid","isPartOf":{"@id":"https:\/\/bio4you.eu\/retseptid\/#website"},"primaryImageOfPage":{"@id":"https:\/\/bio4you.eu\/retseptid\/toode\/paevalilleseemnetega-kaerahelbekupsised\/#primaryimage"},"image":{"@id":"https:\/\/bio4you.eu\/retseptid\/toode\/paevalilleseemnetega-kaerahelbekupsised\/#primaryimage"},"thumbnailUrl":"https:\/\/bio4you.eu\/retseptid\/wp-content\/uploads\/2016\/07\/13654362_1806196336260082_4577249045497181732_n.jpg","datePublished":"2016-07-12T11:02:16+00:00","dateModified":"2022-05-17T06:43:53+00:00","breadcrumb":{"@id":"https:\/\/bio4you.eu\/retseptid\/toode\/paevalilleseemnetega-kaerahelbekupsised\/#breadcrumb"},"inLanguage":"et","potentialAction":[{"@type":"ReadAction","target":["https:\/\/bio4you.eu\/retseptid\/toode\/paevalilleseemnetega-kaerahelbekupsised\/"]}]},{"@type":"ImageObject","inLanguage":"et","@id":"https:\/\/bio4you.eu\/retseptid\/toode\/paevalilleseemnetega-kaerahelbekupsised\/#primaryimage","url":"https:\/\/bio4you.eu\/retseptid\/wp-content\/uploads\/2016\/07\/13654362_1806196336260082_4577249045497181732_n.jpg","contentUrl":"https:\/\/bio4you.eu\/retseptid\/wp-content\/uploads\/2016\/07\/13654362_1806196336260082_4577249045497181732_n.jpg","width":480,"height":360},{"@type":"BreadcrumbList","@id":"https:\/\/bio4you.eu\/retseptid\/toode\/paevalilleseemnetega-kaerahelbekupsised\/#breadcrumb","itemListElement":[{"@type":"ListItem","position":1,"name":"Home","item":"https:\/\/bio4you.eu\/retseptid\/"},{"@type":"ListItem","position":2,"name":"P\u00e4evalilleseemnetega kaerahelbek\u00fcpsised"}]},{"@type":"WebSite","@id":"https:\/\/bio4you.eu\/retseptid\/#website","url":"https:\/\/bio4you.eu\/retseptid\/","name":"bio4you.eu\/retseptid","description":"\u00d6ko retseptid ise tegemiseks, looduslikest koostisainetest. Maitsev toit, iluhooldus, kodupuhastus ja aiandus.","potentialAction":[{"@type":"SearchAction","target":{"@type":"EntryPoint","urlTemplate":"https:\/\/bio4you.eu\/retseptid\/?s={search_term_string}"},"query-input":"required name=search_term_string"}],"inLanguage":"et"}]}},"_links":{"self":[{"href":"https:\/\/bio4you.eu\/retseptid\/wp-json\/wp\/v2\/product\/2815"}],"collection":[{"href":"https:\/\/bio4you.eu\/retseptid\/wp-json\/wp\/v2\/product"}],"about":[{"href":"https:\/\/bio4you.eu\/retseptid\/wp-json\/wp\/v2\/types\/product"}],"replies":[{"embeddable":true,"href":"https:\/\/bio4you.eu\/retseptid\/wp-json\/wp\/v2\/comments?post=2815"}],"wp:featuredmedia":[{"embeddable":true,"href":"https:\/\/bio4you.eu\/retseptid\/wp-json\/wp\/v2\/media\/3157"}],"wp:attachment":[{"href":"https:\/\/bio4you.eu\/retseptid\/wp-json\/wp\/v2\/media?parent=2815"}],"wp:term":[{"taxonomy":"product_cat","embeddable":true,"href":"https:\/\/bio4you.eu\/retseptid\/wp-json\/wp\/v2\/product_cat?post=2815"},{"taxonomy":"product_tag","embeddable":true,"href":"https:\/\/bio4you.eu\/retseptid\/wp-json\/wp\/v2\/product_tag?post=2815"}],"curies":[{"name":"wp","href":"https:\/\/api.w.org\/{rel}","templated":true}]}}