{"id":2825,"date":"2016-07-19T11:03:49","date_gmt":"2016-07-19T08:03:49","guid":{"rendered":"https:\/\/bio4you.eu\/retseptid\/?post_type=product&#038;p=2825"},"modified":"2022-03-25T17:32:37","modified_gmt":"2022-03-25T15:32:37","slug":"kikerherne-kookospiima-karri","status":"publish","type":"product","link":"https:\/\/bio4you.eu\/retseptid\/toode\/kikerherne-kookospiima-karri\/","title":{"rendered":"Kikerhernekarri"},"content":{"rendered":"<p>Valmistamine:<br \/>\nPrae hakitud sibulad oliivi\u00f5lis. Kui sibulad on kergelt pruunid, lisa loorberilehed, sojakaste, \u00a0konserveeritud hakitud tomatid, sool ning karripulbrit vastavalt soovile (1 tl j\u00e4\u00e4b mahedam ning 2 tl v\u00f5ib j\u00e4\u00e4da v\u00fcrtsikam).<\/p>\n<p>N\u00fc\u00fcd lisa veel kookospiim, lase keema ning lisa konserveeritud kikerherned v\u00f5i eelnevalt keedetud kuivatatud kikerherned. K\u00f5ige l\u00f5pus lisa veel kirsstomatid ning lase haududa, et k\u00f5ik maitsed seguneksid.<\/p>\n<p>Serveeri riisi v\u00f5i riisinuudlitega.<\/p>\n","protected":false},"excerpt":{"rendered":"<p>Vaja l\u00e4heb:<\/p>\n<ul>\n<li>2 spl <a href=\"https:\/\/bio4you.eu\/et\/olid-ja-gheed\/2244-ekstra-neitsioliivioli-1l.html?utm_source=bioretsept&amp;utm_medium=blogi&amp;utm_campaign=retsept\" target=\"_blank\" rel=\"noopener\"><span style=\"color: #99cc00;\">oliivi\u00f5li<\/span><\/a><\/li>\n<li>1 purk <a href=\"https:\/\/bio4you.eu\/et\/taimsed-joogid-ja-kreemid\/4992-kookospiim-400ml.html?utm_source=bioretsept&amp;utm_medium=blogi&amp;utm_campaign=retsept\" target=\"_blank\" rel=\"noopener\"><span style=\"color: #99cc00;\">kookospiima<\/span><\/a><\/li>\n<li>2 sibulat<\/li>\n<li>3 spl konserveeritud hakitud tomateid<\/li>\n<li>3 loorberilehte<\/li>\n<li>1-2 tl karripulbrit v\u00f5i -pastat<\/li>\n<li>2 tl <a href=\"http:\/\/bio4you.eu\/et\/aadikad-ja-kastmed\/2192-tamari-sojakaste-250ml-biologicoils.html?search_query=sojakaste&amp;results=1\" target=\"_blank\" rel=\"noopener\"><span style=\"color: #99cc00;\">sojakastet<\/span><\/a><\/li>\n<li>2 purki <a href=\"https:\/\/bio4you.eu\/et\/toiduvalmistamine\/1983-kikerherned-vees-370ml-nutrisslim.html?utm_source=bioretsept&amp;utm_medium=blogi&amp;utm_campaign=retsept\" target=\"_blank\" rel=\"noopener\"><span style=\"color: #99cc00;\">kikerherneid<\/span> <\/a>v\u00f5i keeda ise kuivatatud kikerherned<\/li>\n<li>6 kirsstomatit v\u00f5i 1 suur tomat<\/li>\n<li><a href=\"https:\/\/bio4you.eu\/et\/riis\/1008-pruun-basmatiriis-500g.html?utm_source=bioretsept&amp;utm_medium=blogi&amp;utm_campaign=retsept\" target=\"_blank\" rel=\"noopener\"><span style=\"color: #99cc00;\">riisi<\/span> <\/a>v\u00f5i riisinuudleid<\/li>\n<li><a href=\"https:\/\/bio4you.eu\/et\/156-sool\"><span style=\"color: #99cc00;\">soola<\/span><\/a> maitse j\u00e4rgi<\/li>\n<\/ul>\n","protected":false},"featured_media":3228,"comment_status":"open","ping_status":"closed","template":"","meta":{"_exactmetrics_skip_tracking":false,"_exactmetrics_sitenote_active":false,"_exactmetrics_sitenote_note":"","_exactmetrics_sitenote_category":0},"product_cat":[60,382,383,71,72,74],"product_tag":[],"class_list":{"0":"post-2825","1":"product","2":"type-product","3":"status-publish","4":"has-post-thumbnail","6":"product_cat-toiduretseptid","7":"product_cat-vegan-toiduretseptid","8":"product_cat-taimetoit","9":"product_cat-riisi-ja-teraviljatoidud","10":"product_cat-oa-laatse-ja-hernetoidud","11":"product_cat-kastmed-maarded-voided","13":"first","14":"instock","15":"shipping-taxable","16":"product-type-simple"},"yoast_head":"<!-- This site is optimized with the Yoast SEO plugin v23.3 - https:\/\/yoast.com\/wordpress\/plugins\/seo\/ -->\n<title>Kikerhernekarri - bio4you.eu\/retseptid<\/title>\n<meta name=\"robots\" content=\"index, follow, max-snippet:-1, max-image-preview:large, max-video-preview:-1\" \/>\n<link rel=\"canonical\" href=\"https:\/\/bio4you.eu\/retseptid\/toode\/kikerherne-kookospiima-karri\/\" \/>\n<meta property=\"og:locale\" content=\"et_EE\" \/>\n<meta property=\"og:type\" content=\"article\" \/>\n<meta property=\"og:title\" content=\"Kikerhernekarri - bio4you.eu\/retseptid\" \/>\n<meta property=\"og:description\" content=\"Vaja l\u00e4heb:   2 spl oliivi\u00f5li  1 purk kookospiima  2 sibulat  3 spl konserveeritud hakitud tomateid  3 loorberilehte  1-2 tl karripulbrit v\u00f5i -pastat  2 tl sojakastet  2 purki kikerherneid v\u00f5i keeda ise kuivatatud kikerherned  6 kirsstomatit v\u00f5i 1 suur tomat  riisi v\u00f5i riisinuudleid  soola maitse j\u00e4rgi\" \/>\n<meta property=\"og:url\" content=\"https:\/\/bio4you.eu\/retseptid\/toode\/kikerherne-kookospiima-karri\/\" \/>\n<meta property=\"og:site_name\" content=\"bio4you.eu\/retseptid\" \/>\n<meta property=\"article:modified_time\" content=\"2022-03-25T15:32:37+00:00\" \/>\n<meta property=\"og:image\" content=\"https:\/\/bio4you.eu\/retseptid\/wp-content\/uploads\/2016\/07\/Screen-Shot-2016-10-10-at-12.21.15.png\" \/>\n\t<meta property=\"og:image:width\" content=\"461\" \/>\n\t<meta property=\"og:image:height\" content=\"239\" \/>\n\t<meta property=\"og:image:type\" content=\"image\/png\" \/>\n<meta name=\"twitter:label1\" content=\"Est. reading time\" \/>\n\t<meta name=\"twitter:data1\" content=\"1 minut\" \/>\n<script type=\"application\/ld+json\" class=\"yoast-schema-graph\">{\"@context\":\"https:\/\/schema.org\",\"@graph\":[{\"@type\":\"WebPage\",\"@id\":\"https:\/\/bio4you.eu\/retseptid\/toode\/kikerherne-kookospiima-karri\/\",\"url\":\"https:\/\/bio4you.eu\/retseptid\/toode\/kikerherne-kookospiima-karri\/\",\"name\":\"Kikerhernekarri - bio4you.eu\/retseptid\",\"isPartOf\":{\"@id\":\"https:\/\/bio4you.eu\/retseptid\/#website\"},\"primaryImageOfPage\":{\"@id\":\"https:\/\/bio4you.eu\/retseptid\/toode\/kikerherne-kookospiima-karri\/#primaryimage\"},\"image\":{\"@id\":\"https:\/\/bio4you.eu\/retseptid\/toode\/kikerherne-kookospiima-karri\/#primaryimage\"},\"thumbnailUrl\":\"https:\/\/bio4you.eu\/retseptid\/wp-content\/uploads\/2016\/07\/Screen-Shot-2016-10-10-at-12.21.15.png\",\"datePublished\":\"2016-07-19T08:03:49+00:00\",\"dateModified\":\"2022-03-25T15:32:37+00:00\",\"breadcrumb\":{\"@id\":\"https:\/\/bio4you.eu\/retseptid\/toode\/kikerherne-kookospiima-karri\/#breadcrumb\"},\"inLanguage\":\"et\",\"potentialAction\":[{\"@type\":\"ReadAction\",\"target\":[\"https:\/\/bio4you.eu\/retseptid\/toode\/kikerherne-kookospiima-karri\/\"]}]},{\"@type\":\"ImageObject\",\"inLanguage\":\"et\",\"@id\":\"https:\/\/bio4you.eu\/retseptid\/toode\/kikerherne-kookospiima-karri\/#primaryimage\",\"url\":\"https:\/\/bio4you.eu\/retseptid\/wp-content\/uploads\/2016\/07\/Screen-Shot-2016-10-10-at-12.21.15.png\",\"contentUrl\":\"https:\/\/bio4you.eu\/retseptid\/wp-content\/uploads\/2016\/07\/Screen-Shot-2016-10-10-at-12.21.15.png\",\"width\":461,\"height\":239},{\"@type\":\"BreadcrumbList\",\"@id\":\"https:\/\/bio4you.eu\/retseptid\/toode\/kikerherne-kookospiima-karri\/#breadcrumb\",\"itemListElement\":[{\"@type\":\"ListItem\",\"position\":1,\"name\":\"Home\",\"item\":\"https:\/\/bio4you.eu\/retseptid\/\"},{\"@type\":\"ListItem\",\"position\":2,\"name\":\"Kikerhernekarri\"}]},{\"@type\":\"WebSite\",\"@id\":\"https:\/\/bio4you.eu\/retseptid\/#website\",\"url\":\"https:\/\/bio4you.eu\/retseptid\/\",\"name\":\"bio4you.eu\/retseptid\",\"description\":\"\u00d6ko retseptid ise tegemiseks, looduslikest koostisainetest. Maitsev toit, iluhooldus, kodupuhastus ja aiandus.\",\"potentialAction\":[{\"@type\":\"SearchAction\",\"target\":{\"@type\":\"EntryPoint\",\"urlTemplate\":\"https:\/\/bio4you.eu\/retseptid\/?s={search_term_string}\"},\"query-input\":\"required name=search_term_string\"}],\"inLanguage\":\"et\"}]}<\/script>\n<!-- \/ Yoast SEO plugin. -->","yoast_head_json":{"title":"Kikerhernekarri - bio4you.eu\/retseptid","robots":{"index":"index","follow":"follow","max-snippet":"max-snippet:-1","max-image-preview":"max-image-preview:large","max-video-preview":"max-video-preview:-1"},"canonical":"https:\/\/bio4you.eu\/retseptid\/toode\/kikerherne-kookospiima-karri\/","og_locale":"et_EE","og_type":"article","og_title":"Kikerhernekarri - bio4you.eu\/retseptid","og_description":"Vaja l\u00e4heb:   2 spl oliivi\u00f5li  1 purk kookospiima  2 sibulat  3 spl konserveeritud hakitud tomateid  3 loorberilehte  1-2 tl karripulbrit v\u00f5i -pastat  2 tl sojakastet  2 purki kikerherneid v\u00f5i keeda ise kuivatatud kikerherned  6 kirsstomatit v\u00f5i 1 suur tomat  riisi v\u00f5i riisinuudleid  soola maitse j\u00e4rgi","og_url":"https:\/\/bio4you.eu\/retseptid\/toode\/kikerherne-kookospiima-karri\/","og_site_name":"bio4you.eu\/retseptid","article_modified_time":"2022-03-25T15:32:37+00:00","og_image":[{"width":461,"height":239,"url":"https:\/\/bio4you.eu\/retseptid\/wp-content\/uploads\/2016\/07\/Screen-Shot-2016-10-10-at-12.21.15.png","type":"image\/png"}],"twitter_misc":{"Est. reading time":"1 minut"},"schema":{"@context":"https:\/\/schema.org","@graph":[{"@type":"WebPage","@id":"https:\/\/bio4you.eu\/retseptid\/toode\/kikerherne-kookospiima-karri\/","url":"https:\/\/bio4you.eu\/retseptid\/toode\/kikerherne-kookospiima-karri\/","name":"Kikerhernekarri - bio4you.eu\/retseptid","isPartOf":{"@id":"https:\/\/bio4you.eu\/retseptid\/#website"},"primaryImageOfPage":{"@id":"https:\/\/bio4you.eu\/retseptid\/toode\/kikerherne-kookospiima-karri\/#primaryimage"},"image":{"@id":"https:\/\/bio4you.eu\/retseptid\/toode\/kikerherne-kookospiima-karri\/#primaryimage"},"thumbnailUrl":"https:\/\/bio4you.eu\/retseptid\/wp-content\/uploads\/2016\/07\/Screen-Shot-2016-10-10-at-12.21.15.png","datePublished":"2016-07-19T08:03:49+00:00","dateModified":"2022-03-25T15:32:37+00:00","breadcrumb":{"@id":"https:\/\/bio4you.eu\/retseptid\/toode\/kikerherne-kookospiima-karri\/#breadcrumb"},"inLanguage":"et","potentialAction":[{"@type":"ReadAction","target":["https:\/\/bio4you.eu\/retseptid\/toode\/kikerherne-kookospiima-karri\/"]}]},{"@type":"ImageObject","inLanguage":"et","@id":"https:\/\/bio4you.eu\/retseptid\/toode\/kikerherne-kookospiima-karri\/#primaryimage","url":"https:\/\/bio4you.eu\/retseptid\/wp-content\/uploads\/2016\/07\/Screen-Shot-2016-10-10-at-12.21.15.png","contentUrl":"https:\/\/bio4you.eu\/retseptid\/wp-content\/uploads\/2016\/07\/Screen-Shot-2016-10-10-at-12.21.15.png","width":461,"height":239},{"@type":"BreadcrumbList","@id":"https:\/\/bio4you.eu\/retseptid\/toode\/kikerherne-kookospiima-karri\/#breadcrumb","itemListElement":[{"@type":"ListItem","position":1,"name":"Home","item":"https:\/\/bio4you.eu\/retseptid\/"},{"@type":"ListItem","position":2,"name":"Kikerhernekarri"}]},{"@type":"WebSite","@id":"https:\/\/bio4you.eu\/retseptid\/#website","url":"https:\/\/bio4you.eu\/retseptid\/","name":"bio4you.eu\/retseptid","description":"\u00d6ko retseptid ise tegemiseks, looduslikest koostisainetest. Maitsev toit, iluhooldus, kodupuhastus ja aiandus.","potentialAction":[{"@type":"SearchAction","target":{"@type":"EntryPoint","urlTemplate":"https:\/\/bio4you.eu\/retseptid\/?s={search_term_string}"},"query-input":"required name=search_term_string"}],"inLanguage":"et"}]}},"_links":{"self":[{"href":"https:\/\/bio4you.eu\/retseptid\/wp-json\/wp\/v2\/product\/2825"}],"collection":[{"href":"https:\/\/bio4you.eu\/retseptid\/wp-json\/wp\/v2\/product"}],"about":[{"href":"https:\/\/bio4you.eu\/retseptid\/wp-json\/wp\/v2\/types\/product"}],"replies":[{"embeddable":true,"href":"https:\/\/bio4you.eu\/retseptid\/wp-json\/wp\/v2\/comments?post=2825"}],"wp:featuredmedia":[{"embeddable":true,"href":"https:\/\/bio4you.eu\/retseptid\/wp-json\/wp\/v2\/media\/3228"}],"wp:attachment":[{"href":"https:\/\/bio4you.eu\/retseptid\/wp-json\/wp\/v2\/media?parent=2825"}],"wp:term":[{"taxonomy":"product_cat","embeddable":true,"href":"https:\/\/bio4you.eu\/retseptid\/wp-json\/wp\/v2\/product_cat?post=2825"},{"taxonomy":"product_tag","embeddable":true,"href":"https:\/\/bio4you.eu\/retseptid\/wp-json\/wp\/v2\/product_tag?post=2825"}],"curies":[{"name":"wp","href":"https:\/\/api.w.org\/{rel}","templated":true}]}}