{"id":2834,"date":"2016-07-25T09:35:26","date_gmt":"2016-07-25T06:35:26","guid":{"rendered":"https:\/\/bio4you.eu\/retseptid\/?post_type=product&#038;p=2834"},"modified":"2022-03-25T17:14:16","modified_gmt":"2022-03-25T15:14:16","slug":"paevalilleseemnetest-kaste","status":"publish","type":"product","link":"https:\/\/bio4you.eu\/retseptid\/toode\/paevalilleseemnetest-kaste\/","title":{"rendered":"Kaste p\u00e4evalilleseemnetest"},"content":{"rendered":"<p>P\u00e4evalilleseemne kaste v\u00f5ib asendada hapukoort, dipikastet v\u00f5i salatikastet. Sobib eriti h\u00e4sti laktoositalumatuse puhul v\u00f5i inimestele, kes soovivad piimatooteid pigem v\u00e4ltida.<\/p>\n<p>Valmistamine:<br \/>\nLeota p\u00e4evalilleseemneid 5 tundi v\u00f5i \u00fcle\u00f6\u00f6 vees. Pese peenel s\u00f5elal k\u00fclma veega l\u00e4bi ning aseta blenderisse. Sinna lisa veel vesi, \u00f5una\u00e4\u00e4dikas, sojakaste ja sool. Blenderda kuni saad \u00fchtlase pasta. Soovi korral v\u00f5ib pastale lisada veel vett, et saavutada meeldiva paksusega kaste.<\/p>\n<p>Kastet v\u00f5ib kasutada dipikastmena, salatile v\u00f5i s\u00fc\u00fca t\u00e4ielikult toortoiduna \u00fcle\u00f6\u00f6 leotatud toortatraga. Soovi korral v\u00f5ib kastmele lisada erinevaid maitseaineid, et muuta maitse sobivaks erinevatele toitudele.<\/p>\n","protected":false},"excerpt":{"rendered":"<p>Vaja l\u00e4heb:<\/p>\n<ul>\n<li>100 g p\u00e4evalilleseemneid<\/li>\n<li>1,5 dl k\u00fclma vett<\/li>\n<li>2 tl <a href=\"http:\/\/bio4you.eu\/et\/aadikad-ja-kastmed\/1937-ounaaadikas-750ml-baule-volante.html?utm_source=bioretsept&amp;utm_medium=retseptireklaam&amp;utm_campaign=Retsept\" target=\"_blank\" rel=\"noopener noreferrer\"><span style=\"color: #99cc00;\">\u00f5una\u00e4\u00e4dikat<\/span><\/a><\/li>\n<li>2 tl <span style=\"color: #99cc00;\"><a href=\"http:\/\/bio4you.eu\/et\/aadikad-ja-kastmed\/2192-tamari-sojakaste-250ml-biologicoils.html?utm_source=bioretsept&amp;utm_medium=retseptireklaam&amp;utm_campaign=Retsept\" target=\"_blank\" rel=\"noopener noreferrer\"><span style=\"color: #99cc00;\">sojakastet<\/span><\/a><\/span><\/li>\n<li>pool tl soola<\/li>\n<\/ul>\n","protected":false},"featured_media":3199,"comment_status":"open","ping_status":"closed","template":"","meta":{"_exactmetrics_skip_tracking":false,"_exactmetrics_sitenote_active":false,"_exactmetrics_sitenote_note":"","_exactmetrics_sitenote_category":0},"product_cat":[59,60,382,63,383,74,77],"product_tag":[],"class_list":{"0":"post-2834","1":"product","2":"type-product","3":"status-publish","4":"has-post-thumbnail","6":"product_cat-featured","7":"product_cat-toiduretseptid","8":"product_cat-vegan-toiduretseptid","9":"product_cat-gluteenivabad-retseptid","10":"product_cat-taimetoit","11":"product_cat-kastmed-maarded-voided","12":"product_cat-toortoit","14":"first","15":"instock","16":"shipping-taxable","17":"product-type-simple"},"yoast_head":"<!-- This site is optimized with the Yoast SEO plugin v23.3 - https:\/\/yoast.com\/wordpress\/plugins\/seo\/ -->\n<title>Kaste p\u00e4evalilleseemnetest - bio4you.eu\/retseptid<\/title>\n<meta name=\"robots\" content=\"index, follow, max-snippet:-1, max-image-preview:large, max-video-preview:-1\" \/>\n<link rel=\"canonical\" href=\"https:\/\/bio4you.eu\/retseptid\/toode\/paevalilleseemnetest-kaste\/\" \/>\n<meta property=\"og:locale\" content=\"et_EE\" \/>\n<meta property=\"og:type\" content=\"article\" \/>\n<meta property=\"og:title\" content=\"Kaste p\u00e4evalilleseemnetest - bio4you.eu\/retseptid\" \/>\n<meta property=\"og:description\" content=\"Vaja l\u00e4heb:   100 g p\u00e4evalilleseemneid  1,5 dl k\u00fclma vett  2 tl \u00f5una\u00e4\u00e4dikat  2 tl sojakastet  pool tl soola\" \/>\n<meta property=\"og:url\" content=\"https:\/\/bio4you.eu\/retseptid\/toode\/paevalilleseemnetest-kaste\/\" \/>\n<meta property=\"og:site_name\" content=\"bio4you.eu\/retseptid\" \/>\n<meta property=\"article:modified_time\" content=\"2022-03-25T15:14:16+00:00\" \/>\n<meta property=\"og:image\" content=\"https:\/\/bio4you.eu\/retseptid\/wp-content\/uploads\/2016\/07\/IMG_2093-scaled.jpg\" \/>\n\t<meta property=\"og:image:width\" content=\"1920\" \/>\n\t<meta property=\"og:image:height\" content=\"2560\" \/>\n\t<meta property=\"og:image:type\" content=\"image\/jpeg\" \/>\n<meta name=\"twitter:label1\" content=\"Est. reading time\" \/>\n\t<meta name=\"twitter:data1\" content=\"1 minut\" \/>\n<script type=\"application\/ld+json\" class=\"yoast-schema-graph\">{\"@context\":\"https:\/\/schema.org\",\"@graph\":[{\"@type\":\"WebPage\",\"@id\":\"https:\/\/bio4you.eu\/retseptid\/toode\/paevalilleseemnetest-kaste\/\",\"url\":\"https:\/\/bio4you.eu\/retseptid\/toode\/paevalilleseemnetest-kaste\/\",\"name\":\"Kaste p\u00e4evalilleseemnetest - bio4you.eu\/retseptid\",\"isPartOf\":{\"@id\":\"https:\/\/bio4you.eu\/retseptid\/#website\"},\"primaryImageOfPage\":{\"@id\":\"https:\/\/bio4you.eu\/retseptid\/toode\/paevalilleseemnetest-kaste\/#primaryimage\"},\"image\":{\"@id\":\"https:\/\/bio4you.eu\/retseptid\/toode\/paevalilleseemnetest-kaste\/#primaryimage\"},\"thumbnailUrl\":\"https:\/\/bio4you.eu\/retseptid\/wp-content\/uploads\/2016\/07\/IMG_2093-scaled.jpg\",\"datePublished\":\"2016-07-25T06:35:26+00:00\",\"dateModified\":\"2022-03-25T15:14:16+00:00\",\"breadcrumb\":{\"@id\":\"https:\/\/bio4you.eu\/retseptid\/toode\/paevalilleseemnetest-kaste\/#breadcrumb\"},\"inLanguage\":\"et\",\"potentialAction\":[{\"@type\":\"ReadAction\",\"target\":[\"https:\/\/bio4you.eu\/retseptid\/toode\/paevalilleseemnetest-kaste\/\"]}]},{\"@type\":\"ImageObject\",\"inLanguage\":\"et\",\"@id\":\"https:\/\/bio4you.eu\/retseptid\/toode\/paevalilleseemnetest-kaste\/#primaryimage\",\"url\":\"https:\/\/bio4you.eu\/retseptid\/wp-content\/uploads\/2016\/07\/IMG_2093-scaled.jpg\",\"contentUrl\":\"https:\/\/bio4you.eu\/retseptid\/wp-content\/uploads\/2016\/07\/IMG_2093-scaled.jpg\",\"width\":1920,\"height\":2560},{\"@type\":\"BreadcrumbList\",\"@id\":\"https:\/\/bio4you.eu\/retseptid\/toode\/paevalilleseemnetest-kaste\/#breadcrumb\",\"itemListElement\":[{\"@type\":\"ListItem\",\"position\":1,\"name\":\"Home\",\"item\":\"https:\/\/bio4you.eu\/retseptid\/\"},{\"@type\":\"ListItem\",\"position\":2,\"name\":\"Kaste p\u00e4evalilleseemnetest\"}]},{\"@type\":\"WebSite\",\"@id\":\"https:\/\/bio4you.eu\/retseptid\/#website\",\"url\":\"https:\/\/bio4you.eu\/retseptid\/\",\"name\":\"bio4you.eu\/retseptid\",\"description\":\"\u00d6ko retseptid ise tegemiseks, looduslikest koostisainetest. Maitsev toit, iluhooldus, kodupuhastus ja aiandus.\",\"potentialAction\":[{\"@type\":\"SearchAction\",\"target\":{\"@type\":\"EntryPoint\",\"urlTemplate\":\"https:\/\/bio4you.eu\/retseptid\/?s={search_term_string}\"},\"query-input\":\"required name=search_term_string\"}],\"inLanguage\":\"et\"}]}<\/script>\n<!-- \/ Yoast SEO plugin. -->","yoast_head_json":{"title":"Kaste p\u00e4evalilleseemnetest - bio4you.eu\/retseptid","robots":{"index":"index","follow":"follow","max-snippet":"max-snippet:-1","max-image-preview":"max-image-preview:large","max-video-preview":"max-video-preview:-1"},"canonical":"https:\/\/bio4you.eu\/retseptid\/toode\/paevalilleseemnetest-kaste\/","og_locale":"et_EE","og_type":"article","og_title":"Kaste p\u00e4evalilleseemnetest - bio4you.eu\/retseptid","og_description":"Vaja l\u00e4heb:   100 g p\u00e4evalilleseemneid  1,5 dl k\u00fclma vett  2 tl \u00f5una\u00e4\u00e4dikat  2 tl sojakastet  pool tl soola","og_url":"https:\/\/bio4you.eu\/retseptid\/toode\/paevalilleseemnetest-kaste\/","og_site_name":"bio4you.eu\/retseptid","article_modified_time":"2022-03-25T15:14:16+00:00","og_image":[{"width":1920,"height":2560,"url":"https:\/\/bio4you.eu\/retseptid\/wp-content\/uploads\/2016\/07\/IMG_2093-scaled.jpg","type":"image\/jpeg"}],"twitter_misc":{"Est. reading time":"1 minut"},"schema":{"@context":"https:\/\/schema.org","@graph":[{"@type":"WebPage","@id":"https:\/\/bio4you.eu\/retseptid\/toode\/paevalilleseemnetest-kaste\/","url":"https:\/\/bio4you.eu\/retseptid\/toode\/paevalilleseemnetest-kaste\/","name":"Kaste p\u00e4evalilleseemnetest - bio4you.eu\/retseptid","isPartOf":{"@id":"https:\/\/bio4you.eu\/retseptid\/#website"},"primaryImageOfPage":{"@id":"https:\/\/bio4you.eu\/retseptid\/toode\/paevalilleseemnetest-kaste\/#primaryimage"},"image":{"@id":"https:\/\/bio4you.eu\/retseptid\/toode\/paevalilleseemnetest-kaste\/#primaryimage"},"thumbnailUrl":"https:\/\/bio4you.eu\/retseptid\/wp-content\/uploads\/2016\/07\/IMG_2093-scaled.jpg","datePublished":"2016-07-25T06:35:26+00:00","dateModified":"2022-03-25T15:14:16+00:00","breadcrumb":{"@id":"https:\/\/bio4you.eu\/retseptid\/toode\/paevalilleseemnetest-kaste\/#breadcrumb"},"inLanguage":"et","potentialAction":[{"@type":"ReadAction","target":["https:\/\/bio4you.eu\/retseptid\/toode\/paevalilleseemnetest-kaste\/"]}]},{"@type":"ImageObject","inLanguage":"et","@id":"https:\/\/bio4you.eu\/retseptid\/toode\/paevalilleseemnetest-kaste\/#primaryimage","url":"https:\/\/bio4you.eu\/retseptid\/wp-content\/uploads\/2016\/07\/IMG_2093-scaled.jpg","contentUrl":"https:\/\/bio4you.eu\/retseptid\/wp-content\/uploads\/2016\/07\/IMG_2093-scaled.jpg","width":1920,"height":2560},{"@type":"BreadcrumbList","@id":"https:\/\/bio4you.eu\/retseptid\/toode\/paevalilleseemnetest-kaste\/#breadcrumb","itemListElement":[{"@type":"ListItem","position":1,"name":"Home","item":"https:\/\/bio4you.eu\/retseptid\/"},{"@type":"ListItem","position":2,"name":"Kaste p\u00e4evalilleseemnetest"}]},{"@type":"WebSite","@id":"https:\/\/bio4you.eu\/retseptid\/#website","url":"https:\/\/bio4you.eu\/retseptid\/","name":"bio4you.eu\/retseptid","description":"\u00d6ko retseptid ise tegemiseks, looduslikest koostisainetest. Maitsev toit, iluhooldus, kodupuhastus ja aiandus.","potentialAction":[{"@type":"SearchAction","target":{"@type":"EntryPoint","urlTemplate":"https:\/\/bio4you.eu\/retseptid\/?s={search_term_string}"},"query-input":"required name=search_term_string"}],"inLanguage":"et"}]}},"_links":{"self":[{"href":"https:\/\/bio4you.eu\/retseptid\/wp-json\/wp\/v2\/product\/2834"}],"collection":[{"href":"https:\/\/bio4you.eu\/retseptid\/wp-json\/wp\/v2\/product"}],"about":[{"href":"https:\/\/bio4you.eu\/retseptid\/wp-json\/wp\/v2\/types\/product"}],"replies":[{"embeddable":true,"href":"https:\/\/bio4you.eu\/retseptid\/wp-json\/wp\/v2\/comments?post=2834"}],"wp:featuredmedia":[{"embeddable":true,"href":"https:\/\/bio4you.eu\/retseptid\/wp-json\/wp\/v2\/media\/3199"}],"wp:attachment":[{"href":"https:\/\/bio4you.eu\/retseptid\/wp-json\/wp\/v2\/media?parent=2834"}],"wp:term":[{"taxonomy":"product_cat","embeddable":true,"href":"https:\/\/bio4you.eu\/retseptid\/wp-json\/wp\/v2\/product_cat?post=2834"},{"taxonomy":"product_tag","embeddable":true,"href":"https:\/\/bio4you.eu\/retseptid\/wp-json\/wp\/v2\/product_tag?post=2834"}],"curies":[{"name":"wp","href":"https:\/\/api.w.org\/{rel}","templated":true}]}}