{"id":2849,"date":"2016-07-27T10:31:14","date_gmt":"2016-07-27T07:31:14","guid":{"rendered":"https:\/\/bio4you.eu\/retseptid\/?post_type=product&#038;p=2849"},"modified":"2016-10-10T12:13:24","modified_gmt":"2016-10-10T09:13:24","slug":"suvikorvitsa-kotletid","status":"publish","type":"product","link":"https:\/\/bio4you.eu\/retseptid\/toode\/suvikorvitsa-kotletid\/","title":{"rendered":"Suvik\u00f5rvitsa kotletid"},"content":{"rendered":"<p>Mahlaste suvik\u00f5rvitsa kotlettide jaoks l\u00e4heb vaja vaid paari koostisainet ja need valmivad imelihtsalt ning kiirelt.<\/p>\n<p>Valmistamine:<\/p>\n<p>Sega kausis kikerhernejahu, maitseained ja vesi. Lisa riivitud suvik\u00f5rvits ning sega k\u00f5ik \u00f5htlaseks massiks. T\u00e4ida detsiliitrim\u00f5\u00f5dik veidi \u00fcle poole taignaga ning aseta pannile. L\u00fckka kahvliga kotlett lapikuks ning prae m\u00f5lemalt poolt kuni kergelt pruunika v\u00e4rvuseni. Sobib h\u00e4sti ka hamburgeri vahele v\u00f5i leiva peale.<\/p>\n<p>Sellest kogusest valmib 6 kotletti.<\/p>\n<p>&nbsp;<\/p>\n","protected":false},"excerpt":{"rendered":"<p>Vaja l\u00e4heb:<\/p>\n<ul>\n<li>1 dl kikerhernejahu<\/li>\n<li>pool tl soola<\/li>\n<li>natuke pipart<\/li>\n<li>veerand tl <a href=\"http:\/\/bio4you.eu\/et\/maitseained\/1002-punane-paprika-jahvatatud-10g-cosmoveda.html?utm_source=bioretsept&amp;utm_medium=retseptireklaam&amp;utm_campaign=Retsept\" target=\"_blank\"><span style=\"color: #99cc00;\">paprikapulbrit<\/span><\/a><\/li>\n<li>1 dl vett<\/li>\n<li>1 v\u00e4iksem v\u00f5i pool suuremat suvik\u00f5rvitsat<\/li>\n<li><a href=\"http:\/\/bio4you.eu\/et\/olid\/2243-itaalia-oliivioli-750ml-kulmpress-corvino.html?utm_source=bioretsept&amp;utm_medium=retseptireklaam&amp;utm_campaign=Retsept\" target=\"_blank\"><span style=\"color: #99cc00;\">oliivi\u00f5li<\/span> <\/a>praadimiseks<\/li>\n<\/ul>\n","protected":false},"featured_media":3211,"comment_status":"open","ping_status":"closed","template":"","meta":{"_exactmetrics_skip_tracking":false,"_exactmetrics_sitenote_active":false,"_exactmetrics_sitenote_note":"","_exactmetrics_sitenote_category":0},"product_cat":[59],"product_tag":[],"class_list":{"0":"post-2849","1":"product","2":"type-product","3":"status-publish","4":"has-post-thumbnail","6":"product_cat-featured","8":"first","9":"instock","10":"shipping-taxable","11":"product-type-simple"},"yoast_head":"<!-- This site is optimized with the Yoast SEO plugin v23.3 - https:\/\/yoast.com\/wordpress\/plugins\/seo\/ -->\n<title>Suvik\u00f5rvitsa kotletid - bio4you.eu\/retseptid<\/title>\n<meta name=\"robots\" content=\"index, follow, max-snippet:-1, max-image-preview:large, max-video-preview:-1\" \/>\n<link rel=\"canonical\" href=\"https:\/\/bio4you.eu\/retseptid\/toode\/suvikorvitsa-kotletid\/\" \/>\n<meta property=\"og:locale\" content=\"et_EE\" \/>\n<meta property=\"og:type\" content=\"article\" \/>\n<meta property=\"og:title\" content=\"Suvik\u00f5rvitsa kotletid - bio4you.eu\/retseptid\" \/>\n<meta property=\"og:description\" content=\"Vaja l\u00e4heb:   1 dl kikerhernejahu  pool tl soola  natuke pipart  veerand tl paprikapulbrit  1 dl vett  1 v\u00e4iksem v\u00f5i pool suuremat suvik\u00f5rvitsat  oliivi\u00f5li praadimiseks\" \/>\n<meta property=\"og:url\" content=\"https:\/\/bio4you.eu\/retseptid\/toode\/suvikorvitsa-kotletid\/\" \/>\n<meta property=\"og:site_name\" content=\"bio4you.eu\/retseptid\" \/>\n<meta property=\"article:modified_time\" content=\"2016-10-10T09:13:24+00:00\" \/>\n<meta property=\"og:image\" content=\"https:\/\/bio4you.eu\/retseptid\/wp-content\/uploads\/2016\/07\/IMG_2135-scaled.jpg\" \/>\n\t<meta property=\"og:image:width\" content=\"2560\" \/>\n\t<meta property=\"og:image:height\" content=\"1776\" \/>\n\t<meta property=\"og:image:type\" content=\"image\/jpeg\" \/>\n<script type=\"application\/ld+json\" class=\"yoast-schema-graph\">{\"@context\":\"https:\/\/schema.org\",\"@graph\":[{\"@type\":\"WebPage\",\"@id\":\"https:\/\/bio4you.eu\/retseptid\/toode\/suvikorvitsa-kotletid\/\",\"url\":\"https:\/\/bio4you.eu\/retseptid\/toode\/suvikorvitsa-kotletid\/\",\"name\":\"Suvik\u00f5rvitsa kotletid - bio4you.eu\/retseptid\",\"isPartOf\":{\"@id\":\"https:\/\/bio4you.eu\/retseptid\/#website\"},\"primaryImageOfPage\":{\"@id\":\"https:\/\/bio4you.eu\/retseptid\/toode\/suvikorvitsa-kotletid\/#primaryimage\"},\"image\":{\"@id\":\"https:\/\/bio4you.eu\/retseptid\/toode\/suvikorvitsa-kotletid\/#primaryimage\"},\"thumbnailUrl\":\"https:\/\/bio4you.eu\/retseptid\/wp-content\/uploads\/2016\/07\/IMG_2135-scaled.jpg\",\"datePublished\":\"2016-07-27T07:31:14+00:00\",\"dateModified\":\"2016-10-10T09:13:24+00:00\",\"breadcrumb\":{\"@id\":\"https:\/\/bio4you.eu\/retseptid\/toode\/suvikorvitsa-kotletid\/#breadcrumb\"},\"inLanguage\":\"et\",\"potentialAction\":[{\"@type\":\"ReadAction\",\"target\":[\"https:\/\/bio4you.eu\/retseptid\/toode\/suvikorvitsa-kotletid\/\"]}]},{\"@type\":\"ImageObject\",\"inLanguage\":\"et\",\"@id\":\"https:\/\/bio4you.eu\/retseptid\/toode\/suvikorvitsa-kotletid\/#primaryimage\",\"url\":\"https:\/\/bio4you.eu\/retseptid\/wp-content\/uploads\/2016\/07\/IMG_2135-scaled.jpg\",\"contentUrl\":\"https:\/\/bio4you.eu\/retseptid\/wp-content\/uploads\/2016\/07\/IMG_2135-scaled.jpg\",\"width\":2560,\"height\":1776},{\"@type\":\"BreadcrumbList\",\"@id\":\"https:\/\/bio4you.eu\/retseptid\/toode\/suvikorvitsa-kotletid\/#breadcrumb\",\"itemListElement\":[{\"@type\":\"ListItem\",\"position\":1,\"name\":\"Home\",\"item\":\"https:\/\/bio4you.eu\/retseptid\/\"},{\"@type\":\"ListItem\",\"position\":2,\"name\":\"Suvik\u00f5rvitsa kotletid\"}]},{\"@type\":\"WebSite\",\"@id\":\"https:\/\/bio4you.eu\/retseptid\/#website\",\"url\":\"https:\/\/bio4you.eu\/retseptid\/\",\"name\":\"bio4you.eu\/retseptid\",\"description\":\"\u00d6ko retseptid ise tegemiseks, looduslikest koostisainetest. Maitsev toit, iluhooldus, kodupuhastus ja aiandus.\",\"potentialAction\":[{\"@type\":\"SearchAction\",\"target\":{\"@type\":\"EntryPoint\",\"urlTemplate\":\"https:\/\/bio4you.eu\/retseptid\/?s={search_term_string}\"},\"query-input\":\"required name=search_term_string\"}],\"inLanguage\":\"et\"}]}<\/script>\n<!-- \/ Yoast SEO plugin. -->","yoast_head_json":{"title":"Suvik\u00f5rvitsa kotletid - bio4you.eu\/retseptid","robots":{"index":"index","follow":"follow","max-snippet":"max-snippet:-1","max-image-preview":"max-image-preview:large","max-video-preview":"max-video-preview:-1"},"canonical":"https:\/\/bio4you.eu\/retseptid\/toode\/suvikorvitsa-kotletid\/","og_locale":"et_EE","og_type":"article","og_title":"Suvik\u00f5rvitsa kotletid - bio4you.eu\/retseptid","og_description":"Vaja l\u00e4heb:   1 dl kikerhernejahu  pool tl soola  natuke pipart  veerand tl paprikapulbrit  1 dl vett  1 v\u00e4iksem v\u00f5i pool suuremat suvik\u00f5rvitsat  oliivi\u00f5li praadimiseks","og_url":"https:\/\/bio4you.eu\/retseptid\/toode\/suvikorvitsa-kotletid\/","og_site_name":"bio4you.eu\/retseptid","article_modified_time":"2016-10-10T09:13:24+00:00","og_image":[{"width":2560,"height":1776,"url":"https:\/\/bio4you.eu\/retseptid\/wp-content\/uploads\/2016\/07\/IMG_2135-scaled.jpg","type":"image\/jpeg"}],"schema":{"@context":"https:\/\/schema.org","@graph":[{"@type":"WebPage","@id":"https:\/\/bio4you.eu\/retseptid\/toode\/suvikorvitsa-kotletid\/","url":"https:\/\/bio4you.eu\/retseptid\/toode\/suvikorvitsa-kotletid\/","name":"Suvik\u00f5rvitsa kotletid - bio4you.eu\/retseptid","isPartOf":{"@id":"https:\/\/bio4you.eu\/retseptid\/#website"},"primaryImageOfPage":{"@id":"https:\/\/bio4you.eu\/retseptid\/toode\/suvikorvitsa-kotletid\/#primaryimage"},"image":{"@id":"https:\/\/bio4you.eu\/retseptid\/toode\/suvikorvitsa-kotletid\/#primaryimage"},"thumbnailUrl":"https:\/\/bio4you.eu\/retseptid\/wp-content\/uploads\/2016\/07\/IMG_2135-scaled.jpg","datePublished":"2016-07-27T07:31:14+00:00","dateModified":"2016-10-10T09:13:24+00:00","breadcrumb":{"@id":"https:\/\/bio4you.eu\/retseptid\/toode\/suvikorvitsa-kotletid\/#breadcrumb"},"inLanguage":"et","potentialAction":[{"@type":"ReadAction","target":["https:\/\/bio4you.eu\/retseptid\/toode\/suvikorvitsa-kotletid\/"]}]},{"@type":"ImageObject","inLanguage":"et","@id":"https:\/\/bio4you.eu\/retseptid\/toode\/suvikorvitsa-kotletid\/#primaryimage","url":"https:\/\/bio4you.eu\/retseptid\/wp-content\/uploads\/2016\/07\/IMG_2135-scaled.jpg","contentUrl":"https:\/\/bio4you.eu\/retseptid\/wp-content\/uploads\/2016\/07\/IMG_2135-scaled.jpg","width":2560,"height":1776},{"@type":"BreadcrumbList","@id":"https:\/\/bio4you.eu\/retseptid\/toode\/suvikorvitsa-kotletid\/#breadcrumb","itemListElement":[{"@type":"ListItem","position":1,"name":"Home","item":"https:\/\/bio4you.eu\/retseptid\/"},{"@type":"ListItem","position":2,"name":"Suvik\u00f5rvitsa kotletid"}]},{"@type":"WebSite","@id":"https:\/\/bio4you.eu\/retseptid\/#website","url":"https:\/\/bio4you.eu\/retseptid\/","name":"bio4you.eu\/retseptid","description":"\u00d6ko retseptid ise tegemiseks, looduslikest koostisainetest. Maitsev toit, iluhooldus, kodupuhastus ja aiandus.","potentialAction":[{"@type":"SearchAction","target":{"@type":"EntryPoint","urlTemplate":"https:\/\/bio4you.eu\/retseptid\/?s={search_term_string}"},"query-input":"required name=search_term_string"}],"inLanguage":"et"}]}},"_links":{"self":[{"href":"https:\/\/bio4you.eu\/retseptid\/wp-json\/wp\/v2\/product\/2849"}],"collection":[{"href":"https:\/\/bio4you.eu\/retseptid\/wp-json\/wp\/v2\/product"}],"about":[{"href":"https:\/\/bio4you.eu\/retseptid\/wp-json\/wp\/v2\/types\/product"}],"replies":[{"embeddable":true,"href":"https:\/\/bio4you.eu\/retseptid\/wp-json\/wp\/v2\/comments?post=2849"}],"wp:featuredmedia":[{"embeddable":true,"href":"https:\/\/bio4you.eu\/retseptid\/wp-json\/wp\/v2\/media\/3211"}],"wp:attachment":[{"href":"https:\/\/bio4you.eu\/retseptid\/wp-json\/wp\/v2\/media?parent=2849"}],"wp:term":[{"taxonomy":"product_cat","embeddable":true,"href":"https:\/\/bio4you.eu\/retseptid\/wp-json\/wp\/v2\/product_cat?post=2849"},{"taxonomy":"product_tag","embeddable":true,"href":"https:\/\/bio4you.eu\/retseptid\/wp-json\/wp\/v2\/product_tag?post=2849"}],"curies":[{"name":"wp","href":"https:\/\/api.w.org\/{rel}","templated":true}]}}