{"id":2870,"date":"2016-08-11T10:37:12","date_gmt":"2016-08-11T07:37:12","guid":{"rendered":"https:\/\/bio4you.eu\/retseptid\/?post_type=product&#038;p=2870"},"modified":"2022-05-12T09:58:49","modified_gmt":"2022-05-12T06:58:49","slug":"lillkapsast-pitsapohi-ja-tomatikaste-pitsale","status":"publish","type":"product","link":"https:\/\/bio4you.eu\/retseptid\/toode\/lillkapsast-pitsapohi-ja-tomatikaste-pitsale\/","title":{"rendered":"Lillkapsast pitsap\u00f5hi ja tomatikaste pitsale"},"content":{"rendered":"<p>Pitsa valmistamine:<br \/>\nPane ahi 190 kraadi juurde sooja, parim on kasutada \u00f5huringluse programmi.<br \/>\nPese ja kuivata lillkapsa \u00f5isikud. Purusta need k\u00f6\u00f6gikombainis umbes riisitera suurusteks t\u00fckkideks. Sega saadud puru koos kikerhernejahu ja soolaga. Siin on k\u00f5ige parem kasutada k\u00e4si ja mudida k\u00f5ik h\u00e4sti l\u00e4bi. Aja n\u00e4ppudega saadud taigen k\u00fcpsetuspaberiga kaetud ahjuplaadil laiali nii, et pitsap\u00f5hi j\u00e4\u00e4ks \u00fchtlaselt \u00f5huke. Pitsap\u00f5hja k\u00f5rguseks v\u00f5iks j\u00e4\u00e4da umbes 3-5 mm. Pane p\u00f5hi 10 minutiks ahju ning valmista niikaua tomatikaste ning haki k\u00f6\u00f6giviljad, mis l\u00e4hevad pitsa peale.<\/p>\n<p>Tomatikaste:<br \/>\nPurusta 1 suurem k\u00fc\u00fcslauguk\u00fc\u00fcs pannile ning prae seda umbes 1 minut oliivi\u00f5lis. K\u00fc\u00fcslauk ei tohiks minna k\u00f5rbema. Lisa tomatipasta ning kuumuta keemiseni. Seej\u00e4rel lisa sool, \u00fcridid ning agaavisiirup. Kuumuta n\u00fc\u00fcd veel umbes minut, et maitsed seguneksid.<br \/>\nN\u00fc\u00fcd v\u00f5ta ahjust pitsap\u00f5hi, mille \u00e4\u00e4red on kergelt pruunikad. M\u00e4\u00e4ri sellele meeldiv kogus tomatikastet ning seej\u00e4rel k\u00f6\u00f6giviljad. Soovitame l\u00f5ikuda k\u00f6\u00f6giviljad v\u00f5imalikult \u00f5hukeseks, et need j\u00f5uaksid ahjus k\u00fcpseda. Piserda pitsale natukene oliivi\u00f5li ning k\u00fcpseta veel 10 minutit v\u00f5i kuni k\u00f6\u00f6giviljad on pitsa peal valminud. Serveeri koheselt, sest seistes v\u00f5ib pitsap\u00f5hi liiga k\u00f5vaks kuivada. Pitsale v\u00f5ib lisada ka juustu v\u00f5i neile, kes juustu pigem v\u00e4ldivad soovitame maitsep\u00e4rmi.<\/p>\n","protected":false},"excerpt":{"rendered":"<p>Pitsap\u00f5hja jaoks:<\/p>\n<ul>\n<li>pool suuremat lillkapsapead<\/li>\n<li>2 dl <a href=\"https:\/\/bio4you.eu\/et\/jahud\/3098-kikerhernejahu-400g-cosmoveda.html?search_query=kikerhernejahu&amp;results=8\" target=\"_blank\" rel=\"noopener\"><span style=\"color: #99cc00;\">kikerhernejahu<\/span><\/a><\/li>\n<li>1 tl <a href=\"http:\/\/bio4you.eu\/et\/156-sool\" target=\"_blank\" rel=\"noopener\"><span style=\"color: #99cc00;\">soola<\/span><\/a><\/li>\n<\/ul>\n<p>Tomatikastme jaoks:<\/p>\n<ul>\n<li>1 k\u00fc\u00fcslauguk\u00fc\u00fcs<\/li>\n<li>1 slp <span style=\"color: #99cc00;\"><a href=\"https:\/\/bio4you.eu\/et\/olid-kastmed-kreemid\/2244-ekstra-neitsioliivioli-1l.html\" target=\"_blank\" rel=\"noopener\"><span style=\"color: #99cc00;\">oliivi\u00f5li<\/span><\/a><\/span><\/li>\n<li>1 tl \u00fcrdisegu<\/li>\n<li>0,5-1 tl <a href=\"http:\/\/bio4you.eu\/et\/156-sool\" target=\"_blank\" rel=\"noopener\"><span style=\"color: #99cc00;\">soola<\/span><\/a><\/li>\n<li>1 slp <a href=\"https:\/\/bio4you.eu\/et\/otsi?controller=search&amp;order=product.position.desc&amp;s=agaavisiirup\" target=\"_blank\" rel=\"noopener\"><span style=\"color: #99cc00;\">agaavisiirupit<\/span><\/a><\/li>\n<li>1 dl <a href=\"https:\/\/bio4you.eu\/et\/olid-kastmed-kreemid\/3480-tomatipasta-basiilikuga-340g.html\">tomatipastat<\/a><\/li>\n<\/ul>\n<p>Pitsakatteks:<\/p>\n<ul>\n<li>suvik\u00f5rvitsat<\/li>\n<li>tomatit<\/li>\n<li>\u0161ampinjone<\/li>\n<li>paprikat<\/li>\n<li>maitsep\u00e4rmi<\/li>\n<\/ul>\n","protected":false},"featured_media":3227,"comment_status":"open","ping_status":"closed","template":"","meta":{"_exactmetrics_skip_tracking":false,"_exactmetrics_sitenote_active":false,"_exactmetrics_sitenote_note":"","_exactmetrics_sitenote_category":0},"product_cat":[59,60,382,63,383,74],"product_tag":[],"class_list":{"0":"post-2870","1":"product","2":"type-product","3":"status-publish","4":"has-post-thumbnail","6":"product_cat-featured","7":"product_cat-toiduretseptid","8":"product_cat-vegan-toiduretseptid","9":"product_cat-gluteenivabad-retseptid","10":"product_cat-taimetoit","11":"product_cat-kastmed-maarded-voided","13":"first","14":"instock","15":"shipping-taxable","16":"product-type-simple"},"yoast_head":"<!-- This site is optimized with the Yoast SEO plugin v23.3 - https:\/\/yoast.com\/wordpress\/plugins\/seo\/ -->\n<title>Lillkapsast pitsap\u00f5hi ja tomatikaste pitsale - bio4you.eu\/retseptid<\/title>\n<meta name=\"robots\" content=\"index, follow, max-snippet:-1, max-image-preview:large, max-video-preview:-1\" \/>\n<link rel=\"canonical\" href=\"https:\/\/bio4you.eu\/retseptid\/toode\/lillkapsast-pitsapohi-ja-tomatikaste-pitsale\/\" \/>\n<meta property=\"og:locale\" content=\"et_EE\" \/>\n<meta property=\"og:type\" content=\"article\" \/>\n<meta property=\"og:title\" content=\"Lillkapsast pitsap\u00f5hi ja tomatikaste pitsale - bio4you.eu\/retseptid\" \/>\n<meta property=\"og:description\" content=\"Pitsap\u00f5hja jaoks:   pool suuremat lillkapsapead  2 dl kikerhernejahu  1 tl soola  Tomatikastme jaoks:   1 k\u00fc\u00fcslauguk\u00fc\u00fcs  1 slp oliivi\u00f5li  1 tl \u00fcrdisegu  0,5-1 tl soola  1 slp agaavisiirupit  1 dl tomatipastat  Pitsakatteks:   suvik\u00f5rvitsat  tomatit  \u0161ampinjone  paprikat  maitsep\u00e4rmi\" \/>\n<meta property=\"og:url\" content=\"https:\/\/bio4you.eu\/retseptid\/toode\/lillkapsast-pitsapohi-ja-tomatikaste-pitsale\/\" \/>\n<meta property=\"og:site_name\" content=\"bio4you.eu\/retseptid\" \/>\n<meta property=\"article:modified_time\" content=\"2022-05-12T06:58:49+00:00\" \/>\n<meta property=\"og:image\" content=\"https:\/\/bio4you.eu\/retseptid\/wp-content\/uploads\/2016\/08\/Screen-Shot-2016-10-10-at-12.20.51.png\" \/>\n\t<meta property=\"og:image:width\" content=\"469\" \/>\n\t<meta property=\"og:image:height\" content=\"243\" \/>\n\t<meta property=\"og:image:type\" content=\"image\/png\" \/>\n<meta name=\"twitter:label1\" content=\"Est. reading time\" \/>\n\t<meta name=\"twitter:data1\" content=\"1 minut\" \/>\n<script type=\"application\/ld+json\" class=\"yoast-schema-graph\">{\"@context\":\"https:\/\/schema.org\",\"@graph\":[{\"@type\":\"WebPage\",\"@id\":\"https:\/\/bio4you.eu\/retseptid\/toode\/lillkapsast-pitsapohi-ja-tomatikaste-pitsale\/\",\"url\":\"https:\/\/bio4you.eu\/retseptid\/toode\/lillkapsast-pitsapohi-ja-tomatikaste-pitsale\/\",\"name\":\"Lillkapsast pitsap\u00f5hi ja tomatikaste pitsale - bio4you.eu\/retseptid\",\"isPartOf\":{\"@id\":\"https:\/\/bio4you.eu\/retseptid\/#website\"},\"primaryImageOfPage\":{\"@id\":\"https:\/\/bio4you.eu\/retseptid\/toode\/lillkapsast-pitsapohi-ja-tomatikaste-pitsale\/#primaryimage\"},\"image\":{\"@id\":\"https:\/\/bio4you.eu\/retseptid\/toode\/lillkapsast-pitsapohi-ja-tomatikaste-pitsale\/#primaryimage\"},\"thumbnailUrl\":\"https:\/\/bio4you.eu\/retseptid\/wp-content\/uploads\/2016\/08\/Screen-Shot-2016-10-10-at-12.20.51.png\",\"datePublished\":\"2016-08-11T07:37:12+00:00\",\"dateModified\":\"2022-05-12T06:58:49+00:00\",\"breadcrumb\":{\"@id\":\"https:\/\/bio4you.eu\/retseptid\/toode\/lillkapsast-pitsapohi-ja-tomatikaste-pitsale\/#breadcrumb\"},\"inLanguage\":\"et\",\"potentialAction\":[{\"@type\":\"ReadAction\",\"target\":[\"https:\/\/bio4you.eu\/retseptid\/toode\/lillkapsast-pitsapohi-ja-tomatikaste-pitsale\/\"]}]},{\"@type\":\"ImageObject\",\"inLanguage\":\"et\",\"@id\":\"https:\/\/bio4you.eu\/retseptid\/toode\/lillkapsast-pitsapohi-ja-tomatikaste-pitsale\/#primaryimage\",\"url\":\"https:\/\/bio4you.eu\/retseptid\/wp-content\/uploads\/2016\/08\/Screen-Shot-2016-10-10-at-12.20.51.png\",\"contentUrl\":\"https:\/\/bio4you.eu\/retseptid\/wp-content\/uploads\/2016\/08\/Screen-Shot-2016-10-10-at-12.20.51.png\",\"width\":469,\"height\":243},{\"@type\":\"BreadcrumbList\",\"@id\":\"https:\/\/bio4you.eu\/retseptid\/toode\/lillkapsast-pitsapohi-ja-tomatikaste-pitsale\/#breadcrumb\",\"itemListElement\":[{\"@type\":\"ListItem\",\"position\":1,\"name\":\"Home\",\"item\":\"https:\/\/bio4you.eu\/retseptid\/\"},{\"@type\":\"ListItem\",\"position\":2,\"name\":\"Lillkapsast pitsap\u00f5hi ja tomatikaste pitsale\"}]},{\"@type\":\"WebSite\",\"@id\":\"https:\/\/bio4you.eu\/retseptid\/#website\",\"url\":\"https:\/\/bio4you.eu\/retseptid\/\",\"name\":\"bio4you.eu\/retseptid\",\"description\":\"\u00d6ko retseptid ise tegemiseks, looduslikest koostisainetest. Maitsev toit, iluhooldus, kodupuhastus ja aiandus.\",\"potentialAction\":[{\"@type\":\"SearchAction\",\"target\":{\"@type\":\"EntryPoint\",\"urlTemplate\":\"https:\/\/bio4you.eu\/retseptid\/?s={search_term_string}\"},\"query-input\":\"required name=search_term_string\"}],\"inLanguage\":\"et\"}]}<\/script>\n<!-- \/ Yoast SEO plugin. -->","yoast_head_json":{"title":"Lillkapsast pitsap\u00f5hi ja tomatikaste pitsale - bio4you.eu\/retseptid","robots":{"index":"index","follow":"follow","max-snippet":"max-snippet:-1","max-image-preview":"max-image-preview:large","max-video-preview":"max-video-preview:-1"},"canonical":"https:\/\/bio4you.eu\/retseptid\/toode\/lillkapsast-pitsapohi-ja-tomatikaste-pitsale\/","og_locale":"et_EE","og_type":"article","og_title":"Lillkapsast pitsap\u00f5hi ja tomatikaste pitsale - bio4you.eu\/retseptid","og_description":"Pitsap\u00f5hja jaoks:   pool suuremat lillkapsapead  2 dl kikerhernejahu  1 tl soola  Tomatikastme jaoks:   1 k\u00fc\u00fcslauguk\u00fc\u00fcs  1 slp oliivi\u00f5li  1 tl \u00fcrdisegu  0,5-1 tl soola  1 slp agaavisiirupit  1 dl tomatipastat  Pitsakatteks:   suvik\u00f5rvitsat  tomatit  \u0161ampinjone  paprikat  maitsep\u00e4rmi","og_url":"https:\/\/bio4you.eu\/retseptid\/toode\/lillkapsast-pitsapohi-ja-tomatikaste-pitsale\/","og_site_name":"bio4you.eu\/retseptid","article_modified_time":"2022-05-12T06:58:49+00:00","og_image":[{"width":469,"height":243,"url":"https:\/\/bio4you.eu\/retseptid\/wp-content\/uploads\/2016\/08\/Screen-Shot-2016-10-10-at-12.20.51.png","type":"image\/png"}],"twitter_misc":{"Est. reading time":"1 minut"},"schema":{"@context":"https:\/\/schema.org","@graph":[{"@type":"WebPage","@id":"https:\/\/bio4you.eu\/retseptid\/toode\/lillkapsast-pitsapohi-ja-tomatikaste-pitsale\/","url":"https:\/\/bio4you.eu\/retseptid\/toode\/lillkapsast-pitsapohi-ja-tomatikaste-pitsale\/","name":"Lillkapsast pitsap\u00f5hi ja tomatikaste pitsale - bio4you.eu\/retseptid","isPartOf":{"@id":"https:\/\/bio4you.eu\/retseptid\/#website"},"primaryImageOfPage":{"@id":"https:\/\/bio4you.eu\/retseptid\/toode\/lillkapsast-pitsapohi-ja-tomatikaste-pitsale\/#primaryimage"},"image":{"@id":"https:\/\/bio4you.eu\/retseptid\/toode\/lillkapsast-pitsapohi-ja-tomatikaste-pitsale\/#primaryimage"},"thumbnailUrl":"https:\/\/bio4you.eu\/retseptid\/wp-content\/uploads\/2016\/08\/Screen-Shot-2016-10-10-at-12.20.51.png","datePublished":"2016-08-11T07:37:12+00:00","dateModified":"2022-05-12T06:58:49+00:00","breadcrumb":{"@id":"https:\/\/bio4you.eu\/retseptid\/toode\/lillkapsast-pitsapohi-ja-tomatikaste-pitsale\/#breadcrumb"},"inLanguage":"et","potentialAction":[{"@type":"ReadAction","target":["https:\/\/bio4you.eu\/retseptid\/toode\/lillkapsast-pitsapohi-ja-tomatikaste-pitsale\/"]}]},{"@type":"ImageObject","inLanguage":"et","@id":"https:\/\/bio4you.eu\/retseptid\/toode\/lillkapsast-pitsapohi-ja-tomatikaste-pitsale\/#primaryimage","url":"https:\/\/bio4you.eu\/retseptid\/wp-content\/uploads\/2016\/08\/Screen-Shot-2016-10-10-at-12.20.51.png","contentUrl":"https:\/\/bio4you.eu\/retseptid\/wp-content\/uploads\/2016\/08\/Screen-Shot-2016-10-10-at-12.20.51.png","width":469,"height":243},{"@type":"BreadcrumbList","@id":"https:\/\/bio4you.eu\/retseptid\/toode\/lillkapsast-pitsapohi-ja-tomatikaste-pitsale\/#breadcrumb","itemListElement":[{"@type":"ListItem","position":1,"name":"Home","item":"https:\/\/bio4you.eu\/retseptid\/"},{"@type":"ListItem","position":2,"name":"Lillkapsast pitsap\u00f5hi ja tomatikaste pitsale"}]},{"@type":"WebSite","@id":"https:\/\/bio4you.eu\/retseptid\/#website","url":"https:\/\/bio4you.eu\/retseptid\/","name":"bio4you.eu\/retseptid","description":"\u00d6ko retseptid ise tegemiseks, looduslikest koostisainetest. Maitsev toit, iluhooldus, kodupuhastus ja aiandus.","potentialAction":[{"@type":"SearchAction","target":{"@type":"EntryPoint","urlTemplate":"https:\/\/bio4you.eu\/retseptid\/?s={search_term_string}"},"query-input":"required name=search_term_string"}],"inLanguage":"et"}]}},"_links":{"self":[{"href":"https:\/\/bio4you.eu\/retseptid\/wp-json\/wp\/v2\/product\/2870"}],"collection":[{"href":"https:\/\/bio4you.eu\/retseptid\/wp-json\/wp\/v2\/product"}],"about":[{"href":"https:\/\/bio4you.eu\/retseptid\/wp-json\/wp\/v2\/types\/product"}],"replies":[{"embeddable":true,"href":"https:\/\/bio4you.eu\/retseptid\/wp-json\/wp\/v2\/comments?post=2870"}],"wp:featuredmedia":[{"embeddable":true,"href":"https:\/\/bio4you.eu\/retseptid\/wp-json\/wp\/v2\/media\/3227"}],"wp:attachment":[{"href":"https:\/\/bio4you.eu\/retseptid\/wp-json\/wp\/v2\/media?parent=2870"}],"wp:term":[{"taxonomy":"product_cat","embeddable":true,"href":"https:\/\/bio4you.eu\/retseptid\/wp-json\/wp\/v2\/product_cat?post=2870"},{"taxonomy":"product_tag","embeddable":true,"href":"https:\/\/bio4you.eu\/retseptid\/wp-json\/wp\/v2\/product_tag?post=2870"}],"curies":[{"name":"wp","href":"https:\/\/api.w.org\/{rel}","templated":true}]}}