{"id":2887,"date":"2016-08-16T19:00:13","date_gmt":"2016-08-16T16:00:13","guid":{"rendered":"https:\/\/bio4you.eu\/retseptid\/?post_type=product&#038;p=2887"},"modified":"2022-03-25T16:06:07","modified_gmt":"2022-03-25T14:06:07","slug":"gluteenivaba-aprikoosipirukas","status":"publish","type":"product","link":"https:\/\/bio4you.eu\/retseptid\/toode\/gluteenivaba-aprikoosipirukas\/","title":{"rendered":"Gluteenivaba aprikoosipirukas"},"content":{"rendered":"<p>Valmistamine:<br \/>\nPane ahi 150 kraadi juurde sooja. Pane kivideta datlid 3 spl kookospiima sisse ligunema. Niikaua sega kausis kokku kuivained (kookoshelbed, maamandlijahu, sool, kaneel, vaniljekaunapulber ja s\u00f6\u00f6gisooda). Lisa datlitele ja kookospiimale 2 spl kookos\u00f5li ning p\u00fcreesta saumikseriga \u00fchtlaseks pastaks. N\u00fc\u00fcd lisa saadud datlipasta kuivainetele ja hakka k\u00e4tega mudima. Tainas peaks j\u00e4\u00e4ma kokku ilma pudisemata. Siin v\u00f5id vajadusel juurde lisada kas kookos\u00f5li v\u00f5i hoopis maamandlijahu. Kui tainapall tundub \u00f5ige konsistentsiga, siis vajuta see v\u00f5imalikult \u00fchtlaselt k\u00fcpsetuspaberiga kaetud pannile laiali. K\u00fcpseta seda 7-8 minutit ahjus.<\/p>\n<p>Kui p\u00f5hi on ahjus, siis pese ja l\u00f5igu aprikoosid. Selleks l\u00f5ika aprikoosid m\u00f6\u00f6da neile ise\u00e4ralikku joont lahti ning eemalda kivi. Seej\u00e4rel l\u00f5ika poolitatud aprikoosist peened viilud. Aseta kivipoolne l\u00f5igatud pool l\u00f5ikelauale ja l\u00f5igu koore poolt. Nii saad piisavalt laiad, kuid \u00f5hukesed viilud. Sega 2 tl kookospalmisuhkrut ning 4 tl kookospiima \u00fchtlaseks pastaks.<\/p>\n<p>V\u00f5ta n\u00fc\u00fcd p\u00f5hi ahjust ning paiguta l\u00f5igutud aprikoosid selle peale. K\u00f5ige l\u00f5pus vala \u00fchtlaste triipudena aprikoosidele kookospiima ja -suhkru pasta. K\u00fcpseta ahjus veel 10 minutit. Lase pirukal jahtuda ning serveeri j\u00e4\u00e4tise v\u00f5i vahukoorega. Tervisliku banaanij\u00e4\u00e4tise retsepti leiad <a href=\"https:\/\/bio4you.eu\/retseptid\/product\/banaanijaatis\/\" target=\"_blank\" rel=\"noopener\"><span style=\"color: #99cc00;\">SIIT<\/span><\/a>.<\/p>\n","protected":false},"excerpt":{"rendered":"<p>P\u00f5hja jaoks:<\/p>\n<ul>\n<li>4 dl <a href=\"https:\/\/bio4you.eu\/et\/kookostooted\/3097-kookoshelbed-200g-cosmoveda.html?utm_source=bioretsept&amp;utm_medium=blogi&amp;utm_campaign=retsept\" target=\"_blank\" rel=\"noopener\"><span style=\"color: #99cc00;\">kookoshelbeid<\/span><\/a><\/li>\n<li>2 dl v\u00f5i umbes 130 g maamandlijahu<\/li>\n<li>2-3 kuhjaga spl <a href=\"https:\/\/bio4you.eu\/et\/bio-toit\/3867-extra-virgin-kookosoli-500ml.html?utm_source=bioretsept&amp;utm_medium=blogi&amp;utm_campaign=retsept\" target=\"_blank\" rel=\"noopener\"><span style=\"color: #99cc00;\">kookos\u00f5li<\/span><\/a><\/li>\n<li>1\/5 tl vaniljekaunapulbrit<\/li>\n<li>1\/4 tl <a href=\"https:\/\/bio4you.eu\/et\/156-sool?utm_source=bioretsept&amp;utm_medium=blogi&amp;utm_campaign=retsept\" target=\"_blank\" rel=\"noopener\"><span style=\"color: #99cc00;\">soola<\/span><\/a><\/li>\n<li>1\/3 tl <a href=\"https:\/\/bio4you.eu\/et\/kupsetamiseks\/2564-sooda-500g-baule-volante.html?search_query=sooda&amp;results=19&amp;utm_source=bioretsept&amp;utm_medium=blogi&amp;utm_campaign=retsept\" target=\"_blank\" rel=\"noopener\"><span style=\"color: #99cc00;\">s\u00f6\u00f6gisoodat<\/span><\/a><\/li>\n<li>1 tl<a href=\"http:\/\/bio4you.eu\/et\/maitseained\/995-tseiloni-kaneel-10g-cosmoveda.html?utm_source=bioretsept&amp;utm_medium=retseptireklaam&amp;utm_campaign=Retsept\" target=\"_blank\" rel=\"noopener\"><span style=\"color: #99cc00;\"> kaneeli<\/span><\/a><\/li>\n<li>peot\u00e4is datleid<\/li>\n<li>3 spl <a href=\"https:\/\/bio4you.eu\/et\/taimsed-joogid-ja-kreemid\/4992-kookospiim-400ml.html?utm_source=bioretsept&amp;utm_medium=blogi&amp;utm_campaign=retsept\" target=\"_blank\" rel=\"noopener\"><span style=\"color: #99cc00;\">kookospiima<\/span><\/a><\/li>\n<\/ul>\n<p>Katteks:<\/p>\n<ul>\n<li>8 aprikoosi (v\u00f5i umbes 400 g)<\/li>\n<li>2 tl <a href=\"https:\/\/bio4you.eu\/et\/maitseained-ja-magustajad\/4383-kookospalmisuhkur-250g.html?utm_source=bioretsept&amp;utm_medium=blogi&amp;utm_campaign=retsept\" target=\"_blank\" rel=\"noopener\"><span style=\"color: #99cc00;\">kookospalmisuhkrut<\/span><\/a><\/li>\n<li>4 tl <a href=\"https:\/\/bio4you.eu\/et\/taimsed-joogid-ja-kreemid\/4992-kookospiim-400ml.html?utm_source=bioretsept&amp;utm_medium=blogi&amp;utm_campaign=retsept\" target=\"_blank\" rel=\"noopener\"><span style=\"color: #99cc00;\">kookospiima<\/span><\/a><\/li>\n<\/ul>\n","protected":false},"featured_media":3218,"comment_status":"open","ping_status":"closed","template":"","meta":{"_exactmetrics_skip_tracking":false,"_exactmetrics_sitenote_active":false,"_exactmetrics_sitenote_note":"","_exactmetrics_sitenote_category":0},"product_cat":[59,60,382,63,383,280],"product_tag":[],"class_list":{"0":"post-2887","1":"product","2":"type-product","3":"status-publish","4":"has-post-thumbnail","6":"product_cat-featured","7":"product_cat-toiduretseptid","8":"product_cat-vegan-toiduretseptid","9":"product_cat-gluteenivabad-retseptid","10":"product_cat-taimetoit","11":"product_cat-koogid-ja-kupsised","13":"first","14":"instock","15":"shipping-taxable","16":"product-type-simple"},"yoast_head":"<!-- This site is optimized with the Yoast SEO plugin v23.3 - https:\/\/yoast.com\/wordpress\/plugins\/seo\/ -->\n<title>Gluteenivaba aprikoosipirukas - bio4you.eu\/retseptid<\/title>\n<meta name=\"robots\" content=\"index, follow, max-snippet:-1, max-image-preview:large, max-video-preview:-1\" \/>\n<link rel=\"canonical\" href=\"https:\/\/bio4you.eu\/retseptid\/toode\/gluteenivaba-aprikoosipirukas\/\" \/>\n<meta property=\"og:locale\" content=\"et_EE\" \/>\n<meta property=\"og:type\" content=\"article\" \/>\n<meta property=\"og:title\" content=\"Gluteenivaba aprikoosipirukas - bio4you.eu\/retseptid\" \/>\n<meta property=\"og:description\" content=\"P\u00f5hja jaoks:   4 dl kookoshelbeid  2 dl v\u00f5i umbes 130 g maamandlijahu  2-3 kuhjaga spl kookos\u00f5li  1\/5 tl vaniljekaunapulbrit  1\/4 tl soola  1\/3 tl s\u00f6\u00f6gisoodat  1 tl kaneeli  peot\u00e4is datleid  3 spl kookospiima  Katteks:   8 aprikoosi (v\u00f5i umbes 400 g)  2 tl kookospalmisuhkrut  4 tl kookospiima\" \/>\n<meta property=\"og:url\" content=\"https:\/\/bio4you.eu\/retseptid\/toode\/gluteenivaba-aprikoosipirukas\/\" \/>\n<meta property=\"og:site_name\" content=\"bio4you.eu\/retseptid\" \/>\n<meta property=\"article:modified_time\" content=\"2022-03-25T14:06:07+00:00\" \/>\n<meta property=\"og:image\" content=\"https:\/\/bio4you.eu\/retseptid\/wp-content\/uploads\/2016\/08\/Screen-Shot-2016-10-10-at-12.19.43.png\" \/>\n\t<meta property=\"og:image:width\" content=\"464\" \/>\n\t<meta property=\"og:image:height\" content=\"245\" \/>\n\t<meta property=\"og:image:type\" content=\"image\/png\" \/>\n<meta name=\"twitter:label1\" content=\"Est. reading time\" \/>\n\t<meta name=\"twitter:data1\" content=\"1 minut\" \/>\n<script type=\"application\/ld+json\" class=\"yoast-schema-graph\">{\"@context\":\"https:\/\/schema.org\",\"@graph\":[{\"@type\":\"WebPage\",\"@id\":\"https:\/\/bio4you.eu\/retseptid\/toode\/gluteenivaba-aprikoosipirukas\/\",\"url\":\"https:\/\/bio4you.eu\/retseptid\/toode\/gluteenivaba-aprikoosipirukas\/\",\"name\":\"Gluteenivaba aprikoosipirukas - bio4you.eu\/retseptid\",\"isPartOf\":{\"@id\":\"https:\/\/bio4you.eu\/retseptid\/#website\"},\"primaryImageOfPage\":{\"@id\":\"https:\/\/bio4you.eu\/retseptid\/toode\/gluteenivaba-aprikoosipirukas\/#primaryimage\"},\"image\":{\"@id\":\"https:\/\/bio4you.eu\/retseptid\/toode\/gluteenivaba-aprikoosipirukas\/#primaryimage\"},\"thumbnailUrl\":\"https:\/\/bio4you.eu\/retseptid\/wp-content\/uploads\/2016\/08\/Screen-Shot-2016-10-10-at-12.19.43.png\",\"datePublished\":\"2016-08-16T16:00:13+00:00\",\"dateModified\":\"2022-03-25T14:06:07+00:00\",\"breadcrumb\":{\"@id\":\"https:\/\/bio4you.eu\/retseptid\/toode\/gluteenivaba-aprikoosipirukas\/#breadcrumb\"},\"inLanguage\":\"et\",\"potentialAction\":[{\"@type\":\"ReadAction\",\"target\":[\"https:\/\/bio4you.eu\/retseptid\/toode\/gluteenivaba-aprikoosipirukas\/\"]}]},{\"@type\":\"ImageObject\",\"inLanguage\":\"et\",\"@id\":\"https:\/\/bio4you.eu\/retseptid\/toode\/gluteenivaba-aprikoosipirukas\/#primaryimage\",\"url\":\"https:\/\/bio4you.eu\/retseptid\/wp-content\/uploads\/2016\/08\/Screen-Shot-2016-10-10-at-12.19.43.png\",\"contentUrl\":\"https:\/\/bio4you.eu\/retseptid\/wp-content\/uploads\/2016\/08\/Screen-Shot-2016-10-10-at-12.19.43.png\",\"width\":464,\"height\":245},{\"@type\":\"BreadcrumbList\",\"@id\":\"https:\/\/bio4you.eu\/retseptid\/toode\/gluteenivaba-aprikoosipirukas\/#breadcrumb\",\"itemListElement\":[{\"@type\":\"ListItem\",\"position\":1,\"name\":\"Home\",\"item\":\"https:\/\/bio4you.eu\/retseptid\/\"},{\"@type\":\"ListItem\",\"position\":2,\"name\":\"Gluteenivaba aprikoosipirukas\"}]},{\"@type\":\"WebSite\",\"@id\":\"https:\/\/bio4you.eu\/retseptid\/#website\",\"url\":\"https:\/\/bio4you.eu\/retseptid\/\",\"name\":\"bio4you.eu\/retseptid\",\"description\":\"\u00d6ko retseptid ise tegemiseks, looduslikest koostisainetest. Maitsev toit, iluhooldus, kodupuhastus ja aiandus.\",\"potentialAction\":[{\"@type\":\"SearchAction\",\"target\":{\"@type\":\"EntryPoint\",\"urlTemplate\":\"https:\/\/bio4you.eu\/retseptid\/?s={search_term_string}\"},\"query-input\":\"required name=search_term_string\"}],\"inLanguage\":\"et\"}]}<\/script>\n<!-- \/ Yoast SEO plugin. -->","yoast_head_json":{"title":"Gluteenivaba aprikoosipirukas - bio4you.eu\/retseptid","robots":{"index":"index","follow":"follow","max-snippet":"max-snippet:-1","max-image-preview":"max-image-preview:large","max-video-preview":"max-video-preview:-1"},"canonical":"https:\/\/bio4you.eu\/retseptid\/toode\/gluteenivaba-aprikoosipirukas\/","og_locale":"et_EE","og_type":"article","og_title":"Gluteenivaba aprikoosipirukas - bio4you.eu\/retseptid","og_description":"P\u00f5hja jaoks:   4 dl kookoshelbeid  2 dl v\u00f5i umbes 130 g maamandlijahu  2-3 kuhjaga spl kookos\u00f5li  1\/5 tl vaniljekaunapulbrit  1\/4 tl soola  1\/3 tl s\u00f6\u00f6gisoodat  1 tl kaneeli  peot\u00e4is datleid  3 spl kookospiima  Katteks:   8 aprikoosi (v\u00f5i umbes 400 g)  2 tl kookospalmisuhkrut  4 tl kookospiima","og_url":"https:\/\/bio4you.eu\/retseptid\/toode\/gluteenivaba-aprikoosipirukas\/","og_site_name":"bio4you.eu\/retseptid","article_modified_time":"2022-03-25T14:06:07+00:00","og_image":[{"width":464,"height":245,"url":"https:\/\/bio4you.eu\/retseptid\/wp-content\/uploads\/2016\/08\/Screen-Shot-2016-10-10-at-12.19.43.png","type":"image\/png"}],"twitter_misc":{"Est. reading time":"1 minut"},"schema":{"@context":"https:\/\/schema.org","@graph":[{"@type":"WebPage","@id":"https:\/\/bio4you.eu\/retseptid\/toode\/gluteenivaba-aprikoosipirukas\/","url":"https:\/\/bio4you.eu\/retseptid\/toode\/gluteenivaba-aprikoosipirukas\/","name":"Gluteenivaba aprikoosipirukas - bio4you.eu\/retseptid","isPartOf":{"@id":"https:\/\/bio4you.eu\/retseptid\/#website"},"primaryImageOfPage":{"@id":"https:\/\/bio4you.eu\/retseptid\/toode\/gluteenivaba-aprikoosipirukas\/#primaryimage"},"image":{"@id":"https:\/\/bio4you.eu\/retseptid\/toode\/gluteenivaba-aprikoosipirukas\/#primaryimage"},"thumbnailUrl":"https:\/\/bio4you.eu\/retseptid\/wp-content\/uploads\/2016\/08\/Screen-Shot-2016-10-10-at-12.19.43.png","datePublished":"2016-08-16T16:00:13+00:00","dateModified":"2022-03-25T14:06:07+00:00","breadcrumb":{"@id":"https:\/\/bio4you.eu\/retseptid\/toode\/gluteenivaba-aprikoosipirukas\/#breadcrumb"},"inLanguage":"et","potentialAction":[{"@type":"ReadAction","target":["https:\/\/bio4you.eu\/retseptid\/toode\/gluteenivaba-aprikoosipirukas\/"]}]},{"@type":"ImageObject","inLanguage":"et","@id":"https:\/\/bio4you.eu\/retseptid\/toode\/gluteenivaba-aprikoosipirukas\/#primaryimage","url":"https:\/\/bio4you.eu\/retseptid\/wp-content\/uploads\/2016\/08\/Screen-Shot-2016-10-10-at-12.19.43.png","contentUrl":"https:\/\/bio4you.eu\/retseptid\/wp-content\/uploads\/2016\/08\/Screen-Shot-2016-10-10-at-12.19.43.png","width":464,"height":245},{"@type":"BreadcrumbList","@id":"https:\/\/bio4you.eu\/retseptid\/toode\/gluteenivaba-aprikoosipirukas\/#breadcrumb","itemListElement":[{"@type":"ListItem","position":1,"name":"Home","item":"https:\/\/bio4you.eu\/retseptid\/"},{"@type":"ListItem","position":2,"name":"Gluteenivaba aprikoosipirukas"}]},{"@type":"WebSite","@id":"https:\/\/bio4you.eu\/retseptid\/#website","url":"https:\/\/bio4you.eu\/retseptid\/","name":"bio4you.eu\/retseptid","description":"\u00d6ko retseptid ise tegemiseks, looduslikest koostisainetest. Maitsev toit, iluhooldus, kodupuhastus ja aiandus.","potentialAction":[{"@type":"SearchAction","target":{"@type":"EntryPoint","urlTemplate":"https:\/\/bio4you.eu\/retseptid\/?s={search_term_string}"},"query-input":"required name=search_term_string"}],"inLanguage":"et"}]}},"_links":{"self":[{"href":"https:\/\/bio4you.eu\/retseptid\/wp-json\/wp\/v2\/product\/2887"}],"collection":[{"href":"https:\/\/bio4you.eu\/retseptid\/wp-json\/wp\/v2\/product"}],"about":[{"href":"https:\/\/bio4you.eu\/retseptid\/wp-json\/wp\/v2\/types\/product"}],"replies":[{"embeddable":true,"href":"https:\/\/bio4you.eu\/retseptid\/wp-json\/wp\/v2\/comments?post=2887"}],"wp:featuredmedia":[{"embeddable":true,"href":"https:\/\/bio4you.eu\/retseptid\/wp-json\/wp\/v2\/media\/3218"}],"wp:attachment":[{"href":"https:\/\/bio4you.eu\/retseptid\/wp-json\/wp\/v2\/media?parent=2887"}],"wp:term":[{"taxonomy":"product_cat","embeddable":true,"href":"https:\/\/bio4you.eu\/retseptid\/wp-json\/wp\/v2\/product_cat?post=2887"},{"taxonomy":"product_tag","embeddable":true,"href":"https:\/\/bio4you.eu\/retseptid\/wp-json\/wp\/v2\/product_tag?post=2887"}],"curies":[{"name":"wp","href":"https:\/\/api.w.org\/{rel}","templated":true}]}}