{"id":2898,"date":"2016-08-18T12:15:51","date_gmt":"2016-08-18T09:15:51","guid":{"rendered":"https:\/\/bio4you.eu\/retseptid\/?post_type=product&#038;p=2898"},"modified":"2022-03-25T15:50:32","modified_gmt":"2022-03-25T13:50:32","slug":"falafelid","status":"publish","type":"product","link":"https:\/\/bio4you.eu\/retseptid\/toode\/falafelid\/","title":{"rendered":"Falafelid"},"content":{"rendered":"<p>Falafel on iidne araabia rahvustoit. Seal s\u00fc\u00fckase neid tavaliselt wrapi sees koos salatiga v\u00f5i serveeritakse hummusega. Falafele on v\u00f5imalik valmistada mitut moodi. K\u00f5ige traditsioonilisem viis on neid rohke \u00f5li sees frittida, kuid selles retseptis on neid vaid kergelt \u00f5lisel pannil praetud, mist\u00f5ttu ei meenuta need rasvast kiirtoitu.<\/p>\n<p>Falafele v\u00f5ib valmistada ka valmis segatud falafeli jahust, mille leiab Bio4You veebipoest <span style=\"color: #99cc00;\"><a href=\"http:\/\/bio4you.eu\/et\/search?controller=search&amp;orderby=position&amp;orderway=desc&amp;search_query=falafel&amp;submit_search=&amp;utm_source=bioretsept&amp;utm_medium=retseptireklaam&amp;utm_campaign=Retsept\" target=\"_blank\" rel=\"noopener\"><span style=\"color: #99cc00;\">SIIT<\/span><\/a><\/span>.<\/p>\n<p>Valmistamine:<br \/>\nPane valmistamisele eelneval \u00f5htul kikerherned vette ligunema. 12 tunnist ligunemisest juba piisab, kuid kui soovida pehmemat tulemust, siis tuleks kikerherneid leotada umbes 20 tundi. Selle retsepti piltidelt on n\u00e4ha tulemus peale 12 tundi leotamist.<\/p>\n<p>Kurna kikerhernestelt leotamisest j\u00e4relej\u00e4\u00e4nud vesi ning vala need k\u00f6\u00f6gikombaini. Sinna juurde lisa ka k\u00f5ik \u00fclej\u00e4\u00e4nud koostisained: puhastatud ja hakitud sibul ning k\u00fc\u00fcslauk, petersell, sool, kurkum, koriander, must pipar ja kardemon. Soovi korral v\u00f5ib v\u00fcrtsikuse saavutamiseks lisaga ka cayenne pipart.<\/p>\n<p>Purusta k\u00f5ik k\u00f6\u00f6gikombainis \u00fchtlaseks massiks, kuid j\u00e4lgi, et kikerherned ei puruneks liialt ning ei muutuks hummuseks. Purusta segu v\u00e4hehaaval ning aita lusikaga seda k\u00f6\u00f6gikombaini seinte k\u00fcljest lahti, et k\u00f5ik koostisained ikka \u00fchtlaselt seguneksid. Valmis segu peaks v\u00e4lja n\u00e4gema teraline, nagu on n\u00e4ha pildil. N\u00fc\u00fcd lisa falafeli segule veel 1 spl kikerhernejahu, kuid v\u00f5ib kasutada ka muud jahu, mis aitaks segul kokku j\u00e4\u00e4da.<\/p>\n<p>Enne praadimist maitse falafeli segu ning soovi korral lisa sinna veel soola v\u00f5i maitseaineid. Soola kogus s\u00f5ltub ka soola t\u00fc\u00fcbist, n\u00e4iteks kulub himaalaja soola retseptis rohkem kui tavalist meresoola.<\/p>\n<p>Vala pannile umbes 2 spl kuumakindlat \u00f5li ning vooli falafeli segust pall. Enne pannile panemist vajuta pall lapikuks, nii on seda kergem v\u00e4heses \u00f5lis praadida. Falafel peaks m\u00f5lemalt poolt k\u00fcpsema umbes 2 minutit. Proovi esimese falafeli praadimisega saada panni temperatuur paika- kasuta keskmist kuumust. N\u00fc\u00fcd v\u00f5id panni t\u00e4ita falafelidega ning vajadusel vahepeal \u00f5li juurde lisada. Serveeri falafele soojalt kas <a href=\"https:\/\/bio4you.eu\/retseptid\/product\/hummus\/\" target=\"_blank\" rel=\"noopener\"><span style=\"color: #99cc00;\">hummusega<\/span><\/a> v\u00f5i wrapis, nagu araablastelgi kombeks.<\/p>\n","protected":false},"excerpt":{"rendered":"<p>Vaja l\u00e4heb:<\/p>\n<ul>\n<li>4 dl <a href=\"https:\/\/bio4you.eu\/et\/toiduvalmistamine\/2849-kikerherned-400g.html?utm_source=bioretsept&amp;utm_medium=blogi&amp;utm_campaign=retsept\" target=\"_blank\" rel=\"noopener\"><span style=\"color: #99cc00;\">kuivatatud kikerherneid\u00a0<\/span><\/a><\/li>\n<li>1 keskmise suurusega sibul<\/li>\n<li>2 k\u00fc\u00fcslauguk\u00fc\u00fcnt<\/li>\n<li>peot\u00e4is v\u00e4rsket peterselli<\/li>\n<li>3\/4 tl <a href=\"http:\/\/bio4you.eu\/et\/156-sool?utm_source=bioretsept&amp;utm_medium=retseptireklaam&amp;utm_campaign=Retsept\" target=\"_blank\" rel=\"noopener\"><span style=\"color: #99cc00;\">soola<\/span><\/a><\/li>\n<li>1\/2 tl <a href=\"http:\/\/bio4you.eu\/et\/maitseained\/1966-kurkum-jahvatatud-10g-cosmoveda.html?utm_source=bioretsept&amp;utm_medium=retseptireklaam&amp;utm_campaign=Retsept\" target=\"_blank\" rel=\"noopener\"><span style=\"color: #99cc00;\">kurkumit<\/span><\/a><\/li>\n<li>2\/3 tl <a href=\"http:\/\/bio4you.eu\/et\/maitseained\/999-koriander-jahvatatud-25g-cosmoveda.html?search_query=koriander&amp;results=12&amp;utm_source=bioretsept&amp;utm_medium=retseptireklaam&amp;utm_campaign=Retsept\" target=\"_blank\" rel=\"noopener\"><span style=\"color: #99cc00;\">koriandrit<\/span><\/a><\/li>\n<li>1\/4 tl musta pipart<\/li>\n<li>1\/5 tl <span style=\"color: #99cc00;\"><a href=\"http:\/\/bio4you.eu\/et\/maitseained\/994-roheline-kardemon-jahvatatud-10g-cosmoveda.html?search_query=kardemon&amp;results=43&amp;utm_source=bioretsept&amp;utm_medium=retseptireklaam&amp;utm_campaign=Retsept\" target=\"_blank\" rel=\"noopener\"><span style=\"color: #99cc00;\">kardemoni<\/span><\/a><\/span><\/li>\n<li>1 spl\u00a0<span style=\"color: #99cc00;\"><a href=\"https:\/\/bio4you.eu\/et\/jahud\/3098-kikerhernejahu-400g-cosmoveda.html\" target=\"_blank\" rel=\"noopener\"><span style=\"color: #99cc00;\">kikerhernejahu<\/span><\/a><\/span><\/li>\n<li><span style=\"color: #99cc00;\"><a href=\"http:\/\/bio4you.eu\/et\/olid\/2319-praadimisoli-lohnatu-750ml-biologicoils.html?utm_source=bioretsept&amp;utm_medium=retseptireklaam&amp;utm_campaign=Retsept\" target=\"_blank\" rel=\"noopener\"><span style=\"color: #99cc00;\">kuumakindlat praadimis\u00f5li<\/span><\/a><a href=\"http:\/\/bio4you.eu\/et\/olid\/2319-praadimisoli-lohnatu-750ml-biologicoils.html?utm_source=bioretsept&amp;utm_medium=retseptireklaam&amp;utm_campaign=Retsept\" target=\"_blank\" rel=\"noopener\">\u00a0<\/a><span style=\"color: #000000;\">v\u00f5i <a href=\"http:\/\/bio4you.eu\/et\/olid\/1197-paevalilleoli-praadimiseks-750ml-biologicoils.html?utm_source=bioretsept&amp;utm_medium=retseptireklaam&amp;utm_campaign=Retsept\" target=\"_blank\" rel=\"noopener\"><span style=\"color: #99cc00;\">p\u00e4evalille\u00f5li praadimiseks<\/span><\/a><\/span><\/span><\/li>\n<\/ul>\n","protected":false},"featured_media":3217,"comment_status":"open","ping_status":"closed","template":"","meta":{"_exactmetrics_skip_tracking":false,"_exactmetrics_sitenote_active":false,"_exactmetrics_sitenote_note":"","_exactmetrics_sitenote_category":0},"product_cat":[59,60,382,63,383,72],"product_tag":[],"class_list":{"0":"post-2898","1":"product","2":"type-product","3":"status-publish","4":"has-post-thumbnail","6":"product_cat-featured","7":"product_cat-toiduretseptid","8":"product_cat-vegan-toiduretseptid","9":"product_cat-gluteenivabad-retseptid","10":"product_cat-taimetoit","11":"product_cat-oa-laatse-ja-hernetoidud","13":"first","14":"instock","15":"shipping-taxable","16":"product-type-simple"},"yoast_head":"<!-- This site is optimized with the Yoast SEO plugin v23.3 - https:\/\/yoast.com\/wordpress\/plugins\/seo\/ -->\n<title>Falafelid - bio4you.eu\/retseptid<\/title>\n<meta name=\"robots\" content=\"index, follow, max-snippet:-1, max-image-preview:large, max-video-preview:-1\" \/>\n<link rel=\"canonical\" href=\"https:\/\/bio4you.eu\/retseptid\/toode\/falafelid\/\" \/>\n<meta property=\"og:locale\" content=\"et_EE\" \/>\n<meta property=\"og:type\" content=\"article\" \/>\n<meta property=\"og:title\" content=\"Falafelid - bio4you.eu\/retseptid\" \/>\n<meta property=\"og:description\" content=\"Vaja l\u00e4heb:   4 dl kuivatatud kikerherneid\u00a0  1 keskmise suurusega sibul  2 k\u00fc\u00fcslauguk\u00fc\u00fcnt  peot\u00e4is v\u00e4rsket peterselli  3\/4 tl soola  1\/2 tl kurkumit  2\/3 tl koriandrit  1\/4 tl musta pipart  1\/5 tl kardemoni  1 spl\u00a0kikerhernejahu  kuumakindlat praadimis\u00f5li\u00a0v\u00f5i p\u00e4evalille\u00f5li praadimiseks\" \/>\n<meta property=\"og:url\" content=\"https:\/\/bio4you.eu\/retseptid\/toode\/falafelid\/\" \/>\n<meta property=\"og:site_name\" content=\"bio4you.eu\/retseptid\" \/>\n<meta property=\"article:modified_time\" content=\"2022-03-25T13:50:32+00:00\" \/>\n<meta property=\"og:image\" content=\"https:\/\/bio4you.eu\/retseptid\/wp-content\/uploads\/2016\/08\/Screen-Shot-2016-10-10-at-12.18.30.png\" \/>\n\t<meta property=\"og:image:width\" content=\"469\" \/>\n\t<meta property=\"og:image:height\" content=\"244\" \/>\n\t<meta property=\"og:image:type\" content=\"image\/png\" \/>\n<meta name=\"twitter:label1\" content=\"Est. reading time\" \/>\n\t<meta name=\"twitter:data1\" content=\"2 minutit\" \/>\n<script type=\"application\/ld+json\" class=\"yoast-schema-graph\">{\"@context\":\"https:\/\/schema.org\",\"@graph\":[{\"@type\":\"WebPage\",\"@id\":\"https:\/\/bio4you.eu\/retseptid\/toode\/falafelid\/\",\"url\":\"https:\/\/bio4you.eu\/retseptid\/toode\/falafelid\/\",\"name\":\"Falafelid - bio4you.eu\/retseptid\",\"isPartOf\":{\"@id\":\"https:\/\/bio4you.eu\/retseptid\/#website\"},\"primaryImageOfPage\":{\"@id\":\"https:\/\/bio4you.eu\/retseptid\/toode\/falafelid\/#primaryimage\"},\"image\":{\"@id\":\"https:\/\/bio4you.eu\/retseptid\/toode\/falafelid\/#primaryimage\"},\"thumbnailUrl\":\"https:\/\/bio4you.eu\/retseptid\/wp-content\/uploads\/2016\/08\/Screen-Shot-2016-10-10-at-12.18.30.png\",\"datePublished\":\"2016-08-18T09:15:51+00:00\",\"dateModified\":\"2022-03-25T13:50:32+00:00\",\"breadcrumb\":{\"@id\":\"https:\/\/bio4you.eu\/retseptid\/toode\/falafelid\/#breadcrumb\"},\"inLanguage\":\"et\",\"potentialAction\":[{\"@type\":\"ReadAction\",\"target\":[\"https:\/\/bio4you.eu\/retseptid\/toode\/falafelid\/\"]}]},{\"@type\":\"ImageObject\",\"inLanguage\":\"et\",\"@id\":\"https:\/\/bio4you.eu\/retseptid\/toode\/falafelid\/#primaryimage\",\"url\":\"https:\/\/bio4you.eu\/retseptid\/wp-content\/uploads\/2016\/08\/Screen-Shot-2016-10-10-at-12.18.30.png\",\"contentUrl\":\"https:\/\/bio4you.eu\/retseptid\/wp-content\/uploads\/2016\/08\/Screen-Shot-2016-10-10-at-12.18.30.png\",\"width\":469,\"height\":244},{\"@type\":\"BreadcrumbList\",\"@id\":\"https:\/\/bio4you.eu\/retseptid\/toode\/falafelid\/#breadcrumb\",\"itemListElement\":[{\"@type\":\"ListItem\",\"position\":1,\"name\":\"Home\",\"item\":\"https:\/\/bio4you.eu\/retseptid\/\"},{\"@type\":\"ListItem\",\"position\":2,\"name\":\"Falafelid\"}]},{\"@type\":\"WebSite\",\"@id\":\"https:\/\/bio4you.eu\/retseptid\/#website\",\"url\":\"https:\/\/bio4you.eu\/retseptid\/\",\"name\":\"bio4you.eu\/retseptid\",\"description\":\"\u00d6ko retseptid ise tegemiseks, looduslikest koostisainetest. Maitsev toit, iluhooldus, kodupuhastus ja aiandus.\",\"potentialAction\":[{\"@type\":\"SearchAction\",\"target\":{\"@type\":\"EntryPoint\",\"urlTemplate\":\"https:\/\/bio4you.eu\/retseptid\/?s={search_term_string}\"},\"query-input\":\"required name=search_term_string\"}],\"inLanguage\":\"et\"}]}<\/script>\n<!-- \/ Yoast SEO plugin. -->","yoast_head_json":{"title":"Falafelid - bio4you.eu\/retseptid","robots":{"index":"index","follow":"follow","max-snippet":"max-snippet:-1","max-image-preview":"max-image-preview:large","max-video-preview":"max-video-preview:-1"},"canonical":"https:\/\/bio4you.eu\/retseptid\/toode\/falafelid\/","og_locale":"et_EE","og_type":"article","og_title":"Falafelid - bio4you.eu\/retseptid","og_description":"Vaja l\u00e4heb:   4 dl kuivatatud kikerherneid\u00a0  1 keskmise suurusega sibul  2 k\u00fc\u00fcslauguk\u00fc\u00fcnt  peot\u00e4is v\u00e4rsket peterselli  3\/4 tl soola  1\/2 tl kurkumit  2\/3 tl koriandrit  1\/4 tl musta pipart  1\/5 tl kardemoni  1 spl\u00a0kikerhernejahu  kuumakindlat praadimis\u00f5li\u00a0v\u00f5i p\u00e4evalille\u00f5li praadimiseks","og_url":"https:\/\/bio4you.eu\/retseptid\/toode\/falafelid\/","og_site_name":"bio4you.eu\/retseptid","article_modified_time":"2022-03-25T13:50:32+00:00","og_image":[{"width":469,"height":244,"url":"https:\/\/bio4you.eu\/retseptid\/wp-content\/uploads\/2016\/08\/Screen-Shot-2016-10-10-at-12.18.30.png","type":"image\/png"}],"twitter_misc":{"Est. reading time":"2 minutit"},"schema":{"@context":"https:\/\/schema.org","@graph":[{"@type":"WebPage","@id":"https:\/\/bio4you.eu\/retseptid\/toode\/falafelid\/","url":"https:\/\/bio4you.eu\/retseptid\/toode\/falafelid\/","name":"Falafelid - bio4you.eu\/retseptid","isPartOf":{"@id":"https:\/\/bio4you.eu\/retseptid\/#website"},"primaryImageOfPage":{"@id":"https:\/\/bio4you.eu\/retseptid\/toode\/falafelid\/#primaryimage"},"image":{"@id":"https:\/\/bio4you.eu\/retseptid\/toode\/falafelid\/#primaryimage"},"thumbnailUrl":"https:\/\/bio4you.eu\/retseptid\/wp-content\/uploads\/2016\/08\/Screen-Shot-2016-10-10-at-12.18.30.png","datePublished":"2016-08-18T09:15:51+00:00","dateModified":"2022-03-25T13:50:32+00:00","breadcrumb":{"@id":"https:\/\/bio4you.eu\/retseptid\/toode\/falafelid\/#breadcrumb"},"inLanguage":"et","potentialAction":[{"@type":"ReadAction","target":["https:\/\/bio4you.eu\/retseptid\/toode\/falafelid\/"]}]},{"@type":"ImageObject","inLanguage":"et","@id":"https:\/\/bio4you.eu\/retseptid\/toode\/falafelid\/#primaryimage","url":"https:\/\/bio4you.eu\/retseptid\/wp-content\/uploads\/2016\/08\/Screen-Shot-2016-10-10-at-12.18.30.png","contentUrl":"https:\/\/bio4you.eu\/retseptid\/wp-content\/uploads\/2016\/08\/Screen-Shot-2016-10-10-at-12.18.30.png","width":469,"height":244},{"@type":"BreadcrumbList","@id":"https:\/\/bio4you.eu\/retseptid\/toode\/falafelid\/#breadcrumb","itemListElement":[{"@type":"ListItem","position":1,"name":"Home","item":"https:\/\/bio4you.eu\/retseptid\/"},{"@type":"ListItem","position":2,"name":"Falafelid"}]},{"@type":"WebSite","@id":"https:\/\/bio4you.eu\/retseptid\/#website","url":"https:\/\/bio4you.eu\/retseptid\/","name":"bio4you.eu\/retseptid","description":"\u00d6ko retseptid ise tegemiseks, looduslikest koostisainetest. Maitsev toit, iluhooldus, kodupuhastus ja aiandus.","potentialAction":[{"@type":"SearchAction","target":{"@type":"EntryPoint","urlTemplate":"https:\/\/bio4you.eu\/retseptid\/?s={search_term_string}"},"query-input":"required name=search_term_string"}],"inLanguage":"et"}]}},"_links":{"self":[{"href":"https:\/\/bio4you.eu\/retseptid\/wp-json\/wp\/v2\/product\/2898"}],"collection":[{"href":"https:\/\/bio4you.eu\/retseptid\/wp-json\/wp\/v2\/product"}],"about":[{"href":"https:\/\/bio4you.eu\/retseptid\/wp-json\/wp\/v2\/types\/product"}],"replies":[{"embeddable":true,"href":"https:\/\/bio4you.eu\/retseptid\/wp-json\/wp\/v2\/comments?post=2898"}],"wp:featuredmedia":[{"embeddable":true,"href":"https:\/\/bio4you.eu\/retseptid\/wp-json\/wp\/v2\/media\/3217"}],"wp:attachment":[{"href":"https:\/\/bio4you.eu\/retseptid\/wp-json\/wp\/v2\/media?parent=2898"}],"wp:term":[{"taxonomy":"product_cat","embeddable":true,"href":"https:\/\/bio4you.eu\/retseptid\/wp-json\/wp\/v2\/product_cat?post=2898"},{"taxonomy":"product_tag","embeddable":true,"href":"https:\/\/bio4you.eu\/retseptid\/wp-json\/wp\/v2\/product_tag?post=2898"}],"curies":[{"name":"wp","href":"https:\/\/api.w.org\/{rel}","templated":true}]}}