{"id":2904,"date":"2016-08-18T13:01:21","date_gmt":"2016-08-18T10:01:21","guid":{"rendered":"https:\/\/bio4you.eu\/retseptid\/?post_type=product&#038;p=2904"},"modified":"2022-05-12T10:35:01","modified_gmt":"2022-05-12T07:35:01","slug":"mango-chia-puding","status":"publish","type":"product","link":"https:\/\/bio4you.eu\/retseptid\/toode\/mango-chia-puding\/","title":{"rendered":"Mango-chia puding"},"content":{"rendered":"<p>Valmistamine:<br \/>\nPane chia seemned vee ja kookospiimaga ligunema kas \u00fcle\u00f6\u00f6 v\u00f5i v\u00e4hemalt pooleks tunniks. Chia seemned imavad vedeliku endasse ja tekib tardjas puding. Poolita saadud puding kahte eraldi kaussi. \u00dchte lisa 1 spl agaavisiirupit ning vaniljekauna pulbrit. Teise lisa samuti agaavi siirupit ning maccacino pulbrit (selle asemel v\u00f5ib kasutada kakaod).<br \/>\nT\u00fckelda mango ning t\u00e4ida klaasid nagu pildil n\u00e4ha- \u00fcks kiht kakaopudingut, siis mango, kiht vaniljepudingut ning j\u00e4lle mango.<\/p>\n<p>Mango- chia puding sobib nii magustoiduks kui ka hommikus\u00f6\u00f6giks, sest chia seemned annavad energiat ja j\u00f5udu algavaks p\u00e4evaks.<\/p>\n<p>Retsepti kogustest jagub kahele inimesele!<\/p>\n","protected":false},"excerpt":{"rendered":"<p>Vaja l\u00e4heb:<\/p>\n<ul>\n<li>4 spl <a href=\"http:\/\/bio4you.eu\/et\/marjad-paehklid-ja-seemned\/2210-chia-seemned-250g-nutrisslim.html?search_query=chia&amp;results=22&amp;utm_source=bioretsept&amp;utm_medium=retseptireklaam&amp;utm_campaign=Retsept\" target=\"_blank\" rel=\"noopener\"><span style=\"color: #99cc00;\">chia seemneid<\/span><\/a><\/li>\n<li>6 spl <span style=\"color: #99cc00;\"><a href=\"https:\/\/bio4you.eu\/et\/olid-kastmed-kreemid\/4992-kookospiim-400ml.html?utm_source=bioretsept&amp;utm_medium=retsept&amp;utm_campaign=puding\" target=\"_blank\" rel=\"noopener\"><span style=\"color: #99cc00;\">kookospiima<\/span><\/a><\/span><\/li>\n<li>4 spl vett<\/li>\n<li>1 spl <a href=\"http:\/\/bio4you.eu\/et\/kohviasendajad\/1959-kohviasendaja-maccacino-250g-nutrisslim.html?utm_source=Bioretsept&amp;utm_medium=Retseptireklaam&amp;utm_campaign=Retsept\" target=\"_blank\" rel=\"noopener\"><span style=\"color: #99cc00;\">maccacino pulbrit<\/span><\/a><\/li>\n<li>1\/5 tl vaniljekaunapulbrit<\/li>\n<li>2 spl <a href=\"https:\/\/bio4you.eu\/et\/otsi?controller=search&amp;order=product.position.desc&amp;s=agaavisiirup&amp;utm_source=bioretsept&amp;utm_medium=retsept&amp;utm_campaign=puding\" target=\"_blank\" rel=\"noopener\"><span style=\"color: #99cc00;\">agaavisiirupit<\/span><\/a><\/li>\n<li>1 mango<\/li>\n<\/ul>\n","protected":false},"featured_media":3174,"comment_status":"open","ping_status":"closed","template":"","meta":{"_exactmetrics_skip_tracking":false,"_exactmetrics_sitenote_active":false,"_exactmetrics_sitenote_note":"","_exactmetrics_sitenote_category":0},"product_cat":[59,60,382,63,383,365,77],"product_tag":[],"class_list":{"0":"post-2904","1":"product","2":"type-product","3":"status-publish","4":"has-post-thumbnail","6":"product_cat-featured","7":"product_cat-toiduretseptid","8":"product_cat-vegan-toiduretseptid","9":"product_cat-gluteenivabad-retseptid","10":"product_cat-taimetoit","11":"product_cat-laste-lemmikud","12":"product_cat-toortoit","14":"first","15":"instock","16":"shipping-taxable","17":"product-type-simple"},"yoast_head":"<!-- This site is optimized with the Yoast SEO plugin v23.3 - https:\/\/yoast.com\/wordpress\/plugins\/seo\/ -->\n<title>Mango-chia puding - bio4you.eu\/retseptid<\/title>\n<meta name=\"robots\" content=\"index, follow, max-snippet:-1, max-image-preview:large, max-video-preview:-1\" \/>\n<link rel=\"canonical\" href=\"https:\/\/bio4you.eu\/retseptid\/toode\/mango-chia-puding\/\" \/>\n<meta property=\"og:locale\" content=\"et_EE\" \/>\n<meta property=\"og:type\" content=\"article\" \/>\n<meta property=\"og:title\" content=\"Mango-chia puding - bio4you.eu\/retseptid\" \/>\n<meta property=\"og:description\" content=\"Vaja l\u00e4heb:   4 spl chia seemneid  6 spl kookospiima  4 spl vett  1 spl maccacino pulbrit  1\/5 tl vaniljekaunapulbrit  2 spl agaavisiirupit  1 mango\" \/>\n<meta property=\"og:url\" content=\"https:\/\/bio4you.eu\/retseptid\/toode\/mango-chia-puding\/\" \/>\n<meta property=\"og:site_name\" content=\"bio4you.eu\/retseptid\" \/>\n<meta property=\"article:modified_time\" content=\"2022-05-12T07:35:01+00:00\" \/>\n<meta property=\"og:image\" content=\"https:\/\/bio4you.eu\/retseptid\/wp-content\/uploads\/2016\/08\/IMG_2306-scaled.jpg\" \/>\n\t<meta property=\"og:image:width\" content=\"1896\" \/>\n\t<meta property=\"og:image:height\" content=\"2560\" \/>\n\t<meta property=\"og:image:type\" content=\"image\/jpeg\" \/>\n<meta name=\"twitter:label1\" content=\"Est. reading time\" \/>\n\t<meta name=\"twitter:data1\" content=\"1 minut\" \/>\n<script type=\"application\/ld+json\" class=\"yoast-schema-graph\">{\"@context\":\"https:\/\/schema.org\",\"@graph\":[{\"@type\":\"WebPage\",\"@id\":\"https:\/\/bio4you.eu\/retseptid\/toode\/mango-chia-puding\/\",\"url\":\"https:\/\/bio4you.eu\/retseptid\/toode\/mango-chia-puding\/\",\"name\":\"Mango-chia puding - bio4you.eu\/retseptid\",\"isPartOf\":{\"@id\":\"https:\/\/bio4you.eu\/retseptid\/#website\"},\"primaryImageOfPage\":{\"@id\":\"https:\/\/bio4you.eu\/retseptid\/toode\/mango-chia-puding\/#primaryimage\"},\"image\":{\"@id\":\"https:\/\/bio4you.eu\/retseptid\/toode\/mango-chia-puding\/#primaryimage\"},\"thumbnailUrl\":\"https:\/\/bio4you.eu\/retseptid\/wp-content\/uploads\/2016\/08\/IMG_2306-scaled.jpg\",\"datePublished\":\"2016-08-18T10:01:21+00:00\",\"dateModified\":\"2022-05-12T07:35:01+00:00\",\"breadcrumb\":{\"@id\":\"https:\/\/bio4you.eu\/retseptid\/toode\/mango-chia-puding\/#breadcrumb\"},\"inLanguage\":\"et\",\"potentialAction\":[{\"@type\":\"ReadAction\",\"target\":[\"https:\/\/bio4you.eu\/retseptid\/toode\/mango-chia-puding\/\"]}]},{\"@type\":\"ImageObject\",\"inLanguage\":\"et\",\"@id\":\"https:\/\/bio4you.eu\/retseptid\/toode\/mango-chia-puding\/#primaryimage\",\"url\":\"https:\/\/bio4you.eu\/retseptid\/wp-content\/uploads\/2016\/08\/IMG_2306-scaled.jpg\",\"contentUrl\":\"https:\/\/bio4you.eu\/retseptid\/wp-content\/uploads\/2016\/08\/IMG_2306-scaled.jpg\",\"width\":1896,\"height\":2560},{\"@type\":\"BreadcrumbList\",\"@id\":\"https:\/\/bio4you.eu\/retseptid\/toode\/mango-chia-puding\/#breadcrumb\",\"itemListElement\":[{\"@type\":\"ListItem\",\"position\":1,\"name\":\"Home\",\"item\":\"https:\/\/bio4you.eu\/retseptid\/\"},{\"@type\":\"ListItem\",\"position\":2,\"name\":\"Mango-chia puding\"}]},{\"@type\":\"WebSite\",\"@id\":\"https:\/\/bio4you.eu\/retseptid\/#website\",\"url\":\"https:\/\/bio4you.eu\/retseptid\/\",\"name\":\"bio4you.eu\/retseptid\",\"description\":\"\u00d6ko retseptid ise tegemiseks, looduslikest koostisainetest. Maitsev toit, iluhooldus, kodupuhastus ja aiandus.\",\"potentialAction\":[{\"@type\":\"SearchAction\",\"target\":{\"@type\":\"EntryPoint\",\"urlTemplate\":\"https:\/\/bio4you.eu\/retseptid\/?s={search_term_string}\"},\"query-input\":\"required name=search_term_string\"}],\"inLanguage\":\"et\"}]}<\/script>\n<!-- \/ Yoast SEO plugin. -->","yoast_head_json":{"title":"Mango-chia puding - bio4you.eu\/retseptid","robots":{"index":"index","follow":"follow","max-snippet":"max-snippet:-1","max-image-preview":"max-image-preview:large","max-video-preview":"max-video-preview:-1"},"canonical":"https:\/\/bio4you.eu\/retseptid\/toode\/mango-chia-puding\/","og_locale":"et_EE","og_type":"article","og_title":"Mango-chia puding - bio4you.eu\/retseptid","og_description":"Vaja l\u00e4heb:   4 spl chia seemneid  6 spl kookospiima  4 spl vett  1 spl maccacino pulbrit  1\/5 tl vaniljekaunapulbrit  2 spl agaavisiirupit  1 mango","og_url":"https:\/\/bio4you.eu\/retseptid\/toode\/mango-chia-puding\/","og_site_name":"bio4you.eu\/retseptid","article_modified_time":"2022-05-12T07:35:01+00:00","og_image":[{"width":1896,"height":2560,"url":"https:\/\/bio4you.eu\/retseptid\/wp-content\/uploads\/2016\/08\/IMG_2306-scaled.jpg","type":"image\/jpeg"}],"twitter_misc":{"Est. reading time":"1 minut"},"schema":{"@context":"https:\/\/schema.org","@graph":[{"@type":"WebPage","@id":"https:\/\/bio4you.eu\/retseptid\/toode\/mango-chia-puding\/","url":"https:\/\/bio4you.eu\/retseptid\/toode\/mango-chia-puding\/","name":"Mango-chia puding - bio4you.eu\/retseptid","isPartOf":{"@id":"https:\/\/bio4you.eu\/retseptid\/#website"},"primaryImageOfPage":{"@id":"https:\/\/bio4you.eu\/retseptid\/toode\/mango-chia-puding\/#primaryimage"},"image":{"@id":"https:\/\/bio4you.eu\/retseptid\/toode\/mango-chia-puding\/#primaryimage"},"thumbnailUrl":"https:\/\/bio4you.eu\/retseptid\/wp-content\/uploads\/2016\/08\/IMG_2306-scaled.jpg","datePublished":"2016-08-18T10:01:21+00:00","dateModified":"2022-05-12T07:35:01+00:00","breadcrumb":{"@id":"https:\/\/bio4you.eu\/retseptid\/toode\/mango-chia-puding\/#breadcrumb"},"inLanguage":"et","potentialAction":[{"@type":"ReadAction","target":["https:\/\/bio4you.eu\/retseptid\/toode\/mango-chia-puding\/"]}]},{"@type":"ImageObject","inLanguage":"et","@id":"https:\/\/bio4you.eu\/retseptid\/toode\/mango-chia-puding\/#primaryimage","url":"https:\/\/bio4you.eu\/retseptid\/wp-content\/uploads\/2016\/08\/IMG_2306-scaled.jpg","contentUrl":"https:\/\/bio4you.eu\/retseptid\/wp-content\/uploads\/2016\/08\/IMG_2306-scaled.jpg","width":1896,"height":2560},{"@type":"BreadcrumbList","@id":"https:\/\/bio4you.eu\/retseptid\/toode\/mango-chia-puding\/#breadcrumb","itemListElement":[{"@type":"ListItem","position":1,"name":"Home","item":"https:\/\/bio4you.eu\/retseptid\/"},{"@type":"ListItem","position":2,"name":"Mango-chia puding"}]},{"@type":"WebSite","@id":"https:\/\/bio4you.eu\/retseptid\/#website","url":"https:\/\/bio4you.eu\/retseptid\/","name":"bio4you.eu\/retseptid","description":"\u00d6ko retseptid ise tegemiseks, looduslikest koostisainetest. Maitsev toit, iluhooldus, kodupuhastus ja aiandus.","potentialAction":[{"@type":"SearchAction","target":{"@type":"EntryPoint","urlTemplate":"https:\/\/bio4you.eu\/retseptid\/?s={search_term_string}"},"query-input":"required name=search_term_string"}],"inLanguage":"et"}]}},"_links":{"self":[{"href":"https:\/\/bio4you.eu\/retseptid\/wp-json\/wp\/v2\/product\/2904"}],"collection":[{"href":"https:\/\/bio4you.eu\/retseptid\/wp-json\/wp\/v2\/product"}],"about":[{"href":"https:\/\/bio4you.eu\/retseptid\/wp-json\/wp\/v2\/types\/product"}],"replies":[{"embeddable":true,"href":"https:\/\/bio4you.eu\/retseptid\/wp-json\/wp\/v2\/comments?post=2904"}],"wp:featuredmedia":[{"embeddable":true,"href":"https:\/\/bio4you.eu\/retseptid\/wp-json\/wp\/v2\/media\/3174"}],"wp:attachment":[{"href":"https:\/\/bio4you.eu\/retseptid\/wp-json\/wp\/v2\/media?parent=2904"}],"wp:term":[{"taxonomy":"product_cat","embeddable":true,"href":"https:\/\/bio4you.eu\/retseptid\/wp-json\/wp\/v2\/product_cat?post=2904"},{"taxonomy":"product_tag","embeddable":true,"href":"https:\/\/bio4you.eu\/retseptid\/wp-json\/wp\/v2\/product_tag?post=2904"}],"curies":[{"name":"wp","href":"https:\/\/api.w.org\/{rel}","templated":true}]}}