{"id":2916,"date":"2016-08-29T11:45:03","date_gmt":"2016-08-29T08:45:03","guid":{"rendered":"https:\/\/bio4you.eu\/retseptid\/?post_type=product&#038;p=2916"},"modified":"2022-11-18T13:49:53","modified_gmt":"2022-11-18T11:49:53","slug":"kuldne-piim","status":"publish","type":"product","link":"https:\/\/bio4you.eu\/retseptid\/toode\/kuldne-piim\/","title":{"rendered":"Kuldne piim"},"content":{"rendered":"<p>Kurkum on naturaalne antiseptik, see hoiab \u00e4ra k\u00f5rvetisi ja infektsioone.\u00a0 Kurkum toimib sama h\u00e4sti kui p\u00f5letikuvastased ravimid ning sellel puuduvad, vastupidiselt ravimitele, k\u00f5rvaln\u00e4hud. Samuti aitab kurkum puhastada maksa ja leevendada depressiooni ning tujuk\u00f5ikumisi.<\/p>\n<p>Kuum kurkumipiim ehk kuldne piim turgutab keha ning meeli k\u00fclmetushaiguste hooajal, aga sobib joomiseks aasta l\u00e4bi. \u00d5htul juues aitab kergemini uinuda ja toob hea une.<\/p>\n<p>Valmistamine:<\/p>\n<p>Kuumuta v\u00e4heses vees kurkumipulber, must pipar ning kaneel, et tekiks pasta. Lisa kookos\u00f5li ning taimne jook ning kuumuta kuni keemiseni. Vala kuldne piim tassi ning lisa maitse j\u00e4rgi mett. Kasutades vanilliga sojajooki ei ole mee lisamine vajalik, sest annab juba magusama maitse.<\/p>\n<p><strong>Kurkumi toimeaine tugevdamiseks on t\u00e4htis seda kuumutada ning tarbida koos musta pipra ja kookos\u00f5liga, et parandada kurkumis sisalduva kurkumiini imendumist.<\/strong><\/p>\n","protected":false},"excerpt":{"rendered":"<p>Vaja l\u00e4heb:<\/p>\n<ul>\n<li>1\/2 &#8211; 2\/3 tl <a href=\"https:\/\/bio4you.eu\/et\/maitseained\/2435-kurkumipulber-150g-nutrisslim.html?search_query=kurkum&amp;results=40\"><span style=\"color: #99cc00;\">kurkumipulbrit<\/span><\/a><\/li>\n<li>1\/4 tl purustatud musta pipart<\/li>\n<li>1\/4 tl <a href=\"http:\/\/bio4you.eu\/et\/maitseained\/995-tseiloni-kaneel-10g-cosmoveda.html?utm_source=bioretsept&amp;utm_medium=retseptireklaam&amp;utm_campaign=Retsept\" target=\"_blank\" rel=\"noopener\"><span style=\"color: #99cc00;\">kaneeli<\/span><\/a><\/li>\n<li>1 tl <a href=\"https:\/\/bio4you.eu\/et\/otsi?controller=search&amp;order=product.position.desc&amp;s=kookos%C3%B5li&amp;utm_source=bioretsept&amp;utm_medium=retsept&amp;utm_campaign=retsept\" target=\"_blank\" rel=\"noopener\"><span style=\"color: #99cc00;\">kookos\u00f5li\u00a0<\/span><\/a><\/li>\n<li>1 tass <span style=\"color: #99cc00;\"><a style=\"color: #99cc00;\" href=\"https:\/\/bio4you.eu\/et\/54_the-bridge\">taimset jooki<\/a><\/span><\/li>\n<li>1 tl mett<\/li>\n<\/ul>\n","protected":false},"featured_media":3603,"comment_status":"open","ping_status":"closed","template":"","meta":{"_exactmetrics_skip_tracking":false,"_exactmetrics_sitenote_active":false,"_exactmetrics_sitenote_note":"","_exactmetrics_sitenote_category":0},"product_cat":[324,326,59],"product_tag":[],"class_list":{"0":"post-2916","1":"product","2":"type-product","3":"status-publish","4":"has-post-thumbnail","6":"product_cat-tervise-retseptid","7":"product_cat-kulmetuse-vastu","8":"product_cat-featured","10":"first","11":"instock","12":"shipping-taxable","13":"product-type-simple"},"yoast_head":"<!-- This site is optimized with the Yoast SEO plugin v23.3 - https:\/\/yoast.com\/wordpress\/plugins\/seo\/ -->\n<title>Kuldne piim - bio4you.eu\/retseptid<\/title>\n<meta name=\"description\" content=\"Kuum kurkumipiim ehk kuldne piim turgutab keha ning meeli k\u00fclmetushaiguste hooajal. \u00d5htul juues aitab kergemini uinuda ja toob hea une.\" \/>\n<meta name=\"robots\" content=\"index, follow, max-snippet:-1, max-image-preview:large, max-video-preview:-1\" \/>\n<link rel=\"canonical\" href=\"https:\/\/bio4you.eu\/retseptid\/toode\/kuldne-piim\/\" \/>\n<meta property=\"og:locale\" content=\"et_EE\" \/>\n<meta property=\"og:type\" content=\"article\" \/>\n<meta property=\"og:title\" content=\"Kuldne piim - bio4you.eu\/retseptid\" \/>\n<meta property=\"og:description\" content=\"Kuum kurkumipiim ehk kuldne piim turgutab keha ning meeli k\u00fclmetushaiguste hooajal. \u00d5htul juues aitab kergemini uinuda ja toob hea une.\" \/>\n<meta property=\"og:url\" content=\"https:\/\/bio4you.eu\/retseptid\/toode\/kuldne-piim\/\" \/>\n<meta property=\"og:site_name\" content=\"bio4you.eu\/retseptid\" \/>\n<meta property=\"article:modified_time\" content=\"2022-11-18T11:49:53+00:00\" \/>\n<meta property=\"og:image\" content=\"https:\/\/bio4you.eu\/retseptid\/wp-content\/uploads\/2016\/08\/17952435_1578740342157189_6699968265538285840_n.png\" \/>\n\t<meta property=\"og:image:width\" content=\"595\" \/>\n\t<meta property=\"og:image:height\" content=\"592\" \/>\n\t<meta property=\"og:image:type\" content=\"image\/png\" \/>\n<meta name=\"twitter:label1\" content=\"Est. reading time\" \/>\n\t<meta name=\"twitter:data1\" content=\"1 minut\" \/>\n<script type=\"application\/ld+json\" class=\"yoast-schema-graph\">{\"@context\":\"https:\/\/schema.org\",\"@graph\":[{\"@type\":\"WebPage\",\"@id\":\"https:\/\/bio4you.eu\/retseptid\/toode\/kuldne-piim\/\",\"url\":\"https:\/\/bio4you.eu\/retseptid\/toode\/kuldne-piim\/\",\"name\":\"Kuldne piim - bio4you.eu\/retseptid\",\"isPartOf\":{\"@id\":\"https:\/\/bio4you.eu\/retseptid\/#website\"},\"primaryImageOfPage\":{\"@id\":\"https:\/\/bio4you.eu\/retseptid\/toode\/kuldne-piim\/#primaryimage\"},\"image\":{\"@id\":\"https:\/\/bio4you.eu\/retseptid\/toode\/kuldne-piim\/#primaryimage\"},\"thumbnailUrl\":\"https:\/\/bio4you.eu\/retseptid\/wp-content\/uploads\/2016\/08\/17952435_1578740342157189_6699968265538285840_n.png\",\"datePublished\":\"2016-08-29T08:45:03+00:00\",\"dateModified\":\"2022-11-18T11:49:53+00:00\",\"description\":\"Kuum kurkumipiim ehk kuldne piim turgutab keha ning meeli k\u00fclmetushaiguste hooajal. \u00d5htul juues aitab kergemini uinuda ja toob hea une.\",\"breadcrumb\":{\"@id\":\"https:\/\/bio4you.eu\/retseptid\/toode\/kuldne-piim\/#breadcrumb\"},\"inLanguage\":\"et\",\"potentialAction\":[{\"@type\":\"ReadAction\",\"target\":[\"https:\/\/bio4you.eu\/retseptid\/toode\/kuldne-piim\/\"]}]},{\"@type\":\"ImageObject\",\"inLanguage\":\"et\",\"@id\":\"https:\/\/bio4you.eu\/retseptid\/toode\/kuldne-piim\/#primaryimage\",\"url\":\"https:\/\/bio4you.eu\/retseptid\/wp-content\/uploads\/2016\/08\/17952435_1578740342157189_6699968265538285840_n.png\",\"contentUrl\":\"https:\/\/bio4you.eu\/retseptid\/wp-content\/uploads\/2016\/08\/17952435_1578740342157189_6699968265538285840_n.png\",\"width\":595,\"height\":592},{\"@type\":\"BreadcrumbList\",\"@id\":\"https:\/\/bio4you.eu\/retseptid\/toode\/kuldne-piim\/#breadcrumb\",\"itemListElement\":[{\"@type\":\"ListItem\",\"position\":1,\"name\":\"Home\",\"item\":\"https:\/\/bio4you.eu\/retseptid\/\"},{\"@type\":\"ListItem\",\"position\":2,\"name\":\"Kuldne piim\"}]},{\"@type\":\"WebSite\",\"@id\":\"https:\/\/bio4you.eu\/retseptid\/#website\",\"url\":\"https:\/\/bio4you.eu\/retseptid\/\",\"name\":\"bio4you.eu\/retseptid\",\"description\":\"\u00d6ko retseptid ise tegemiseks, looduslikest koostisainetest. Maitsev toit, iluhooldus, kodupuhastus ja aiandus.\",\"potentialAction\":[{\"@type\":\"SearchAction\",\"target\":{\"@type\":\"EntryPoint\",\"urlTemplate\":\"https:\/\/bio4you.eu\/retseptid\/?s={search_term_string}\"},\"query-input\":\"required name=search_term_string\"}],\"inLanguage\":\"et\"}]}<\/script>\n<!-- \/ Yoast SEO plugin. -->","yoast_head_json":{"title":"Kuldne piim - bio4you.eu\/retseptid","description":"Kuum kurkumipiim ehk kuldne piim turgutab keha ning meeli k\u00fclmetushaiguste hooajal. \u00d5htul juues aitab kergemini uinuda ja toob hea une.","robots":{"index":"index","follow":"follow","max-snippet":"max-snippet:-1","max-image-preview":"max-image-preview:large","max-video-preview":"max-video-preview:-1"},"canonical":"https:\/\/bio4you.eu\/retseptid\/toode\/kuldne-piim\/","og_locale":"et_EE","og_type":"article","og_title":"Kuldne piim - bio4you.eu\/retseptid","og_description":"Kuum kurkumipiim ehk kuldne piim turgutab keha ning meeli k\u00fclmetushaiguste hooajal. \u00d5htul juues aitab kergemini uinuda ja toob hea une.","og_url":"https:\/\/bio4you.eu\/retseptid\/toode\/kuldne-piim\/","og_site_name":"bio4you.eu\/retseptid","article_modified_time":"2022-11-18T11:49:53+00:00","og_image":[{"width":595,"height":592,"url":"https:\/\/bio4you.eu\/retseptid\/wp-content\/uploads\/2016\/08\/17952435_1578740342157189_6699968265538285840_n.png","type":"image\/png"}],"twitter_misc":{"Est. reading time":"1 minut"},"schema":{"@context":"https:\/\/schema.org","@graph":[{"@type":"WebPage","@id":"https:\/\/bio4you.eu\/retseptid\/toode\/kuldne-piim\/","url":"https:\/\/bio4you.eu\/retseptid\/toode\/kuldne-piim\/","name":"Kuldne piim - bio4you.eu\/retseptid","isPartOf":{"@id":"https:\/\/bio4you.eu\/retseptid\/#website"},"primaryImageOfPage":{"@id":"https:\/\/bio4you.eu\/retseptid\/toode\/kuldne-piim\/#primaryimage"},"image":{"@id":"https:\/\/bio4you.eu\/retseptid\/toode\/kuldne-piim\/#primaryimage"},"thumbnailUrl":"https:\/\/bio4you.eu\/retseptid\/wp-content\/uploads\/2016\/08\/17952435_1578740342157189_6699968265538285840_n.png","datePublished":"2016-08-29T08:45:03+00:00","dateModified":"2022-11-18T11:49:53+00:00","description":"Kuum kurkumipiim ehk kuldne piim turgutab keha ning meeli k\u00fclmetushaiguste hooajal. \u00d5htul juues aitab kergemini uinuda ja toob hea une.","breadcrumb":{"@id":"https:\/\/bio4you.eu\/retseptid\/toode\/kuldne-piim\/#breadcrumb"},"inLanguage":"et","potentialAction":[{"@type":"ReadAction","target":["https:\/\/bio4you.eu\/retseptid\/toode\/kuldne-piim\/"]}]},{"@type":"ImageObject","inLanguage":"et","@id":"https:\/\/bio4you.eu\/retseptid\/toode\/kuldne-piim\/#primaryimage","url":"https:\/\/bio4you.eu\/retseptid\/wp-content\/uploads\/2016\/08\/17952435_1578740342157189_6699968265538285840_n.png","contentUrl":"https:\/\/bio4you.eu\/retseptid\/wp-content\/uploads\/2016\/08\/17952435_1578740342157189_6699968265538285840_n.png","width":595,"height":592},{"@type":"BreadcrumbList","@id":"https:\/\/bio4you.eu\/retseptid\/toode\/kuldne-piim\/#breadcrumb","itemListElement":[{"@type":"ListItem","position":1,"name":"Home","item":"https:\/\/bio4you.eu\/retseptid\/"},{"@type":"ListItem","position":2,"name":"Kuldne piim"}]},{"@type":"WebSite","@id":"https:\/\/bio4you.eu\/retseptid\/#website","url":"https:\/\/bio4you.eu\/retseptid\/","name":"bio4you.eu\/retseptid","description":"\u00d6ko retseptid ise tegemiseks, looduslikest koostisainetest. Maitsev toit, iluhooldus, kodupuhastus ja aiandus.","potentialAction":[{"@type":"SearchAction","target":{"@type":"EntryPoint","urlTemplate":"https:\/\/bio4you.eu\/retseptid\/?s={search_term_string}"},"query-input":"required name=search_term_string"}],"inLanguage":"et"}]}},"_links":{"self":[{"href":"https:\/\/bio4you.eu\/retseptid\/wp-json\/wp\/v2\/product\/2916"}],"collection":[{"href":"https:\/\/bio4you.eu\/retseptid\/wp-json\/wp\/v2\/product"}],"about":[{"href":"https:\/\/bio4you.eu\/retseptid\/wp-json\/wp\/v2\/types\/product"}],"replies":[{"embeddable":true,"href":"https:\/\/bio4you.eu\/retseptid\/wp-json\/wp\/v2\/comments?post=2916"}],"wp:featuredmedia":[{"embeddable":true,"href":"https:\/\/bio4you.eu\/retseptid\/wp-json\/wp\/v2\/media\/3603"}],"wp:attachment":[{"href":"https:\/\/bio4you.eu\/retseptid\/wp-json\/wp\/v2\/media?parent=2916"}],"wp:term":[{"taxonomy":"product_cat","embeddable":true,"href":"https:\/\/bio4you.eu\/retseptid\/wp-json\/wp\/v2\/product_cat?post=2916"},{"taxonomy":"product_tag","embeddable":true,"href":"https:\/\/bio4you.eu\/retseptid\/wp-json\/wp\/v2\/product_tag?post=2916"}],"curies":[{"name":"wp","href":"https:\/\/api.w.org\/{rel}","templated":true}]}}