{"id":2937,"date":"2016-09-12T14:11:42","date_gmt":"2016-09-12T11:11:42","guid":{"rendered":"https:\/\/bio4you.eu\/retseptid\/?post_type=product&#038;p=2937"},"modified":"2022-05-12T10:04:09","modified_gmt":"2022-05-12T07:04:09","slug":"maapahkli-suvikorvitsa-hautis","status":"publish","type":"product","link":"https:\/\/bio4you.eu\/retseptid\/toode\/maapahkli-suvikorvitsa-hautis\/","title":{"rendered":"Maap\u00e4hkli-suvik\u00f5rvitsahautis"},"content":{"rendered":"<p>Valmistamine:<br \/>\nL\u00f5ika suvik\u00f5rvitsast kettad ja nendest omakorda kuubikud. Soojenda pannil oliivi\u00f5li, lisa juurde suvik\u00f5rvitsa kuubikud ning maap\u00e4hklid. Prae neid kuni p\u00e4hklid on kuldpruunid. Lisa juurde ka maitseained. N\u00fc\u00fcd lisa taimne koor ning keeda madalal kuumusel umbes 5 minutit.<br \/>\nServeeri k\u00f6\u00f6giviljade, riisi v\u00f5i pastaga.<\/p>\n<p>&nbsp;<\/p>\n<p>&nbsp;<\/p>\n","protected":false},"excerpt":{"rendered":"<p>Vaja l\u00e4heb:<\/p>\n<ul>\n<li>Pool suvik\u00f5rvitsat<\/li>\n<li>peot\u00e4it maap\u00e4hkleid<\/li>\n<li>1\/2 tl suitsupaprikat v\u00f5i tavalist<span style=\"color: #99cc00;\"> <a href=\"https:\/\/bio4you.eu\/et\/maitseained-ja-magustajad\/5256-suitsutatud-paprika-pulber-35g.html\" target=\"_blank\" rel=\"noopener\"><span style=\"color: #99cc00;\">jahvatatud paprikat<\/span><\/a><\/span><\/li>\n<li>1\/3 tl <a href=\"https:\/\/bio4you.eu\/et\/outlet\/4200-karripulber-30g.html\" target=\"_blank\" rel=\"noopener\"><span style=\"color: #99cc00;\">karrit<\/span><\/a><\/li>\n<li>maitse j\u00e4rgi soola<\/li>\n<li><a href=\"http:\/\/bio4you.eu\/et\/47-olid?utm_source=Bioretsept&amp;utm_medium=Retseptireklaam&amp;utm_campaign=Retsept\" target=\"_blank\" rel=\"noopener\"><span style=\"color: #99cc00;\">oliivi\u00f5li<span style=\"color: #000000;\"> praadimiseks<\/span><\/span><\/a><\/li>\n<li>2\/3 dl <a href=\"http:\/\/bio4you.eu\/et\/taimsed-piimad-ja-koored\/1458-riisikoor-200g-the-bridge.html?utm_source=Bioretsept&amp;utm_medium=Retseptireklaam&amp;utm_campaign=Retsept\" target=\"_blank\" rel=\"noopener\"><span style=\"color: #99cc00;\">taimset koort<\/span><\/a><\/li>\n<li>1\/3 dl vett<\/li>\n<\/ul>\n","protected":false},"featured_media":3191,"comment_status":"open","ping_status":"closed","template":"","meta":{"_exactmetrics_skip_tracking":false,"_exactmetrics_sitenote_active":false,"_exactmetrics_sitenote_note":"","_exactmetrics_sitenote_category":0},"product_cat":[59,60,382,383],"product_tag":[],"class_list":{"0":"post-2937","1":"product","2":"type-product","3":"status-publish","4":"has-post-thumbnail","6":"product_cat-featured","7":"product_cat-toiduretseptid","8":"product_cat-vegan-toiduretseptid","9":"product_cat-taimetoit","11":"first","12":"instock","13":"shipping-taxable","14":"product-type-simple"},"yoast_head":"<!-- This site is optimized with the Yoast SEO plugin v23.3 - https:\/\/yoast.com\/wordpress\/plugins\/seo\/ -->\n<title>Maap\u00e4hkli-suvik\u00f5rvitsahautis - bio4you.eu\/retseptid<\/title>\n<meta name=\"robots\" content=\"index, follow, max-snippet:-1, max-image-preview:large, max-video-preview:-1\" \/>\n<link rel=\"canonical\" href=\"https:\/\/bio4you.eu\/retseptid\/toode\/maapahkli-suvikorvitsa-hautis\/\" \/>\n<meta property=\"og:locale\" content=\"et_EE\" \/>\n<meta property=\"og:type\" content=\"article\" \/>\n<meta property=\"og:title\" content=\"Maap\u00e4hkli-suvik\u00f5rvitsahautis - bio4you.eu\/retseptid\" \/>\n<meta property=\"og:description\" content=\"Vaja l\u00e4heb:   Pool suvik\u00f5rvitsat  peot\u00e4it maap\u00e4hkleid  1\/2 tl suitsupaprikat v\u00f5i tavalist jahvatatud paprikat  1\/3 tl karrit  maitse j\u00e4rgi soola  oliivi\u00f5li praadimiseks  2\/3 dl taimset koort  1\/3 dl vett\" \/>\n<meta property=\"og:url\" content=\"https:\/\/bio4you.eu\/retseptid\/toode\/maapahkli-suvikorvitsa-hautis\/\" \/>\n<meta property=\"og:site_name\" content=\"bio4you.eu\/retseptid\" \/>\n<meta property=\"article:modified_time\" content=\"2022-05-12T07:04:09+00:00\" \/>\n<meta property=\"og:image\" content=\"https:\/\/bio4you.eu\/retseptid\/wp-content\/uploads\/2016\/09\/IMG_2560.jpg\" \/>\n\t<meta property=\"og:image:width\" content=\"640\" \/>\n\t<meta property=\"og:image:height\" content=\"480\" \/>\n\t<meta property=\"og:image:type\" content=\"image\/jpeg\" \/>\n<meta name=\"twitter:label1\" content=\"Est. reading time\" \/>\n\t<meta name=\"twitter:data1\" content=\"1 minut\" \/>\n<script type=\"application\/ld+json\" class=\"yoast-schema-graph\">{\"@context\":\"https:\/\/schema.org\",\"@graph\":[{\"@type\":\"WebPage\",\"@id\":\"https:\/\/bio4you.eu\/retseptid\/toode\/maapahkli-suvikorvitsa-hautis\/\",\"url\":\"https:\/\/bio4you.eu\/retseptid\/toode\/maapahkli-suvikorvitsa-hautis\/\",\"name\":\"Maap\u00e4hkli-suvik\u00f5rvitsahautis - bio4you.eu\/retseptid\",\"isPartOf\":{\"@id\":\"https:\/\/bio4you.eu\/retseptid\/#website\"},\"primaryImageOfPage\":{\"@id\":\"https:\/\/bio4you.eu\/retseptid\/toode\/maapahkli-suvikorvitsa-hautis\/#primaryimage\"},\"image\":{\"@id\":\"https:\/\/bio4you.eu\/retseptid\/toode\/maapahkli-suvikorvitsa-hautis\/#primaryimage\"},\"thumbnailUrl\":\"https:\/\/bio4you.eu\/retseptid\/wp-content\/uploads\/2016\/09\/IMG_2560.jpg\",\"datePublished\":\"2016-09-12T11:11:42+00:00\",\"dateModified\":\"2022-05-12T07:04:09+00:00\",\"breadcrumb\":{\"@id\":\"https:\/\/bio4you.eu\/retseptid\/toode\/maapahkli-suvikorvitsa-hautis\/#breadcrumb\"},\"inLanguage\":\"et\",\"potentialAction\":[{\"@type\":\"ReadAction\",\"target\":[\"https:\/\/bio4you.eu\/retseptid\/toode\/maapahkli-suvikorvitsa-hautis\/\"]}]},{\"@type\":\"ImageObject\",\"inLanguage\":\"et\",\"@id\":\"https:\/\/bio4you.eu\/retseptid\/toode\/maapahkli-suvikorvitsa-hautis\/#primaryimage\",\"url\":\"https:\/\/bio4you.eu\/retseptid\/wp-content\/uploads\/2016\/09\/IMG_2560.jpg\",\"contentUrl\":\"https:\/\/bio4you.eu\/retseptid\/wp-content\/uploads\/2016\/09\/IMG_2560.jpg\",\"width\":640,\"height\":480},{\"@type\":\"BreadcrumbList\",\"@id\":\"https:\/\/bio4you.eu\/retseptid\/toode\/maapahkli-suvikorvitsa-hautis\/#breadcrumb\",\"itemListElement\":[{\"@type\":\"ListItem\",\"position\":1,\"name\":\"Home\",\"item\":\"https:\/\/bio4you.eu\/retseptid\/\"},{\"@type\":\"ListItem\",\"position\":2,\"name\":\"Maap\u00e4hkli-suvik\u00f5rvitsahautis\"}]},{\"@type\":\"WebSite\",\"@id\":\"https:\/\/bio4you.eu\/retseptid\/#website\",\"url\":\"https:\/\/bio4you.eu\/retseptid\/\",\"name\":\"bio4you.eu\/retseptid\",\"description\":\"\u00d6ko retseptid ise tegemiseks, looduslikest koostisainetest. Maitsev toit, iluhooldus, kodupuhastus ja aiandus.\",\"potentialAction\":[{\"@type\":\"SearchAction\",\"target\":{\"@type\":\"EntryPoint\",\"urlTemplate\":\"https:\/\/bio4you.eu\/retseptid\/?s={search_term_string}\"},\"query-input\":\"required name=search_term_string\"}],\"inLanguage\":\"et\"}]}<\/script>\n<!-- \/ Yoast SEO plugin. -->","yoast_head_json":{"title":"Maap\u00e4hkli-suvik\u00f5rvitsahautis - bio4you.eu\/retseptid","robots":{"index":"index","follow":"follow","max-snippet":"max-snippet:-1","max-image-preview":"max-image-preview:large","max-video-preview":"max-video-preview:-1"},"canonical":"https:\/\/bio4you.eu\/retseptid\/toode\/maapahkli-suvikorvitsa-hautis\/","og_locale":"et_EE","og_type":"article","og_title":"Maap\u00e4hkli-suvik\u00f5rvitsahautis - bio4you.eu\/retseptid","og_description":"Vaja l\u00e4heb:   Pool suvik\u00f5rvitsat  peot\u00e4it maap\u00e4hkleid  1\/2 tl suitsupaprikat v\u00f5i tavalist jahvatatud paprikat  1\/3 tl karrit  maitse j\u00e4rgi soola  oliivi\u00f5li praadimiseks  2\/3 dl taimset koort  1\/3 dl vett","og_url":"https:\/\/bio4you.eu\/retseptid\/toode\/maapahkli-suvikorvitsa-hautis\/","og_site_name":"bio4you.eu\/retseptid","article_modified_time":"2022-05-12T07:04:09+00:00","og_image":[{"width":640,"height":480,"url":"https:\/\/bio4you.eu\/retseptid\/wp-content\/uploads\/2016\/09\/IMG_2560.jpg","type":"image\/jpeg"}],"twitter_misc":{"Est. reading time":"1 minut"},"schema":{"@context":"https:\/\/schema.org","@graph":[{"@type":"WebPage","@id":"https:\/\/bio4you.eu\/retseptid\/toode\/maapahkli-suvikorvitsa-hautis\/","url":"https:\/\/bio4you.eu\/retseptid\/toode\/maapahkli-suvikorvitsa-hautis\/","name":"Maap\u00e4hkli-suvik\u00f5rvitsahautis - bio4you.eu\/retseptid","isPartOf":{"@id":"https:\/\/bio4you.eu\/retseptid\/#website"},"primaryImageOfPage":{"@id":"https:\/\/bio4you.eu\/retseptid\/toode\/maapahkli-suvikorvitsa-hautis\/#primaryimage"},"image":{"@id":"https:\/\/bio4you.eu\/retseptid\/toode\/maapahkli-suvikorvitsa-hautis\/#primaryimage"},"thumbnailUrl":"https:\/\/bio4you.eu\/retseptid\/wp-content\/uploads\/2016\/09\/IMG_2560.jpg","datePublished":"2016-09-12T11:11:42+00:00","dateModified":"2022-05-12T07:04:09+00:00","breadcrumb":{"@id":"https:\/\/bio4you.eu\/retseptid\/toode\/maapahkli-suvikorvitsa-hautis\/#breadcrumb"},"inLanguage":"et","potentialAction":[{"@type":"ReadAction","target":["https:\/\/bio4you.eu\/retseptid\/toode\/maapahkli-suvikorvitsa-hautis\/"]}]},{"@type":"ImageObject","inLanguage":"et","@id":"https:\/\/bio4you.eu\/retseptid\/toode\/maapahkli-suvikorvitsa-hautis\/#primaryimage","url":"https:\/\/bio4you.eu\/retseptid\/wp-content\/uploads\/2016\/09\/IMG_2560.jpg","contentUrl":"https:\/\/bio4you.eu\/retseptid\/wp-content\/uploads\/2016\/09\/IMG_2560.jpg","width":640,"height":480},{"@type":"BreadcrumbList","@id":"https:\/\/bio4you.eu\/retseptid\/toode\/maapahkli-suvikorvitsa-hautis\/#breadcrumb","itemListElement":[{"@type":"ListItem","position":1,"name":"Home","item":"https:\/\/bio4you.eu\/retseptid\/"},{"@type":"ListItem","position":2,"name":"Maap\u00e4hkli-suvik\u00f5rvitsahautis"}]},{"@type":"WebSite","@id":"https:\/\/bio4you.eu\/retseptid\/#website","url":"https:\/\/bio4you.eu\/retseptid\/","name":"bio4you.eu\/retseptid","description":"\u00d6ko retseptid ise tegemiseks, looduslikest koostisainetest. Maitsev toit, iluhooldus, kodupuhastus ja aiandus.","potentialAction":[{"@type":"SearchAction","target":{"@type":"EntryPoint","urlTemplate":"https:\/\/bio4you.eu\/retseptid\/?s={search_term_string}"},"query-input":"required name=search_term_string"}],"inLanguage":"et"}]}},"_links":{"self":[{"href":"https:\/\/bio4you.eu\/retseptid\/wp-json\/wp\/v2\/product\/2937"}],"collection":[{"href":"https:\/\/bio4you.eu\/retseptid\/wp-json\/wp\/v2\/product"}],"about":[{"href":"https:\/\/bio4you.eu\/retseptid\/wp-json\/wp\/v2\/types\/product"}],"replies":[{"embeddable":true,"href":"https:\/\/bio4you.eu\/retseptid\/wp-json\/wp\/v2\/comments?post=2937"}],"wp:featuredmedia":[{"embeddable":true,"href":"https:\/\/bio4you.eu\/retseptid\/wp-json\/wp\/v2\/media\/3191"}],"wp:attachment":[{"href":"https:\/\/bio4you.eu\/retseptid\/wp-json\/wp\/v2\/media?parent=2937"}],"wp:term":[{"taxonomy":"product_cat","embeddable":true,"href":"https:\/\/bio4you.eu\/retseptid\/wp-json\/wp\/v2\/product_cat?post=2937"},{"taxonomy":"product_tag","embeddable":true,"href":"https:\/\/bio4you.eu\/retseptid\/wp-json\/wp\/v2\/product_tag?post=2937"}],"curies":[{"name":"wp","href":"https:\/\/api.w.org\/{rel}","templated":true}]}}