{"id":2949,"date":"2016-09-19T15:46:36","date_gmt":"2016-09-19T12:46:36","guid":{"rendered":"https:\/\/bio4you.eu\/retseptid\/?post_type=product&#038;p=2949"},"modified":"2022-05-06T11:12:15","modified_gmt":"2022-05-06T08:12:15","slug":"toortatrapuder-mustsostraga","status":"publish","type":"product","link":"https:\/\/bio4you.eu\/retseptid\/toode\/toortatrapuder-mustsostraga\/","title":{"rendered":"Toortatrapuder musta s\u00f5straga"},"content":{"rendered":"<p>Valmistamine:<br \/>\nLeota toortatart \u00fcle\u00f6\u00f6 v\u00f5i keeda 5 minutit ning hauta 10 minutit. Loputa tatar k\u00fclma veega ning lisa k\u00f6\u00f6gikombaini koos marjade, banaani ning suhkruga. P\u00fcreesta puder kuni sobiva tulemuseni.<br \/>\nServeeri meeldivate p\u00e4hklite, marjade v\u00f5i seemnetega.<\/p>\n","protected":false},"excerpt":{"rendered":"<p>Vaja l\u00e4heb:<\/p>\n<ul>\n<li>2 dl toortatart<\/li>\n<li>1 spl <a href=\"https:\/\/bio4you.eu\/et\/maitseained-ja-magustajad\/4383-kookospalmisuhkur-250g.html?utm_source=bioretsept&amp;utm_medium=retsept&amp;utm_campaign=toortatrapuder\" target=\"_blank\" rel=\"noopener\"><span style=\"color: #99cc00;\">kookospalmisuhkurt<\/span><\/a><\/li>\n<li>1 dl musti s\u00f5straid v\u00f5i teisi marju<\/li>\n<li>1 banaan<\/li>\n<\/ul>\n","protected":false},"featured_media":3164,"comment_status":"open","ping_status":"closed","template":"","meta":{"_exactmetrics_skip_tracking":false,"_exactmetrics_sitenote_active":false,"_exactmetrics_sitenote_note":"","_exactmetrics_sitenote_category":0},"product_cat":[59,60,382,383,365,77],"product_tag":[],"class_list":{"0":"post-2949","1":"product","2":"type-product","3":"status-publish","4":"has-post-thumbnail","6":"product_cat-featured","7":"product_cat-toiduretseptid","8":"product_cat-vegan-toiduretseptid","9":"product_cat-taimetoit","10":"product_cat-laste-lemmikud","11":"product_cat-toortoit","13":"first","14":"instock","15":"shipping-taxable","16":"product-type-simple"},"yoast_head":"<!-- This site is optimized with the Yoast SEO plugin v23.3 - https:\/\/yoast.com\/wordpress\/plugins\/seo\/ -->\n<title>Toortatrapuder musta s\u00f5straga - bio4you.eu\/retseptid<\/title>\n<meta name=\"robots\" content=\"index, follow, max-snippet:-1, max-image-preview:large, max-video-preview:-1\" \/>\n<link rel=\"canonical\" href=\"https:\/\/bio4you.eu\/retseptid\/toode\/toortatrapuder-mustsostraga\/\" \/>\n<meta property=\"og:locale\" content=\"et_EE\" \/>\n<meta property=\"og:type\" content=\"article\" \/>\n<meta property=\"og:title\" content=\"Toortatrapuder musta s\u00f5straga - bio4you.eu\/retseptid\" \/>\n<meta property=\"og:description\" content=\"Vaja l\u00e4heb:   2 dl toortatart  1 spl kookospalmisuhkurt  1 dl musti s\u00f5straid v\u00f5i teisi marju  1 banaan\" \/>\n<meta property=\"og:url\" content=\"https:\/\/bio4you.eu\/retseptid\/toode\/toortatrapuder-mustsostraga\/\" \/>\n<meta property=\"og:site_name\" content=\"bio4you.eu\/retseptid\" \/>\n<meta property=\"article:modified_time\" content=\"2022-05-06T08:12:15+00:00\" \/>\n<meta property=\"og:image\" content=\"https:\/\/bio4you.eu\/retseptid\/wp-content\/uploads\/2016\/09\/IMG_2639-1.jpg\" \/>\n\t<meta property=\"og:image:width\" content=\"640\" \/>\n\t<meta property=\"og:image:height\" content=\"480\" \/>\n\t<meta property=\"og:image:type\" content=\"image\/jpeg\" \/>\n<script type=\"application\/ld+json\" class=\"yoast-schema-graph\">{\"@context\":\"https:\/\/schema.org\",\"@graph\":[{\"@type\":\"WebPage\",\"@id\":\"https:\/\/bio4you.eu\/retseptid\/toode\/toortatrapuder-mustsostraga\/\",\"url\":\"https:\/\/bio4you.eu\/retseptid\/toode\/toortatrapuder-mustsostraga\/\",\"name\":\"Toortatrapuder musta s\u00f5straga - bio4you.eu\/retseptid\",\"isPartOf\":{\"@id\":\"https:\/\/bio4you.eu\/retseptid\/#website\"},\"primaryImageOfPage\":{\"@id\":\"https:\/\/bio4you.eu\/retseptid\/toode\/toortatrapuder-mustsostraga\/#primaryimage\"},\"image\":{\"@id\":\"https:\/\/bio4you.eu\/retseptid\/toode\/toortatrapuder-mustsostraga\/#primaryimage\"},\"thumbnailUrl\":\"https:\/\/bio4you.eu\/retseptid\/wp-content\/uploads\/2016\/09\/IMG_2639-1.jpg\",\"datePublished\":\"2016-09-19T12:46:36+00:00\",\"dateModified\":\"2022-05-06T08:12:15+00:00\",\"breadcrumb\":{\"@id\":\"https:\/\/bio4you.eu\/retseptid\/toode\/toortatrapuder-mustsostraga\/#breadcrumb\"},\"inLanguage\":\"et\",\"potentialAction\":[{\"@type\":\"ReadAction\",\"target\":[\"https:\/\/bio4you.eu\/retseptid\/toode\/toortatrapuder-mustsostraga\/\"]}]},{\"@type\":\"ImageObject\",\"inLanguage\":\"et\",\"@id\":\"https:\/\/bio4you.eu\/retseptid\/toode\/toortatrapuder-mustsostraga\/#primaryimage\",\"url\":\"https:\/\/bio4you.eu\/retseptid\/wp-content\/uploads\/2016\/09\/IMG_2639-1.jpg\",\"contentUrl\":\"https:\/\/bio4you.eu\/retseptid\/wp-content\/uploads\/2016\/09\/IMG_2639-1.jpg\",\"width\":640,\"height\":480},{\"@type\":\"BreadcrumbList\",\"@id\":\"https:\/\/bio4you.eu\/retseptid\/toode\/toortatrapuder-mustsostraga\/#breadcrumb\",\"itemListElement\":[{\"@type\":\"ListItem\",\"position\":1,\"name\":\"Home\",\"item\":\"https:\/\/bio4you.eu\/retseptid\/\"},{\"@type\":\"ListItem\",\"position\":2,\"name\":\"Toortatrapuder musta s\u00f5straga\"}]},{\"@type\":\"WebSite\",\"@id\":\"https:\/\/bio4you.eu\/retseptid\/#website\",\"url\":\"https:\/\/bio4you.eu\/retseptid\/\",\"name\":\"bio4you.eu\/retseptid\",\"description\":\"\u00d6ko retseptid ise tegemiseks, looduslikest koostisainetest. Maitsev toit, iluhooldus, kodupuhastus ja aiandus.\",\"potentialAction\":[{\"@type\":\"SearchAction\",\"target\":{\"@type\":\"EntryPoint\",\"urlTemplate\":\"https:\/\/bio4you.eu\/retseptid\/?s={search_term_string}\"},\"query-input\":\"required name=search_term_string\"}],\"inLanguage\":\"et\"}]}<\/script>\n<!-- \/ Yoast SEO plugin. -->","yoast_head_json":{"title":"Toortatrapuder musta s\u00f5straga - bio4you.eu\/retseptid","robots":{"index":"index","follow":"follow","max-snippet":"max-snippet:-1","max-image-preview":"max-image-preview:large","max-video-preview":"max-video-preview:-1"},"canonical":"https:\/\/bio4you.eu\/retseptid\/toode\/toortatrapuder-mustsostraga\/","og_locale":"et_EE","og_type":"article","og_title":"Toortatrapuder musta s\u00f5straga - bio4you.eu\/retseptid","og_description":"Vaja l\u00e4heb:   2 dl toortatart  1 spl kookospalmisuhkurt  1 dl musti s\u00f5straid v\u00f5i teisi marju  1 banaan","og_url":"https:\/\/bio4you.eu\/retseptid\/toode\/toortatrapuder-mustsostraga\/","og_site_name":"bio4you.eu\/retseptid","article_modified_time":"2022-05-06T08:12:15+00:00","og_image":[{"width":640,"height":480,"url":"https:\/\/bio4you.eu\/retseptid\/wp-content\/uploads\/2016\/09\/IMG_2639-1.jpg","type":"image\/jpeg"}],"schema":{"@context":"https:\/\/schema.org","@graph":[{"@type":"WebPage","@id":"https:\/\/bio4you.eu\/retseptid\/toode\/toortatrapuder-mustsostraga\/","url":"https:\/\/bio4you.eu\/retseptid\/toode\/toortatrapuder-mustsostraga\/","name":"Toortatrapuder musta s\u00f5straga - bio4you.eu\/retseptid","isPartOf":{"@id":"https:\/\/bio4you.eu\/retseptid\/#website"},"primaryImageOfPage":{"@id":"https:\/\/bio4you.eu\/retseptid\/toode\/toortatrapuder-mustsostraga\/#primaryimage"},"image":{"@id":"https:\/\/bio4you.eu\/retseptid\/toode\/toortatrapuder-mustsostraga\/#primaryimage"},"thumbnailUrl":"https:\/\/bio4you.eu\/retseptid\/wp-content\/uploads\/2016\/09\/IMG_2639-1.jpg","datePublished":"2016-09-19T12:46:36+00:00","dateModified":"2022-05-06T08:12:15+00:00","breadcrumb":{"@id":"https:\/\/bio4you.eu\/retseptid\/toode\/toortatrapuder-mustsostraga\/#breadcrumb"},"inLanguage":"et","potentialAction":[{"@type":"ReadAction","target":["https:\/\/bio4you.eu\/retseptid\/toode\/toortatrapuder-mustsostraga\/"]}]},{"@type":"ImageObject","inLanguage":"et","@id":"https:\/\/bio4you.eu\/retseptid\/toode\/toortatrapuder-mustsostraga\/#primaryimage","url":"https:\/\/bio4you.eu\/retseptid\/wp-content\/uploads\/2016\/09\/IMG_2639-1.jpg","contentUrl":"https:\/\/bio4you.eu\/retseptid\/wp-content\/uploads\/2016\/09\/IMG_2639-1.jpg","width":640,"height":480},{"@type":"BreadcrumbList","@id":"https:\/\/bio4you.eu\/retseptid\/toode\/toortatrapuder-mustsostraga\/#breadcrumb","itemListElement":[{"@type":"ListItem","position":1,"name":"Home","item":"https:\/\/bio4you.eu\/retseptid\/"},{"@type":"ListItem","position":2,"name":"Toortatrapuder musta s\u00f5straga"}]},{"@type":"WebSite","@id":"https:\/\/bio4you.eu\/retseptid\/#website","url":"https:\/\/bio4you.eu\/retseptid\/","name":"bio4you.eu\/retseptid","description":"\u00d6ko retseptid ise tegemiseks, looduslikest koostisainetest. Maitsev toit, iluhooldus, kodupuhastus ja aiandus.","potentialAction":[{"@type":"SearchAction","target":{"@type":"EntryPoint","urlTemplate":"https:\/\/bio4you.eu\/retseptid\/?s={search_term_string}"},"query-input":"required name=search_term_string"}],"inLanguage":"et"}]}},"_links":{"self":[{"href":"https:\/\/bio4you.eu\/retseptid\/wp-json\/wp\/v2\/product\/2949"}],"collection":[{"href":"https:\/\/bio4you.eu\/retseptid\/wp-json\/wp\/v2\/product"}],"about":[{"href":"https:\/\/bio4you.eu\/retseptid\/wp-json\/wp\/v2\/types\/product"}],"replies":[{"embeddable":true,"href":"https:\/\/bio4you.eu\/retseptid\/wp-json\/wp\/v2\/comments?post=2949"}],"wp:featuredmedia":[{"embeddable":true,"href":"https:\/\/bio4you.eu\/retseptid\/wp-json\/wp\/v2\/media\/3164"}],"wp:attachment":[{"href":"https:\/\/bio4you.eu\/retseptid\/wp-json\/wp\/v2\/media?parent=2949"}],"wp:term":[{"taxonomy":"product_cat","embeddable":true,"href":"https:\/\/bio4you.eu\/retseptid\/wp-json\/wp\/v2\/product_cat?post=2949"},{"taxonomy":"product_tag","embeddable":true,"href":"https:\/\/bio4you.eu\/retseptid\/wp-json\/wp\/v2\/product_tag?post=2949"}],"curies":[{"name":"wp","href":"https:\/\/api.w.org\/{rel}","templated":true}]}}