{"id":2955,"date":"2016-09-21T13:01:50","date_gmt":"2016-09-21T10:01:50","guid":{"rendered":"https:\/\/bio4you.eu\/retseptid\/?post_type=product&#038;p=2955"},"modified":"2022-05-12T14:05:10","modified_gmt":"2022-05-12T11:05:10","slug":"shokolaadi-granola","status":"publish","type":"product","link":"https:\/\/bio4you.eu\/retseptid\/toode\/shokolaadi-granola\/","title":{"rendered":"\u0160okolaadi granola"},"content":{"rendered":"<p>Valmistamine:<br \/>\nPane ahi 140 kraadi juurde soojenema. V\u00f5imalusel kasuta p\u00f6\u00f6rd\u00f5hu programmi.<br \/>\nSega suures kausis kaerahelbed, k\u00f5rvitsaseemned ning kookoshelbed. Soojenda madalal kuumusel piim, lisa sellele kookos\u00f5li, kookossuhkur ning maccacino pulber. Kui kasutad maccacino pulbri asemel toorkakaod, siis v\u00f5id soovi korral lisada rohkem suhkrut.<br \/>\nN\u00fc\u00fcd vala saadud shokolaadine piim kaerahelvestele ning sega kuni kaerahelbed on \u00fchtlaselt kaetud.<br \/>\nLaota kaerahelbed \u00fchtlaselt ahjuplaadile ning kuivata ahjus 15-20 minutit pidevalt segades. Kui granola on saavutanud sulle meeldiva kr\u00f5beduse, sega sellele veel juurde chia- ning p\u00e4evalilleseemned. \u00a0Serveeri piima ning v\u00e4rskete marjadega.<\/p>\n<p>&nbsp;<\/p>\n","protected":false},"excerpt":{"rendered":"<p>Vaja l\u00e4heb:<\/p>\n<ul>\n<li>6 dl <a href=\"https:\/\/bio4you.eu\/et\/kuivained\/1428-gluteenivabad-kaerahelbed-475g.html?utm_source=blogi&amp;utm_medium=bioretsept&amp;utm_campaign=retsept\" target=\"_blank\" rel=\"noopener\"><span style=\"color: #99cc00;\">\u00a0kaerahelbeid<\/span><\/a><\/li>\n<li>3 dl <a href=\"https:\/\/bio4you.eu\/et\/kookostooted\/3097-kookoshelbed-200g-cosmoveda.html?utm_source=blogi&amp;utm_medium=bioretsept&amp;utm_campaign=retsept\">kookoshelbeid<\/a><\/li>\n<li>1 dl <a href=\"https:\/\/bio4you.eu\/et\/otsi?controller=search&amp;order=product.position.desc&amp;s=k%C3%B5rvitsaseemned&amp;utm_source=blogi&amp;utm_medium=bioretsept&amp;utm_campaign=retsept\">k\u00f5rvitsaseemneid<\/a><\/li>\n<li>1 dl <a href=\"https:\/\/bio4you.eu\/et\/otsi?controller=search&amp;order=product.position.desc&amp;s=p%C3%A4evalilleseemned&amp;utm_source=blogi&amp;utm_medium=bioretsept&amp;utm_campaign=retsept\">p\u00e4evalilleseemneid<\/a><\/li>\n<li>1 dl <a href=\"https:\/\/bio4you.eu\/et\/otsi?controller=search&amp;order=product.position.desc&amp;s=chia+seemned&amp;utm_source=blogi&amp;utm_medium=bioretsept&amp;utm_campaign=retsept\" target=\"_blank\" rel=\"noopener\"><span style=\"color: #99cc00;\">chia seemneid<\/span><\/a><\/li>\n<li>1 dl <a href=\"http:\/\/bio4you.eu\/et\/toorkakao-tooted\/1933-toorkakao-nibsid-250g-nutrisslim.html?search_query=toorkakao&amp;results=14&amp;utm_source=Bioretsept&amp;utm_medium=Retseptireklaam&amp;utm_campaign=Retsept\" target=\"_blank\" rel=\"noopener\"><span style=\"color: #99cc00;\">toorkakao nibse<\/span><\/a><\/li>\n<li>2 spl <a href=\"https:\/\/bio4you.eu\/et\/otsi?controller=search&amp;order=product.position.desc&amp;s=kookospalmisuhkur&amp;utm_source=blogi&amp;utm_medium=bioretsept&amp;utm_campaign=retsept\" target=\"_blank\" rel=\"noopener\"><span style=\"color: #99cc00;\">kookossuhkrut<\/span><\/a><\/li>\n<li>3 spl <a href=\"http:\/\/bio4you.eu\/et\/toorkakao-tooted\/1725-toorkakao-pulber-250g-nutrisslim.html?search_query=toorkakao&amp;results=14&amp;utm_source=Bioretsept&amp;utm_medium=Retseptireklaam&amp;utm_campaign=Retsept\" target=\"_blank\" rel=\"noopener\"><span style=\"color: #99cc00;\">toorkakaod<\/span><\/a><\/li>\n<li>1 dl <a href=\"http:\/\/bio4you.eu\/et\/toorkakao-tooted\/1725-toorkakao-pulber-250g-nutrisslim.html?search_query=toorkakao&amp;results=14&amp;utm_source=Bioretsept&amp;utm_medium=Retseptireklaam&amp;utm_campaign=Retsept\" target=\"_blank\" rel=\"noopener\"><span style=\"color: #99cc00;\">taimset piima<\/span><\/a><\/li>\n<li>1 spl<span style=\"color: #99cc00;\"> <a href=\"https:\/\/bio4you.eu\/et\/otsi?controller=search&amp;order=product.position.desc&amp;s=kookos%C3%B5li&amp;utm_source=blogi&amp;utm_medium=bioretsept&amp;utm_campaign=retsept\" target=\"_blank\" rel=\"noopener\"><span style=\"color: #99cc00;\">kookos\u00f5li<\/span><\/a><\/span><\/li>\n<\/ul>\n","protected":false},"featured_media":3161,"comment_status":"open","ping_status":"closed","template":"","meta":{"_exactmetrics_skip_tracking":false,"_exactmetrics_sitenote_active":false,"_exactmetrics_sitenote_note":"","_exactmetrics_sitenote_category":0},"product_cat":[59,60,382,383],"product_tag":[],"class_list":{"0":"post-2955","1":"product","2":"type-product","3":"status-publish","4":"has-post-thumbnail","6":"product_cat-featured","7":"product_cat-toiduretseptid","8":"product_cat-vegan-toiduretseptid","9":"product_cat-taimetoit","11":"first","12":"instock","13":"shipping-taxable","14":"product-type-simple"},"yoast_head":"<!-- This site is optimized with the Yoast SEO plugin v23.3 - https:\/\/yoast.com\/wordpress\/plugins\/seo\/ -->\n<title>\u0160okolaadi granola - bio4you.eu\/retseptid<\/title>\n<meta name=\"robots\" content=\"index, follow, max-snippet:-1, max-image-preview:large, max-video-preview:-1\" \/>\n<link rel=\"canonical\" href=\"https:\/\/bio4you.eu\/retseptid\/toode\/shokolaadi-granola\/\" \/>\n<meta property=\"og:locale\" content=\"et_EE\" \/>\n<meta property=\"og:type\" content=\"article\" \/>\n<meta property=\"og:title\" content=\"\u0160okolaadi granola - bio4you.eu\/retseptid\" \/>\n<meta property=\"og:description\" content=\"Vaja l\u00e4heb:   6 dl \u00a0kaerahelbeid  3 dl kookoshelbeid  1 dl k\u00f5rvitsaseemneid  1 dl p\u00e4evalilleseemneid  1 dl chia seemneid  1 dl toorkakao nibse  2 spl kookossuhkrut  3 spl toorkakaod  1 dl taimset piima  1 spl kookos\u00f5li\" \/>\n<meta property=\"og:url\" content=\"https:\/\/bio4you.eu\/retseptid\/toode\/shokolaadi-granola\/\" \/>\n<meta property=\"og:site_name\" content=\"bio4you.eu\/retseptid\" \/>\n<meta property=\"article:modified_time\" content=\"2022-05-12T11:05:10+00:00\" \/>\n<meta property=\"og:image\" content=\"https:\/\/bio4you.eu\/retseptid\/wp-content\/uploads\/2016\/09\/IMG_2644.jpg\" \/>\n\t<meta property=\"og:image:width\" content=\"588\" \/>\n\t<meta property=\"og:image:height\" content=\"410\" \/>\n\t<meta property=\"og:image:type\" content=\"image\/jpeg\" \/>\n<meta name=\"twitter:label1\" content=\"Est. reading time\" \/>\n\t<meta name=\"twitter:data1\" content=\"1 minut\" \/>\n<script type=\"application\/ld+json\" class=\"yoast-schema-graph\">{\"@context\":\"https:\/\/schema.org\",\"@graph\":[{\"@type\":\"WebPage\",\"@id\":\"https:\/\/bio4you.eu\/retseptid\/toode\/shokolaadi-granola\/\",\"url\":\"https:\/\/bio4you.eu\/retseptid\/toode\/shokolaadi-granola\/\",\"name\":\"\u0160okolaadi granola - bio4you.eu\/retseptid\",\"isPartOf\":{\"@id\":\"https:\/\/bio4you.eu\/retseptid\/#website\"},\"primaryImageOfPage\":{\"@id\":\"https:\/\/bio4you.eu\/retseptid\/toode\/shokolaadi-granola\/#primaryimage\"},\"image\":{\"@id\":\"https:\/\/bio4you.eu\/retseptid\/toode\/shokolaadi-granola\/#primaryimage\"},\"thumbnailUrl\":\"https:\/\/bio4you.eu\/retseptid\/wp-content\/uploads\/2016\/09\/IMG_2644.jpg\",\"datePublished\":\"2016-09-21T10:01:50+00:00\",\"dateModified\":\"2022-05-12T11:05:10+00:00\",\"breadcrumb\":{\"@id\":\"https:\/\/bio4you.eu\/retseptid\/toode\/shokolaadi-granola\/#breadcrumb\"},\"inLanguage\":\"et\",\"potentialAction\":[{\"@type\":\"ReadAction\",\"target\":[\"https:\/\/bio4you.eu\/retseptid\/toode\/shokolaadi-granola\/\"]}]},{\"@type\":\"ImageObject\",\"inLanguage\":\"et\",\"@id\":\"https:\/\/bio4you.eu\/retseptid\/toode\/shokolaadi-granola\/#primaryimage\",\"url\":\"https:\/\/bio4you.eu\/retseptid\/wp-content\/uploads\/2016\/09\/IMG_2644.jpg\",\"contentUrl\":\"https:\/\/bio4you.eu\/retseptid\/wp-content\/uploads\/2016\/09\/IMG_2644.jpg\",\"width\":588,\"height\":410},{\"@type\":\"BreadcrumbList\",\"@id\":\"https:\/\/bio4you.eu\/retseptid\/toode\/shokolaadi-granola\/#breadcrumb\",\"itemListElement\":[{\"@type\":\"ListItem\",\"position\":1,\"name\":\"Home\",\"item\":\"https:\/\/bio4you.eu\/retseptid\/\"},{\"@type\":\"ListItem\",\"position\":2,\"name\":\"\u0160okolaadi granola\"}]},{\"@type\":\"WebSite\",\"@id\":\"https:\/\/bio4you.eu\/retseptid\/#website\",\"url\":\"https:\/\/bio4you.eu\/retseptid\/\",\"name\":\"bio4you.eu\/retseptid\",\"description\":\"\u00d6ko retseptid ise tegemiseks, looduslikest koostisainetest. Maitsev toit, iluhooldus, kodupuhastus ja aiandus.\",\"potentialAction\":[{\"@type\":\"SearchAction\",\"target\":{\"@type\":\"EntryPoint\",\"urlTemplate\":\"https:\/\/bio4you.eu\/retseptid\/?s={search_term_string}\"},\"query-input\":\"required name=search_term_string\"}],\"inLanguage\":\"et\"}]}<\/script>\n<!-- \/ Yoast SEO plugin. -->","yoast_head_json":{"title":"\u0160okolaadi granola - bio4you.eu\/retseptid","robots":{"index":"index","follow":"follow","max-snippet":"max-snippet:-1","max-image-preview":"max-image-preview:large","max-video-preview":"max-video-preview:-1"},"canonical":"https:\/\/bio4you.eu\/retseptid\/toode\/shokolaadi-granola\/","og_locale":"et_EE","og_type":"article","og_title":"\u0160okolaadi granola - bio4you.eu\/retseptid","og_description":"Vaja l\u00e4heb:   6 dl \u00a0kaerahelbeid  3 dl kookoshelbeid  1 dl k\u00f5rvitsaseemneid  1 dl p\u00e4evalilleseemneid  1 dl chia seemneid  1 dl toorkakao nibse  2 spl kookossuhkrut  3 spl toorkakaod  1 dl taimset piima  1 spl kookos\u00f5li","og_url":"https:\/\/bio4you.eu\/retseptid\/toode\/shokolaadi-granola\/","og_site_name":"bio4you.eu\/retseptid","article_modified_time":"2022-05-12T11:05:10+00:00","og_image":[{"width":588,"height":410,"url":"https:\/\/bio4you.eu\/retseptid\/wp-content\/uploads\/2016\/09\/IMG_2644.jpg","type":"image\/jpeg"}],"twitter_misc":{"Est. reading time":"1 minut"},"schema":{"@context":"https:\/\/schema.org","@graph":[{"@type":"WebPage","@id":"https:\/\/bio4you.eu\/retseptid\/toode\/shokolaadi-granola\/","url":"https:\/\/bio4you.eu\/retseptid\/toode\/shokolaadi-granola\/","name":"\u0160okolaadi granola - bio4you.eu\/retseptid","isPartOf":{"@id":"https:\/\/bio4you.eu\/retseptid\/#website"},"primaryImageOfPage":{"@id":"https:\/\/bio4you.eu\/retseptid\/toode\/shokolaadi-granola\/#primaryimage"},"image":{"@id":"https:\/\/bio4you.eu\/retseptid\/toode\/shokolaadi-granola\/#primaryimage"},"thumbnailUrl":"https:\/\/bio4you.eu\/retseptid\/wp-content\/uploads\/2016\/09\/IMG_2644.jpg","datePublished":"2016-09-21T10:01:50+00:00","dateModified":"2022-05-12T11:05:10+00:00","breadcrumb":{"@id":"https:\/\/bio4you.eu\/retseptid\/toode\/shokolaadi-granola\/#breadcrumb"},"inLanguage":"et","potentialAction":[{"@type":"ReadAction","target":["https:\/\/bio4you.eu\/retseptid\/toode\/shokolaadi-granola\/"]}]},{"@type":"ImageObject","inLanguage":"et","@id":"https:\/\/bio4you.eu\/retseptid\/toode\/shokolaadi-granola\/#primaryimage","url":"https:\/\/bio4you.eu\/retseptid\/wp-content\/uploads\/2016\/09\/IMG_2644.jpg","contentUrl":"https:\/\/bio4you.eu\/retseptid\/wp-content\/uploads\/2016\/09\/IMG_2644.jpg","width":588,"height":410},{"@type":"BreadcrumbList","@id":"https:\/\/bio4you.eu\/retseptid\/toode\/shokolaadi-granola\/#breadcrumb","itemListElement":[{"@type":"ListItem","position":1,"name":"Home","item":"https:\/\/bio4you.eu\/retseptid\/"},{"@type":"ListItem","position":2,"name":"\u0160okolaadi granola"}]},{"@type":"WebSite","@id":"https:\/\/bio4you.eu\/retseptid\/#website","url":"https:\/\/bio4you.eu\/retseptid\/","name":"bio4you.eu\/retseptid","description":"\u00d6ko retseptid ise tegemiseks, looduslikest koostisainetest. Maitsev toit, iluhooldus, kodupuhastus ja aiandus.","potentialAction":[{"@type":"SearchAction","target":{"@type":"EntryPoint","urlTemplate":"https:\/\/bio4you.eu\/retseptid\/?s={search_term_string}"},"query-input":"required name=search_term_string"}],"inLanguage":"et"}]}},"_links":{"self":[{"href":"https:\/\/bio4you.eu\/retseptid\/wp-json\/wp\/v2\/product\/2955"}],"collection":[{"href":"https:\/\/bio4you.eu\/retseptid\/wp-json\/wp\/v2\/product"}],"about":[{"href":"https:\/\/bio4you.eu\/retseptid\/wp-json\/wp\/v2\/types\/product"}],"replies":[{"embeddable":true,"href":"https:\/\/bio4you.eu\/retseptid\/wp-json\/wp\/v2\/comments?post=2955"}],"wp:featuredmedia":[{"embeddable":true,"href":"https:\/\/bio4you.eu\/retseptid\/wp-json\/wp\/v2\/media\/3161"}],"wp:attachment":[{"href":"https:\/\/bio4you.eu\/retseptid\/wp-json\/wp\/v2\/media?parent=2955"}],"wp:term":[{"taxonomy":"product_cat","embeddable":true,"href":"https:\/\/bio4you.eu\/retseptid\/wp-json\/wp\/v2\/product_cat?post=2955"},{"taxonomy":"product_tag","embeddable":true,"href":"https:\/\/bio4you.eu\/retseptid\/wp-json\/wp\/v2\/product_tag?post=2955"}],"curies":[{"name":"wp","href":"https:\/\/api.w.org\/{rel}","templated":true}]}}