{"id":2981,"date":"2016-09-28T11:27:51","date_gmt":"2016-09-28T08:27:51","guid":{"rendered":"https:\/\/bio4you.eu\/retseptid\/?post_type=product&#038;p=2981"},"modified":"2022-05-12T10:13:56","modified_gmt":"2022-05-12T07:13:56","slug":"mahlane-banaanileib","status":"publish","type":"product","link":"https:\/\/bio4you.eu\/retseptid\/toode\/mahlane-banaanileib\/","title":{"rendered":"Mahlane banaanileib"},"content":{"rendered":"<p><strong>Valmistamine:<br \/>\n<\/strong>Pane ahi 180 kraadi juurde soojenema.<br \/>\nVala datlitele kuum vesi ning j\u00e4ta ligunema. Sega suures kausis kokku kuivained: jahud, k\u00fcpsetuspulber, sool, kaneel, chia seemned ja vaniljekauna pulber.<br \/>\nTeises kausis purusta kahvliga 4 banaani (kasuta k\u00fcpseid banaane, mille koorel on pruunid t\u00e4pid- need on magusamad). Kalla datlitelt vesi, kuid j\u00e4ta umbes 2 spl vett alles ning p\u00fcreesta sellega datlid. Sega saadud pasta purustatud banaanidele. Lisa veel kookos\u00f5li ning -suhkur. Saumikseriga p\u00fcreesta veelkord k\u00f5ik \u00fchtlaseks massiks.<br \/>\nN\u00fc\u00fcd sega omavahel kuivained ning banaanip\u00fcree. Lisa soovi korral segule veel p\u00e4evalilleseemneid, rosinaid, j\u00f5hvikaid v\u00f5i muud meeldivat.<br \/>\nVala segu k\u00fcpsetuspaberiga kaetud leivavormi ning aseta k\u00f5ige peale pikkupidi pooleks l\u00f5igatud banaan. K\u00fcpseta 35-45 minutit 180 kraadi juures aeg-ajalt tikuga katsudes. Enne lahti l\u00f5ikamist lase leival natukene jahtuda ning taheneda. Serveeri j\u00e4\u00e4tise v\u00f5i vahukoorega.<\/p>\n<p>&nbsp;<\/p>\n","protected":false},"excerpt":{"rendered":"<p><strong>Vaja l\u00e4heb:<\/strong><\/p>\n<ul>\n<li>5 banaani (4 taignasse ja 1 leiva peale)<\/li>\n<li>peot\u00e4is datleid<\/li>\n<li>1 dl <a href=\"https:\/\/bio4you.eu\/et\/otsi?controller=search&amp;order=product.position.desc&amp;s=kookosjahu\" target=\"_blank\" rel=\"noopener\"><span style=\"color: #99cc00;\">kookosjahu<\/span><\/a><\/li>\n<li>1dl <a href=\"https:\/\/bio4you.eu\/et\/otsi?controller=search&amp;order=product.position.desc&amp;s=mandlijahu\">mandlijahu<\/a><\/li>\n<li>4 dl t\u00e4istera rukkijahu<\/li>\n<li>1 dl <a href=\"https:\/\/bio4you.eu\/et\/marjad-paehklid-ja-seemned\/2506-chia-seemned-350g-medicura.html?search_query=chia&amp;results=22\" target=\"_blank\" rel=\"noopener\"><span style=\"color: #99cc00;\">chia seemneid<\/span><\/a><\/li>\n<li>2 tl <a href=\"https:\/\/bio4you.eu\/et\/kuepsetamiseks\/2565-kuepsetuspulber-gluteenivaba-3x18g-baule-volante.html?search_query=kupsetuspulber&amp;results=6\"><span style=\"color: #99cc00;\">k\u00fcpsetuspulbrit<\/span><\/a><\/li>\n<li>1 tl <a href=\"http:\/\/bio4you.eu\/et\/maitseained\/995-tseiloni-kaneel-10g-cosmoveda.html?utm_source=bioretsept&amp;utm_medium=retseptireklaam&amp;utm_campaign=Retsept\" target=\"_blank\" rel=\"noopener\"><span style=\"color: #99cc00;\">kaneeli<\/span><\/a><\/li>\n<li>1\/2 tl vaniljekauna pulbrit<\/li>\n<li>1\/2 tl <a href=\"http:\/\/bio4you.eu\/et\/156-sool?utm_source=bioretsept&amp;utm_medium=retseptireklaam&amp;utm_campaign=Retsept\" target=\"_blank\" rel=\"noopener\"><span style=\"color: #99cc00;\">soola<\/span><\/a><\/li>\n<li>4 spl <a href=\"https:\/\/bio4you.eu\/et\/otsi?controller=search&amp;order=product.position.desc&amp;s=kookospalmisuhkur\" target=\"_blank\" rel=\"noopener\"><span style=\"color: #99cc00;\">kookossuhkrut<\/span><\/a><\/li>\n<li>2 kuhjaga spl <a href=\"https:\/\/bio4you.eu\/et\/olid-kastmed-kreemid\/3867-extra-virgin-kookosoli-500ml.html\" target=\"_blank\" rel=\"noopener\"><span style=\"color: #99cc00;\">kookos\u00f5li<\/span><\/a><\/li>\n<li>soovi korral 3 spl p\u00e4evalilleseemneid, rosinaid vms.<\/li>\n<\/ul>\n","protected":false},"featured_media":3058,"comment_status":"open","ping_status":"closed","template":"","meta":{"_exactmetrics_skip_tracking":false,"_exactmetrics_sitenote_active":false,"_exactmetrics_sitenote_note":"","_exactmetrics_sitenote_category":0},"product_cat":[59,60,382,383,280],"product_tag":[],"class_list":{"0":"post-2981","1":"product","2":"type-product","3":"status-publish","4":"has-post-thumbnail","6":"product_cat-featured","7":"product_cat-toiduretseptid","8":"product_cat-vegan-toiduretseptid","9":"product_cat-taimetoit","10":"product_cat-koogid-ja-kupsised","12":"first","13":"instock","14":"shipping-taxable","15":"product-type-simple"},"yoast_head":"<!-- This site is optimized with the Yoast SEO plugin v23.3 - https:\/\/yoast.com\/wordpress\/plugins\/seo\/ -->\n<title>Mahlane banaanileib - bio4you.eu\/retseptid<\/title>\n<meta name=\"robots\" content=\"index, follow, max-snippet:-1, max-image-preview:large, max-video-preview:-1\" \/>\n<link rel=\"canonical\" href=\"https:\/\/bio4you.eu\/retseptid\/toode\/mahlane-banaanileib\/\" \/>\n<meta property=\"og:locale\" content=\"et_EE\" \/>\n<meta property=\"og:type\" content=\"article\" \/>\n<meta property=\"og:title\" content=\"Mahlane banaanileib - bio4you.eu\/retseptid\" \/>\n<meta property=\"og:description\" content=\"Vaja l\u00e4heb:   5 banaani (4 taignasse ja 1 leiva peale)  peot\u00e4is datleid  1 dl kookosjahu  1dl mandlijahu  4 dl t\u00e4istera rukkijahu  1 dl chia seemneid  2 tl k\u00fcpsetuspulbrit  1 tl kaneeli  1\/2 tl vaniljekauna pulbrit  1\/2 tl soola  4 spl kookossuhkrut  2 kuhjaga spl kookos\u00f5li  soovi korral 3 spl p\u00e4evalilleseemneid, rosinaid vms.\" \/>\n<meta property=\"og:url\" content=\"https:\/\/bio4you.eu\/retseptid\/toode\/mahlane-banaanileib\/\" \/>\n<meta property=\"og:site_name\" content=\"bio4you.eu\/retseptid\" \/>\n<meta property=\"article:modified_time\" content=\"2022-05-12T07:13:56+00:00\" \/>\n<meta property=\"og:image\" content=\"https:\/\/bio4you.eu\/retseptid\/wp-content\/uploads\/2016\/09\/IMG_2672.jpg\" \/>\n\t<meta property=\"og:image:width\" content=\"640\" \/>\n\t<meta property=\"og:image:height\" content=\"457\" \/>\n\t<meta property=\"og:image:type\" content=\"image\/jpeg\" \/>\n<meta name=\"twitter:label1\" content=\"Est. reading time\" \/>\n\t<meta name=\"twitter:data1\" content=\"1 minut\" \/>\n<script type=\"application\/ld+json\" class=\"yoast-schema-graph\">{\"@context\":\"https:\/\/schema.org\",\"@graph\":[{\"@type\":\"WebPage\",\"@id\":\"https:\/\/bio4you.eu\/retseptid\/toode\/mahlane-banaanileib\/\",\"url\":\"https:\/\/bio4you.eu\/retseptid\/toode\/mahlane-banaanileib\/\",\"name\":\"Mahlane banaanileib - bio4you.eu\/retseptid\",\"isPartOf\":{\"@id\":\"https:\/\/bio4you.eu\/retseptid\/#website\"},\"primaryImageOfPage\":{\"@id\":\"https:\/\/bio4you.eu\/retseptid\/toode\/mahlane-banaanileib\/#primaryimage\"},\"image\":{\"@id\":\"https:\/\/bio4you.eu\/retseptid\/toode\/mahlane-banaanileib\/#primaryimage\"},\"thumbnailUrl\":\"https:\/\/bio4you.eu\/retseptid\/wp-content\/uploads\/2016\/09\/IMG_2672.jpg\",\"datePublished\":\"2016-09-28T08:27:51+00:00\",\"dateModified\":\"2022-05-12T07:13:56+00:00\",\"breadcrumb\":{\"@id\":\"https:\/\/bio4you.eu\/retseptid\/toode\/mahlane-banaanileib\/#breadcrumb\"},\"inLanguage\":\"et\",\"potentialAction\":[{\"@type\":\"ReadAction\",\"target\":[\"https:\/\/bio4you.eu\/retseptid\/toode\/mahlane-banaanileib\/\"]}]},{\"@type\":\"ImageObject\",\"inLanguage\":\"et\",\"@id\":\"https:\/\/bio4you.eu\/retseptid\/toode\/mahlane-banaanileib\/#primaryimage\",\"url\":\"https:\/\/bio4you.eu\/retseptid\/wp-content\/uploads\/2016\/09\/IMG_2672.jpg\",\"contentUrl\":\"https:\/\/bio4you.eu\/retseptid\/wp-content\/uploads\/2016\/09\/IMG_2672.jpg\",\"width\":640,\"height\":457},{\"@type\":\"BreadcrumbList\",\"@id\":\"https:\/\/bio4you.eu\/retseptid\/toode\/mahlane-banaanileib\/#breadcrumb\",\"itemListElement\":[{\"@type\":\"ListItem\",\"position\":1,\"name\":\"Home\",\"item\":\"https:\/\/bio4you.eu\/retseptid\/\"},{\"@type\":\"ListItem\",\"position\":2,\"name\":\"Mahlane banaanileib\"}]},{\"@type\":\"WebSite\",\"@id\":\"https:\/\/bio4you.eu\/retseptid\/#website\",\"url\":\"https:\/\/bio4you.eu\/retseptid\/\",\"name\":\"bio4you.eu\/retseptid\",\"description\":\"\u00d6ko retseptid ise tegemiseks, looduslikest koostisainetest. Maitsev toit, iluhooldus, kodupuhastus ja aiandus.\",\"potentialAction\":[{\"@type\":\"SearchAction\",\"target\":{\"@type\":\"EntryPoint\",\"urlTemplate\":\"https:\/\/bio4you.eu\/retseptid\/?s={search_term_string}\"},\"query-input\":\"required name=search_term_string\"}],\"inLanguage\":\"et\"}]}<\/script>\n<!-- \/ Yoast SEO plugin. -->","yoast_head_json":{"title":"Mahlane banaanileib - bio4you.eu\/retseptid","robots":{"index":"index","follow":"follow","max-snippet":"max-snippet:-1","max-image-preview":"max-image-preview:large","max-video-preview":"max-video-preview:-1"},"canonical":"https:\/\/bio4you.eu\/retseptid\/toode\/mahlane-banaanileib\/","og_locale":"et_EE","og_type":"article","og_title":"Mahlane banaanileib - bio4you.eu\/retseptid","og_description":"Vaja l\u00e4heb:   5 banaani (4 taignasse ja 1 leiva peale)  peot\u00e4is datleid  1 dl kookosjahu  1dl mandlijahu  4 dl t\u00e4istera rukkijahu  1 dl chia seemneid  2 tl k\u00fcpsetuspulbrit  1 tl kaneeli  1\/2 tl vaniljekauna pulbrit  1\/2 tl soola  4 spl kookossuhkrut  2 kuhjaga spl kookos\u00f5li  soovi korral 3 spl p\u00e4evalilleseemneid, rosinaid vms.","og_url":"https:\/\/bio4you.eu\/retseptid\/toode\/mahlane-banaanileib\/","og_site_name":"bio4you.eu\/retseptid","article_modified_time":"2022-05-12T07:13:56+00:00","og_image":[{"width":640,"height":457,"url":"https:\/\/bio4you.eu\/retseptid\/wp-content\/uploads\/2016\/09\/IMG_2672.jpg","type":"image\/jpeg"}],"twitter_misc":{"Est. reading time":"1 minut"},"schema":{"@context":"https:\/\/schema.org","@graph":[{"@type":"WebPage","@id":"https:\/\/bio4you.eu\/retseptid\/toode\/mahlane-banaanileib\/","url":"https:\/\/bio4you.eu\/retseptid\/toode\/mahlane-banaanileib\/","name":"Mahlane banaanileib - bio4you.eu\/retseptid","isPartOf":{"@id":"https:\/\/bio4you.eu\/retseptid\/#website"},"primaryImageOfPage":{"@id":"https:\/\/bio4you.eu\/retseptid\/toode\/mahlane-banaanileib\/#primaryimage"},"image":{"@id":"https:\/\/bio4you.eu\/retseptid\/toode\/mahlane-banaanileib\/#primaryimage"},"thumbnailUrl":"https:\/\/bio4you.eu\/retseptid\/wp-content\/uploads\/2016\/09\/IMG_2672.jpg","datePublished":"2016-09-28T08:27:51+00:00","dateModified":"2022-05-12T07:13:56+00:00","breadcrumb":{"@id":"https:\/\/bio4you.eu\/retseptid\/toode\/mahlane-banaanileib\/#breadcrumb"},"inLanguage":"et","potentialAction":[{"@type":"ReadAction","target":["https:\/\/bio4you.eu\/retseptid\/toode\/mahlane-banaanileib\/"]}]},{"@type":"ImageObject","inLanguage":"et","@id":"https:\/\/bio4you.eu\/retseptid\/toode\/mahlane-banaanileib\/#primaryimage","url":"https:\/\/bio4you.eu\/retseptid\/wp-content\/uploads\/2016\/09\/IMG_2672.jpg","contentUrl":"https:\/\/bio4you.eu\/retseptid\/wp-content\/uploads\/2016\/09\/IMG_2672.jpg","width":640,"height":457},{"@type":"BreadcrumbList","@id":"https:\/\/bio4you.eu\/retseptid\/toode\/mahlane-banaanileib\/#breadcrumb","itemListElement":[{"@type":"ListItem","position":1,"name":"Home","item":"https:\/\/bio4you.eu\/retseptid\/"},{"@type":"ListItem","position":2,"name":"Mahlane banaanileib"}]},{"@type":"WebSite","@id":"https:\/\/bio4you.eu\/retseptid\/#website","url":"https:\/\/bio4you.eu\/retseptid\/","name":"bio4you.eu\/retseptid","description":"\u00d6ko retseptid ise tegemiseks, looduslikest koostisainetest. Maitsev toit, iluhooldus, kodupuhastus ja aiandus.","potentialAction":[{"@type":"SearchAction","target":{"@type":"EntryPoint","urlTemplate":"https:\/\/bio4you.eu\/retseptid\/?s={search_term_string}"},"query-input":"required name=search_term_string"}],"inLanguage":"et"}]}},"_links":{"self":[{"href":"https:\/\/bio4you.eu\/retseptid\/wp-json\/wp\/v2\/product\/2981"}],"collection":[{"href":"https:\/\/bio4you.eu\/retseptid\/wp-json\/wp\/v2\/product"}],"about":[{"href":"https:\/\/bio4you.eu\/retseptid\/wp-json\/wp\/v2\/types\/product"}],"replies":[{"embeddable":true,"href":"https:\/\/bio4you.eu\/retseptid\/wp-json\/wp\/v2\/comments?post=2981"}],"wp:featuredmedia":[{"embeddable":true,"href":"https:\/\/bio4you.eu\/retseptid\/wp-json\/wp\/v2\/media\/3058"}],"wp:attachment":[{"href":"https:\/\/bio4you.eu\/retseptid\/wp-json\/wp\/v2\/media?parent=2981"}],"wp:term":[{"taxonomy":"product_cat","embeddable":true,"href":"https:\/\/bio4you.eu\/retseptid\/wp-json\/wp\/v2\/product_cat?post=2981"},{"taxonomy":"product_tag","embeddable":true,"href":"https:\/\/bio4you.eu\/retseptid\/wp-json\/wp\/v2\/product_tag?post=2981"}],"curies":[{"name":"wp","href":"https:\/\/api.w.org\/{rel}","templated":true}]}}