{"id":2995,"date":"2016-10-05T12:00:24","date_gmt":"2016-10-05T09:00:24","guid":{"rendered":"https:\/\/bio4you.eu\/retseptid\/?post_type=product&#038;p=2995"},"modified":"2022-05-17T10:06:53","modified_gmt":"2022-05-17T07:06:53","slug":"2995","status":"publish","type":"product","link":"https:\/\/bio4you.eu\/retseptid\/toode\/2995\/","title":{"rendered":"Tervislik brownie kirssidega"},"content":{"rendered":"<p>Valmistamine:<br \/>\nPane banaanid, kurnatud oad, kakao, kaarobijahu blendrisse ning blenderda \u00fchtlaseks massiks. Kalla segu kaussi ja lisa sellele muna, mandlijahu, Kreeka jogurt, stevia, kaneel ning kohvipulber.<br \/>\nVala tainas kandilisse ahjuvormi ning laota peale kirsid v\u00f5i murelid.<br \/>\nK\u00fcpseta 200 kraadi juures 30-35 minutit. V\u00f5id k\u00fcpsust kontrollida tiku v\u00f5i noaga: kui need j\u00e4\u00e4vad taignast puhtaks, on kook valmis.<\/p>\n<p>Glasuuriks sulata kookosrasv ja lisa sellele kakao v\u00f5i jaanikaunapulber. M\u00e4\u00e4ri glasuur koogile ja serveeri kreeka jogurtiga.<\/p>\n<p>Retsepti autor: <a href=\"http:\/\/v6idan-kaotades.blogspot.com.ee\" target=\"_blank\" rel=\"noopener\"><span style=\"color: #99cc00;\">Helena K\u00f5ivsaar<\/span><\/a><\/p>\n","protected":false},"excerpt":{"rendered":"<p>Vaja l\u00e4heb:<\/p>\n<ul>\n<li>4 muna<\/li>\n<li>250 g banaani<\/li>\n<li>30 g<a href=\"http:\/\/bio4you.eu\/et\/toorkakao-tooted\/1725-toorkakao-pulber-250g-nutrisslim.html?search_query=toorkakao&amp;results=14&amp;utm_source=Bioretsept&amp;utm_medium=Retseptireklaam&amp;utm_campaign=Retsept\" target=\"_blank\" rel=\"noopener\"><span style=\"color: #99cc00;\"> toorkakaod\u00a0<\/span><\/a><\/li>\n<li style=\"text-align: left;\">30 g jaanikauna e kaarobipulbrit<\/li>\n<li>110 g mandlijahu<\/li>\n<li>200 g musti v\u00f5i punaseid konservube<\/li>\n<li>200 g 4% Kreeka jogurtit<\/li>\n<li>150 g kirsse v\u00f5i mureleid<\/li>\n<li>3 spl lahustuva kohvi pulbrit v\u00f5i <a href=\"https:\/\/bio4you.eu\/et\/kohviasendajad\/4036-lahustuv-viljakohvi-segu-100g.html?utm_source=bioretsept&amp;utm_medium=retsept&amp;utm_campaign=retsept\" target=\"_blank\" rel=\"noopener\"><span style=\"color: #99cc00;\">viljakohvi pulbrit<\/span><\/a><\/li>\n<li>3-4 ml vedelat steviat<\/li>\n<li>1 tl <a href=\"http:\/\/bio4you.eu\/et\/maitseained\/995-tseiloni-kaneel-10g-cosmoveda.html?utm_source=bioretsept&amp;utm_medium=retseptireklaam&amp;utm_campaign=Retsept\" target=\"_blank\" rel=\"noopener\"><span style=\"color: #99cc00;\">kaneeli<\/span><\/a><\/li>\n<\/ul>\n<p>Glasuuri jaoks:<\/p>\n<ul>\n<li>2 spl <a href=\"http:\/\/bio4you.eu\/et\/olid\/582-kookosrasv-300g-cosmoveda.html?search_query=kookosrasv&amp;results=37&amp;utm_source=Bioretsept&amp;utm_medium=Retseptireklaam&amp;utm_campaign=Retsept\" target=\"_blank\" rel=\"noopener\"><span style=\"color: #99cc00;\">kookosrasva\u00a0<\/span><\/a><\/li>\n<li>1 spl <a href=\"http:\/\/bio4you.eu\/et\/toorkakao-tooted\/1725-toorkakao-pulber-250g-nutrisslim.html?search_query=toorkakao&amp;results=14&amp;utm_source=Bioretsept&amp;utm_medium=Retseptireklaam&amp;utm_campaign=Retsept\" target=\"_blank\" rel=\"noopener\"><span style=\"color: #99cc00;\">kakaod<\/span><\/a><\/li>\n<\/ul>\n","protected":false},"featured_media":3034,"comment_status":"open","ping_status":"closed","template":"","meta":{"_exactmetrics_skip_tracking":false,"_exactmetrics_sitenote_active":false,"_exactmetrics_sitenote_note":"","_exactmetrics_sitenote_category":0},"product_cat":[59,60,383,280],"product_tag":[],"class_list":{"0":"post-2995","1":"product","2":"type-product","3":"status-publish","4":"has-post-thumbnail","6":"product_cat-featured","7":"product_cat-toiduretseptid","8":"product_cat-taimetoit","9":"product_cat-koogid-ja-kupsised","11":"first","12":"instock","13":"shipping-taxable","14":"product-type-simple"},"yoast_head":"<!-- This site is optimized with the Yoast SEO plugin v23.3 - https:\/\/yoast.com\/wordpress\/plugins\/seo\/ -->\n<title>Tervislik brownie kirssidega - bio4you.eu\/retseptid<\/title>\n<meta name=\"robots\" content=\"index, follow, max-snippet:-1, max-image-preview:large, max-video-preview:-1\" \/>\n<link rel=\"canonical\" href=\"https:\/\/bio4you.eu\/retseptid\/toode\/2995\/\" \/>\n<meta property=\"og:locale\" content=\"et_EE\" \/>\n<meta property=\"og:type\" content=\"article\" \/>\n<meta property=\"og:title\" content=\"Tervislik brownie kirssidega - bio4you.eu\/retseptid\" \/>\n<meta property=\"og:description\" content=\"Vaja l\u00e4heb:   4 muna  250 g banaani  30 g toorkakaod\u00a0  30 g jaanikauna e kaarobipulbrit  110 g mandlijahu  200 g musti v\u00f5i punaseid konservube  200 g 4% Kreeka jogurtit  150 g kirsse v\u00f5i mureleid  3 spl lahustuva kohvi pulbrit v\u00f5i viljakohvi pulbrit  3-4 ml vedelat steviat  1 tl kaneeli  Glasuuri jaoks:   2 spl kookosrasva\u00a0  1 spl kakaod\" \/>\n<meta property=\"og:url\" content=\"https:\/\/bio4you.eu\/retseptid\/toode\/2995\/\" \/>\n<meta property=\"og:site_name\" content=\"bio4you.eu\/retseptid\" \/>\n<meta property=\"article:modified_time\" content=\"2022-05-17T07:06:53+00:00\" \/>\n<meta property=\"og:image\" content=\"https:\/\/bio4you.eu\/retseptid\/wp-content\/uploads\/2016\/10\/DSC_0126-2.jpg\" \/>\n\t<meta property=\"og:image:width\" content=\"810\" \/>\n\t<meta property=\"og:image:height\" content=\"1220\" \/>\n\t<meta property=\"og:image:type\" content=\"image\/jpeg\" \/>\n<meta name=\"twitter:label1\" content=\"Est. reading time\" \/>\n\t<meta name=\"twitter:data1\" content=\"1 minut\" \/>\n<script type=\"application\/ld+json\" class=\"yoast-schema-graph\">{\"@context\":\"https:\/\/schema.org\",\"@graph\":[{\"@type\":\"WebPage\",\"@id\":\"https:\/\/bio4you.eu\/retseptid\/toode\/2995\/\",\"url\":\"https:\/\/bio4you.eu\/retseptid\/toode\/2995\/\",\"name\":\"Tervislik brownie kirssidega - bio4you.eu\/retseptid\",\"isPartOf\":{\"@id\":\"https:\/\/bio4you.eu\/retseptid\/#website\"},\"primaryImageOfPage\":{\"@id\":\"https:\/\/bio4you.eu\/retseptid\/toode\/2995\/#primaryimage\"},\"image\":{\"@id\":\"https:\/\/bio4you.eu\/retseptid\/toode\/2995\/#primaryimage\"},\"thumbnailUrl\":\"https:\/\/bio4you.eu\/retseptid\/wp-content\/uploads\/2016\/10\/DSC_0126-2.jpg\",\"datePublished\":\"2016-10-05T09:00:24+00:00\",\"dateModified\":\"2022-05-17T07:06:53+00:00\",\"breadcrumb\":{\"@id\":\"https:\/\/bio4you.eu\/retseptid\/toode\/2995\/#breadcrumb\"},\"inLanguage\":\"et\",\"potentialAction\":[{\"@type\":\"ReadAction\",\"target\":[\"https:\/\/bio4you.eu\/retseptid\/toode\/2995\/\"]}]},{\"@type\":\"ImageObject\",\"inLanguage\":\"et\",\"@id\":\"https:\/\/bio4you.eu\/retseptid\/toode\/2995\/#primaryimage\",\"url\":\"https:\/\/bio4you.eu\/retseptid\/wp-content\/uploads\/2016\/10\/DSC_0126-2.jpg\",\"contentUrl\":\"https:\/\/bio4you.eu\/retseptid\/wp-content\/uploads\/2016\/10\/DSC_0126-2.jpg\",\"width\":810,\"height\":1220},{\"@type\":\"BreadcrumbList\",\"@id\":\"https:\/\/bio4you.eu\/retseptid\/toode\/2995\/#breadcrumb\",\"itemListElement\":[{\"@type\":\"ListItem\",\"position\":1,\"name\":\"Home\",\"item\":\"https:\/\/bio4you.eu\/retseptid\/\"},{\"@type\":\"ListItem\",\"position\":2,\"name\":\"Tervislik brownie kirssidega\"}]},{\"@type\":\"WebSite\",\"@id\":\"https:\/\/bio4you.eu\/retseptid\/#website\",\"url\":\"https:\/\/bio4you.eu\/retseptid\/\",\"name\":\"bio4you.eu\/retseptid\",\"description\":\"\u00d6ko retseptid ise tegemiseks, looduslikest koostisainetest. Maitsev toit, iluhooldus, kodupuhastus ja aiandus.\",\"potentialAction\":[{\"@type\":\"SearchAction\",\"target\":{\"@type\":\"EntryPoint\",\"urlTemplate\":\"https:\/\/bio4you.eu\/retseptid\/?s={search_term_string}\"},\"query-input\":\"required name=search_term_string\"}],\"inLanguage\":\"et\"}]}<\/script>\n<!-- \/ Yoast SEO plugin. -->","yoast_head_json":{"title":"Tervislik brownie kirssidega - bio4you.eu\/retseptid","robots":{"index":"index","follow":"follow","max-snippet":"max-snippet:-1","max-image-preview":"max-image-preview:large","max-video-preview":"max-video-preview:-1"},"canonical":"https:\/\/bio4you.eu\/retseptid\/toode\/2995\/","og_locale":"et_EE","og_type":"article","og_title":"Tervislik brownie kirssidega - bio4you.eu\/retseptid","og_description":"Vaja l\u00e4heb:   4 muna  250 g banaani  30 g toorkakaod\u00a0  30 g jaanikauna e kaarobipulbrit  110 g mandlijahu  200 g musti v\u00f5i punaseid konservube  200 g 4% Kreeka jogurtit  150 g kirsse v\u00f5i mureleid  3 spl lahustuva kohvi pulbrit v\u00f5i viljakohvi pulbrit  3-4 ml vedelat steviat  1 tl kaneeli  Glasuuri jaoks:   2 spl kookosrasva\u00a0  1 spl kakaod","og_url":"https:\/\/bio4you.eu\/retseptid\/toode\/2995\/","og_site_name":"bio4you.eu\/retseptid","article_modified_time":"2022-05-17T07:06:53+00:00","og_image":[{"width":810,"height":1220,"url":"https:\/\/bio4you.eu\/retseptid\/wp-content\/uploads\/2016\/10\/DSC_0126-2.jpg","type":"image\/jpeg"}],"twitter_misc":{"Est. reading time":"1 minut"},"schema":{"@context":"https:\/\/schema.org","@graph":[{"@type":"WebPage","@id":"https:\/\/bio4you.eu\/retseptid\/toode\/2995\/","url":"https:\/\/bio4you.eu\/retseptid\/toode\/2995\/","name":"Tervislik brownie kirssidega - bio4you.eu\/retseptid","isPartOf":{"@id":"https:\/\/bio4you.eu\/retseptid\/#website"},"primaryImageOfPage":{"@id":"https:\/\/bio4you.eu\/retseptid\/toode\/2995\/#primaryimage"},"image":{"@id":"https:\/\/bio4you.eu\/retseptid\/toode\/2995\/#primaryimage"},"thumbnailUrl":"https:\/\/bio4you.eu\/retseptid\/wp-content\/uploads\/2016\/10\/DSC_0126-2.jpg","datePublished":"2016-10-05T09:00:24+00:00","dateModified":"2022-05-17T07:06:53+00:00","breadcrumb":{"@id":"https:\/\/bio4you.eu\/retseptid\/toode\/2995\/#breadcrumb"},"inLanguage":"et","potentialAction":[{"@type":"ReadAction","target":["https:\/\/bio4you.eu\/retseptid\/toode\/2995\/"]}]},{"@type":"ImageObject","inLanguage":"et","@id":"https:\/\/bio4you.eu\/retseptid\/toode\/2995\/#primaryimage","url":"https:\/\/bio4you.eu\/retseptid\/wp-content\/uploads\/2016\/10\/DSC_0126-2.jpg","contentUrl":"https:\/\/bio4you.eu\/retseptid\/wp-content\/uploads\/2016\/10\/DSC_0126-2.jpg","width":810,"height":1220},{"@type":"BreadcrumbList","@id":"https:\/\/bio4you.eu\/retseptid\/toode\/2995\/#breadcrumb","itemListElement":[{"@type":"ListItem","position":1,"name":"Home","item":"https:\/\/bio4you.eu\/retseptid\/"},{"@type":"ListItem","position":2,"name":"Tervislik brownie kirssidega"}]},{"@type":"WebSite","@id":"https:\/\/bio4you.eu\/retseptid\/#website","url":"https:\/\/bio4you.eu\/retseptid\/","name":"bio4you.eu\/retseptid","description":"\u00d6ko retseptid ise tegemiseks, looduslikest koostisainetest. Maitsev toit, iluhooldus, kodupuhastus ja aiandus.","potentialAction":[{"@type":"SearchAction","target":{"@type":"EntryPoint","urlTemplate":"https:\/\/bio4you.eu\/retseptid\/?s={search_term_string}"},"query-input":"required name=search_term_string"}],"inLanguage":"et"}]}},"_links":{"self":[{"href":"https:\/\/bio4you.eu\/retseptid\/wp-json\/wp\/v2\/product\/2995"}],"collection":[{"href":"https:\/\/bio4you.eu\/retseptid\/wp-json\/wp\/v2\/product"}],"about":[{"href":"https:\/\/bio4you.eu\/retseptid\/wp-json\/wp\/v2\/types\/product"}],"replies":[{"embeddable":true,"href":"https:\/\/bio4you.eu\/retseptid\/wp-json\/wp\/v2\/comments?post=2995"}],"wp:featuredmedia":[{"embeddable":true,"href":"https:\/\/bio4you.eu\/retseptid\/wp-json\/wp\/v2\/media\/3034"}],"wp:attachment":[{"href":"https:\/\/bio4you.eu\/retseptid\/wp-json\/wp\/v2\/media?parent=2995"}],"wp:term":[{"taxonomy":"product_cat","embeddable":true,"href":"https:\/\/bio4you.eu\/retseptid\/wp-json\/wp\/v2\/product_cat?post=2995"},{"taxonomy":"product_tag","embeddable":true,"href":"https:\/\/bio4you.eu\/retseptid\/wp-json\/wp\/v2\/product_tag?post=2995"}],"curies":[{"name":"wp","href":"https:\/\/api.w.org\/{rel}","templated":true}]}}