{"id":2999,"date":"2016-10-06T11:01:30","date_gmt":"2016-10-06T08:01:30","guid":{"rendered":"https:\/\/bio4you.eu\/retseptid\/?post_type=product&#038;p=2999"},"modified":"2022-05-12T14:45:18","modified_gmt":"2022-05-12T11:45:18","slug":"digestive-kupsised","status":"publish","type":"product","link":"https:\/\/bio4you.eu\/retseptid\/toode\/digestive-kupsised\/","title":{"rendered":"Digestive k\u00fcpsised"},"content":{"rendered":"<p>Valmistamine:<br \/>\nPane ahi 180 kraadi juurde soojenema. Jahvata k\u00f6\u00f6gikombainis v\u00f5i blenderis kaerahelbed jahuks (m\u00f5ned suuremad t\u00fckid v\u00f5ivad j\u00e4\u00e4da). Vala kaerahelvestest saadud jahu suuremasse kaussi ning \u00a0sega kokku jahusegu, himaalaja soola, k\u00fcpsetuspulbri ning kookossuhkruga. Kui kasutad himaalaja soola asemel tavalist soola, siis v\u00e4henda kogust poole teelusikani. N\u00fc\u00fcd lisa kookos\u00f5li ning hakka k\u00e4tega mudima. Kui oled saanud kuiva puru, siis hakka v\u00e4hehaaval lisama piima ning mudi edasi kuni saad pehme taignapalli, mis hoiab ilusti kokku.<br \/>\nPuista lauale jahu ning rulli taignapall \u00fchtlaselt 4-5 mm paksuseks. K\u00fcpsised ei paisu ahjus, seega tuleks teha need just nii paksud nagu soovitud l\u00f5pptulemus. K\u00fcpseta ahjus k\u00fcpsetuspaberiga kaetud ahjuplaadil umbes 10 minutit v\u00f5i kuni k\u00fcpsised on kuldpruunid. Enne serveerimist lase t\u00e4ielikult jahtuda.<\/p>\n","protected":false},"excerpt":{"rendered":"<p>Vaja l\u00e4heb:<\/p>\n<ul>\n<li>200 g <a href=\"http:\/\/bio4you.eu\/et\/gluteenivabad-jahusegud\/2000-jahusegu-saia-kupsetamiseks-gluteenivaba-800g-bauckhof.html?utm_source=bioretsept&amp;utm_medium=retseptireklaam&amp;utm_campaign=Retsept\" target=\"_blank\" rel=\"noopener\"><span style=\"color: #99cc00;\">jahusegu<\/span><\/a> + 1 spl rullimiseks<\/li>\n<li>70 g <span style=\"color: #99cc00;\"><a href=\"http:\/\/bio4you.eu\/et\/helbed\/1428-kaerahelbed-gluteenivabad-475g-bauckhof.html?utm_source=bioretsept&amp;utm_medium=retseptireklaam&amp;utm_campaign=Retsept\" target=\"_blank\" rel=\"noopener\"><span style=\"color: #99cc00;\">kaerahelbeid<\/span><\/a><\/span><\/li>\n<li>1 tl k\u00fcpsetuspulbrit<\/li>\n<li>1 tl himaalaja soola<\/li>\n<li>50 g <a href=\"https:\/\/bio4you.eu\/et\/maitseained-ja-magustajad\/4383-kookospalmisuhkur-250g.html?utm_source=bioretsept&amp;utm_medium=blogi&amp;utm_campaign=retsept\" target=\"_blank\" rel=\"noopener\"><span style=\"color: #99cc00;\">kookossuhkrut<\/span><\/a><\/li>\n<li>80 g <a href=\"https:\/\/bio4you.eu\/et\/bio-toit\/3867-extra-virgin-kookosoli-500ml.html?utm_source=bioretsept&amp;utm_medium=blogi&amp;utm_campaign=retsept\" target=\"_blank\" rel=\"noopener\"><span style=\"color: #99cc00;\">kookos\u00f5li<\/span><\/a><\/li>\n<li>7 spl <a href=\"http:\/\/bio4you.eu\/et\/124-taimsed-piimad-ja-koored?utm_source=bioretsept&amp;utm_medium=Retseptireklaam&amp;utm_campaign=Retsept\" target=\"_blank\" rel=\"noopener\"><span style=\"color: #99cc00;\">taimset piima<\/span><\/a><\/li>\n<\/ul>\n","protected":false},"featured_media":3042,"comment_status":"open","ping_status":"closed","template":"","meta":{"_exactmetrics_skip_tracking":false,"_exactmetrics_sitenote_active":false,"_exactmetrics_sitenote_note":"","_exactmetrics_sitenote_category":0},"product_cat":[59,60,382,383,280],"product_tag":[],"class_list":{"0":"post-2999","1":"product","2":"type-product","3":"status-publish","4":"has-post-thumbnail","6":"product_cat-featured","7":"product_cat-toiduretseptid","8":"product_cat-vegan-toiduretseptid","9":"product_cat-taimetoit","10":"product_cat-koogid-ja-kupsised","12":"first","13":"instock","14":"shipping-taxable","15":"product-type-simple"},"yoast_head":"<!-- This site is optimized with the Yoast SEO plugin v23.3 - https:\/\/yoast.com\/wordpress\/plugins\/seo\/ -->\n<title>Digestive k\u00fcpsised - bio4you.eu\/retseptid<\/title>\n<meta name=\"robots\" content=\"index, follow, max-snippet:-1, max-image-preview:large, max-video-preview:-1\" \/>\n<link rel=\"canonical\" href=\"https:\/\/bio4you.eu\/retseptid\/toode\/digestive-kupsised\/\" \/>\n<meta property=\"og:locale\" content=\"et_EE\" \/>\n<meta property=\"og:type\" content=\"article\" \/>\n<meta property=\"og:title\" content=\"Digestive k\u00fcpsised - bio4you.eu\/retseptid\" \/>\n<meta property=\"og:description\" content=\"Vaja l\u00e4heb:   200 g jahusegu + 1 spl rullimiseks  70 g kaerahelbeid  1 tl k\u00fcpsetuspulbrit  1 tl himaalaja soola  50 g kookossuhkrut  80 g kookos\u00f5li  7 spl taimset piima\" \/>\n<meta property=\"og:url\" content=\"https:\/\/bio4you.eu\/retseptid\/toode\/digestive-kupsised\/\" \/>\n<meta property=\"og:site_name\" content=\"bio4you.eu\/retseptid\" \/>\n<meta property=\"article:modified_time\" content=\"2022-05-12T11:45:18+00:00\" \/>\n<meta property=\"og:image\" content=\"https:\/\/bio4you.eu\/retseptid\/wp-content\/uploads\/2016\/10\/IMG_5640.jpg\" \/>\n\t<meta property=\"og:image:width\" content=\"640\" \/>\n\t<meta property=\"og:image:height\" content=\"427\" \/>\n\t<meta property=\"og:image:type\" content=\"image\/jpeg\" \/>\n<meta name=\"twitter:label1\" content=\"Est. reading time\" \/>\n\t<meta name=\"twitter:data1\" content=\"1 minut\" \/>\n<script type=\"application\/ld+json\" class=\"yoast-schema-graph\">{\"@context\":\"https:\/\/schema.org\",\"@graph\":[{\"@type\":\"WebPage\",\"@id\":\"https:\/\/bio4you.eu\/retseptid\/toode\/digestive-kupsised\/\",\"url\":\"https:\/\/bio4you.eu\/retseptid\/toode\/digestive-kupsised\/\",\"name\":\"Digestive k\u00fcpsised - bio4you.eu\/retseptid\",\"isPartOf\":{\"@id\":\"https:\/\/bio4you.eu\/retseptid\/#website\"},\"primaryImageOfPage\":{\"@id\":\"https:\/\/bio4you.eu\/retseptid\/toode\/digestive-kupsised\/#primaryimage\"},\"image\":{\"@id\":\"https:\/\/bio4you.eu\/retseptid\/toode\/digestive-kupsised\/#primaryimage\"},\"thumbnailUrl\":\"https:\/\/bio4you.eu\/retseptid\/wp-content\/uploads\/2016\/10\/IMG_5640.jpg\",\"datePublished\":\"2016-10-06T08:01:30+00:00\",\"dateModified\":\"2022-05-12T11:45:18+00:00\",\"breadcrumb\":{\"@id\":\"https:\/\/bio4you.eu\/retseptid\/toode\/digestive-kupsised\/#breadcrumb\"},\"inLanguage\":\"et\",\"potentialAction\":[{\"@type\":\"ReadAction\",\"target\":[\"https:\/\/bio4you.eu\/retseptid\/toode\/digestive-kupsised\/\"]}]},{\"@type\":\"ImageObject\",\"inLanguage\":\"et\",\"@id\":\"https:\/\/bio4you.eu\/retseptid\/toode\/digestive-kupsised\/#primaryimage\",\"url\":\"https:\/\/bio4you.eu\/retseptid\/wp-content\/uploads\/2016\/10\/IMG_5640.jpg\",\"contentUrl\":\"https:\/\/bio4you.eu\/retseptid\/wp-content\/uploads\/2016\/10\/IMG_5640.jpg\",\"width\":640,\"height\":427},{\"@type\":\"BreadcrumbList\",\"@id\":\"https:\/\/bio4you.eu\/retseptid\/toode\/digestive-kupsised\/#breadcrumb\",\"itemListElement\":[{\"@type\":\"ListItem\",\"position\":1,\"name\":\"Home\",\"item\":\"https:\/\/bio4you.eu\/retseptid\/\"},{\"@type\":\"ListItem\",\"position\":2,\"name\":\"Digestive k\u00fcpsised\"}]},{\"@type\":\"WebSite\",\"@id\":\"https:\/\/bio4you.eu\/retseptid\/#website\",\"url\":\"https:\/\/bio4you.eu\/retseptid\/\",\"name\":\"bio4you.eu\/retseptid\",\"description\":\"\u00d6ko retseptid ise tegemiseks, looduslikest koostisainetest. Maitsev toit, iluhooldus, kodupuhastus ja aiandus.\",\"potentialAction\":[{\"@type\":\"SearchAction\",\"target\":{\"@type\":\"EntryPoint\",\"urlTemplate\":\"https:\/\/bio4you.eu\/retseptid\/?s={search_term_string}\"},\"query-input\":\"required name=search_term_string\"}],\"inLanguage\":\"et\"}]}<\/script>\n<!-- \/ Yoast SEO plugin. -->","yoast_head_json":{"title":"Digestive k\u00fcpsised - bio4you.eu\/retseptid","robots":{"index":"index","follow":"follow","max-snippet":"max-snippet:-1","max-image-preview":"max-image-preview:large","max-video-preview":"max-video-preview:-1"},"canonical":"https:\/\/bio4you.eu\/retseptid\/toode\/digestive-kupsised\/","og_locale":"et_EE","og_type":"article","og_title":"Digestive k\u00fcpsised - bio4you.eu\/retseptid","og_description":"Vaja l\u00e4heb:   200 g jahusegu + 1 spl rullimiseks  70 g kaerahelbeid  1 tl k\u00fcpsetuspulbrit  1 tl himaalaja soola  50 g kookossuhkrut  80 g kookos\u00f5li  7 spl taimset piima","og_url":"https:\/\/bio4you.eu\/retseptid\/toode\/digestive-kupsised\/","og_site_name":"bio4you.eu\/retseptid","article_modified_time":"2022-05-12T11:45:18+00:00","og_image":[{"width":640,"height":427,"url":"https:\/\/bio4you.eu\/retseptid\/wp-content\/uploads\/2016\/10\/IMG_5640.jpg","type":"image\/jpeg"}],"twitter_misc":{"Est. reading time":"1 minut"},"schema":{"@context":"https:\/\/schema.org","@graph":[{"@type":"WebPage","@id":"https:\/\/bio4you.eu\/retseptid\/toode\/digestive-kupsised\/","url":"https:\/\/bio4you.eu\/retseptid\/toode\/digestive-kupsised\/","name":"Digestive k\u00fcpsised - bio4you.eu\/retseptid","isPartOf":{"@id":"https:\/\/bio4you.eu\/retseptid\/#website"},"primaryImageOfPage":{"@id":"https:\/\/bio4you.eu\/retseptid\/toode\/digestive-kupsised\/#primaryimage"},"image":{"@id":"https:\/\/bio4you.eu\/retseptid\/toode\/digestive-kupsised\/#primaryimage"},"thumbnailUrl":"https:\/\/bio4you.eu\/retseptid\/wp-content\/uploads\/2016\/10\/IMG_5640.jpg","datePublished":"2016-10-06T08:01:30+00:00","dateModified":"2022-05-12T11:45:18+00:00","breadcrumb":{"@id":"https:\/\/bio4you.eu\/retseptid\/toode\/digestive-kupsised\/#breadcrumb"},"inLanguage":"et","potentialAction":[{"@type":"ReadAction","target":["https:\/\/bio4you.eu\/retseptid\/toode\/digestive-kupsised\/"]}]},{"@type":"ImageObject","inLanguage":"et","@id":"https:\/\/bio4you.eu\/retseptid\/toode\/digestive-kupsised\/#primaryimage","url":"https:\/\/bio4you.eu\/retseptid\/wp-content\/uploads\/2016\/10\/IMG_5640.jpg","contentUrl":"https:\/\/bio4you.eu\/retseptid\/wp-content\/uploads\/2016\/10\/IMG_5640.jpg","width":640,"height":427},{"@type":"BreadcrumbList","@id":"https:\/\/bio4you.eu\/retseptid\/toode\/digestive-kupsised\/#breadcrumb","itemListElement":[{"@type":"ListItem","position":1,"name":"Home","item":"https:\/\/bio4you.eu\/retseptid\/"},{"@type":"ListItem","position":2,"name":"Digestive k\u00fcpsised"}]},{"@type":"WebSite","@id":"https:\/\/bio4you.eu\/retseptid\/#website","url":"https:\/\/bio4you.eu\/retseptid\/","name":"bio4you.eu\/retseptid","description":"\u00d6ko retseptid ise tegemiseks, looduslikest koostisainetest. Maitsev toit, iluhooldus, kodupuhastus ja aiandus.","potentialAction":[{"@type":"SearchAction","target":{"@type":"EntryPoint","urlTemplate":"https:\/\/bio4you.eu\/retseptid\/?s={search_term_string}"},"query-input":"required name=search_term_string"}],"inLanguage":"et"}]}},"_links":{"self":[{"href":"https:\/\/bio4you.eu\/retseptid\/wp-json\/wp\/v2\/product\/2999"}],"collection":[{"href":"https:\/\/bio4you.eu\/retseptid\/wp-json\/wp\/v2\/product"}],"about":[{"href":"https:\/\/bio4you.eu\/retseptid\/wp-json\/wp\/v2\/types\/product"}],"replies":[{"embeddable":true,"href":"https:\/\/bio4you.eu\/retseptid\/wp-json\/wp\/v2\/comments?post=2999"}],"wp:featuredmedia":[{"embeddable":true,"href":"https:\/\/bio4you.eu\/retseptid\/wp-json\/wp\/v2\/media\/3042"}],"wp:attachment":[{"href":"https:\/\/bio4you.eu\/retseptid\/wp-json\/wp\/v2\/media?parent=2999"}],"wp:term":[{"taxonomy":"product_cat","embeddable":true,"href":"https:\/\/bio4you.eu\/retseptid\/wp-json\/wp\/v2\/product_cat?post=2999"},{"taxonomy":"product_tag","embeddable":true,"href":"https:\/\/bio4you.eu\/retseptid\/wp-json\/wp\/v2\/product_tag?post=2999"}],"curies":[{"name":"wp","href":"https:\/\/api.w.org\/{rel}","templated":true}]}}