{"id":3401,"date":"2016-10-17T13:55:53","date_gmt":"2016-10-17T10:55:53","guid":{"rendered":"https:\/\/bio4you.eu\/retseptid\/?post_type=product&#038;p=3401"},"modified":"2022-03-25T17:47:21","modified_gmt":"2022-03-25T15:47:21","slug":"kohev-kikerherne-focaccia","status":"publish","type":"product","link":"https:\/\/bio4you.eu\/retseptid\/toode\/kohev-kikerherne-focaccia\/","title":{"rendered":"Kohev kikerherne focaccia"},"content":{"rendered":"<p>Kogusest tuleb 1 suur plaadit\u00e4is.<\/p>\n<p>Valmistamine:<br \/>\nSoojenda vesi koos kikerhernestega k\u00e4esoojaks. Lisa p\u00e4rm ja p\u00fcreesta kokteilisegajas. Lisa neitsioliivi\u00f5li. Lisa osade kaupa jahu ja s\u00f5tku parajaks pehmeks taignaks. Maitsesta soolaga.<\/p>\n<div class=\"text_exposed_show\">\n<p>Kata ahjuplaat k\u00fcpsetuspaberiga. Vala tainas ahjuplaadile ja silu \u00fchtlaseks. Kata pealispind oliivi\u00f5liga ning kaunista rosmariiniga.<\/p>\n<p>NIPP HEAKS KERKIMISEKS: Kata ahjuplaat kerkimise ajaks toidukilega. Et toidukile taina k\u00fclge ei kleepuks, silu selle alumist pinda \u00f5liga v\u00f5i j\u00e4lgi, et <em>focaccia<\/em> peal oleks piisavalt \u00f5li. Soojenda ahi korraks 50 kraadini, siis l\u00fclita v\u00e4lja. Kontrolli, et ahi poleks liiga tuline vaid meeldivalt soe. Pane <em>focaccia<\/em> ahjuriiulile kerkima. Ahjuukse vahele pane pajalapp v\u00f5i k\u00e4ter\u00e4tt, et ahju sees liiga niiske poleks. Mida kauem <em>focaccia<\/em> kerkib, seda paksem ja \u00f5hulisem ta tuleb. Meie <em>focaccia<\/em> kerkis 4 tundi aga piisab ka 2-2,5 tunnist.<\/p>\n<p>K\u00dcPSETAMINE: K\u00fcpseta 200 kraadises ahjus (alumisel v\u00f5i alt teisel ahjuriiulil) 30-40 minutit. P\u00f6\u00f6rd\u00f5huga ahju korral piisab 180 kraadisest kuumusest. K\u00fcpsemise ajal kasta 2-3 korda <em>focacciat<\/em> vee ja oliivi\u00f5li seguga. Enne niisutamist sega segu kahvliga, et vesi ja \u00f5li osaliselt seguneksid. Ava ahjuuks ilma <em>focacciat<\/em> v\u00e4lja t\u00f5mbamata ja viska supilusikaga niisutussegu peale.<\/p>\n<p>Serveeri v\u00e4rske oliivi\u00f5liga, millele on lisatud terake soola. Sobib ideaalselt juustudega, p\u00e4ikesekuivatatud tomatite ja oliividega, v\u00e4rskete tomatitega. <em>Focaccia<\/em> v\u00f5ib l\u00f5igata pooleks ja panna vahele meelep\u00e4rast t\u00e4idist.<\/p>\n<\/div>\n","protected":false},"excerpt":{"rendered":"<p>VAJA L\u00c4HEB:<\/p>\n<ul>\n<li>240 g <a href=\"https:\/\/bio4you.eu\/et\/toiduvalmistamine\/1983-kikerherned-vees-370ml-nutrisslim.html?utm_source=bioretsept&amp;utm_medium=blogi&amp;utm_campaign=retsept\" target=\"_blank\" rel=\"noopener\"><span style=\"color: #99cc00;\">kikerherneid<\/span><\/a><\/li>\n<li>510 ml vett<\/li>\n<li><span class=\"text_exposed_show\">25 g p\u00e4rmi v\u00f5i pakike kuivp\u00e4rmi<\/span><\/li>\n<li><span class=\"text_exposed_show\">150 g <a href=\"https:\/\/bio4you.eu\/et\/olid-ja-gheed\/2244-ekstra-neitsioliivioli-1l.html?utm_source=bioretsept&amp;utm_medium=blogi&amp;utm_campaign=retsept\" target=\"_blank\" rel=\"noopener\"><span style=\"color: #99cc00;\">neitsioliivi\u00f5li<\/span><\/a><\/span><\/li>\n<li><span class=\"text_exposed_show\">900 g <a href=\"http:\/\/bio4you.eu\/et\/149-jahud?utm_source=Bioretsept&amp;utm_medium=Retseptireklaam&amp;utm_campaign=Retsept\"><span style=\"color: #99cc00;\">jahu<\/span><\/a><\/span><\/li>\n<li><span class=\"text_exposed_show\">1 tl <a href=\"http:\/\/bio4you.eu\/et\/156-sool?utm_source=bioretsept&amp;utm_medium=retseptireklaam&amp;utm_campaign=Retsept\"><span style=\"color: #99cc00;\">soola<\/span><\/a><\/span><\/li>\n<li><span class=\"text_exposed_show\">1 oksake rosmariini<\/span><\/li>\n<li><span class=\"text_exposed_show\">k\u00fcpsemise ajal niisutamiseks: klaasit\u00e4is vee ja oliivi\u00f5li segu, maitsestatud 1\/2 tl soolaga.<\/span><\/li>\n<\/ul>\n<div class=\"text_exposed_show\"><\/div>\n","protected":false},"featured_media":3403,"comment_status":"open","ping_status":"closed","template":"","meta":{"_exactmetrics_skip_tracking":false,"_exactmetrics_sitenote_active":false,"_exactmetrics_sitenote_note":"","_exactmetrics_sitenote_category":0},"product_cat":[59,60,382,383],"product_tag":[],"class_list":{"0":"post-3401","1":"product","2":"type-product","3":"status-publish","4":"has-post-thumbnail","6":"product_cat-featured","7":"product_cat-toiduretseptid","8":"product_cat-vegan-toiduretseptid","9":"product_cat-taimetoit","11":"first","12":"instock","13":"shipping-taxable","14":"product-type-simple"},"yoast_head":"<!-- This site is optimized with the Yoast SEO plugin v23.3 - https:\/\/yoast.com\/wordpress\/plugins\/seo\/ -->\n<title>Kohev kikerherne focaccia - bio4you.eu\/retseptid<\/title>\n<meta name=\"robots\" content=\"index, follow, max-snippet:-1, max-image-preview:large, max-video-preview:-1\" \/>\n<link rel=\"canonical\" href=\"https:\/\/bio4you.eu\/retseptid\/toode\/kohev-kikerherne-focaccia\/\" \/>\n<meta property=\"og:locale\" content=\"et_EE\" \/>\n<meta property=\"og:type\" content=\"article\" \/>\n<meta property=\"og:title\" content=\"Kohev kikerherne focaccia - bio4you.eu\/retseptid\" \/>\n<meta property=\"og:description\" content=\"VAJA L\u00c4HEB:   240 g kikerherneid  510 ml vett  25 g p\u00e4rmi v\u00f5i pakike kuivp\u00e4rmi  150 g neitsioliivi\u00f5li  900 g jahu  1 tl soola  1 oksake rosmariini  k\u00fcpsemise ajal niisutamiseks: klaasit\u00e4is vee ja oliivi\u00f5li segu, maitsestatud 1\/2 tl soolaga.\" \/>\n<meta property=\"og:url\" content=\"https:\/\/bio4you.eu\/retseptid\/toode\/kohev-kikerherne-focaccia\/\" \/>\n<meta property=\"og:site_name\" content=\"bio4you.eu\/retseptid\" \/>\n<meta property=\"article:modified_time\" content=\"2022-03-25T15:47:21+00:00\" \/>\n<meta property=\"og:image\" content=\"https:\/\/bio4you.eu\/retseptid\/wp-content\/uploads\/2016\/10\/14502761_1845510848995297_6862965104637947818_n.jpg\" \/>\n\t<meta property=\"og:image:width\" content=\"640\" \/>\n\t<meta property=\"og:image:height\" content=\"480\" \/>\n\t<meta property=\"og:image:type\" content=\"image\/jpeg\" \/>\n<meta name=\"twitter:label1\" content=\"Est. reading time\" \/>\n\t<meta name=\"twitter:data1\" content=\"1 minut\" \/>\n<script type=\"application\/ld+json\" class=\"yoast-schema-graph\">{\"@context\":\"https:\/\/schema.org\",\"@graph\":[{\"@type\":\"WebPage\",\"@id\":\"https:\/\/bio4you.eu\/retseptid\/toode\/kohev-kikerherne-focaccia\/\",\"url\":\"https:\/\/bio4you.eu\/retseptid\/toode\/kohev-kikerherne-focaccia\/\",\"name\":\"Kohev kikerherne focaccia - bio4you.eu\/retseptid\",\"isPartOf\":{\"@id\":\"https:\/\/bio4you.eu\/retseptid\/#website\"},\"primaryImageOfPage\":{\"@id\":\"https:\/\/bio4you.eu\/retseptid\/toode\/kohev-kikerherne-focaccia\/#primaryimage\"},\"image\":{\"@id\":\"https:\/\/bio4you.eu\/retseptid\/toode\/kohev-kikerherne-focaccia\/#primaryimage\"},\"thumbnailUrl\":\"https:\/\/bio4you.eu\/retseptid\/wp-content\/uploads\/2016\/10\/14502761_1845510848995297_6862965104637947818_n.jpg\",\"datePublished\":\"2016-10-17T10:55:53+00:00\",\"dateModified\":\"2022-03-25T15:47:21+00:00\",\"breadcrumb\":{\"@id\":\"https:\/\/bio4you.eu\/retseptid\/toode\/kohev-kikerherne-focaccia\/#breadcrumb\"},\"inLanguage\":\"et\",\"potentialAction\":[{\"@type\":\"ReadAction\",\"target\":[\"https:\/\/bio4you.eu\/retseptid\/toode\/kohev-kikerherne-focaccia\/\"]}]},{\"@type\":\"ImageObject\",\"inLanguage\":\"et\",\"@id\":\"https:\/\/bio4you.eu\/retseptid\/toode\/kohev-kikerherne-focaccia\/#primaryimage\",\"url\":\"https:\/\/bio4you.eu\/retseptid\/wp-content\/uploads\/2016\/10\/14502761_1845510848995297_6862965104637947818_n.jpg\",\"contentUrl\":\"https:\/\/bio4you.eu\/retseptid\/wp-content\/uploads\/2016\/10\/14502761_1845510848995297_6862965104637947818_n.jpg\",\"width\":640,\"height\":480},{\"@type\":\"BreadcrumbList\",\"@id\":\"https:\/\/bio4you.eu\/retseptid\/toode\/kohev-kikerherne-focaccia\/#breadcrumb\",\"itemListElement\":[{\"@type\":\"ListItem\",\"position\":1,\"name\":\"Home\",\"item\":\"https:\/\/bio4you.eu\/retseptid\/\"},{\"@type\":\"ListItem\",\"position\":2,\"name\":\"Kohev kikerherne focaccia\"}]},{\"@type\":\"WebSite\",\"@id\":\"https:\/\/bio4you.eu\/retseptid\/#website\",\"url\":\"https:\/\/bio4you.eu\/retseptid\/\",\"name\":\"bio4you.eu\/retseptid\",\"description\":\"\u00d6ko retseptid ise tegemiseks, looduslikest koostisainetest. Maitsev toit, iluhooldus, kodupuhastus ja aiandus.\",\"potentialAction\":[{\"@type\":\"SearchAction\",\"target\":{\"@type\":\"EntryPoint\",\"urlTemplate\":\"https:\/\/bio4you.eu\/retseptid\/?s={search_term_string}\"},\"query-input\":\"required name=search_term_string\"}],\"inLanguage\":\"et\"}]}<\/script>\n<!-- \/ Yoast SEO plugin. -->","yoast_head_json":{"title":"Kohev kikerherne focaccia - bio4you.eu\/retseptid","robots":{"index":"index","follow":"follow","max-snippet":"max-snippet:-1","max-image-preview":"max-image-preview:large","max-video-preview":"max-video-preview:-1"},"canonical":"https:\/\/bio4you.eu\/retseptid\/toode\/kohev-kikerherne-focaccia\/","og_locale":"et_EE","og_type":"article","og_title":"Kohev kikerherne focaccia - bio4you.eu\/retseptid","og_description":"VAJA L\u00c4HEB:   240 g kikerherneid  510 ml vett  25 g p\u00e4rmi v\u00f5i pakike kuivp\u00e4rmi  150 g neitsioliivi\u00f5li  900 g jahu  1 tl soola  1 oksake rosmariini  k\u00fcpsemise ajal niisutamiseks: klaasit\u00e4is vee ja oliivi\u00f5li segu, maitsestatud 1\/2 tl soolaga.","og_url":"https:\/\/bio4you.eu\/retseptid\/toode\/kohev-kikerherne-focaccia\/","og_site_name":"bio4you.eu\/retseptid","article_modified_time":"2022-03-25T15:47:21+00:00","og_image":[{"width":640,"height":480,"url":"https:\/\/bio4you.eu\/retseptid\/wp-content\/uploads\/2016\/10\/14502761_1845510848995297_6862965104637947818_n.jpg","type":"image\/jpeg"}],"twitter_misc":{"Est. reading time":"1 minut"},"schema":{"@context":"https:\/\/schema.org","@graph":[{"@type":"WebPage","@id":"https:\/\/bio4you.eu\/retseptid\/toode\/kohev-kikerherne-focaccia\/","url":"https:\/\/bio4you.eu\/retseptid\/toode\/kohev-kikerherne-focaccia\/","name":"Kohev kikerherne focaccia - bio4you.eu\/retseptid","isPartOf":{"@id":"https:\/\/bio4you.eu\/retseptid\/#website"},"primaryImageOfPage":{"@id":"https:\/\/bio4you.eu\/retseptid\/toode\/kohev-kikerherne-focaccia\/#primaryimage"},"image":{"@id":"https:\/\/bio4you.eu\/retseptid\/toode\/kohev-kikerherne-focaccia\/#primaryimage"},"thumbnailUrl":"https:\/\/bio4you.eu\/retseptid\/wp-content\/uploads\/2016\/10\/14502761_1845510848995297_6862965104637947818_n.jpg","datePublished":"2016-10-17T10:55:53+00:00","dateModified":"2022-03-25T15:47:21+00:00","breadcrumb":{"@id":"https:\/\/bio4you.eu\/retseptid\/toode\/kohev-kikerherne-focaccia\/#breadcrumb"},"inLanguage":"et","potentialAction":[{"@type":"ReadAction","target":["https:\/\/bio4you.eu\/retseptid\/toode\/kohev-kikerherne-focaccia\/"]}]},{"@type":"ImageObject","inLanguage":"et","@id":"https:\/\/bio4you.eu\/retseptid\/toode\/kohev-kikerherne-focaccia\/#primaryimage","url":"https:\/\/bio4you.eu\/retseptid\/wp-content\/uploads\/2016\/10\/14502761_1845510848995297_6862965104637947818_n.jpg","contentUrl":"https:\/\/bio4you.eu\/retseptid\/wp-content\/uploads\/2016\/10\/14502761_1845510848995297_6862965104637947818_n.jpg","width":640,"height":480},{"@type":"BreadcrumbList","@id":"https:\/\/bio4you.eu\/retseptid\/toode\/kohev-kikerherne-focaccia\/#breadcrumb","itemListElement":[{"@type":"ListItem","position":1,"name":"Home","item":"https:\/\/bio4you.eu\/retseptid\/"},{"@type":"ListItem","position":2,"name":"Kohev kikerherne focaccia"}]},{"@type":"WebSite","@id":"https:\/\/bio4you.eu\/retseptid\/#website","url":"https:\/\/bio4you.eu\/retseptid\/","name":"bio4you.eu\/retseptid","description":"\u00d6ko retseptid ise tegemiseks, looduslikest koostisainetest. Maitsev toit, iluhooldus, kodupuhastus ja aiandus.","potentialAction":[{"@type":"SearchAction","target":{"@type":"EntryPoint","urlTemplate":"https:\/\/bio4you.eu\/retseptid\/?s={search_term_string}"},"query-input":"required name=search_term_string"}],"inLanguage":"et"}]}},"_links":{"self":[{"href":"https:\/\/bio4you.eu\/retseptid\/wp-json\/wp\/v2\/product\/3401"}],"collection":[{"href":"https:\/\/bio4you.eu\/retseptid\/wp-json\/wp\/v2\/product"}],"about":[{"href":"https:\/\/bio4you.eu\/retseptid\/wp-json\/wp\/v2\/types\/product"}],"replies":[{"embeddable":true,"href":"https:\/\/bio4you.eu\/retseptid\/wp-json\/wp\/v2\/comments?post=3401"}],"wp:featuredmedia":[{"embeddable":true,"href":"https:\/\/bio4you.eu\/retseptid\/wp-json\/wp\/v2\/media\/3403"}],"wp:attachment":[{"href":"https:\/\/bio4you.eu\/retseptid\/wp-json\/wp\/v2\/media?parent=3401"}],"wp:term":[{"taxonomy":"product_cat","embeddable":true,"href":"https:\/\/bio4you.eu\/retseptid\/wp-json\/wp\/v2\/product_cat?post=3401"},{"taxonomy":"product_tag","embeddable":true,"href":"https:\/\/bio4you.eu\/retseptid\/wp-json\/wp\/v2\/product_tag?post=3401"}],"curies":[{"name":"wp","href":"https:\/\/api.w.org\/{rel}","templated":true}]}}