{"id":3418,"date":"2016-10-20T10:51:45","date_gmt":"2016-10-20T07:51:45","guid":{"rendered":"https:\/\/bio4you.eu\/retseptid\/?post_type=product&#038;p=3418"},"modified":"2022-05-19T09:45:32","modified_gmt":"2022-05-19T06:45:32","slug":"magneesiumi-unesprei","status":"publish","type":"product","link":"https:\/\/bio4you.eu\/retseptid\/toode\/magneesiumi-unesprei\/","title":{"rendered":"Magneesiumi unesprei"},"content":{"rendered":"<p><strong>Magneesiumi\u00f5list saab rohkem lugeda <a href=\"http:\/\/bio4you.eu\/et\/tervis\/1942-magneesiumioli-31-200ml-zechstein-inside.html?search_query=magneesiumi&amp;results=35\"><span style=\"color: #99cc00;\">SIIT<\/span><\/a>.<\/strong><\/p>\n<p>Unesprei valmistamine:<\/p>\n<p>Sega magneesiumi-, lavendli- ning kummeli\u00f5li klaasist pudelisse kokku ning raputa, et koostisosad seguneksid \u00fchtlaselt. Koguseid v\u00f5ib vastavalt vajadusele suurendada v\u00f5i v\u00e4hendada.<strong>\u00a0Lavendel ja kummel on m\u00f5lemad rahustava toimega ning toovad hea une.<\/strong><\/p>\n<p>Kanna spreid enne magamaminekut jalataldadele. Magneesiumi\u00f5li v\u00f5ib m\u00f5nel inimesel panna naha kipitama, selle leevendamiseks v\u00f5ib peale sprei jalgadele kandmist ka\u00a0sokid jalga panna.<\/p>\n","protected":false},"excerpt":{"rendered":"<p>Vaja l\u00e4heb:<\/p>\n<ul>\n<li>100 ml\u00a0<a href=\"http:\/\/bio4you.eu\/et\/tervis\/1942-magneesiumioli-31-200ml-zechstein-inside.html?search_query=magneesiumi&amp;results=35&amp;utm_source=Bioretsept&amp;utm_medium=Retseptireklaam&amp;utm_campaign=Retsept\"><span style=\"color: #99cc00;\">magneesiumi \u00f5li<\/span><\/a><\/li>\n<li>10 tilka<a href=\"http:\/\/bio4you.eu\/et\/eeterlikud-olid\/2296-lavendli-eeterlik-oli-10ml-herbes-del-moli.html?search_query=lavendli&amp;results=72&amp;utm_source=Bioretsept&amp;utm_medium=Retseptireklaam&amp;utm_campaign=Retsept\"><span style=\"color: #99cc00;\"> lavendli eeterlikku \u00f5li\u00a0<\/span><\/a><\/li>\n<li>10 tilka teekummeli eeterlikku \u00f5li<\/li>\n<li>klaasist spreipudelit<\/li>\n<\/ul>\n","protected":false},"featured_media":3419,"comment_status":"open","ping_status":"closed","template":"","meta":{"_exactmetrics_skip_tracking":false,"_exactmetrics_sitenote_active":false,"_exactmetrics_sitenote_note":"","_exactmetrics_sitenote_category":0},"product_cat":[324,59],"product_tag":[],"class_list":{"0":"post-3418","1":"product","2":"type-product","3":"status-publish","4":"has-post-thumbnail","6":"product_cat-tervise-retseptid","7":"product_cat-featured","9":"first","10":"instock","11":"shipping-taxable","12":"product-type-simple"},"yoast_head":"<!-- This site is optimized with the Yoast SEO plugin v23.3 - https:\/\/yoast.com\/wordpress\/plugins\/seo\/ -->\n<title>Magneesiumi unesprei - bio4you.eu\/retseptid<\/title>\n<meta name=\"robots\" content=\"index, follow, max-snippet:-1, max-image-preview:large, max-video-preview:-1\" \/>\n<link rel=\"canonical\" href=\"https:\/\/bio4you.eu\/retseptid\/toode\/magneesiumi-unesprei\/\" \/>\n<meta property=\"og:locale\" content=\"et_EE\" \/>\n<meta property=\"og:type\" content=\"article\" \/>\n<meta property=\"og:title\" content=\"Magneesiumi unesprei - bio4you.eu\/retseptid\" \/>\n<meta property=\"og:description\" content=\"Vaja l\u00e4heb:   100 ml\u00a0magneesiumi \u00f5li  10 tilka lavendli eeterlikku \u00f5li\u00a0  10 tilka teekummeli eeterlikku \u00f5li  klaasist spreipudelit\" \/>\n<meta property=\"og:url\" content=\"https:\/\/bio4you.eu\/retseptid\/toode\/magneesiumi-unesprei\/\" \/>\n<meta property=\"og:site_name\" content=\"bio4you.eu\/retseptid\" \/>\n<meta property=\"article:modified_time\" content=\"2022-05-19T06:45:32+00:00\" \/>\n<meta property=\"og:image\" content=\"https:\/\/bio4you.eu\/retseptid\/wp-content\/uploads\/2016\/10\/Untitled-design.png\" \/>\n\t<meta property=\"og:image:width\" content=\"604\" \/>\n\t<meta property=\"og:image:height\" content=\"680\" \/>\n\t<meta property=\"og:image:type\" content=\"image\/png\" \/>\n<meta name=\"twitter:label1\" content=\"Est. reading time\" \/>\n\t<meta name=\"twitter:data1\" content=\"1 minut\" \/>\n<script type=\"application\/ld+json\" class=\"yoast-schema-graph\">{\"@context\":\"https:\/\/schema.org\",\"@graph\":[{\"@type\":\"WebPage\",\"@id\":\"https:\/\/bio4you.eu\/retseptid\/toode\/magneesiumi-unesprei\/\",\"url\":\"https:\/\/bio4you.eu\/retseptid\/toode\/magneesiumi-unesprei\/\",\"name\":\"Magneesiumi unesprei - bio4you.eu\/retseptid\",\"isPartOf\":{\"@id\":\"https:\/\/bio4you.eu\/retseptid\/#website\"},\"primaryImageOfPage\":{\"@id\":\"https:\/\/bio4you.eu\/retseptid\/toode\/magneesiumi-unesprei\/#primaryimage\"},\"image\":{\"@id\":\"https:\/\/bio4you.eu\/retseptid\/toode\/magneesiumi-unesprei\/#primaryimage\"},\"thumbnailUrl\":\"https:\/\/bio4you.eu\/retseptid\/wp-content\/uploads\/2016\/10\/Untitled-design.png\",\"datePublished\":\"2016-10-20T07:51:45+00:00\",\"dateModified\":\"2022-05-19T06:45:32+00:00\",\"breadcrumb\":{\"@id\":\"https:\/\/bio4you.eu\/retseptid\/toode\/magneesiumi-unesprei\/#breadcrumb\"},\"inLanguage\":\"et\",\"potentialAction\":[{\"@type\":\"ReadAction\",\"target\":[\"https:\/\/bio4you.eu\/retseptid\/toode\/magneesiumi-unesprei\/\"]}]},{\"@type\":\"ImageObject\",\"inLanguage\":\"et\",\"@id\":\"https:\/\/bio4you.eu\/retseptid\/toode\/magneesiumi-unesprei\/#primaryimage\",\"url\":\"https:\/\/bio4you.eu\/retseptid\/wp-content\/uploads\/2016\/10\/Untitled-design.png\",\"contentUrl\":\"https:\/\/bio4you.eu\/retseptid\/wp-content\/uploads\/2016\/10\/Untitled-design.png\",\"width\":604,\"height\":680},{\"@type\":\"BreadcrumbList\",\"@id\":\"https:\/\/bio4you.eu\/retseptid\/toode\/magneesiumi-unesprei\/#breadcrumb\",\"itemListElement\":[{\"@type\":\"ListItem\",\"position\":1,\"name\":\"Home\",\"item\":\"https:\/\/bio4you.eu\/retseptid\/\"},{\"@type\":\"ListItem\",\"position\":2,\"name\":\"Magneesiumi unesprei\"}]},{\"@type\":\"WebSite\",\"@id\":\"https:\/\/bio4you.eu\/retseptid\/#website\",\"url\":\"https:\/\/bio4you.eu\/retseptid\/\",\"name\":\"bio4you.eu\/retseptid\",\"description\":\"\u00d6ko retseptid ise tegemiseks, looduslikest koostisainetest. Maitsev toit, iluhooldus, kodupuhastus ja aiandus.\",\"potentialAction\":[{\"@type\":\"SearchAction\",\"target\":{\"@type\":\"EntryPoint\",\"urlTemplate\":\"https:\/\/bio4you.eu\/retseptid\/?s={search_term_string}\"},\"query-input\":\"required name=search_term_string\"}],\"inLanguage\":\"et\"}]}<\/script>\n<!-- \/ Yoast SEO plugin. -->","yoast_head_json":{"title":"Magneesiumi unesprei - bio4you.eu\/retseptid","robots":{"index":"index","follow":"follow","max-snippet":"max-snippet:-1","max-image-preview":"max-image-preview:large","max-video-preview":"max-video-preview:-1"},"canonical":"https:\/\/bio4you.eu\/retseptid\/toode\/magneesiumi-unesprei\/","og_locale":"et_EE","og_type":"article","og_title":"Magneesiumi unesprei - bio4you.eu\/retseptid","og_description":"Vaja l\u00e4heb:   100 ml\u00a0magneesiumi \u00f5li  10 tilka lavendli eeterlikku \u00f5li\u00a0  10 tilka teekummeli eeterlikku \u00f5li  klaasist spreipudelit","og_url":"https:\/\/bio4you.eu\/retseptid\/toode\/magneesiumi-unesprei\/","og_site_name":"bio4you.eu\/retseptid","article_modified_time":"2022-05-19T06:45:32+00:00","og_image":[{"width":604,"height":680,"url":"https:\/\/bio4you.eu\/retseptid\/wp-content\/uploads\/2016\/10\/Untitled-design.png","type":"image\/png"}],"twitter_misc":{"Est. reading time":"1 minut"},"schema":{"@context":"https:\/\/schema.org","@graph":[{"@type":"WebPage","@id":"https:\/\/bio4you.eu\/retseptid\/toode\/magneesiumi-unesprei\/","url":"https:\/\/bio4you.eu\/retseptid\/toode\/magneesiumi-unesprei\/","name":"Magneesiumi unesprei - bio4you.eu\/retseptid","isPartOf":{"@id":"https:\/\/bio4you.eu\/retseptid\/#website"},"primaryImageOfPage":{"@id":"https:\/\/bio4you.eu\/retseptid\/toode\/magneesiumi-unesprei\/#primaryimage"},"image":{"@id":"https:\/\/bio4you.eu\/retseptid\/toode\/magneesiumi-unesprei\/#primaryimage"},"thumbnailUrl":"https:\/\/bio4you.eu\/retseptid\/wp-content\/uploads\/2016\/10\/Untitled-design.png","datePublished":"2016-10-20T07:51:45+00:00","dateModified":"2022-05-19T06:45:32+00:00","breadcrumb":{"@id":"https:\/\/bio4you.eu\/retseptid\/toode\/magneesiumi-unesprei\/#breadcrumb"},"inLanguage":"et","potentialAction":[{"@type":"ReadAction","target":["https:\/\/bio4you.eu\/retseptid\/toode\/magneesiumi-unesprei\/"]}]},{"@type":"ImageObject","inLanguage":"et","@id":"https:\/\/bio4you.eu\/retseptid\/toode\/magneesiumi-unesprei\/#primaryimage","url":"https:\/\/bio4you.eu\/retseptid\/wp-content\/uploads\/2016\/10\/Untitled-design.png","contentUrl":"https:\/\/bio4you.eu\/retseptid\/wp-content\/uploads\/2016\/10\/Untitled-design.png","width":604,"height":680},{"@type":"BreadcrumbList","@id":"https:\/\/bio4you.eu\/retseptid\/toode\/magneesiumi-unesprei\/#breadcrumb","itemListElement":[{"@type":"ListItem","position":1,"name":"Home","item":"https:\/\/bio4you.eu\/retseptid\/"},{"@type":"ListItem","position":2,"name":"Magneesiumi unesprei"}]},{"@type":"WebSite","@id":"https:\/\/bio4you.eu\/retseptid\/#website","url":"https:\/\/bio4you.eu\/retseptid\/","name":"bio4you.eu\/retseptid","description":"\u00d6ko retseptid ise tegemiseks, looduslikest koostisainetest. Maitsev toit, iluhooldus, kodupuhastus ja aiandus.","potentialAction":[{"@type":"SearchAction","target":{"@type":"EntryPoint","urlTemplate":"https:\/\/bio4you.eu\/retseptid\/?s={search_term_string}"},"query-input":"required name=search_term_string"}],"inLanguage":"et"}]}},"_links":{"self":[{"href":"https:\/\/bio4you.eu\/retseptid\/wp-json\/wp\/v2\/product\/3418"}],"collection":[{"href":"https:\/\/bio4you.eu\/retseptid\/wp-json\/wp\/v2\/product"}],"about":[{"href":"https:\/\/bio4you.eu\/retseptid\/wp-json\/wp\/v2\/types\/product"}],"replies":[{"embeddable":true,"href":"https:\/\/bio4you.eu\/retseptid\/wp-json\/wp\/v2\/comments?post=3418"}],"wp:featuredmedia":[{"embeddable":true,"href":"https:\/\/bio4you.eu\/retseptid\/wp-json\/wp\/v2\/media\/3419"}],"wp:attachment":[{"href":"https:\/\/bio4you.eu\/retseptid\/wp-json\/wp\/v2\/media?parent=3418"}],"wp:term":[{"taxonomy":"product_cat","embeddable":true,"href":"https:\/\/bio4you.eu\/retseptid\/wp-json\/wp\/v2\/product_cat?post=3418"},{"taxonomy":"product_tag","embeddable":true,"href":"https:\/\/bio4you.eu\/retseptid\/wp-json\/wp\/v2\/product_tag?post=3418"}],"curies":[{"name":"wp","href":"https:\/\/api.w.org\/{rel}","templated":true}]}}