{"id":3421,"date":"2016-10-26T15:35:44","date_gmt":"2016-10-26T12:35:44","guid":{"rendered":"https:\/\/bio4you.eu\/retseptid\/?post_type=product&#038;p=3421"},"modified":"2022-05-12T14:53:19","modified_gmt":"2022-05-12T11:53:19","slug":"india-pahkli-puding","status":"publish","type":"product","link":"https:\/\/bio4you.eu\/retseptid\/toode\/india-pahkli-puding\/","title":{"rendered":"India p\u00e4hkli puding"},"content":{"rendered":"<p>Valmistamine:<br \/>\nPane India p\u00e4hklid v\u00e4hemalt kolmeks tunniks vette ligunema v\u00f5i keeda neid 10-15 minutit.<br \/>\nPane p\u00e4hklid koos teiste koostisainetega k\u00f6\u00f6gikombaini ning purusta kuni tekib \u00fchtlane puding. Vajadusel v\u00f5id lisada rohkem piima, et pudingut vedelamaks teha. Serveeri koos marjade, p\u00e4hklite v\u00f5i kookoshelvestega.<\/p>\n<p>Kogusest j\u00e4tkub neljale.<\/p>\n<p>&nbsp;<\/p>\n","protected":false},"excerpt":{"rendered":"<p>Vaja l\u00e4heb:<\/p>\n<ul>\n<li>180 g <span style=\"color: #000000;\">India p\u00e4hkleid <\/span><\/li>\n<li>2 spl <a href=\"http:\/\/bio4you.eu\/et\/toorkakao-tooted\/1725-toorkakao-pulber-250g-nutrisslim.html?search_query=toorkakao&amp;results=14&amp;utm_source=Bioretsept&amp;utm_medium=Retseptireklaam&amp;utm_campaign=Retsept\"><span style=\"color: #99cc00;\">kakaopulbrit<\/span><\/a><\/li>\n<li>2 spl <a href=\"https:\/\/bio4you.eu\/et\/search?controller=search&amp;orderby=position&amp;orderway=desc&amp;search_query=agaavisiirup&amp;submit_search=\"><span style=\"color: #99cc00;\">agaavisiirupit<\/span><\/a><\/li>\n<li>0,5 tl<span style=\"color: #000000;\"> jahvatatud vaniljekaunapulbrit<\/span><\/li>\n<li>1,5 dl <a href=\"https:\/\/bio4you.eu\/et\/search?controller=search&amp;orderby=position&amp;orderway=desc&amp;search_query=the+bridge&amp;submit_search=\"><span style=\"color: #99cc00;\">taimset piima<\/span><\/a><\/li>\n<li>n\u00e4puotsaga <a href=\"http:\/\/bio4you.eu\/et\/156-sool?utm_source=bioretsept&amp;utm_medium=retseptireklaam&amp;utm_campaign=Retsept\"><span style=\"color: #99cc00;\">soola<\/span><\/a><\/li>\n<\/ul>\n","protected":false},"featured_media":3425,"comment_status":"open","ping_status":"closed","template":"","meta":{"_exactmetrics_skip_tracking":false,"_exactmetrics_sitenote_active":false,"_exactmetrics_sitenote_note":"","_exactmetrics_sitenote_category":0},"product_cat":[59,60,382,383,77],"product_tag":[],"class_list":{"0":"post-3421","1":"product","2":"type-product","3":"status-publish","4":"has-post-thumbnail","6":"product_cat-featured","7":"product_cat-toiduretseptid","8":"product_cat-vegan-toiduretseptid","9":"product_cat-taimetoit","10":"product_cat-toortoit","12":"first","13":"instock","14":"shipping-taxable","15":"product-type-simple"},"yoast_head":"<!-- This site is optimized with the Yoast SEO plugin v23.3 - https:\/\/yoast.com\/wordpress\/plugins\/seo\/ -->\n<title>India p\u00e4hkli puding - bio4you.eu\/retseptid<\/title>\n<meta name=\"robots\" content=\"index, follow, max-snippet:-1, max-image-preview:large, max-video-preview:-1\" \/>\n<link rel=\"canonical\" href=\"https:\/\/bio4you.eu\/retseptid\/toode\/india-pahkli-puding\/\" \/>\n<meta property=\"og:locale\" content=\"et_EE\" \/>\n<meta property=\"og:type\" content=\"article\" \/>\n<meta property=\"og:title\" content=\"India p\u00e4hkli puding - bio4you.eu\/retseptid\" \/>\n<meta property=\"og:description\" content=\"Vaja l\u00e4heb:   180 g India p\u00e4hkleid   2 spl kakaopulbrit  2 spl agaavisiirupit  0,5 tl jahvatatud vaniljekaunapulbrit  1,5 dl taimset piima  n\u00e4puotsaga soola\" \/>\n<meta property=\"og:url\" content=\"https:\/\/bio4you.eu\/retseptid\/toode\/india-pahkli-puding\/\" \/>\n<meta property=\"og:site_name\" content=\"bio4you.eu\/retseptid\" \/>\n<meta property=\"article:modified_time\" content=\"2022-05-12T11:53:19+00:00\" \/>\n<meta property=\"og:image\" content=\"https:\/\/bio4you.eu\/retseptid\/wp-content\/uploads\/2016\/10\/IMG_2784-1.jpg\" \/>\n\t<meta property=\"og:image:width\" content=\"640\" \/>\n\t<meta property=\"og:image:height\" content=\"480\" \/>\n\t<meta property=\"og:image:type\" content=\"image\/jpeg\" \/>\n<meta name=\"twitter:label1\" content=\"Est. reading time\" \/>\n\t<meta name=\"twitter:data1\" content=\"1 minut\" \/>\n<script type=\"application\/ld+json\" class=\"yoast-schema-graph\">{\"@context\":\"https:\/\/schema.org\",\"@graph\":[{\"@type\":\"WebPage\",\"@id\":\"https:\/\/bio4you.eu\/retseptid\/toode\/india-pahkli-puding\/\",\"url\":\"https:\/\/bio4you.eu\/retseptid\/toode\/india-pahkli-puding\/\",\"name\":\"India p\u00e4hkli puding - bio4you.eu\/retseptid\",\"isPartOf\":{\"@id\":\"https:\/\/bio4you.eu\/retseptid\/#website\"},\"primaryImageOfPage\":{\"@id\":\"https:\/\/bio4you.eu\/retseptid\/toode\/india-pahkli-puding\/#primaryimage\"},\"image\":{\"@id\":\"https:\/\/bio4you.eu\/retseptid\/toode\/india-pahkli-puding\/#primaryimage\"},\"thumbnailUrl\":\"https:\/\/bio4you.eu\/retseptid\/wp-content\/uploads\/2016\/10\/IMG_2784-1.jpg\",\"datePublished\":\"2016-10-26T12:35:44+00:00\",\"dateModified\":\"2022-05-12T11:53:19+00:00\",\"breadcrumb\":{\"@id\":\"https:\/\/bio4you.eu\/retseptid\/toode\/india-pahkli-puding\/#breadcrumb\"},\"inLanguage\":\"et\",\"potentialAction\":[{\"@type\":\"ReadAction\",\"target\":[\"https:\/\/bio4you.eu\/retseptid\/toode\/india-pahkli-puding\/\"]}]},{\"@type\":\"ImageObject\",\"inLanguage\":\"et\",\"@id\":\"https:\/\/bio4you.eu\/retseptid\/toode\/india-pahkli-puding\/#primaryimage\",\"url\":\"https:\/\/bio4you.eu\/retseptid\/wp-content\/uploads\/2016\/10\/IMG_2784-1.jpg\",\"contentUrl\":\"https:\/\/bio4you.eu\/retseptid\/wp-content\/uploads\/2016\/10\/IMG_2784-1.jpg\",\"width\":640,\"height\":480},{\"@type\":\"BreadcrumbList\",\"@id\":\"https:\/\/bio4you.eu\/retseptid\/toode\/india-pahkli-puding\/#breadcrumb\",\"itemListElement\":[{\"@type\":\"ListItem\",\"position\":1,\"name\":\"Home\",\"item\":\"https:\/\/bio4you.eu\/retseptid\/\"},{\"@type\":\"ListItem\",\"position\":2,\"name\":\"India p\u00e4hkli puding\"}]},{\"@type\":\"WebSite\",\"@id\":\"https:\/\/bio4you.eu\/retseptid\/#website\",\"url\":\"https:\/\/bio4you.eu\/retseptid\/\",\"name\":\"bio4you.eu\/retseptid\",\"description\":\"\u00d6ko retseptid ise tegemiseks, looduslikest koostisainetest. Maitsev toit, iluhooldus, kodupuhastus ja aiandus.\",\"potentialAction\":[{\"@type\":\"SearchAction\",\"target\":{\"@type\":\"EntryPoint\",\"urlTemplate\":\"https:\/\/bio4you.eu\/retseptid\/?s={search_term_string}\"},\"query-input\":\"required name=search_term_string\"}],\"inLanguage\":\"et\"}]}<\/script>\n<!-- \/ Yoast SEO plugin. -->","yoast_head_json":{"title":"India p\u00e4hkli puding - bio4you.eu\/retseptid","robots":{"index":"index","follow":"follow","max-snippet":"max-snippet:-1","max-image-preview":"max-image-preview:large","max-video-preview":"max-video-preview:-1"},"canonical":"https:\/\/bio4you.eu\/retseptid\/toode\/india-pahkli-puding\/","og_locale":"et_EE","og_type":"article","og_title":"India p\u00e4hkli puding - bio4you.eu\/retseptid","og_description":"Vaja l\u00e4heb:   180 g India p\u00e4hkleid   2 spl kakaopulbrit  2 spl agaavisiirupit  0,5 tl jahvatatud vaniljekaunapulbrit  1,5 dl taimset piima  n\u00e4puotsaga soola","og_url":"https:\/\/bio4you.eu\/retseptid\/toode\/india-pahkli-puding\/","og_site_name":"bio4you.eu\/retseptid","article_modified_time":"2022-05-12T11:53:19+00:00","og_image":[{"width":640,"height":480,"url":"https:\/\/bio4you.eu\/retseptid\/wp-content\/uploads\/2016\/10\/IMG_2784-1.jpg","type":"image\/jpeg"}],"twitter_misc":{"Est. reading time":"1 minut"},"schema":{"@context":"https:\/\/schema.org","@graph":[{"@type":"WebPage","@id":"https:\/\/bio4you.eu\/retseptid\/toode\/india-pahkli-puding\/","url":"https:\/\/bio4you.eu\/retseptid\/toode\/india-pahkli-puding\/","name":"India p\u00e4hkli puding - bio4you.eu\/retseptid","isPartOf":{"@id":"https:\/\/bio4you.eu\/retseptid\/#website"},"primaryImageOfPage":{"@id":"https:\/\/bio4you.eu\/retseptid\/toode\/india-pahkli-puding\/#primaryimage"},"image":{"@id":"https:\/\/bio4you.eu\/retseptid\/toode\/india-pahkli-puding\/#primaryimage"},"thumbnailUrl":"https:\/\/bio4you.eu\/retseptid\/wp-content\/uploads\/2016\/10\/IMG_2784-1.jpg","datePublished":"2016-10-26T12:35:44+00:00","dateModified":"2022-05-12T11:53:19+00:00","breadcrumb":{"@id":"https:\/\/bio4you.eu\/retseptid\/toode\/india-pahkli-puding\/#breadcrumb"},"inLanguage":"et","potentialAction":[{"@type":"ReadAction","target":["https:\/\/bio4you.eu\/retseptid\/toode\/india-pahkli-puding\/"]}]},{"@type":"ImageObject","inLanguage":"et","@id":"https:\/\/bio4you.eu\/retseptid\/toode\/india-pahkli-puding\/#primaryimage","url":"https:\/\/bio4you.eu\/retseptid\/wp-content\/uploads\/2016\/10\/IMG_2784-1.jpg","contentUrl":"https:\/\/bio4you.eu\/retseptid\/wp-content\/uploads\/2016\/10\/IMG_2784-1.jpg","width":640,"height":480},{"@type":"BreadcrumbList","@id":"https:\/\/bio4you.eu\/retseptid\/toode\/india-pahkli-puding\/#breadcrumb","itemListElement":[{"@type":"ListItem","position":1,"name":"Home","item":"https:\/\/bio4you.eu\/retseptid\/"},{"@type":"ListItem","position":2,"name":"India p\u00e4hkli puding"}]},{"@type":"WebSite","@id":"https:\/\/bio4you.eu\/retseptid\/#website","url":"https:\/\/bio4you.eu\/retseptid\/","name":"bio4you.eu\/retseptid","description":"\u00d6ko retseptid ise tegemiseks, looduslikest koostisainetest. Maitsev toit, iluhooldus, kodupuhastus ja aiandus.","potentialAction":[{"@type":"SearchAction","target":{"@type":"EntryPoint","urlTemplate":"https:\/\/bio4you.eu\/retseptid\/?s={search_term_string}"},"query-input":"required name=search_term_string"}],"inLanguage":"et"}]}},"_links":{"self":[{"href":"https:\/\/bio4you.eu\/retseptid\/wp-json\/wp\/v2\/product\/3421"}],"collection":[{"href":"https:\/\/bio4you.eu\/retseptid\/wp-json\/wp\/v2\/product"}],"about":[{"href":"https:\/\/bio4you.eu\/retseptid\/wp-json\/wp\/v2\/types\/product"}],"replies":[{"embeddable":true,"href":"https:\/\/bio4you.eu\/retseptid\/wp-json\/wp\/v2\/comments?post=3421"}],"wp:featuredmedia":[{"embeddable":true,"href":"https:\/\/bio4you.eu\/retseptid\/wp-json\/wp\/v2\/media\/3425"}],"wp:attachment":[{"href":"https:\/\/bio4you.eu\/retseptid\/wp-json\/wp\/v2\/media?parent=3421"}],"wp:term":[{"taxonomy":"product_cat","embeddable":true,"href":"https:\/\/bio4you.eu\/retseptid\/wp-json\/wp\/v2\/product_cat?post=3421"},{"taxonomy":"product_tag","embeddable":true,"href":"https:\/\/bio4you.eu\/retseptid\/wp-json\/wp\/v2\/product_tag?post=3421"}],"curies":[{"name":"wp","href":"https:\/\/api.w.org\/{rel}","templated":true}]}}