{"id":3465,"date":"2016-10-31T13:58:42","date_gmt":"2016-10-31T11:58:42","guid":{"rendered":"https:\/\/bio4you.eu\/retseptid\/?post_type=product&#038;p=3465"},"modified":"2022-05-12T14:39:04","modified_gmt":"2022-05-12T11:39:04","slug":"artitsoki-lasagne","status":"publish","type":"product","link":"https:\/\/bio4you.eu\/retseptid\/toode\/artitsoki-lasagne\/","title":{"rendered":"Artit\u0161okilasanje"},"content":{"rendered":"<p>Me ei anna kogust arti\u0161okkidele, mida lasagne sisse panna. Olenevalt suurusest ja teie maitseeelistusest v\u00f5ib neid vaja olla 8-30 tk. Meie kasutasime v\u00e4ga v\u00e4ikseid arti\u0161okke, mist\u00f5ttu kulus neid palju. Parim on kasutada v\u00e4rskeid lasanjeplaate, mida ei pea eelkeetma. Kui ostad kuivad lasanjeplaadid, pead need enne kasutamist \u00fckshaaval keevast veest l\u00e4bi laskma.<\/p>\n<p>Valmistamine:<br \/>\nPuhasta arti\u0161okid nagu meie<span style=\"color: #99cc00;\"><a style=\"color: #99cc00;\" href=\"https:\/\/www.facebook.com\/bioretsept\/videos\/1776392035907179\/\"> FB lehel<\/a> <\/span>n\u00e4idatud \u00f5petuses kuid \u00e4ra l\u00f5ika neid neljaks. Kontrolli, et k\u00f5ik k\u00f5vad leheosad on eemaldatud. Pane keema kastrul veega ja t\u00f5sta sidrunimahlaga veest arti\u0161okid keeduvette. Lisa puljongikuubik ja lase pehmeks keeda. J\u00e4ta keeduvesi alles, p\u00e4rast l\u00e4heb osa sellest vaja.<br \/>\nM\u00e4\u00e4ri ahjuvormi p\u00f5hja pool v\u00f5ikogusest ja \u00f5huke kiht besciamella kreemi. Pane \u00fcks kiht lasagneplaate peale.<br \/>\nSega omavahel besciamella, toiduvalmistamise koor ja mozzarellat\u00fckid v\u00f5i ribad.<br \/>\nJaga keedetud kogus arti\u0161okki kihtide j\u00e4rgi osadeks. Pane lasanjeplaatidele osa arti\u0161okke ja vajuta kahvliga veidi madalamaks aga mitte pudruks. Lisa kiht besciamella-toiduvalmistamise koore-mozzarella kastet. Riputa peale parmesani ja muud juustu kui kasutad seda, salveilehti, soola ja pipart. Seej\u00e4rel pane uus kiht lasagneplaate ja alusta otsast peale. Nii lao ahjuvorm kihiti t\u00e4is.<br \/>\nK\u00f5ige peale pane 2 lasagne plaati ja teine pool v\u00f5ikogusest. Kalla peale natuke arti\u0161oki keetmisest j\u00e4relej\u00e4\u00e4nud vett ja l\u00f5ika noaga pealmistele plaatidele \u00f5hutusribad sisse.<br \/>\nVajuta kogu lasagnet kergelt kahvliga, et kasutatud kastmevedelik jaotuks \u00fchtlaselt.<br \/>\nK\u00fcpseta lasanjeplaatide pakendil oleva \u00f5petuse kohaselt, umbes 40 minutit 180kraadises ahjus.<\/p>\n<p>Enne lahti l\u00f5ikamist lase pool tundi taheneda.<\/p>\n","protected":false},"excerpt":{"rendered":"<p>Vaja l\u00e4heb:<\/p>\n<ul>\n<li>meeldiv kogus arti\u0161okke<\/li>\n<li>250-500 g lasanjeplaate<\/li>\n<li>500 g mozzarella juustu<\/li>\n<li>riivitud parmesani<\/li>\n<li>200 g <a href=\"http:\/\/bio4you.eu\/et\/124-taimsed-piimad-ja-koored?utm_source=bioretsept&amp;utm_medium=retseptireklaam&amp;utm_campaign=Retsept\"><span style=\"color: #99cc00;\">koort<\/span><\/a><\/li>\n<li>500-600 g\u00a0valget kastet (jahu, piim, v\u00f5i)<\/li>\n<li>20 g v\u00f5id<\/li>\n<li><a href=\"http:\/\/bio4you.eu\/et\/search?controller=search&amp;orderby=position&amp;orderway=desc&amp;search_query=puljongi&amp;submit_search=&amp;utm_source=bioretsept&amp;utm_medium=retseptireklaam&amp;utm_campaign=Retsept\"><span style=\"color: #99cc00;\">puljongikuubikut<\/span><\/a><\/li>\n<li>soola<\/li>\n<li>pipart<\/li>\n<li>salvei lehti<\/li>\n<\/ul>\n","protected":false},"featured_media":3472,"comment_status":"open","ping_status":"closed","template":"","meta":{"_exactmetrics_skip_tracking":false,"_exactmetrics_sitenote_active":false,"_exactmetrics_sitenote_note":"","_exactmetrics_sitenote_category":0},"product_cat":[60,383],"product_tag":[381],"class_list":{"0":"post-3465","1":"product","2":"type-product","3":"status-publish","4":"has-post-thumbnail","6":"product_cat-toiduretseptid","7":"product_cat-taimetoit","8":"product_tag-artitsokid","10":"first","11":"instock","12":"shipping-taxable","13":"product-type-simple"},"yoast_head":"<!-- This site is optimized with the Yoast SEO plugin v23.3 - https:\/\/yoast.com\/wordpress\/plugins\/seo\/ -->\n<title>Artit\u0161okilasanje - bio4you.eu\/retseptid<\/title>\n<meta name=\"robots\" content=\"index, follow, max-snippet:-1, max-image-preview:large, max-video-preview:-1\" \/>\n<link rel=\"canonical\" href=\"https:\/\/bio4you.eu\/retseptid\/toode\/artitsoki-lasagne\/\" \/>\n<meta property=\"og:locale\" content=\"et_EE\" \/>\n<meta property=\"og:type\" content=\"article\" \/>\n<meta property=\"og:title\" content=\"Artit\u0161okilasanje - bio4you.eu\/retseptid\" \/>\n<meta property=\"og:description\" content=\"Vaja l\u00e4heb:   meeldiv kogus arti\u0161okke  250-500 g lasanjeplaate  500 g mozzarella juustu  riivitud parmesani  200 g koort  500-600 g\u00a0valget kastet (jahu, piim, v\u00f5i)  20 g v\u00f5id  puljongikuubikut  soola  pipart  salvei lehti\" \/>\n<meta property=\"og:url\" content=\"https:\/\/bio4you.eu\/retseptid\/toode\/artitsoki-lasagne\/\" \/>\n<meta property=\"og:site_name\" content=\"bio4you.eu\/retseptid\" \/>\n<meta property=\"article:modified_time\" content=\"2022-05-12T11:39:04+00:00\" \/>\n<meta property=\"og:image\" content=\"https:\/\/bio4you.eu\/retseptid\/wp-content\/uploads\/2016\/10\/IMG_8694-scaled.jpg\" \/>\n\t<meta property=\"og:image:width\" content=\"2560\" \/>\n\t<meta property=\"og:image:height\" content=\"1920\" \/>\n\t<meta property=\"og:image:type\" content=\"image\/jpeg\" \/>\n<meta name=\"twitter:label1\" content=\"Est. reading time\" \/>\n\t<meta name=\"twitter:data1\" content=\"1 minut\" \/>\n<script type=\"application\/ld+json\" class=\"yoast-schema-graph\">{\"@context\":\"https:\/\/schema.org\",\"@graph\":[{\"@type\":\"WebPage\",\"@id\":\"https:\/\/bio4you.eu\/retseptid\/toode\/artitsoki-lasagne\/\",\"url\":\"https:\/\/bio4you.eu\/retseptid\/toode\/artitsoki-lasagne\/\",\"name\":\"Artit\u0161okilasanje - bio4you.eu\/retseptid\",\"isPartOf\":{\"@id\":\"https:\/\/bio4you.eu\/retseptid\/#website\"},\"primaryImageOfPage\":{\"@id\":\"https:\/\/bio4you.eu\/retseptid\/toode\/artitsoki-lasagne\/#primaryimage\"},\"image\":{\"@id\":\"https:\/\/bio4you.eu\/retseptid\/toode\/artitsoki-lasagne\/#primaryimage\"},\"thumbnailUrl\":\"https:\/\/bio4you.eu\/retseptid\/wp-content\/uploads\/2016\/10\/IMG_8694-scaled.jpg\",\"datePublished\":\"2016-10-31T11:58:42+00:00\",\"dateModified\":\"2022-05-12T11:39:04+00:00\",\"breadcrumb\":{\"@id\":\"https:\/\/bio4you.eu\/retseptid\/toode\/artitsoki-lasagne\/#breadcrumb\"},\"inLanguage\":\"et\",\"potentialAction\":[{\"@type\":\"ReadAction\",\"target\":[\"https:\/\/bio4you.eu\/retseptid\/toode\/artitsoki-lasagne\/\"]}]},{\"@type\":\"ImageObject\",\"inLanguage\":\"et\",\"@id\":\"https:\/\/bio4you.eu\/retseptid\/toode\/artitsoki-lasagne\/#primaryimage\",\"url\":\"https:\/\/bio4you.eu\/retseptid\/wp-content\/uploads\/2016\/10\/IMG_8694-scaled.jpg\",\"contentUrl\":\"https:\/\/bio4you.eu\/retseptid\/wp-content\/uploads\/2016\/10\/IMG_8694-scaled.jpg\",\"width\":2560,\"height\":1920},{\"@type\":\"BreadcrumbList\",\"@id\":\"https:\/\/bio4you.eu\/retseptid\/toode\/artitsoki-lasagne\/#breadcrumb\",\"itemListElement\":[{\"@type\":\"ListItem\",\"position\":1,\"name\":\"Home\",\"item\":\"https:\/\/bio4you.eu\/retseptid\/\"},{\"@type\":\"ListItem\",\"position\":2,\"name\":\"Artit\u0161okilasanje\"}]},{\"@type\":\"WebSite\",\"@id\":\"https:\/\/bio4you.eu\/retseptid\/#website\",\"url\":\"https:\/\/bio4you.eu\/retseptid\/\",\"name\":\"bio4you.eu\/retseptid\",\"description\":\"\u00d6ko retseptid ise tegemiseks, looduslikest koostisainetest. Maitsev toit, iluhooldus, kodupuhastus ja aiandus.\",\"potentialAction\":[{\"@type\":\"SearchAction\",\"target\":{\"@type\":\"EntryPoint\",\"urlTemplate\":\"https:\/\/bio4you.eu\/retseptid\/?s={search_term_string}\"},\"query-input\":\"required name=search_term_string\"}],\"inLanguage\":\"et\"}]}<\/script>\n<!-- \/ Yoast SEO plugin. -->","yoast_head_json":{"title":"Artit\u0161okilasanje - bio4you.eu\/retseptid","robots":{"index":"index","follow":"follow","max-snippet":"max-snippet:-1","max-image-preview":"max-image-preview:large","max-video-preview":"max-video-preview:-1"},"canonical":"https:\/\/bio4you.eu\/retseptid\/toode\/artitsoki-lasagne\/","og_locale":"et_EE","og_type":"article","og_title":"Artit\u0161okilasanje - bio4you.eu\/retseptid","og_description":"Vaja l\u00e4heb:   meeldiv kogus arti\u0161okke  250-500 g lasanjeplaate  500 g mozzarella juustu  riivitud parmesani  200 g koort  500-600 g\u00a0valget kastet (jahu, piim, v\u00f5i)  20 g v\u00f5id  puljongikuubikut  soola  pipart  salvei lehti","og_url":"https:\/\/bio4you.eu\/retseptid\/toode\/artitsoki-lasagne\/","og_site_name":"bio4you.eu\/retseptid","article_modified_time":"2022-05-12T11:39:04+00:00","og_image":[{"width":2560,"height":1920,"url":"https:\/\/bio4you.eu\/retseptid\/wp-content\/uploads\/2016\/10\/IMG_8694-scaled.jpg","type":"image\/jpeg"}],"twitter_misc":{"Est. reading time":"1 minut"},"schema":{"@context":"https:\/\/schema.org","@graph":[{"@type":"WebPage","@id":"https:\/\/bio4you.eu\/retseptid\/toode\/artitsoki-lasagne\/","url":"https:\/\/bio4you.eu\/retseptid\/toode\/artitsoki-lasagne\/","name":"Artit\u0161okilasanje - bio4you.eu\/retseptid","isPartOf":{"@id":"https:\/\/bio4you.eu\/retseptid\/#website"},"primaryImageOfPage":{"@id":"https:\/\/bio4you.eu\/retseptid\/toode\/artitsoki-lasagne\/#primaryimage"},"image":{"@id":"https:\/\/bio4you.eu\/retseptid\/toode\/artitsoki-lasagne\/#primaryimage"},"thumbnailUrl":"https:\/\/bio4you.eu\/retseptid\/wp-content\/uploads\/2016\/10\/IMG_8694-scaled.jpg","datePublished":"2016-10-31T11:58:42+00:00","dateModified":"2022-05-12T11:39:04+00:00","breadcrumb":{"@id":"https:\/\/bio4you.eu\/retseptid\/toode\/artitsoki-lasagne\/#breadcrumb"},"inLanguage":"et","potentialAction":[{"@type":"ReadAction","target":["https:\/\/bio4you.eu\/retseptid\/toode\/artitsoki-lasagne\/"]}]},{"@type":"ImageObject","inLanguage":"et","@id":"https:\/\/bio4you.eu\/retseptid\/toode\/artitsoki-lasagne\/#primaryimage","url":"https:\/\/bio4you.eu\/retseptid\/wp-content\/uploads\/2016\/10\/IMG_8694-scaled.jpg","contentUrl":"https:\/\/bio4you.eu\/retseptid\/wp-content\/uploads\/2016\/10\/IMG_8694-scaled.jpg","width":2560,"height":1920},{"@type":"BreadcrumbList","@id":"https:\/\/bio4you.eu\/retseptid\/toode\/artitsoki-lasagne\/#breadcrumb","itemListElement":[{"@type":"ListItem","position":1,"name":"Home","item":"https:\/\/bio4you.eu\/retseptid\/"},{"@type":"ListItem","position":2,"name":"Artit\u0161okilasanje"}]},{"@type":"WebSite","@id":"https:\/\/bio4you.eu\/retseptid\/#website","url":"https:\/\/bio4you.eu\/retseptid\/","name":"bio4you.eu\/retseptid","description":"\u00d6ko retseptid ise tegemiseks, looduslikest koostisainetest. Maitsev toit, iluhooldus, kodupuhastus ja aiandus.","potentialAction":[{"@type":"SearchAction","target":{"@type":"EntryPoint","urlTemplate":"https:\/\/bio4you.eu\/retseptid\/?s={search_term_string}"},"query-input":"required name=search_term_string"}],"inLanguage":"et"}]}},"_links":{"self":[{"href":"https:\/\/bio4you.eu\/retseptid\/wp-json\/wp\/v2\/product\/3465"}],"collection":[{"href":"https:\/\/bio4you.eu\/retseptid\/wp-json\/wp\/v2\/product"}],"about":[{"href":"https:\/\/bio4you.eu\/retseptid\/wp-json\/wp\/v2\/types\/product"}],"replies":[{"embeddable":true,"href":"https:\/\/bio4you.eu\/retseptid\/wp-json\/wp\/v2\/comments?post=3465"}],"wp:featuredmedia":[{"embeddable":true,"href":"https:\/\/bio4you.eu\/retseptid\/wp-json\/wp\/v2\/media\/3472"}],"wp:attachment":[{"href":"https:\/\/bio4you.eu\/retseptid\/wp-json\/wp\/v2\/media?parent=3465"}],"wp:term":[{"taxonomy":"product_cat","embeddable":true,"href":"https:\/\/bio4you.eu\/retseptid\/wp-json\/wp\/v2\/product_cat?post=3465"},{"taxonomy":"product_tag","embeddable":true,"href":"https:\/\/bio4you.eu\/retseptid\/wp-json\/wp\/v2\/product_tag?post=3465"}],"curies":[{"name":"wp","href":"https:\/\/api.w.org\/{rel}","templated":true}]}}